{"id":73395,"date":"2025-07-29T09:35:58","date_gmt":"2025-07-29T09:35:58","guid":{"rendered":"https:\/\/fv6qoy3ls0.wpdns.site\/produto\/om-system-m-zuiko-100-400mm-f-5-0-6-3-is-ii\/"},"modified":"2026-04-21T12:32:56","modified_gmt":"2026-04-21T11:32:56","slug":"om-system-m-zuiko-100-400mm-f-5-0-6-3-is-ii","status":"publish","type":"product","link":"https:\/\/hi-techwonder.com\/es\/producto\/om-system-m-zuiko-100-400mm-f-5-0-6-3-is-ii\/","title":{"rendered":"OM SYSTEM M.Zuiko 100-400mm f\/5.0-6.3 IS II"},"content":{"rendered":"<h3>OM SYSTEM M.Zuiko 100-400mm f\/5.0-6.3 IS II<\/h3>\n<p><strong>Un superteleobjetivo compacto para la fotograf\u00eda de naturaleza, deportes y telemacro<\/strong><\/p>\n<hr>\n<h4><img decoding=\"async\" src=\"https:\/\/emea.explore.omsystem.com\/media\/catalog\/product\/1\/0\/100-400mm-ii-keypanel-04.webp?optimize=medium&amp;fit=bounds&amp;height=1080&amp;width=1920&amp;canvas=1920:1080\" style=\"width: 50%;\" alt=\"\"><br \/><\/h4>\n<h4>El <strong style=\"font-family: sans-serif; font-size: 14px;\">OM SYSTEM M.Zuiko 100-400mm f\/5.0-6.3 IS II<\/strong> ofrece un impresionante alcance de 200-800 mm equivalente al formato Micro Cuatro Tercios de fotograma completo. Ideal para la vida silvestre, los deportes de motor e incluso la fotograf\u00eda telemacro, este objetivo es compacto, ligero y muy resistente a la intemperie, lo que le brinda libertad de movimiento y tranquilidad en una variedad de entornos. <\/h4>\n<p>Con mejoras significativas en la estabilizaci\u00f3n \u00f3ptica, ahora con IS de sincronizaci\u00f3n de 5 ejes que logra hasta 7.0 EV paradas cuando se combina con cuerpos OM SYSTEM compatibles, el 100-400 mm II garantiza im\u00e1genes n\u00edtidas incluso a largas distancias focales. Un dise\u00f1o \u00f3ptico mejorado incluye elementos ED, HR y Super HR para minimizar las aberraciones crom\u00e1ticas, mientras que el revestimiento ZERO combate los reflejos y los destellos. Todo en un cuerpo sellado IPX1, listo para aventuras exigentes.  <\/p>\n<hr>\n<h4>Caracter\u00edsticas principales<\/h4>\n<ul>\n<li>\n<p><strong>Alcance de 200-800 mm (equivalente a fotograma completo)<\/strong><br \/>Zoom superteleobjetivo vers\u00e1til que se extiende hasta 800 mm, lo que permite tomas detalladas de sujetos distantes.<\/p>\n<\/li>\n<li>\n<p><strong>Compatibilidad con teleconvertidores<\/strong><br \/>Alcanza una distancia focal de hasta 1600 mm (equivalente a 35 mm) cuando se usa con el teleconvertidor MC-20, perfecto para acercar a\u00fan m\u00e1s la acci\u00f3n.<\/p>\n<\/li>\n<li>\n<p><strong>Estabilizaci\u00f3n de imagen avanzada<\/strong><br \/>Ofrece hasta 4,5 paradas de compensaci\u00f3n y, con IS de sincronizaci\u00f3n de 5 ejes (en cuerpos seleccionados), alcanza 7,0 paradas EV, lo que garantiza una estabilidad notable.<\/p>\n<\/li>\n<li>\n<p><strong>Distancia m\u00ednima de enfoque de 1,3 m<\/strong><br \/>Permite telemacro con aumento de 0.57x, excelente para grabar peque\u00f1os detalles como insectos, flores y objetos de primer plano.<\/p>\n<\/li>\n<li>\n<p><strong>Construcci\u00f3n resistente a la intemperie<\/strong><br \/>Certificado IPX1, con sellado contra el agua y el polvo, lo que garantiza la fiabilidad en condiciones adversas.<\/p>\n<\/li>\n<li>\n<p><strong>\u00d3ptica de alta calidad<\/strong><br \/>Incluye elementos ED, Super HR y HR para minimizar las aberraciones crom\u00e1ticas y recubrimiento ZERO para reducir los destellos y las im\u00e1genes fantasma.<\/p>\n<\/li>\n<li>\n<p><strong>Filtro frontal de 72 mm<\/strong><br \/>Compatible con filtros circulares para efectos creativos o protecci\u00f3n adicional.<\/p>\n<\/li>\n<li>\n<p><strong>Collar de tr\u00edpode giratorio y extra\u00edble<\/strong><br \/>Dise\u00f1o ligero y optimizado, compatible con accesorios tipo Arca-Swiss, lo que facilita su uso en un tr\u00edpode o monopi\u00e9<\/p>\n<\/li>\n<\/ul>\n<hr>\n<h4><img decoding=\"async\" src=\"https:\/\/emea.explore.omsystem.com\/media\/wysiwyg\/100-400mm-II-wheather-isnt-a-problem.webp\" style=\"font-family: sans-serif; font-size: 14px; width: 747px;\" alt=\"\"><\/h4>\n<h4>Contenido<\/h4>\n<ul>\n<li>1 Un. OM SYSTEM M.Zuiko 100-400mm f\/5.0-6.3 IS II <\/li>\n<li>1 Un. Collar de tr\u00edpode (ensamblado) <\/li>\n<li>1 Un. Tapa frontal del objetivo (72 mm) <\/li>\n<li>1 Un. Tapa trasera del objetivo (Micro Cuatro Tercios) <\/li>\n<li>Manual de usuario<\/li>\n<\/ul>\n<p><em>(Nota: la c\u00e1mara y los teleconvertidores se venden por separado).<\/em><\/p>\n<p><img decoding=\"async\" src=\"https:\/\/emea.explore.omsystem.com\/media\/wysiwyg\/100-400mm-II-goodbye-to-blur-and-shake_1.webp\" style=\"width: 50%;\" alt=\"\"><em><br \/><\/em><\/p>\n<hr>\n<h4>Especificaciones t\u00e9cnicas<\/h4>\n<ul>\n<li><strong>Montaje<\/strong>: Micro Cuatro Tercios<\/li>\n<li><strong>Distancia focal<\/strong>: 100-400 mm (equivalente a 200-800 mm a 35 mm)<\/li>\n<li><strong>Apertura m\u00e1x.\/m\u00ednima<\/strong>: f\/5 \u2013 f\/6.3 \/ f\/22<\/li>\n<li><strong>\u00c1ngulo de visi\u00f3n<\/strong>: 12\u00b0 a 3.1\u00b0<\/li>\n<li><strong>Elementos\/Grupos<\/strong>: 21 elementos en 15 grupos (4 ED, 2 HR, 2 Super HR)<\/li>\n<li><strong>Recubrimiento<\/strong>: Recubrimiento ZERO + Recubrimiento antifl\u00faor para repeler el agua y el polvo<\/li>\n<li><strong>Estabilizaci\u00f3n<\/strong>: \u00d3ptica integrada, estabilizaci\u00f3n de imagen sincronizada de 5 ejes de hasta 7,0 paradas (en cuerpos compatibles)<\/li>\n<li><strong>Distancia m\u00ednima de enfoque<\/strong>: 1,3 m<\/li>\n<li><strong>Aumento m\u00e1ximo<\/strong>: 0,57x (equivalente a 35 mm)<\/li>\n<li><strong>Diafragma<\/strong>: 7 hojas redondeadas<\/li>\n<li><strong>Filtro frontal<\/strong>: 72 mm<\/li>\n<li><strong>Collar de tr\u00edpode<\/strong>: extra\u00edble y giratorio, compatible con Arca-Swiss<\/li>\n<li><strong>Dimensiones (Di\u00e1metro x Largo)<\/strong> <\/li>\n<li><strong>Peso<\/strong>: Aprox. 1,3 kg (2,9 lb) <\/li>\n<\/ul>\n","protected":false},"excerpt":{"rendered":"<p>OM SYSTEM M.Zuiko 100-400mm f\/5.0-6.3 IS II Un superteleobjetivo compacto para la fotograf\u00eda de naturaleza, deportes y telemacro El OM<\/p>\n","protected":false},"featured_media":51247,"comment_status":"closed","ping_status":"open","template":"","meta":{"_acf_changed":false},"product_brand":[2540],"product_cat":[1062],"product_tag":[],"class_list":{"0":"post-73395","1":"product","2":"type-product","3":"status-publish","4":"has-post-thumbnail","6":"product_brand-om-system-es","7":"product_cat-mirrorless-objectivos","8":"pa_abertura-maxima-f-5-6-3-es","10":"first","11":"instock","12":"taxable","13":"shipping-taxable","14":"purchasable","15":"product-type-simple"},"bundled_by":[],"bundle_stock_status":"instock","bundle_stock_quantity":2,"bundle_virtual":false,"bundle_layout":"","bundle_add_to_cart_form_location":"","bundle_editable_in_cart":false,"bundle_sold_individually_context":"","bundle_item_grouping":"","bundle_min_size":"","bundle_max_size":"","bundle_price":[],"bundled_items":[],"bundle_sell_ids":[],"acf":[],"_links":{"self":[{"href":"https:\/\/hi-techwonder.com\/es\/wp-json\/wp\/v2\/product\/73395","targetHints":{"allow":["GET"]}}],"collection":[{"href":"https:\/\/hi-techwonder.com\/es\/wp-json\/wp\/v2\/product"}],"about":[{"href":"https:\/\/hi-techwonder.com\/es\/wp-json\/wp\/v2\/types\/product"}],"replies":[{"embeddable":true,"href":"https:\/\/hi-techwonder.com\/es\/wp-json\/wp\/v2\/comments?post=73395"}],"wp:featuredmedia":[{"embeddable":true,"href":"https:\/\/hi-techwonder.com\/es\/wp-json\/wp\/v2\/media\/51247"}],"wp:attachment":[{"href":"https:\/\/hi-techwonder.com\/es\/wp-json\/wp\/v2\/media?parent=73395"}],"wp:term":[{"taxonomy":"product_brand","embeddable":true,"href":"https:\/\/hi-techwonder.com\/es\/wp-json\/wp\/v2\/product_brand?post=73395"},{"taxonomy":"product_cat","embeddable":true,"href":"https:\/\/hi-techwonder.com\/es\/wp-json\/wp\/v2\/product_cat?post=73395"},{"taxonomy":"product_tag","embeddable":true,"href":"https:\/\/hi-techwonder.com\/es\/wp-json\/wp\/v2\/product_tag?post=73395"}],"curies":[{"name":"wp","href":"https:\/\/api.w.org\/{rel}","templated":true}]}}