{"id":73397,"date":"2025-07-29T00:26:09","date_gmt":"2025-07-29T00:26:09","guid":{"rendered":"https:\/\/fv6qoy3ls0.wpdns.site\/produto\/om-system-lg-1-guia-de-luz-para-tg-7-6-5-4-3-2-1\/"},"modified":"2026-03-20T16:56:21","modified_gmt":"2026-03-20T16:56:21","slug":"om-system-lg-1-guia-de-luz-para-tg-7-6-5-4-3-2-1","status":"publish","type":"product","link":"https:\/\/hi-techwonder.com\/es\/producto\/om-system-lg-1-guia-de-luz-para-tg-7-6-5-4-3-2-1\/","title":{"rendered":"OM SYSTEM LG-1 &#8211; Gu\u00eda de luz para TG-7\/6\/5\/4\/3\/2\/1"},"content":{"rendered":"<p>Ilumina los sujetos macro de manera uniforme<br \/>Neutraliza las sombras de la c\u00e1mara<br \/>Conexi\u00f3n f\u00e1cil y r\u00e1pida<\/p>\n<p>Al fotografiar primeros planos con una c\u00e1mara de objetivos intercambiables, se utiliza un flash anular con un emisor alrededor del objetivo para evitar proyectar sombras sobre el sujeto. Se puede lograr un efecto similar con la gu\u00eda de luz LED. La gu\u00eda de luz LED LG-1 se puede conectar a la lente del TG-1, TG-2, TG-3, utilizando la luz LED incorporada para iluminar el sujeto de manera uniforme, aprovechando al m\u00e1ximo las capacidades del TG en fotograf\u00eda macro.<\/p>\n<p><strong>Funciones<\/strong><br \/>Ilumina los sujetos macro de manera uniforme<br \/>Neutraliza las sombras de la c\u00e1mara<br \/>Conexi\u00f3n f\u00e1cil y r\u00e1pida  <\/p>\n","protected":false},"excerpt":{"rendered":"<p>Ilumina los sujetos macro de manera uniformeNeutraliza las sombras de la c\u00e1maraConexi\u00f3n f\u00e1cil y r\u00e1pida Al fotografiar primeros planos con<\/p>\n","protected":false},"featured_media":102393,"comment_status":"closed","ping_status":"closed","template":"","meta":{"_acf_changed":false},"product_brand":[2540],"product_cat":[928],"product_tag":[],"class_list":{"0":"post-73397","1":"product","2":"type-product","3":"status-publish","4":"has-post-thumbnail","6":"product_brand-om-system-es","7":"product_cat-compactas-es","9":"first","10":"instock","11":"taxable","12":"shipping-taxable","13":"purchasable","14":"product-type-simple"},"bundled_by":[],"bundle_stock_status":"instock","bundle_stock_quantity":1,"bundle_virtual":false,"bundle_layout":"","bundle_add_to_cart_form_location":"","bundle_editable_in_cart":false,"bundle_sold_individually_context":"","bundle_item_grouping":"","bundle_min_size":"","bundle_max_size":"","bundle_price":[],"bundled_items":[],"bundle_sell_ids":[],"acf":[],"_links":{"self":[{"href":"https:\/\/hi-techwonder.com\/es\/wp-json\/wp\/v2\/product\/73397","targetHints":{"allow":["GET"]}}],"collection":[{"href":"https:\/\/hi-techwonder.com\/es\/wp-json\/wp\/v2\/product"}],"about":[{"href":"https:\/\/hi-techwonder.com\/es\/wp-json\/wp\/v2\/types\/product"}],"replies":[{"embeddable":true,"href":"https:\/\/hi-techwonder.com\/es\/wp-json\/wp\/v2\/comments?post=73397"}],"wp:featuredmedia":[{"embeddable":true,"href":"https:\/\/hi-techwonder.com\/es\/wp-json\/wp\/v2\/media\/102393"}],"wp:attachment":[{"href":"https:\/\/hi-techwonder.com\/es\/wp-json\/wp\/v2\/media?parent=73397"}],"wp:term":[{"taxonomy":"product_brand","embeddable":true,"href":"https:\/\/hi-techwonder.com\/es\/wp-json\/wp\/v2\/product_brand?post=73397"},{"taxonomy":"product_cat","embeddable":true,"href":"https:\/\/hi-techwonder.com\/es\/wp-json\/wp\/v2\/product_cat?post=73397"},{"taxonomy":"product_tag","embeddable":true,"href":"https:\/\/hi-techwonder.com\/es\/wp-json\/wp\/v2\/product_tag?post=73397"}],"curies":[{"name":"wp","href":"https:\/\/api.w.org\/{rel}","templated":true}]}}