{"id":73400,"date":"2025-07-29T09:35:01","date_gmt":"2025-07-29T09:35:01","guid":{"rendered":"https:\/\/fv6qoy3ls0.wpdns.site\/produto\/om-system-m-zuiko-digital-ed-60mm-2-8-macro\/"},"modified":"2026-04-06T17:55:38","modified_gmt":"2026-04-06T16:55:38","slug":"om-system-m-zuiko-digital-ed-60mm-2-8-macro","status":"publish","type":"product","link":"https:\/\/hi-techwonder.com\/es\/producto\/om-system-m-zuiko-digital-ed-60mm-2-8-macro\/","title":{"rendered":"OM SYSTEM M.Zuiko Digital ED 60mm\/2.8 Macro"},"content":{"rendered":"<p><strong>Funciones<\/strong><\/p>\n<p>Diafragma r\u00e1pido 1:2.8<br \/>Dise\u00f1o ligero y robusto<br \/>Resistente al polvo y a las salpicaduras<br \/>Pantalla para distancia de disparo y aumento<br \/>Sistema de enfoque interno y lentes flotantes<br \/>Sistema de enfoque interno de longitud corporal fija con mecanismo MSC<br \/>Disparo c\u00f3modo con enfoque manual<br \/>Bokeh circular<br \/>Accesorios del sistema para mejorar la fotograf\u00eda macro<\/p>\n<p><strong>Maestro de la precisi\u00f3n macro<\/strong><\/p>\n<p>Lente macro de alta precisi\u00f3n<br \/>Calidad de imagen cercana y lejana<br \/>Resistente al polvo y a las salpicaduras<\/p>\n<p>\u00bfQuieres tomar fotos macro de alta resoluci\u00f3n con contrastes impresionantes y detalles incre\u00edbles?<br \/>El objetivo M.ZUIKO DIGITAL ED 60mm 1:2.8 Macro ofrece todo esto y m\u00e1s, super\u00e1ndose a s\u00ed mismo en t\u00e9rminos de calidad de imagen, versatilidad y resistencia.<br \/>Como objetivo macro, permite hacer fotos a corta distancia (1:1), adem\u00e1s de ofrecer un enfoque continuo desde esta distancia hasta el infinito.<\/p>\n<p>Construido con una precisi\u00f3n incre\u00edble, incorpora un sistema de enfoque interno con lentes flotantes capaz de producir una alta calidad de imagen al fotografiar macros, paisajes, retratos y m\u00e1s.<br \/>Crea efectos de profundidad de campo con su controlador de gran apertura y muestra el contraste entre detalles incre\u00edblemente n\u00edtidos y el bokeh circular que crea esta lente.<br \/>Adem\u00e1s de ser tecnol\u00f3gicamente sofisticado en el interior, su exterior tambi\u00e9n est\u00e1 construido para durar, con un cuerpo resistente al polvo y las salpicaduras y una capa protectora en el cristal de la lente.<\/p>\n<p>Tambi\u00e9n apreciar\u00e1 el dial de enfoque para cambiar f\u00e1cilmente el rango de enfoque (0.19-0.4m o 0.19m-infinito o 0.4-infinito).<br \/>Un visor especial indica la distancia de enfoque actual para que pueda disfrutar de un mayor control de sus tomas.<br \/>Tambi\u00e9n tiene la opci\u00f3n de comprar un parasol autom\u00e1tico, que puede deslizar hacia arriba y hacia abajo para reducir los reflejos y proteger su lente.<\/p>\n<p><strong>Contenido del paquete<\/strong><\/p>\n<p>M.ZUIKO DIGITAL ED 60mm 1:2.8 Macro<br \/>Tapa trasera de lente Micro Cuatro Tercios (LR-2)<br \/>Tarjeta de garant\u00eda<br \/>Manual<\/p>\n","protected":false},"excerpt":{"rendered":"<p>Funciones Diafragma r\u00e1pido 1:2.8Dise\u00f1o ligero y robustoResistente al polvo y a las salpicadurasPantalla para distancia de disparo y aumentoSistema de<\/p>\n","protected":false},"featured_media":99515,"comment_status":"closed","ping_status":"closed","template":"","meta":{"_acf_changed":false},"product_brand":[2540],"product_cat":[1062],"product_tag":[],"class_list":{"0":"post-73400","1":"product","2":"type-product","3":"status-publish","4":"has-post-thumbnail","6":"product_brand-om-system-es","7":"product_cat-mirrorless-objectivos","8":"pa_abertura-maxima-f-2-8-es","10":"first","11":"instock","12":"taxable","13":"shipping-taxable","14":"purchasable","15":"product-type-simple"},"bundled_by":[],"bundle_stock_status":"instock","bundle_stock_quantity":2,"bundle_virtual":false,"bundle_layout":"","bundle_add_to_cart_form_location":"","bundle_editable_in_cart":false,"bundle_sold_individually_context":"","bundle_item_grouping":"","bundle_min_size":"","bundle_max_size":"","bundle_price":[],"bundled_items":[],"bundle_sell_ids":[],"acf":[],"_links":{"self":[{"href":"https:\/\/hi-techwonder.com\/es\/wp-json\/wp\/v2\/product\/73400","targetHints":{"allow":["GET"]}}],"collection":[{"href":"https:\/\/hi-techwonder.com\/es\/wp-json\/wp\/v2\/product"}],"about":[{"href":"https:\/\/hi-techwonder.com\/es\/wp-json\/wp\/v2\/types\/product"}],"replies":[{"embeddable":true,"href":"https:\/\/hi-techwonder.com\/es\/wp-json\/wp\/v2\/comments?post=73400"}],"wp:featuredmedia":[{"embeddable":true,"href":"https:\/\/hi-techwonder.com\/es\/wp-json\/wp\/v2\/media\/99515"}],"wp:attachment":[{"href":"https:\/\/hi-techwonder.com\/es\/wp-json\/wp\/v2\/media?parent=73400"}],"wp:term":[{"taxonomy":"product_brand","embeddable":true,"href":"https:\/\/hi-techwonder.com\/es\/wp-json\/wp\/v2\/product_brand?post=73400"},{"taxonomy":"product_cat","embeddable":true,"href":"https:\/\/hi-techwonder.com\/es\/wp-json\/wp\/v2\/product_cat?post=73400"},{"taxonomy":"product_tag","embeddable":true,"href":"https:\/\/hi-techwonder.com\/es\/wp-json\/wp\/v2\/product_tag?post=73400"}],"curies":[{"name":"wp","href":"https:\/\/api.w.org\/{rel}","templated":true}]}}