{"id":73403,"date":"2025-07-29T09:35:20","date_gmt":"2025-07-29T09:35:20","guid":{"rendered":"https:\/\/fv6qoy3ls0.wpdns.site\/produto\/om-system-m-zuiko-digital-ed-12mm-f-2-0-negro\/"},"modified":"2026-02-13T14:46:02","modified_gmt":"2026-02-13T14:46:02","slug":"om-system-m-zuiko-digital-ed-12mm-f-2-0-negro","status":"publish","type":"product","link":"https:\/\/hi-techwonder.com\/es\/producto\/om-system-m-zuiko-digital-ed-12mm-f-2-0-negro\/","title":{"rendered":"OM SYSTEM M.ZUIKO DIGITAL ED 12mm f\/2.0 Negro"},"content":{"rendered":"<p style=\"text-align: justify;\"><span style=\"font-size: small;\">El objetivo plateado M.ZUIKO DIGITAL ED 12mm f\/2.0 de Olympus es compatible con la serie PEN de c\u00e1maras digitales de objetivos intercambiables. Es un objetivo gran angular con una distancia focal de 12 mm (equivalente a 35 mm: 24 mm). La r\u00e1pida apertura m\u00e1xima de f\/2.0 crea una profundidad de campo reducida y es \u00fatil en condiciones de poca luz. La apertura de la lente est\u00e1 controlada por un diafragma circular de 7 hojas.   <\/p>\n<p>  La lente combina 11 elementos en 8 grupos que incluyen elementos de vidrio DSA, asf\u00e9rico, Super HR y ED, todos los cuales reducen las aberraciones crom\u00e1ticas para mejorar la claridad y la precisi\u00f3n del color. La lente enfoca desde 7.9 &#8220;(20 cm) hasta el infinito y tiene una relaci\u00f3n de reproducci\u00f3n m\u00e1xima de 1:12.5. Acepta filtros de 46 mm.  <\/p>\n<p>  El M.ZUIKO DIGITAL ED 12mm f\/2.0 tiene un anillo de clip que le permite desplazarse con un indicador de distancia. Su mecanismo compatible con pel\u00edculas (MSC) garantiza que el enfoque sea lo suficientemente silencioso como para que no se capte el sonido durante la grabaci\u00f3n de video. Tiene un cuerpo met\u00e1lico completo y duradero.  <\/span><\/p>\n<p style=\"text-align: justify;\"><span style=\"font-size: small;\"><br \/><\/span><\/p>\n<p style=\"text-align: justify;\"> <span style=\"font-size: small;\"><span style=\"text-decoration: underline;\"><strong>Caracter\u00edsticas t\u00e9cnicas:<\/strong><\/span><\/span><\/p>\n<table style=\"width: 600px;\" border=\"1\">\n<tbody>\n<tr>\n<th colspan=\"2\"> <span style=\"font-size: small;\"><a id=\"11011\" name=\"11011\">interino<\/a><\/span><\/th>\n<\/tr>\n<tr>\n<td> <span style=\"font-size: small;\">Distancia focal<\/span><\/td>\n<td> <span style=\"font-size: small;\">12 mil\u00edmetros<br \/> Distancia focal comparable de 35 mm: 24 mm<\/span><\/td>\n<\/tr>\n<tr>\n<td> <span style=\"font-size: small;\">Abertura<\/span><\/td>\n<td> <span style=\"font-size: small;\">M\u00e1ximo: f\/2<br \/> M\u00ednimo: f\/22<\/span><\/td>\n<\/tr>\n<tr>\n<td> <span style=\"font-size: small;\">Tipo de montaje de<\/span><\/td>\n<p> la c\u00e1mara<\/p>\n<td><span style=\"font-size: small;\">: Micro Four Thirds<\/span><\/td>\n<\/tr>\n<tr>\n<td> <span style=\"font-size: small;\">Compatibilidad con el formato Micro Four Thirds<\/span><\/td>\n<td> <span style=\"font-size: small;\"><\/span><\/td>\n<\/tr>\n<tr>\n<td> <span style=\"font-size: small;\">\u00c1ngulo de visi\u00f3n<\/span><\/td>\n<td> <span style=\"font-size: small;\">84\u00b0<\/span><\/td>\n<\/tr>\n<tr>\n<td> <span style=\"font-size: small;\">Inclinaci\u00f3n\/desplazamiento<\/span><\/td>\n<td> <span style=\"font-size: small;\">No especificado por el fabricante<\/span><\/td>\n<\/tr>\n<tr>\n<td> <span style=\"font-size: small;\">Distancia m\u00ednima de enfoque<\/span><\/td>\n<td> <span style=\"font-size: small;\">20,07 cm<\/span><\/td>\n<\/tr>\n<tr>\n<td> <span style=\"font-size: small;\">Aumento<\/span><\/td>\n<td> <span style=\"font-size: small;\">0.08x<\/span><\/td>\n<\/tr>\n<tr>\n<td> <span style=\"font-size: small;\">Relaci\u00f3n de reproducci\u00f3n m\u00e1xima<\/span><\/td>\n<td> <span style=\"font-size: small;\">1:13<\/span><\/td>\n<\/tr>\n<tr>\n<td> <span style=\"font-size: small;\">Elementos\/Grupos<\/span><\/td>\n<td> <span style=\"font-size: small;\">8\/11<\/span><\/td>\n<\/tr>\n<tr>\n<td> <span style=\"font-size: small;\">Hojas de<\/span><\/td>\n<td> <span style=\"font-size: small;\">diafragma<\/span><\/td>\n<p> 7<\/tr>\n<\/tbody>\n<\/table>\n<p><span style=\"font-size: small;\"> <\/span><\/p>\n<table style=\"width: 600px;\" border=\"1\">\n<tbody>\n<tr>\n<th colspan=\"2\"><span style=\"font-size: small;\"><a id=\"23001\" name=\"23001\">Recursos<\/a><\/span><\/th>\n<\/tr>\n<tr>\n<td> <span style=\"font-size: small;\">Estabilizaci\u00f3n de imagen<\/span><\/td>\n<td> <span style=\"font-size: small;\">No<\/span><\/td>\n<\/tr>\n<tr>\n<td> <span style=\"font-size: small;\">Enfoque autom\u00e1tico<\/span><\/td>\n<td> <span style=\"font-size: small;\">S\u00ed<\/span><\/td>\n<\/tr>\n<tr>\n<td> <span style=\"font-size: small;\">Collar de tr\u00edpode<\/span><\/td>\n<td> <span style=\"font-size: small;\">No<\/span><\/td>\n<\/tr>\n<tr>\n<td> <span style=\"font-size: small;\">Sincronizaci\u00f3n de flash<\/span><\/td>\n<td> <span style=\"font-size: small;\">No especificado por el fabricante<\/span><\/td>\n<\/tr>\n<tr>\n<td> <span style=\"font-size: small;\">Control de exposici\u00f3n<\/span><\/td>\n<td> <span style=\"font-size: small;\">No especificado por el fabricante<\/span><\/td>\n<\/tr>\n<\/tbody>\n<\/table>\n<p><span style=\"font-size: small;\"> <\/span><\/p>\n<p><span style=\"font-size: small;\"> <\/span><\/p>\n<table style=\"width: 600px;\" border=\"1\">\n<tbody>\n<tr>\n<th colspan=\"2\"><span style=\"font-size: small;\"><a id=\"11501\" name=\"11501\"><\/a><\/span><\/th>\n<\/tr>\n<tr>\n<td> <span style=\"font-size: small;\">Rosca de filtro<\/span><\/td>\n<p> f\u00edsico <\/p>\n<td> <span style=\"font-size: small;\">46 mm<\/span><\/td>\n<\/tr>\n<tr>\n<td> <span style=\"font-size: small;\">Dimensiones (DxL)<\/span><\/td>\n<td> <span style=\"font-size: small;\">Aproximadamente. 56 x 43 mm <\/span><\/td>\n<\/tr>\n<tr>\n<td> <span style=\"font-size: small;\">Peso<\/span><\/td>\n<td> <span style=\"font-size: small;\">130g<\/span><\/td>\n<\/tr>\n<\/tbody>\n<\/table>\n<p><span style=\"font-size: small;\"><br \/><\/span><\/p>\n<p><span style=\"font-size: small;\"><br \/><\/span><\/p>\n","protected":false},"excerpt":{"rendered":"<p>El objetivo plateado M.ZUIKO DIGITAL ED 12mm f\/2.0 de Olympus es compatible con la serie PEN de c\u00e1maras digitales de<\/p>\n","protected":false},"featured_media":51135,"comment_status":"closed","ping_status":"closed","template":"","meta":{"_acf_changed":false},"product_brand":[2540],"product_cat":[1062],"product_tag":[],"class_list":{"0":"post-73403","1":"product","2":"type-product","3":"status-publish","4":"has-post-thumbnail","6":"product_brand-om-system-es","7":"product_cat-mirrorless-objectivos","8":"pa_abertura-maxima-f-2-es","9":"pa_cor-negro","10":"pa_diametro-46mm-es","11":"pa_estabilizacao-de-imagem-no","12":"pa_montagem-da-objetiva-micro-4-3-es","13":"pa_sensor-micro-cuatro-tercios","14":"pa_tipo-de-foco-enfoque-automatico","15":"pa_tipo-de-objetiva-gran-angular","16":"pa_zoom-fixa-fijo","18":"first","19":"onbackorder","20":"taxable","21":"shipping-taxable","22":"purchasable","23":"product-type-simple"},"bundled_by":[],"bundle_stock_status":"onbackorder","bundle_stock_quantity":null,"bundle_virtual":false,"bundle_layout":"","bundle_add_to_cart_form_location":"","bundle_editable_in_cart":false,"bundle_sold_individually_context":"","bundle_item_grouping":"","bundle_min_size":"","bundle_max_size":"","bundle_price":[],"bundled_items":[],"bundle_sell_ids":[],"acf":[],"_links":{"self":[{"href":"https:\/\/hi-techwonder.com\/es\/wp-json\/wp\/v2\/product\/73403","targetHints":{"allow":["GET"]}}],"collection":[{"href":"https:\/\/hi-techwonder.com\/es\/wp-json\/wp\/v2\/product"}],"about":[{"href":"https:\/\/hi-techwonder.com\/es\/wp-json\/wp\/v2\/types\/product"}],"replies":[{"embeddable":true,"href":"https:\/\/hi-techwonder.com\/es\/wp-json\/wp\/v2\/comments?post=73403"}],"wp:featuredmedia":[{"embeddable":true,"href":"https:\/\/hi-techwonder.com\/es\/wp-json\/wp\/v2\/media\/51135"}],"wp:attachment":[{"href":"https:\/\/hi-techwonder.com\/es\/wp-json\/wp\/v2\/media?parent=73403"}],"wp:term":[{"taxonomy":"product_brand","embeddable":true,"href":"https:\/\/hi-techwonder.com\/es\/wp-json\/wp\/v2\/product_brand?post=73403"},{"taxonomy":"product_cat","embeddable":true,"href":"https:\/\/hi-techwonder.com\/es\/wp-json\/wp\/v2\/product_cat?post=73403"},{"taxonomy":"product_tag","embeddable":true,"href":"https:\/\/hi-techwonder.com\/es\/wp-json\/wp\/v2\/product_tag?post=73403"}],"curies":[{"name":"wp","href":"https:\/\/api.w.org\/{rel}","templated":true}]}}