{"id":73404,"date":"2025-07-29T09:35:25","date_gmt":"2025-07-29T09:35:25","guid":{"rendered":"https:\/\/fv6qoy3ls0.wpdns.site\/produto\/om-system-m-zuiko-digital-ed-300mm-f-4-is-pro\/"},"modified":"2026-04-06T17:56:00","modified_gmt":"2026-04-06T16:56:00","slug":"om-system-m-zuiko-digital-ed-300mm-f-4-is-pro","status":"publish","type":"product","link":"https:\/\/hi-techwonder.com\/es\/producto\/om-system-m-zuiko-digital-ed-300mm-f-4-is-pro\/","title":{"rendered":"OM SYSTEM M.Zuiko Digital ED 300mm f\/4 IS PRO"},"content":{"rendered":"<p><strong>LUCES<\/strong><\/p>\n<ul>\n<li>  Sistema Micro Cuatro Tercios<\/li>\n<li>  600 mm (equivalente a 35 mm)<\/li>\n<li>  Rango de apertura: f\/4 a f\/22<\/li>\n<li>  Tres elementos de Super ED<\/li>\n<\/ul>\n<p>  Un superteleobjetivo de largo alcance para c\u00e1maras sin espejo Micro Cuatro Tercios, el Olympus M.Zuiko Digital ED 300mm f\/4 IS PRO es un objetivo equivalente a 600 mm que equilibra una \u00f3ptica refinada con un dise\u00f1o port\u00e1til. Los elementos de vidrio Super ED, E-HR y HR se combinan para controlar las aberraciones crom\u00e1ticas y esf\u00e9ricas para proporcionar un alto grado de claridad y nitidez, y se ha aplicado un Z Coating Nano a elementos individuales para suprimir el destello de la lente y las im\u00e1genes fantasma para obtener im\u00e1genes de alto contraste y colores precisos. <\/p>\n<p>  Complementando los atributos \u00f3pticos, este objetivo tambi\u00e9n se caracteriza por su sistema de estabilizaci\u00f3n \u00f3ptica de imagen, que se puede utilizar junto con el IS de cambio de sensor basado en la c\u00e1mara para lograr una reducci\u00f3n efectiva de seis pasos en la apariencia del movimiento de la c\u00e1mara para obtener tomas m\u00e1s n\u00edtidas sin tr\u00edpode. Tambi\u00e9n se emplea un sistema de enfoque autom\u00e1tico (MSC) compatible con pel\u00edculas e im\u00e1genes fijas para lograr un rendimiento de enfoque r\u00e1pido y silencioso, y un embrague de enfoque manual le permite cambiar entre m\u00e9todos de enfoque para un uso m\u00e1s intuitivo. La lente tambi\u00e9n est\u00e1 equipada con un collar de tr\u00edpode giratorio extra\u00edble para un mejor equilibrio y soporte, y la lente est\u00e1 sellada contra la intemperie para proteger contra el polvo, la humedad y las temperaturas bajo cero para beneficiar el trabajo en climas hostiles.  <\/p>\n<ul>\n<li>  Super telephoto prime est\u00e1 dise\u00f1ado para c\u00e1maras sin espejo Micro Four Thirds y proporciona una distancia focal equivalente a 600 mm.<\/li>\n<li>  Se utilizan tres elementos Super ED (dispersi\u00f3n ultrabaja) para controlar las franjas de color y las aberraciones crom\u00e1ticas para mejorar la claridad y la precisi\u00f3n del color.<\/li>\n<li>  Tres elementos de alto \u00edndice de refracci\u00f3n y un elemento E-HR (\u00edndice de refracci\u00f3n extra alto) ayudan a minimizar las aberraciones esf\u00e9ricas y las distorsiones para una mayor nitidez y una representaci\u00f3n precisa.<\/li>\n<li>  AZ Coating Nano se ha aplicado a elementos individuales para reducir significativamente el destello de la lente y las im\u00e1genes fantasma para mejorar el contraste y la fidelidad del color cuando se trabaja en condiciones de iluminaci\u00f3n intensa.<\/li>\n<li>  La estabilizaci\u00f3n de imagen basada en lentes ayuda a minimizar la apariencia de movimiento de la c\u00e1mara para beneficiar el disparo manual con este lente en condiciones de iluminaci\u00f3n dif\u00edciles. Adem\u00e1s, este objetivo es compatible con el IS sincronizado, que combina el sistema de estabilizaci\u00f3n de imagen \u00f3ptico con la estabilizaci\u00f3n de imagen por desplazamiento de sensor de 5 ejes de determinadas c\u00e1maras Olympus para controlar hasta seis paradas de movimiento de la c\u00e1mara. <\/li>\n<li>  El sistema de enfoque autom\u00e1tico compatible con pel\u00edculas y fotos (MSC) beneficia a las aplicaciones de fotograf\u00eda y video debido a su rendimiento suave, silencioso y r\u00e1pido.<\/li>\n<li>  El embrague de enfoque manual le permite colocar r\u00e1pidamente el anillo de enfoque en su lugar para un control de enfoque directo e intuitivo.<\/li>\n<li>  Bot\u00f3n L-Fn programable (funci\u00f3n de lente) para un ajuste de configuraci\u00f3n de f\u00e1cil acceso.<\/li>\n<li>  La construcci\u00f3n a prueba de polvo, salpicaduras y congelaci\u00f3n incorpora 17 sellos separados para garantizar que este objetivo funcione en condiciones y entornos hostiles.<\/li>\n<li>  El collar giratorio extra\u00edble del tr\u00edpode ofrece una plataforma estable para trabajar con esta lente en la parte superior de un tr\u00edpode o monopie. El anillo de decoraci\u00f3n DR-79 incluido tambi\u00e9n se puede usar en la lente cuando se dispara con la mano para reemplazar el collar del tr\u00edpode retirado. <\/li>\n<li>  El parasol retr\u00e1ctil incorporado protege el elemento frontal de la lente para reducir los reflejos y reflejos en la superficie.<\/li>\n<li>  Compatible con el teleconvertidor M.Zuiko Digital MC-14 1.4x opcional para ampliar a\u00fan m\u00e1s el rango a una distancia focal equivalente a 840 mm.<\/li>\n<\/ul>\n<p style=\"margin-bottom: 0cm;\"> <\/p>\n<table border=\"0\" width=\"499\" cellspacing=\"0\" cellpadding=\"2\">\n<colgroup>\n<col width=\"168\">\n<col width=\"323\"><\/colgroup>\n<tbody>\n<tr>\n<td width=\"168\">\n<p style=\"border: none; padding: 0cm;\" align=\"LEFT\"><span style=\"color: #666666;\">Distancia focal<\/span><\/p>\n<\/td>\n<td width=\"323\">\n<p style=\"border: none; padding: 0cm;\"><span style=\"color: #666666;\">300 mm (distancia focal equivalente a 35 mm: 600 mm)<\/span><\/p>\n<\/td>\n<\/tr>\n<tr>\n<td width=\"168\">\n<p style=\"border: none; padding: 0cm;\" align=\"LEFT\"><span style=\"color: #666666;\">M\u00e1xima apertura<\/span><\/p>\n<\/td>\n<td width=\"323\">\n<p style=\"border: none; padding: 0cm;\"><span style=\"color: #666666;\">f\/4<\/span><\/p>\n<\/td>\n<\/tr>\n<tr>\n<td width=\"168\">\n<p style=\"border: none; padding: 0cm;\" align=\"LEFT\"><span style=\"color: #666666;\">Apertura m\u00ednima<\/span><\/p>\n<\/td>\n<td width=\"323\">\n<p style=\"border: none; padding: 0cm;\"><span style=\"color: #666666;\">f\/22<\/span><\/p>\n<\/td>\n<\/tr>\n<tr>\n<td width=\"168\">\n<p style=\"border: none; padding: 0cm;\" align=\"LEFT\"><span style=\"color: #666666;\">Montura de lente<\/span><\/p>\n<\/td>\n<td width=\"323\">\n<p style=\"border: none; padding: 0cm;\"><span style=\"color: #666666;\">Micro Cuatro Tercios<\/span><\/p>\n<\/td>\n<\/tr>\n<tr>\n<td width=\"168\">\n<p style=\"border: none; padding: 0cm;\" align=\"LEFT\"><span style=\"color: #666666;\">Compatibilidad de formatos<\/span><\/p>\n<\/td>\n<td width=\"323\">\n<p style=\"border: none; padding: 0cm;\"><span style=\"color: #666666;\">Micro Cuatro Tercios<\/span><\/p>\n<\/td>\n<\/tr>\n<tr>\n<td width=\"168\">\n<p style=\"border: none; padding: 0cm;\" align=\"LEFT\"><span style=\"color: #666666;\">\u00c1ngulo<\/span><\/p>\n<\/td>\n<td width=\"323\">\n<p style=\"border: none; padding: 0cm;\"><span style=\"color: #666666;\">4,1\u00b0<\/span><\/p>\n<\/td>\n<\/tr>\n<tr>\n<td width=\"168\">\n<p style=\"border: none; padding: 0cm;\" align=\"LEFT\"><span style=\"color: #666666;\">Distancia m\u00ednima de enfoque<\/span><\/p>\n<\/td>\n<td width=\"323\">\n<p style=\"border: none; padding: 0cm;\"><span style=\"color: #666666;\">4,59&#8242; \/ 1,4 m<\/span><\/p>\n<\/td>\n<\/tr>\n<tr>\n<td width=\"168\">\n<p style=\"border: none; padding: 0cm;\" align=\"LEFT\"><span style=\"color: #666666;\">Aumento m\u00e1ximo<\/span><\/p>\n<\/td>\n<td width=\"323\">\n<p style=\"border: none; padding: 0cm;\"><span style=\"color: #666666;\">0,24 veces<\/span><\/p>\n<\/td>\n<\/tr>\n<tr>\n<td width=\"168\">\n<p style=\"border: none; padding: 0cm;\" align=\"LEFT\"><span style=\"color: #666666;\">Dise\u00f1o \u00f3ptico<\/span><\/p>\n<\/td>\n<td width=\"323\">\n<p style=\"border: none; padding: 0cm;\"><span style=\"color: #666666;\">17 elementos en 10 grupos<\/span><\/p>\n<\/td>\n<\/tr>\n<tr>\n<td width=\"168\">\n<p style=\"border: none; padding: 0cm;\" align=\"LEFT\"><span style=\"color: #666666;\">Hojas de diafragma<\/span><\/p>\n<\/td>\n<td width=\"323\">\n<p style=\"border: none; padding: 0cm;\"><span style=\"color: #666666;\">9, redondeado<\/span><\/p>\n<\/td>\n<\/tr>\n<tr>\n<td width=\"168\">\n<p style=\"border: none; padding: 0cm;\" align=\"LEFT\"><span style=\"color: #666666;\">Tipo de enfoque<\/span><\/p>\n<\/td>\n<td width=\"323\">\n<p style=\"border: none; padding: 0cm;\"><span style=\"color: #666666;\">Autom\u00e1tico<\/span><\/p>\n<\/td>\n<\/tr>\n<tr>\n<td width=\"168\">\n<p style=\"border: none; padding: 0cm;\" align=\"LEFT\"><span style=\"color: #666666;\">Estabilizaci\u00f3n de imagen<\/span><\/p>\n<\/td>\n<td width=\"323\">\n<p style=\"border: none; padding: 0cm;\"><span style=\"color: #666666;\">S\u00ed<\/span><\/p>\n<\/td>\n<\/tr>\n<tr>\n<td width=\"168\">\n<p style=\"border: none; padding: 0cm;\" align=\"LEFT\"><span style=\"color: #666666;\">Collar de tr\u00edpode<\/span><\/p>\n<\/td>\n<td width=\"323\">\n<p style=\"border: none; padding: 0cm;\"><span style=\"color: #666666;\">Extra\u00edble y giratorio<\/span><\/p>\n<\/td>\n<\/tr>\n<tr>\n<td width=\"168\">\n<p style=\"border: none; padding: 0cm;\" align=\"LEFT\"><span style=\"color: #666666;\">Tama\u00f1o del filtro<\/span><\/p>\n<\/td>\n<td width=\"323\">\n<p style=\"border: none; padding: 0cm;\"><span style=\"color: #666666;\">77 mm (delantero)<\/span><\/p>\n<\/td>\n<\/tr>\n<tr>\n<td width=\"168\">\n<p style=\"border: none; padding: 0cm;\" align=\"LEFT\"><span style=\"color: #666666;\">Dimensiones (\u00f8 x L)<\/span><\/p>\n<\/td>\n<td width=\"323\">\n<p style=\"border: none; padding: 0cm;\"><span style=\"color: #666666;\">3,64 x 8,94&#8243; \/ 92,5 x 227 mm<\/span><\/p>\n<\/td>\n<\/tr>\n<tr>\n<td width=\"168\">\n<p style=\"border: none; padding: 0cm;\" align=\"LEFT\"><span style=\"color: #666666;\">Peso<\/span><\/p>\n<\/td>\n<td width=\"323\">\n<p style=\"border: none; padding: 0cm;\"><span style=\"color: #666666;\">3,25 libras \/ 1475 g<\/span><\/p>\n<\/td>\n<\/tr>\n<\/tbody>\n<\/table>\n<p style=\"margin-bottom: 0cm;\"> <\/p>\n","protected":false},"excerpt":{"rendered":"<p>LUCES Sistema Micro Cuatro Tercios 600 mm (equivalente a 35 mm) Rango de apertura: f\/4 a f\/22 Tres elementos de<\/p>\n","protected":false},"featured_media":51150,"comment_status":"closed","ping_status":"open","template":"","meta":{"_acf_changed":false},"product_brand":[2540],"product_cat":[1062],"product_tag":[],"class_list":{"0":"post-73404","1":"product","2":"type-product","3":"status-publish","4":"has-post-thumbnail","6":"product_brand-om-system-es","7":"product_cat-mirrorless-objectivos","8":"pa_abertura-maxima-f-4-es","10":"first","11":"onbackorder","12":"taxable","13":"shipping-taxable","14":"purchasable","15":"product-type-simple"},"bundled_by":[],"bundle_stock_status":"onbackorder","bundle_stock_quantity":null,"bundle_virtual":false,"bundle_layout":"","bundle_add_to_cart_form_location":"","bundle_editable_in_cart":false,"bundle_sold_individually_context":"","bundle_item_grouping":"","bundle_min_size":"","bundle_max_size":"","bundle_price":[],"bundled_items":[],"bundle_sell_ids":[],"acf":[],"_links":{"self":[{"href":"https:\/\/hi-techwonder.com\/es\/wp-json\/wp\/v2\/product\/73404","targetHints":{"allow":["GET"]}}],"collection":[{"href":"https:\/\/hi-techwonder.com\/es\/wp-json\/wp\/v2\/product"}],"about":[{"href":"https:\/\/hi-techwonder.com\/es\/wp-json\/wp\/v2\/types\/product"}],"replies":[{"embeddable":true,"href":"https:\/\/hi-techwonder.com\/es\/wp-json\/wp\/v2\/comments?post=73404"}],"wp:featuredmedia":[{"embeddable":true,"href":"https:\/\/hi-techwonder.com\/es\/wp-json\/wp\/v2\/media\/51150"}],"wp:attachment":[{"href":"https:\/\/hi-techwonder.com\/es\/wp-json\/wp\/v2\/media?parent=73404"}],"wp:term":[{"taxonomy":"product_brand","embeddable":true,"href":"https:\/\/hi-techwonder.com\/es\/wp-json\/wp\/v2\/product_brand?post=73404"},{"taxonomy":"product_cat","embeddable":true,"href":"https:\/\/hi-techwonder.com\/es\/wp-json\/wp\/v2\/product_cat?post=73404"},{"taxonomy":"product_tag","embeddable":true,"href":"https:\/\/hi-techwonder.com\/es\/wp-json\/wp\/v2\/product_tag?post=73404"}],"curies":[{"name":"wp","href":"https:\/\/api.w.org\/{rel}","templated":true}]}}