{"id":73405,"date":"2025-07-29T09:35:52","date_gmt":"2025-07-29T09:35:52","guid":{"rendered":"https:\/\/fv6qoy3ls0.wpdns.site\/produto\/om-system-m-zuiko-digital-ed-12-45mm-f4-0-pro-micro-4-3\/"},"modified":"2026-01-30T09:08:20","modified_gmt":"2026-01-30T09:08:20","slug":"om-system-m-zuiko-digital-ed-12-45mm-f4-0-pro-micro-4-3","status":"publish","type":"product","link":"https:\/\/hi-techwonder.com\/es\/producto\/om-system-m-zuiko-digital-ed-12-45mm-f4-0-pro-micro-4-3\/","title":{"rendered":"OM SYSTEM M.Zuiko Digital ED 12-45mm F4.0 PRO &#8211; Micro 4\/3"},"content":{"rendered":"<p><strong>T\u00edtulo:<\/strong> Olympus M.Zuiko Digital ED 12-45mm F4.0 PRO &#8211; Micro 4\/3 \u2013 Zoom compacto y vers\u00e1til<\/p>\n<hr>\n<p><strong>Caracter\u00edsticas principales:<\/strong><\/p>\n<ul>\n<li><strong>Compacto y ligero<\/strong>: Con un peso de solo 254 g, este objetivo es ideal para llevar de viaje o sesiones prolongadas.<\/li>\n<li><strong>Apertura fija de f\/4.0<\/strong>: Mantiene un excelente rendimiento de brillo en todo el rango del zoom.<\/li>\n<li><strong>Resistente a la intemperie<\/strong>: dise\u00f1o a prueba de polvo, salpicaduras y fr\u00edo, adecuado para su uso en condiciones adversas.<\/li>\n<li><strong>Calidad \u00f3ptica superior<\/strong>: Equipado con elementos asf\u00e9ricos y revestimiento ZERO (Zuiko Extra-low Reflection Optical), reduce las aberraciones, los reflejos y las im\u00e1genes fantasma, brindando im\u00e1genes n\u00edtidas y brillantes.<\/li>\n<li><strong>Versatilidad de zoom<\/strong>: Ofrece una distancia focal equivalente a 24-90 mm (fotograma completo), que cubre todo, desde gran angular hasta teleobjetivo est\u00e1ndar.<\/li>\n<li><strong>Macro impresionante<\/strong>: capacidad de aumento de 0,25x (equivalente a fotograma completo de 0,5x) con una distancia m\u00ednima de enfoque de 12 cm (gran angular) y 23 cm (teleobjetivo).<\/li>\n<li><strong>Enfoque r\u00e1pido y preciso<\/strong>: Sistema de enfoque autom\u00e1tico eficiente debido a la ligereza de las partes internas.<\/li>\n<\/ul>\n<hr>\n<p><strong>Contenido del paquete:<\/strong><\/p>\n<ul>\n<li>Olympus M.Zuiko Digital ED 12-45mm F4.0 PRO<\/li>\n<li>Tapas de lentes (delantera y trasera)<\/li>\n<li>Parasol<\/li>\n<li>Garant\u00eda de 2 a\u00f1os<\/li>\n<\/ul>\n<hr>\n<p><strong>Especificaciones t\u00e9cnicas:<\/strong><\/p>\n<ul>\n<li><strong>Apertura<\/strong>:\n<ul>\n<li>M\u00e1ximo: f\/4.0 (fijo en todo el rango de zoom)<\/li>\n<\/ul>\n<\/li>\n<li><strong>Distancia focal<\/strong>:\n<ul>\n<li>Equivalente a 24-90 mm en fotograma completo<\/li>\n<\/ul>\n<\/li>\n<li><strong>Distancia m\u00ednima de enfoque<\/strong>:\n<ul>\n<li>12 cm (gran angular)<\/li>\n<li>23cm (teleobjetivo)<\/li>\n<\/ul>\n<\/li>\n<li><strong>Aumento m\u00e1ximo<\/strong>:\n<ul>\n<li>0,25x (equivalente a 0,5x de fotograma completo)<\/li>\n<\/ul>\n<\/li>\n<li><strong>Recubrimiento \u00f3ptico<\/strong>:\n<ul>\n<li>Zuiko \u00d3ptica de reflexi\u00f3n extra baja (ZERO)<\/li>\n<\/ul>\n<\/li>\n<li><strong>Dimensiones<\/strong>:\n<ul>\n<li>Di\u00e1metro: 70 mm<\/li>\n<li>Longitud: 64 mm<\/li>\n<\/ul>\n<\/li>\n<li><strong>Peso<\/strong>: 254g<\/li>\n<li><strong>Zoom \u00f3ptico<\/strong>: 3.75x<\/li>\n<li><strong>Compatibilidad<\/strong>: Sistemas Micro Cuatro Tercios (MFT)<\/li>\n<li><strong>Enfoque autom\u00e1tico<\/strong>: S\u00ed<\/li>\n<\/ul>\n<hr>\n<p><strong>Informaci\u00f3n adicional<\/strong><br \/>Nota: Im\u00e1genes ilustrativas. Equipo adicional no incluido. Consulte el contenido y las especificaciones del paquete para obtener m\u00e1s detalles.  <\/p>\n","protected":false},"excerpt":{"rendered":"<p>T\u00edtulo: Olympus M.Zuiko Digital ED 12-45mm F4.0 PRO &#8211; Micro 4\/3 \u2013 Zoom compacto y vers\u00e1til Caracter\u00edsticas principales: Compacto y<\/p>\n","protected":false},"featured_media":51226,"comment_status":"closed","ping_status":"open","template":"","meta":{"_acf_changed":false},"product_brand":[2540],"product_cat":[1062],"product_tag":[],"class_list":{"0":"post-73405","1":"product","2":"type-product","3":"status-publish","4":"has-post-thumbnail","6":"product_brand-om-system-es","7":"product_cat-mirrorless-objectivos","8":"pa_abertura-maxima-f-4-es","10":"first","11":"onbackorder","12":"taxable","13":"shipping-taxable","14":"purchasable","15":"product-type-simple"},"bundled_by":[],"bundle_stock_status":"onbackorder","bundle_stock_quantity":null,"bundle_virtual":false,"bundle_layout":"","bundle_add_to_cart_form_location":"","bundle_editable_in_cart":false,"bundle_sold_individually_context":"","bundle_item_grouping":"","bundle_min_size":"","bundle_max_size":"","bundle_price":[],"bundled_items":[],"bundle_sell_ids":[],"acf":[],"_links":{"self":[{"href":"https:\/\/hi-techwonder.com\/es\/wp-json\/wp\/v2\/product\/73405","targetHints":{"allow":["GET"]}}],"collection":[{"href":"https:\/\/hi-techwonder.com\/es\/wp-json\/wp\/v2\/product"}],"about":[{"href":"https:\/\/hi-techwonder.com\/es\/wp-json\/wp\/v2\/types\/product"}],"replies":[{"embeddable":true,"href":"https:\/\/hi-techwonder.com\/es\/wp-json\/wp\/v2\/comments?post=73405"}],"wp:featuredmedia":[{"embeddable":true,"href":"https:\/\/hi-techwonder.com\/es\/wp-json\/wp\/v2\/media\/51226"}],"wp:attachment":[{"href":"https:\/\/hi-techwonder.com\/es\/wp-json\/wp\/v2\/media?parent=73405"}],"wp:term":[{"taxonomy":"product_brand","embeddable":true,"href":"https:\/\/hi-techwonder.com\/es\/wp-json\/wp\/v2\/product_brand?post=73405"},{"taxonomy":"product_cat","embeddable":true,"href":"https:\/\/hi-techwonder.com\/es\/wp-json\/wp\/v2\/product_cat?post=73405"},{"taxonomy":"product_tag","embeddable":true,"href":"https:\/\/hi-techwonder.com\/es\/wp-json\/wp\/v2\/product_tag?post=73405"}],"curies":[{"name":"wp","href":"https:\/\/api.w.org\/{rel}","templated":true}]}}