{"id":73407,"date":"2025-07-29T09:35:01","date_gmt":"2025-07-29T09:35:01","guid":{"rendered":"https:\/\/fv6qoy3ls0.wpdns.site\/produto\/om-system-m-zuiko-digital-ed-12-40mm-f-2-8-pro-ii-a-granel\/"},"modified":"2025-12-31T15:55:38","modified_gmt":"2025-12-31T15:55:38","slug":"om-system-m-zuiko-digital-ed-12-40mm-f-2-8-pro-ii-a-granel","status":"publish","type":"product","link":"https:\/\/hi-techwonder.com\/es\/producto\/om-system-m-zuiko-digital-ed-12-40mm-f-2-8-pro-ii-a-granel\/","title":{"rendered":"OM SYSTEM M.Zuiko Digital ED 12-40mm f\/2.8 PRO II (a granel)"},"content":{"rendered":"<h3 data-start=\"0\" data-end=\"43\" style=\"color: rgb(185, 179, 169); font-family: \"Open Sans\", sans-serif; text-align: justify; --darkreader-inline-color: var(--darkreader-text-b9b3a9, #b7b0a7);\" data-darkreader-inline-color=\"\"><strong data-start=\"4\" data-end=\"43\"><strong data-darkreader-inline-color=\"\" style=\"color: rgb(227, 79, 64); font-size: 14.4px; --darkreader-inline-color: var(--darkreader-text-e34f40, #e55b4d);\">IMPORTANTE: Art\u00edculo \u00abBULK\u00bb, objetivo extra\u00eddo de un kit y que se vende sin la caja original. Es un art\u00edculo nuevo y mantiene la garant\u00eda legal. <\/strong><\/strong><\/h3>\n<p style=\"text-align: justify;\"><span style=\"font-size: small;\"><br \/>El objetivo ED 12-40mm 1:2.8 PRO ha sido dise\u00f1ado teniendo en cuenta las necesidades de los fot\u00f3grafos profesionales de todos los niveles. Cuando se combina con el OM-D, este objetivo de diafragma ancho se gana la reputaci\u00f3n de ser un zoom est\u00e1ndar con un AF incre\u00edblemente r\u00e1pido y de alto rendimiento. Su valor de diafragma brillante y constante de f2.8 en todas las distancias focales (equivalente a 24-80 mm en una c\u00e1mara de 35 mm), combinado con otras tecnolog\u00edas sofisticadas que incluyen un mecanismo MSC y una paleta de enfoque manual, brindan im\u00e1genes de alta calidad para una amplia gama de estilos de disparo, independientemente de las condiciones de iluminaci\u00f3n y la distancia.<br \/>El dise\u00f1o compacto y liviano tambi\u00e9n tiene una construcci\u00f3n resistente al polvo y las salpicaduras que se adapta al uso profesional, ampliando las capacidades de disparo incluso en los entornos m\u00e1s dif\u00edciles.  <\/span><\/p>\n<p><span style=\"font-size: small;\"> <\/span><\/p>\n<p style=\"text-align: justify;\"><span style=\"font-size: small;\"><strong>Caracter\u00edsticas<\/strong>:<br \/><\/span><\/p>\n<ul style=\"text-align: justify;\">\n<li><span style=\"font-size: small;\">  Calidad de imagen profesional en todas las condiciones<\/span><\/li>\n<li><span style=\"font-size: small;\">  Enfoque autom\u00e1tico de alta velocidad<\/span><\/li>\n<\/ul>\n<p><span style=\"font-size: small;\"> <\/span><\/p>\n<p style=\"text-align: justify;\"><span style=\"font-size: small;\"><strong>Contenido del paquete<\/strong>:<br \/><\/span><\/p>\n<ul style=\"text-align: justify;\">\n<li><span style=\"font-size: small;\">  1x ED 12-40 mm\/2,8 Pro II<\/span><\/li>\n<li><span style=\"font-size: small;\">  1x LC-62D<\/span><\/li>\n<li><span style=\"font-size: small;\">  1x LH-66<\/span><\/li>\n<li><span style=\"font-size: small;\">  1x Tarjeta de garant\u00eda<\/span><\/li>\n<\/ul>\n<p style=\"text-align: justify;\"><span style=\"font-size: small;\">&nbsp;<\/span><\/p>\n<p style=\"text-align: justify;\"><span style=\"font-size: small;\"><strong><span style=\"text-decoration: underline;\">Especificaciones t\u00e9cnicas:<\/strong><\/span><\/span><\/p>\n<p style=\"text-align: justify;\"><span style=\"font-size: small;\">&nbsp;<\/span><\/p>\n<p style=\"text-align: justify;\"><span style=\"font-size: small;\"><strong>Distancia de enfoque<\/strong><br \/><\/span><\/p>\n<ul style=\"text-align: justify;\">\n<li><span style=\"font-size: small;\">  Distancia focal &#8211; 12 mm &#8211; 40 mm<\/span><\/li>\n<li><span style=\"font-size: small;\">  Distancia focal (equivalente a 35 mm) &#8211; 24 mm &#8211; 80 mm<\/span><\/li>\n<\/ul>\n<p style=\"text-align: justify;\"><span style=\"font-size: small;\"><br \/><\/span> <span style=\"font-size: small;\"><strong>Construcci\u00f3n de lentes<\/strong><br \/><\/span><\/p>\n<ul style=\"text-align: justify;\">\n<li><span style=\"font-size: small;\">  \u00c1ngulo de visi\u00f3n &#8211; 84 &#8211; 30\u00b0<\/span><\/li>\n<li><span style=\"font-size: small;\">  Distancia m\u00ednima de enfoque: 0,2 m<\/span><\/li>\n<li><span style=\"font-size: small;\">  Elemento altamente refractivo &#8211; 2<\/span><\/li>\n<li><span style=\"font-size: small;\">  Elementos de vidrio asf\u00e9rico &#8211; 1 (1 es vidrio ED)<\/span><\/li>\n<li><span style=\"font-size: small;\">  Elemento ED asf\u00e9rico &#8211; 2 elementos ED asf\u00e9ricos<\/span><\/li>\n<li><span style=\"font-size: small;\">  Elementos de lente DSA &#8211; 1<\/span><\/li>\n<li><span style=\"font-size: small;\">  Elementos de lente ED &#8211; 2<\/span><\/li>\n<li><span style=\"font-size: small;\">  Configuraci\u00f3n de la lente: 14 elementos \/ 9 grupos<\/span><\/li>\n<li><span style=\"font-size: small;\">  Aumento m\u00e1ximo de la imagen: 0,3x (Micro Cuatro Tercios) \/ 0,6x (formato de 35 mm)<\/span><\/li>\n<li><span style=\"font-size: small;\">  Tama\u00f1o m\u00ednimo del campo: 58 x 44 mm<\/span><\/li>\n<\/ul>\n<p style=\"text-align: justify;\"><span style=\"font-size: small;\"><br \/><\/span> <span style=\"font-size: small;\"><strong>Abertura<\/strong><br \/><\/span><\/p>\n<ul style=\"text-align: justify;\">\n<li><span style=\"font-size: small;\">  Apertura m\u00e1xima &#8211; 1:2.8<\/span><\/li>\n<li><span style=\"font-size: small;\">  Apertura m\u00ednima &#8211; 1:22<\/span><\/li>\n<li><span style=\"font-size: small;\">  N\u00famero de hojas de apertura &#8211; 7 Diafragma de apertura circular para un fondo natural<\/span><\/li>\n<\/ul>\n<p style=\"text-align: justify;\"><span style=\"font-size: small;\"><br \/><\/span> <span style=\"font-size: small;\"><strong>Dimensiones<\/strong><br \/><\/span><\/p>\n<ul style=\"text-align: justify;\">\n<li><span style=\"font-size: small;\">  Dimensiones &#8211; 69,9 mm \u00d8, 84 mm<\/span><\/li>\n<li><span style=\"font-size: small;\">  Di\u00e1metro del filtro &#8211; 62 mm<\/span><\/li>\n<li><span style=\"font-size: small;\">  Peso &#8211; 382 g<\/span><\/li>\n<\/ul>\n<p style=\"text-align: justify;\"><span style=\"font-size: small;\"><br \/><\/span> <span style=\"font-size: small;\"><strong>Tapa y tapa<\/strong><br \/><\/span><\/p>\n<ul style=\"text-align: justify;\">\n<li><span style=\"font-size: small;\">  Tapa del objetivo &#8211; LC-62D (62 mm)<\/span><\/li>\n<li style=\"text-align: justify;\"><span style=\"font-size: small;\">  Parasol &#8211; LH-66<\/span><\/li>\n<\/ul>\n","protected":false},"excerpt":{"rendered":"<p>IMPORTANTE: Art\u00edculo \u00abBULK\u00bb, objetivo extra\u00eddo de un kit y que se vende sin la caja original. Es un art\u00edculo nuevo<\/p>\n","protected":false},"featured_media":51106,"comment_status":"closed","ping_status":"closed","template":"","meta":{"_acf_changed":false},"product_brand":[2540],"product_cat":[1062],"product_tag":[],"class_list":{"0":"post-73407","1":"product","2":"type-product","3":"status-publish","4":"has-post-thumbnail","6":"product_brand-om-system-es","7":"product_cat-mirrorless-objectivos","8":"pa_abertura-maxima-f-2-8-es","9":"pa_cor-negro","10":"pa_diametro-62mm-es","11":"pa_estabilizacao-de-imagem-no","12":"pa_montagem-da-objetiva-micro-4-3-es","13":"pa_sensor-micro-cuatro-tercios","14":"pa_tipo-de-foco-enfoque-automatico","15":"pa_tipo-de-objetiva-estandar","16":"pa_zoom-fixa-zoom-externo-es","18":"first","19":"instock","20":"taxable","21":"shipping-taxable","22":"purchasable","23":"product-type-simple"},"bundled_by":[],"bundle_stock_status":"instock","bundle_stock_quantity":1,"bundle_virtual":false,"bundle_layout":"","bundle_add_to_cart_form_location":"","bundle_editable_in_cart":false,"bundle_sold_individually_context":"","bundle_item_grouping":"","bundle_min_size":"","bundle_max_size":"","bundle_price":[],"bundled_items":[],"bundle_sell_ids":[],"acf":[],"_links":{"self":[{"href":"https:\/\/hi-techwonder.com\/es\/wp-json\/wp\/v2\/product\/73407","targetHints":{"allow":["GET"]}}],"collection":[{"href":"https:\/\/hi-techwonder.com\/es\/wp-json\/wp\/v2\/product"}],"about":[{"href":"https:\/\/hi-techwonder.com\/es\/wp-json\/wp\/v2\/types\/product"}],"replies":[{"embeddable":true,"href":"https:\/\/hi-techwonder.com\/es\/wp-json\/wp\/v2\/comments?post=73407"}],"wp:featuredmedia":[{"embeddable":true,"href":"https:\/\/hi-techwonder.com\/es\/wp-json\/wp\/v2\/media\/51106"}],"wp:attachment":[{"href":"https:\/\/hi-techwonder.com\/es\/wp-json\/wp\/v2\/media?parent=73407"}],"wp:term":[{"taxonomy":"product_brand","embeddable":true,"href":"https:\/\/hi-techwonder.com\/es\/wp-json\/wp\/v2\/product_brand?post=73407"},{"taxonomy":"product_cat","embeddable":true,"href":"https:\/\/hi-techwonder.com\/es\/wp-json\/wp\/v2\/product_cat?post=73407"},{"taxonomy":"product_tag","embeddable":true,"href":"https:\/\/hi-techwonder.com\/es\/wp-json\/wp\/v2\/product_tag?post=73407"}],"curies":[{"name":"wp","href":"https:\/\/api.w.org\/{rel}","templated":true}]}}