{"id":73409,"date":"2025-07-29T09:35:42","date_gmt":"2025-07-29T09:35:42","guid":{"rendered":"https:\/\/fv6qoy3ls0.wpdns.site\/produto\/om-system-m-zuiko-digital-ed-12-200mm-f-3-5-6-3\/"},"modified":"2026-04-20T14:51:13","modified_gmt":"2026-04-20T13:51:13","slug":"om-system-m-zuiko-digital-ed-12-200mm-f-3-5-6-3","status":"publish","type":"product","link":"https:\/\/hi-techwonder.com\/es\/producto\/om-system-m-zuiko-digital-ed-12-200mm-f-3-5-6-3\/","title":{"rendered":"OM SYSTEM M.Zuiko Digital ED 12-200mm f\/3.5-6.3"},"content":{"rendered":"<p><strong>OLYMPUS M.Zuiko Digital ED 12-200mm f\/3.5-6.3<\/strong><\/p>\n<p>  Con un zoom de 16,6x, el objetivo M.Zuiko Digital ED 12-200mm F3.5-6.3 (24-400mm*) es perfecto para una gran variedad de escenarios y sujetos, desde gran angular hasta teleobjetivo. En gran angular, su distancia de trabajo es de solo 10 cm (y 50 cm en teleobjetivo). <\/p>\n<p>  Adem\u00e1s, este objetivo zoom tiene un dise\u00f1o incre\u00edblemente compacto y ligero para llevarlo a cualquier parte, ya sea de vacaciones o de negocios. Tambi\u00e9n puede viajar en cualquier clima, gracias a la construcci\u00f3n a prueba de polvo, salpicaduras y temperaturas fr\u00edas. El enfoque autom\u00e1tico de alta velocidad y alta precisi\u00f3n, con el motor Movie &amp; Still Compatible (MSC), garantiza que sus im\u00e1genes sean brillantes.  <\/p>\n<p>  * En c\u00e1mara de 35mm como lente.<\/p>\n<p>  _____________________________________________________________________________________________________________________________________________________________________________________________________________________________________________________________________<\/p>\n<p> <strong>Caracter\u00edsticas principales<\/strong><\/p>\n<ul>\n<li>  Sistema Micro Cuatro Tercios<\/li>\n<li>  24-400 mm (equivalente a 35 mm)<\/li>\n<li>  Rango de apertura m\u00e1ximo: f\/3.5-6.3<\/li>\n<li>  Tres elementos asf\u00e9ricos<\/li>\n<li>  Tres elementos de RRHH, cuatro elementos de ED<\/li>\n<li>  Recubrimiento CERO<\/li>\n<li>  El sistema AF admite v\u00eddeos y fotograf\u00edas<\/li>\n<li>  Construcci\u00f3n resistente a la intemperie<\/li>\n<li>  Diafragma redondeado de 7 hojas<\/li>\n<\/ul>\n<p> <strong>En la caja<\/strong><\/p>\n<ul>\n<li>  Objetivo Olympus M.Zuiko Digital ED 12-200mm f\/3.5-6.3<\/li>\n<li>  Cubierta frontal del objetivo<\/li>\n<li>  Tapa trasera del objetivo Olympus LR-2<\/li>\n<li>  Parasol<\/li>\n<\/ul>\n<p>  Una soluci\u00f3n de lente \u00fanica para la mayor\u00eda de las situaciones de disparo, el Olympus M.Zuiko Digital ED 12-200 mm f\/3.5-6.3 est\u00e1 dise\u00f1ado para c\u00e1maras sin espejo Micro Cuatro Tercios y cubre un enorme rango de distancia focal equivalente a 24-400 mm. A pesar de su largo alcance, la lente tambi\u00e9n se caracteriza por su factor de forma port\u00e1til, distancia m\u00ednima de enfoque de 8.7&#8243; y dise\u00f1o \u00f3ptico sofisticado, que incluye una variedad de elementos asf\u00e9ricos, de baja dispersi\u00f3n y alto \u00edndice de refracci\u00f3n para producir im\u00e1genes bien corregidas. Tambi\u00e9n se ha aplicado un recubrimiento ZERO para ayudar a reducir el destello de la lente y las im\u00e1genes fantasma para aumentar el contraste y la fidelidad del color cuando se trabaja en condiciones de iluminaci\u00f3n intensa. Adem\u00e1s, este objetivo utiliza un sistema AF compatible con pel\u00edculas y fotograf\u00edas para lograr un enfoque suave y r\u00e1pido y un rendimiento casi silencioso que beneficia tanto a las aplicaciones fijas como a las cinematogr\u00e1ficas.   <\/p>\n<ul>\n<li>  Abarcando un rango impresionante desde gran angular hasta s\u00faper teleobjetivo, este zoom de 12-200 mm est\u00e1 dise\u00f1ado para c\u00e1maras sin espejo Micro Four Thirds y proporciona un rango de distancia focal equivalente a 24-400 mm.<\/li>\n<li>  Tres elementos asf\u00e9ricos, un elemento Super HR (alto \u00edndice de refracci\u00f3n) y dos elementos HR se presentan en el dise\u00f1o \u00f3ptico para limitar las aberraciones esf\u00e9ricas para una mayor nitidez con distorsi\u00f3n reducida. Adem\u00e1s, tambi\u00e9n se utilizan dos elementos Super ED (dispersi\u00f3n ultrabaja) y dos elementos ED para controlar las aberraciones crom\u00e1ticas y las franjas de color para mejorar la claridad y la fidelidad del color. <\/li>\n<li>  Se ha aplicado un recubrimiento ZERO (Zuiko Extra-Low Reflection Optical) a elementos individuales para minimizar el destello de la lente y las im\u00e1genes fantasma para mejorar el contraste y la fidelidad del color cuando se trabaja en condiciones de iluminaci\u00f3n intensa.<\/li>\n<li>  El sistema de enfoque autom\u00e1tico compatible con pel\u00edculas y fotos (MSC) beneficia a las aplicaciones de fotograf\u00eda y video debido a su rendimiento suave, silencioso y r\u00e1pido.<\/li>\n<li>  La distancia m\u00ednima de enfoque de 8,7&#8243; en el borde gran angular y una distancia de trabajo de 3,9&#8243; le proporcionan un aumento m\u00e1ximo de 0,46x para adaptarse al trabajo con sujetos en primer plano.<\/li>\n<li>  La construcci\u00f3n resistente a la intemperie protege la lente del polvo y la humedad para trabajar en entornos hostiles.<\/li>\n<li>  El diafragma redondeado de siete hojas contribuye a una agradable calidad de bokeh.<\/li>\n<\/ul>\n<p> <strong>Caracter\u00edsticas t\u00e9cnicas:<\/strong> <\/p>\n<table class=\"table_3sxa25I0gg\" style=\"box-sizing: inherit; width: 982.5px; font-family: OpenSans, 'Segoe UI', Helvetica, Roboto, Arial, sans-serif; font-size: 16px; background-color: #ffffff;\" data-selenium=\"specsItemGroupTable\">\n<tbody style=\"box-sizing: inherit;\">\n<tr class=\"pair_3sxa25I0gg\" style=\"box-sizing: inherit; border-bottom: 0.0625rem solid #e7e7e7;\" data-selenium=\"specsItemGroupTableRow\">\n<td class=\"label_3sxa25I0gg firstSpecWhenNoGroupName_3sxa25I0gg\" style=\"box-sizing: inherit; border-top: none; padding: 0px 0px 1.25rem; width: 373.344px; color: #666666; font-size: 1.125rem; line-height: 1.375rem; vertical-align: baseline;\" data-selenium=\"specsItemGroupTableColumnLabel\"> Distancia focal <\/td>\n<td class=\"value_3sxa25I0gg firstSpecWhenNoGroupName_3sxa25I0gg\" style=\"box-sizing: inherit; color: #666666; font-size: 1.125rem; line-height: 1.375rem; vertical-align: baseline; padding: 0px 0px 1.25rem 2.5rem;\" data-selenium=\"specsItemGroupTableColumnValue\"> de 12 a 200 mm (distancia focal equivalente a 35 mm: 24 a 400 mm) <\/td>\n<\/tr>\n<tr class=\"pair_3sxa25I0gg\" style=\"box-sizing: inherit; border-bottom: 0.0625rem solid #e7e7e7;\" data-selenium=\"specsItemGroupTableRow\">\n<td class=\"label_3sxa25I0gg\" style=\"box-sizing: inherit; border-top: none; padding: 1.25rem 0px; width: 373.344px; color: #666666; font-size: 1.125rem; line-height: 1.375rem; vertical-align: baseline;\" data-selenium=\"specsItemGroupTableColumnLabel\"> Apertura m\u00e1xima <\/td>\n<td class=\"value_3sxa25I0gg\" style=\"box-sizing: inherit; color: #666666; font-size: 1.125rem; line-height: 1.375rem; vertical-align: baseline; padding: 1.25rem 0px 1.25rem 2.5rem;\" data-selenium=\"specsItemGroupTableColumnValue\"> f\/3.5 a 6.3 <\/td>\n<\/tr>\n<tr class=\"pair_3sxa25I0gg\" style=\"box-sizing: inherit; border-bottom: 0.0625rem solid #e7e7e7;\" data-selenium=\"specsItemGroupTableRow\">\n<td class=\"label_3sxa25I0gg\" style=\"box-sizing: inherit; border-top: none; padding: 1.25rem 0px; width: 373.344px; color: #666666; font-size: 1.125rem; line-height: 1.375rem; vertical-align: baseline;\" data-selenium=\"specsItemGroupTableColumnLabel\"> Apertura m\u00ednima <\/td>\n<td class=\"value_3sxa25I0gg\" style=\"box-sizing: inherit; color: #666666; font-size: 1.125rem; line-height: 1.375rem; vertical-align: baseline; padding: 1.25rem 0px 1.25rem 2.5rem;\" data-selenium=\"specsItemGroupTableColumnValue\"> No especificada por el fabricante <\/td>\n<\/tr>\n<tr class=\"pair_3sxa25I0gg\" style=\"box-sizing: inherit; border-bottom: 0.0625rem solid #e7e7e7;\" data-selenium=\"specsItemGroupTableRow\">\n<td class=\"value_3sxa25I0gg\" style=\"box-sizing: inherit; color: #666666; font-size: 1.125rem; line-height: 1.375rem; vertical-align: baseline; padding: 1.25rem 0px 1.25rem 2.5rem;\" data-selenium=\"specsItemGroupTableColumnValue\"> Montura de lente Micro Cuatro Tercios <\/td>\n<td class=\"label_3sxa25I0gg\" style=\"box-sizing: inherit; border-top: none; padding: 1.25rem 0px; width: 373.344px; color: #666666; font-size: 1.125rem; line-height: 1.375rem; vertical-align: baseline;\" data-selenium=\"specsItemGroupTableColumnLabel\"> <\/td>\n<\/tr>\n<tr class=\"pair_3sxa25I0gg\" style=\"box-sizing: inherit; border-bottom: 0.0625rem solid #e7e7e7;\" data-selenium=\"specsItemGroupTableRow\">\n<td class=\"label_3sxa25I0gg\" style=\"box-sizing: inherit; border-top: none; padding: 1.25rem 0px; width: 373.344px; color: #666666; font-size: 1.125rem; line-height: 1.375rem; vertical-align: baseline;\" data-selenium=\"specsItemGroupTableColumnLabel\"> Cobertura de la forma de la lente <\/td>\n<td class=\"value_3sxa25I0gg\" style=\"box-sizing: inherit; color: #666666; font-size: 1.125rem; line-height: 1.375rem; vertical-align: baseline; padding: 1.25rem 0px 1.25rem 2.5rem;\" data-selenium=\"specsItemGroupTableColumnValue\"> Micro Four Thirds <\/td>\n<\/tr>\n<tr class=\"pair_3sxa25I0gg\" style=\"box-sizing: inherit; border-bottom: 0.0625rem solid #e7e7e7;\" data-selenium=\"specsItemGroupTableRow\">\n<td class=\"label_3sxa25I0gg\" style=\"box-sizing: inherit; border-top: none; padding: 1.25rem 0px; width: 373.344px; color: #666666; font-size: 1.125rem; line-height: 1.375rem; vertical-align: baseline;\" data-selenium=\"specsItemGroupTableColumnLabel\"> Distancia m\u00ednima de enfoque <\/td>\n<td class=\"value_3sxa25I0gg\" style=\"box-sizing: inherit; color: #666666; font-size: 1.125rem; line-height: 1.375rem; vertical-align: baseline; padding: 1.25rem 0px 1.25rem 2.5rem;\" data-selenium=\"specsItemGroupTableColumnValue\"> 8,66&#8243; \/ 22 cm <\/td>\n<\/tr>\n<tr class=\"pair_3sxa25I0gg\" style=\"box-sizing: inherit; border-bottom: 0.0625rem solid #e7e7e7;\" data-selenium=\"specsItemGroupTableRow\">\n<td class=\"label_3sxa25I0gg\" style=\"box-sizing: inherit; border-top: none; padding: 1.25rem 0px; width: 373.344px; color: #666666; font-size: 1.125rem; line-height: 1.375rem; vertical-align: baseline;\" data-selenium=\"specsItemGroupTableColumnLabel\"> Aumento m\u00e1ximo <\/td>\n<td class=\"value_3sxa25I0gg\" style=\"box-sizing: inherit; color: #666666; font-size: 1.125rem; line-height: 1.375rem; vertical-align: baseline; padding: 1.25rem 0px 1.25rem 2.5rem;\" data-selenium=\"specsItemGroupTableColumnValue\"> 0,44x <\/td>\n<\/tr>\n<tr class=\"pair_3sxa25I0gg\" style=\"box-sizing: inherit; border-bottom: 0.0625rem solid #e7e7e7;\" data-selenium=\"specsItemGroupTableRow\">\n<td class=\"label_3sxa25I0gg\" style=\"box-sizing: inherit; border-top: none; padding: 1.25rem 0px; width: 373.344px; color: #666666; font-size: 1.125rem; line-height: 1.375rem; vertical-align: baseline;\" data-selenium=\"specsItemGroupTableColumnLabel\"> Dise\u00f1o \u00f3ptico <\/td>\n<td class=\"value_3sxa25I0gg\" style=\"box-sizing: inherit; color: #666666; font-size: 1.125rem; line-height: 1.375rem; vertical-align: baseline; padding: 1.25rem 0px 1.25rem 2.5rem;\" data-selenium=\"specsItemGroupTableColumnValue\"> 16 elementos en 11 grupos <\/td>\n<\/tr>\n<tr class=\"pair_3sxa25I0gg\" style=\"box-sizing: inherit; border-bottom: 0.0625rem solid #e7e7e7;\" data-selenium=\"specsItemGroupTableRow\">\n<td class=\"label_3sxa25I0gg\" style=\"box-sizing: inherit; border-top: none; padding: 1.25rem 0px; width: 373.344px; color: #666666; font-size: 1.125rem; line-height: 1.375rem; vertical-align: baseline;\" data-selenium=\"specsItemGroupTableColumnLabel\"> Hojas de diafragma <\/td>\n<td class=\"value_3sxa25I0gg\" style=\"box-sizing: inherit; color: #666666; font-size: 1.125rem; line-height: 1.375rem; vertical-align: baseline; padding: 1.25rem 0px 1.25rem 2.5rem;\" data-selenium=\"specsItemGroupTableColumnValue\"> 7, redondeadas <\/td>\n<\/tr>\n<tr class=\"pair_3sxa25I0gg\" style=\"box-sizing: inherit; border-bottom: 0.0625rem solid #e7e7e7;\" data-selenium=\"specsItemGroupTableRow\">\n<td class=\"label_3sxa25I0gg\" style=\"box-sizing: inherit; border-top: none; padding: 1.25rem 0px; width: 373.344px; color: #666666; font-size: 1.125rem; line-height: 1.375rem; vertical-align: baseline;\" data-selenium=\"specsItemGroupTableColumnLabel\"> Tipo de enfoque <\/td>\n<td class=\"value_3sxa25I0gg\" style=\"box-sizing: inherit; color: #666666; font-size: 1.125rem; line-height: 1.375rem; vertical-align: baseline; padding: 1.25rem 0px 1.25rem 2.5rem;\" data-selenium=\"specsItemGroupTableColumnValue\"> Enfoque autom\u00e1tico <\/td>\n<\/tr>\n<tr class=\"pair_3sxa25I0gg\" style=\"box-sizing: inherit; border-bottom: 0.0625rem solid #e7e7e7;\" data-selenium=\"specsItemGroupTableRow\">\n<td class=\"label_3sxa25I0gg\" style=\"box-sizing: inherit; border-top: none; padding: 1.25rem 0px; width: 373.344px; color: #666666; font-size: 1.125rem; line-height: 1.375rem; vertical-align: baseline;\" data-selenium=\"specsItemGroupTableColumnLabel\"> Estabilizaci\u00f3n de imagen <\/td>\n<td class=\"value_3sxa25I0gg\" style=\"box-sizing: inherit; color: #666666; font-size: 1.125rem; line-height: 1.375rem; vertical-align: baseline; padding: 1.25rem 0px 1.25rem 2.5rem;\" data-selenium=\"specsItemGroupTableColumnValue\"> No <\/td>\n<\/tr>\n<tr class=\"pair_3sxa25I0gg\" style=\"box-sizing: inherit; border-bottom: 0.0625rem solid #e7e7e7;\" data-selenium=\"specsItemGroupTableRow\">\n<td class=\"label_3sxa25I0gg\" style=\"box-sizing: inherit; border-top: none; padding: 1.25rem 0px; width: 373.344px; color: #666666; font-size: 1.125rem; line-height: 1.375rem; vertical-align: baseline;\" data-selenium=\"specsItemGroupTableColumnLabel\"> Tama\u00f1o del filtro <\/td>\n<td class=\"value_3sxa25I0gg\" style=\"box-sizing: inherit; color: #666666; font-size: 1.125rem; line-height: 1.375rem; vertical-align: baseline; padding: 1.25rem 0px 1.25rem 2.5rem;\" data-selenium=\"specsItemGroupTableColumnValue\"> 72 mm (frontal) <\/td>\n<\/tr>\n<tr class=\"pair_3sxa25I0gg\" style=\"box-sizing: inherit; border-bottom: 0.0625rem solid #e7e7e7;\" data-selenium=\"specsItemGroupTableRow\">\n<td class=\"label_3sxa25I0gg\" style=\"box-sizing: inherit; border-top: none; padding: 1.25rem 0px; width: 373.344px; color: #666666; font-size: 1.125rem; line-height: 1.375rem; vertical-align: baseline;\" data-selenium=\"specsItemGroupTableColumnLabel\"> Dimensiones (\u00f8 x ancho) <\/td>\n<td class=\"value_3sxa25I0gg\" style=\"box-sizing: inherit; color: #666666; font-size: 1.125rem; line-height: 1.375rem; vertical-align: baseline; padding: 1.25rem 0px 1.25rem 2.5rem;\" data-selenium=\"specsItemGroupTableColumnValue\"> 3,05 x 3,93&#8243; \/ 77,5 x 99,7 mm <\/td>\n<\/tr>\n<tr class=\"pair_3sxa25I0gg\" style=\"box-sizing: inherit; border-bottom: 0.0625rem solid #e7e7e7;\" data-selenium=\"specsItemGroupTableRow\">\n<td class=\"label_3sxa25I0gg\" style=\"box-sizing: inherit; border-top: none; padding: 1.25rem 0px; width: 373.344px; color: #666666; font-size: 1.125rem; line-height: 1.375rem; vertical-align: baseline;\" data-selenium=\"specsItemGroupTableColumnLabel\"> Longitud con extensi\u00f3n m\u00e1xima <\/td>\n<td class=\"value_3sxa25I0gg\" style=\"box-sizing: inherit; color: #666666; font-size: 1.125rem; line-height: 1.375rem; vertical-align: baseline; padding: 1.25rem 0px 1.25rem 2.5rem;\" data-selenium=\"specsItemGroupTableColumnValue\"> 6,55&#8243; \/ 166,3 mm <\/td>\n<\/tr>\n<tr class=\"pair_3sxa25I0gg\" style=\"box-sizing: inherit; border-bottom: 0.0625rem solid #e7e7e7;\" data-selenium=\"specsItemGroupTableRow\">\n<td class=\"label_3sxa25I0gg\" style=\"box-sizing: inherit; border-top: none; padding: 1.25rem 0px; width: 373.344px; color: #666666; font-size: 1.125rem; line-height: 1.375rem; vertical-align: baseline;\" data-selenium=\"specsItemGroupTableColumnLabel\"> Peso <\/td>\n<td class=\"value_3sxa25I0gg\" style=\"box-sizing: inherit; color: #666666; font-size: 1.125rem; line-height: 1.375rem; vertical-align: baseline; padding: 1.25rem 0px 1.25rem 2.5rem;\" data-selenium=\"specsItemGroupTableColumnValue\"> 1 lb \/ 455 g<\/td>\n<\/tr>\n<\/tbody>\n<\/table>\n","protected":false},"excerpt":{"rendered":"<p>OLYMPUS M.Zuiko Digital ED 12-200mm f\/3.5-6.3 Con un zoom de 16,6x, el objetivo M.Zuiko Digital ED 12-200mm F3.5-6.3 (24-400mm*) es<\/p>\n","protected":false},"featured_media":51172,"comment_status":"closed","ping_status":"open","template":"","meta":{"_acf_changed":false},"product_brand":[2540],"product_cat":[1062],"product_tag":[],"class_list":{"0":"post-73409","1":"product","2":"type-product","3":"status-publish","4":"has-post-thumbnail","6":"product_brand-om-system-es","7":"product_cat-mirrorless-objectivos","8":"pa_abertura-maxima-f-3-5-6-3-es","10":"first","11":"onbackorder","12":"taxable","13":"shipping-taxable","14":"purchasable","15":"product-type-simple"},"bundled_by":[],"bundle_stock_status":"onbackorder","bundle_stock_quantity":null,"bundle_virtual":false,"bundle_layout":"","bundle_add_to_cart_form_location":"","bundle_editable_in_cart":false,"bundle_sold_individually_context":"","bundle_item_grouping":"","bundle_min_size":"","bundle_max_size":"","bundle_price":[],"bundled_items":[],"bundle_sell_ids":[],"acf":[],"_links":{"self":[{"href":"https:\/\/hi-techwonder.com\/es\/wp-json\/wp\/v2\/product\/73409","targetHints":{"allow":["GET"]}}],"collection":[{"href":"https:\/\/hi-techwonder.com\/es\/wp-json\/wp\/v2\/product"}],"about":[{"href":"https:\/\/hi-techwonder.com\/es\/wp-json\/wp\/v2\/types\/product"}],"replies":[{"embeddable":true,"href":"https:\/\/hi-techwonder.com\/es\/wp-json\/wp\/v2\/comments?post=73409"}],"wp:featuredmedia":[{"embeddable":true,"href":"https:\/\/hi-techwonder.com\/es\/wp-json\/wp\/v2\/media\/51172"}],"wp:attachment":[{"href":"https:\/\/hi-techwonder.com\/es\/wp-json\/wp\/v2\/media?parent=73409"}],"wp:term":[{"taxonomy":"product_brand","embeddable":true,"href":"https:\/\/hi-techwonder.com\/es\/wp-json\/wp\/v2\/product_brand?post=73409"},{"taxonomy":"product_cat","embeddable":true,"href":"https:\/\/hi-techwonder.com\/es\/wp-json\/wp\/v2\/product_cat?post=73409"},{"taxonomy":"product_tag","embeddable":true,"href":"https:\/\/hi-techwonder.com\/es\/wp-json\/wp\/v2\/product_tag?post=73409"}],"curies":[{"name":"wp","href":"https:\/\/api.w.org\/{rel}","templated":true}]}}