{"id":73410,"date":"2025-07-29T09:35:25","date_gmt":"2025-07-29T09:35:25","guid":{"rendered":"https:\/\/fv6qoy3ls0.wpdns.site\/produto\/om-system-m-zuiko-digital-ed-12-100mm-f-4-is-pro\/"},"modified":"2026-04-20T14:51:13","modified_gmt":"2026-04-20T13:51:13","slug":"om-system-m-zuiko-digital-ed-12-100mm-f-4-is-pro","status":"publish","type":"product","link":"https:\/\/hi-techwonder.com\/es\/producto\/om-system-m-zuiko-digital-ed-12-100mm-f-4-is-pro\/","title":{"rendered":"OM SYSTEM M.Zuiko Digital ED 12-100mm f\/4 IS PRO"},"content":{"rendered":"<p><strong>LUCES<\/strong><\/p>\n<ul>\n<li>  Sistema Micro Cuatro Tercios<\/li>\n<li>  24-200 mm (equivalente a 35 mm)<\/li>\n<li>  Rango de apertura: f\/4 a f\/22<\/li>\n<li>  Elementos asf\u00e9ricos y de baja dispersi\u00f3n<\/li>\n<\/ul>\n<p>  Abarcando un rango impresionante desde gran angular hasta teleobjetivo, el lente Olympus M.Zuiko Digital ED 12-100mm f\/4 IS PRO es un zoom equivalente a 24-200 mm dise\u00f1ado para c\u00e1maras sin espejo Micro Cuatro Tercios. Caracterizado por su apertura m\u00e1xima constante de f\/4, este objetivo ofrece un rendimiento constante en todo el rango de zoom para adaptarse tanto a las im\u00e1genes fijas como a la grabaci\u00f3n de v\u00eddeo. Su dise\u00f1o \u00f3ptico incorpora una serie de elementos asf\u00e9ricos y de baja dispersi\u00f3n para reducir las aberraciones crom\u00e1ticas y esf\u00e9ricas, y se han aplicado un recubrimiento ZERO y un Z Coating Nano para reducir en gran medida el destello de la lente y las im\u00e1genes fantasma para mejorar el contraste.  <\/p>\n<p>  El beneficio de lidiar con el amplio rango de zoom es un sistema de estabilizaci\u00f3n \u00f3ptica de imagen que funciona junto con la estabilizaci\u00f3n de imagen de 5 ejes de las c\u00e1maras seleccionadas para formar Sync IS, que compensa hasta 6.5 paradas de movimiento de la c\u00e1mara. Un sistema AF de imagen de alta velocidad compatible con pel\u00edculas y fotograf\u00edas (MSC) ofrece un rendimiento de enfoque r\u00e1pido, preciso y silencioso adecuado para aplicaciones de fotograf\u00eda y video, y un embrague de enfoque manual permite un cambio r\u00e1pido a MF para un control m\u00e1s preciso. Adem\u00e1s, se presenta un bot\u00f3n de funci\u00f3n de lente en el costado del cilindro para el ajuste directo de la configuraci\u00f3n, y la lente tambi\u00e9n cuenta con una construcci\u00f3n resistente a la intemperie para su uso en condiciones ambientales dif\u00edciles.  <\/p>\n<ul>\n<li>  Abarcando un rango desde gran angular hasta teleobjetivo, este zoom de 12-100 mm est\u00e1 dise\u00f1ado para c\u00e1maras sin espejo Micro Four Thirds y proporciona un rango de distancia focal equivalente a 24-200 mm.<\/li>\n<li>  La apertura m\u00e1xima constante de f\/4 proporciona una iluminaci\u00f3n constante en todo el rango del zoom para beneficiar tanto a las aplicaciones fijas como a las de video.<\/li>\n<li>  Un elemento asf\u00e9rico de doble cara y tres elementos asf\u00e9ricos se presentan en el dise\u00f1o \u00f3ptico para limitar las aberraciones esf\u00e9ricas para una mayor claridad con una distorsi\u00f3n reducida. Adem\u00e1s, tambi\u00e9n se utilizan cinco elementos de dispersi\u00f3n extra baja, dos elementos Super HR (alto \u00edndice de refracci\u00f3n) y un elemento HR para controlar las aberraciones crom\u00e1ticas y las franjas de color para mejorar la claridad y la fidelidad del color. <\/li>\n<li>  Tanto el recubrimiento ZERO como el recubrimiento Z Nano se aplican a elementos de lentes individuales para reducir notablemente los reflejos de la superficie y evitar destellos y fantasmas de lentes para mejorar el contraste y la neutralidad del color en condiciones de iluminaci\u00f3n intensa.<\/li>\n<li>  La estabilizaci\u00f3n de imagen basada en lentes ayuda a minimizar la apariencia de movimiento de la c\u00e1mara para beneficiar el disparo manual con este lente en condiciones de iluminaci\u00f3n dif\u00edciles. Adem\u00e1s, este objetivo es compatible con el IS sincronizado, que combina el sistema de estabilizaci\u00f3n de imagen \u00f3ptico con la estabilizaci\u00f3n de imagen por desplazamiento de sensor de 5 ejes de determinadas c\u00e1maras Olympus para controlar hasta 6,5 puntos de movimiento de la c\u00e1mara. <\/li>\n<li>  Un sistema de enfoque autom\u00e1tico MSC ofrece un rendimiento de enfoque r\u00e1pido, silencioso y preciso para beneficiar tanto la captura de fotograf\u00edas como la grabaci\u00f3n de videos. Adem\u00e1s, se utiliza un embrague MF para cambiar r\u00e1pidamente al enfoque manual para un control m\u00e1s preciso. <\/li>\n<li>  La construcci\u00f3n resistente a la intemperie protege la lente del polvo y la humedad para trabajar en entornos hostiles.<\/li>\n<li>  El diafragma circular de siete hojas contribuye a una agradable calidad de bokeh.<\/li>\n<\/ul>\n<p style=\"margin-bottom: 0cm;\"> <\/p>\n<table border=\"0\" width=\"571\" cellspacing=\"0\" cellpadding=\"2\">\n<colgroup>\n<col width=\"168\">\n<col width=\"395\"><\/colgroup>\n<tbody>\n<tr>\n<td width=\"168\">\n<p style=\"border: none; padding: 0cm;\" align=\"LEFT\"><span style=\"color: #666666;\">Distancia focal<\/span><\/p>\n<\/td>\n<td width=\"395\">\n<p style=\"border: none; padding: 0cm;\"><span style=\"color: #666666;\">De 12 a 100 mm (distancia focal equivalente a 35 mm: de 24 a 200 mm)<\/span><\/p>\n<\/td>\n<\/tr>\n<tr>\n<td width=\"168\">\n<p style=\"border: none; padding: 0cm;\" align=\"LEFT\"><span style=\"color: #666666;\">M\u00e1xima apertura<\/span><\/p>\n<\/td>\n<td width=\"395\">\n<p style=\"border: none; padding: 0cm;\"><span style=\"color: #666666;\">f\/4<\/span><\/p>\n<\/td>\n<\/tr>\n<tr>\n<td width=\"168\">\n<p style=\"border: none; padding: 0cm;\" align=\"LEFT\"><span style=\"color: #666666;\">Apertura m\u00ednima<\/span><\/p>\n<\/td>\n<td width=\"395\">\n<p style=\"border: none; padding: 0cm;\"><span style=\"color: #666666;\">f\/22<\/span><\/p>\n<\/td>\n<\/tr>\n<tr>\n<td width=\"168\">\n<p style=\"border: none; padding: 0cm;\" align=\"LEFT\"><span style=\"color: #666666;\">Montura de lente<\/span><\/p>\n<\/td>\n<td width=\"395\">\n<p style=\"border: none; padding: 0cm;\"><span style=\"color: #666666;\">Micro Cuatro Tercios<\/span><\/p>\n<\/td>\n<\/tr>\n<tr>\n<td width=\"168\">\n<p style=\"border: none; padding: 0cm;\" align=\"LEFT\"><span style=\"color: #666666;\">Compatibilidad de formatos<\/span><\/p>\n<\/td>\n<td width=\"395\">\n<p style=\"border: none; padding: 0cm;\"><span style=\"color: #666666;\">Micro Cuatro Tercios<\/span><\/p>\n<\/td>\n<\/tr>\n<tr>\n<td width=\"168\">\n<p style=\"border: none; padding: 0cm;\" align=\"LEFT\"><span style=\"color: #666666;\">\u00c1ngulo<\/span><\/p>\n<\/td>\n<td width=\"395\">\n<p style=\"border: none; padding: 0cm;\"><span style=\"color: #666666;\">De 84\u00b0 a 12\u00b0<\/span><\/p>\n<\/td>\n<\/tr>\n<tr>\n<td width=\"168\">\n<p style=\"border: none; padding: 0cm;\" align=\"LEFT\"><span style=\"color: #666666;\">Distancia m\u00ednima de enfoque<\/span><\/p>\n<\/td>\n<td width=\"395\">\n<p style=\"border: none; padding: 0cm;\"><span style=\"color: #666666;\">5,91&#8243; \/ 15 cm<\/span><\/p>\n<\/td>\n<\/tr>\n<tr>\n<td width=\"168\">\n<p style=\"border: none; padding: 0cm;\" align=\"LEFT\"><span style=\"color: #666666;\">Aumento m\u00e1ximo<\/span><\/p>\n<\/td>\n<td width=\"395\">\n<p style=\"border: none; padding: 0cm;\"><span style=\"color: #666666;\">De 0,3 a 0,21x<\/span><\/p>\n<\/td>\n<\/tr>\n<tr>\n<td width=\"168\">\n<p style=\"border: none; padding: 0cm;\" align=\"LEFT\"><span style=\"color: #666666;\">Dise\u00f1o \u00f3ptico<\/span><\/p>\n<\/td>\n<td width=\"395\">\n<p style=\"border: none; padding: 0cm;\"><span style=\"color: #666666;\">17 elementos en 11 grupos<\/span><\/p>\n<\/td>\n<\/tr>\n<tr>\n<td width=\"168\">\n<p style=\"border: none; padding: 0cm;\" align=\"LEFT\"><span style=\"color: #666666;\">Hojas de diafragma<\/span><\/p>\n<\/td>\n<td width=\"395\">\n<p style=\"border: none; padding: 0cm;\"><span style=\"color: #666666;\">7, redondeado<\/span><\/p>\n<\/td>\n<\/tr>\n<tr>\n<td width=\"168\">\n<p style=\"border: none; padding: 0cm;\" align=\"LEFT\"><span style=\"color: #666666;\">Tipo de enfoque<\/span><\/p>\n<\/td>\n<td width=\"395\">\n<p style=\"border: none; padding: 0cm;\"><span style=\"color: #666666;\">Autom\u00e1tico<\/span><\/p>\n<\/td>\n<\/tr>\n<tr>\n<td width=\"168\">\n<p style=\"border: none; padding: 0cm;\" align=\"LEFT\"><span style=\"color: #666666;\">Estabilizaci\u00f3n de imagen<\/span><\/p>\n<\/td>\n<td width=\"395\">\n<p style=\"border: none; padding: 0cm;\"><span style=\"color: #666666;\">S\u00ed<\/span><\/p>\n<\/td>\n<\/tr>\n<tr>\n<td width=\"168\">\n<p style=\"border: none; padding: 0cm;\" align=\"LEFT\"><span style=\"color: #666666;\">Tama\u00f1o del filtro<\/span><\/p>\n<\/td>\n<td width=\"395\">\n<p style=\"border: none; padding: 0cm;\"><span style=\"color: #666666;\">72 mm (Frontal)<\/span><\/p>\n<\/td>\n<\/tr>\n<tr>\n<td width=\"168\">\n<p style=\"border: none; padding: 0cm;\" align=\"LEFT\"><span style=\"color: #666666;\">Dimensiones (\u00f8 x L)<\/span><\/p>\n<\/td>\n<td width=\"395\">\n<p style=\"border: none; padding: 0cm;\"><span style=\"color: #666666;\">3,05 x 4,59&#8243; \/ 77,5 x 116,5 mm<\/span><\/p>\n<\/td>\n<\/tr>\n<tr>\n<td width=\"168\">\n<p style=\"border: none; padding: 0cm;\" align=\"LEFT\"><span style=\"color: #666666;\">Peso<\/span><\/p>\n<\/td>\n<td width=\"395\">\n<p style=\"border: none; padding: 0cm;\"><span style=\"color: #666666;\">1,23 libras \/ 561 g<\/span><\/p>\n<\/td>\n<\/tr>\n<\/tbody>\n<\/table>\n<p style=\"margin-bottom: 0cm;\"> <\/p>\n","protected":false},"excerpt":{"rendered":"<p>LUCES Sistema Micro Cuatro Tercios 24-200 mm (equivalente a 35 mm) Rango de apertura: f\/4 a f\/22 Elementos asf\u00e9ricos y<\/p>\n","protected":false},"featured_media":51147,"comment_status":"closed","ping_status":"open","template":"","meta":{"_acf_changed":false},"product_brand":[2540],"product_cat":[1062],"product_tag":[],"class_list":{"0":"post-73410","1":"product","2":"type-product","3":"status-publish","4":"has-post-thumbnail","6":"product_brand-om-system-es","7":"product_cat-mirrorless-objectivos","8":"pa_abertura-maxima-f-4-es","10":"first","11":"instock","12":"taxable","13":"shipping-taxable","14":"purchasable","15":"product-type-simple"},"bundled_by":[],"bundle_stock_status":"instock","bundle_stock_quantity":1,"bundle_virtual":false,"bundle_layout":"","bundle_add_to_cart_form_location":"","bundle_editable_in_cart":false,"bundle_sold_individually_context":"","bundle_item_grouping":"","bundle_min_size":"","bundle_max_size":"","bundle_price":[],"bundled_items":[],"bundle_sell_ids":[],"acf":[],"_links":{"self":[{"href":"https:\/\/hi-techwonder.com\/es\/wp-json\/wp\/v2\/product\/73410","targetHints":{"allow":["GET"]}}],"collection":[{"href":"https:\/\/hi-techwonder.com\/es\/wp-json\/wp\/v2\/product"}],"about":[{"href":"https:\/\/hi-techwonder.com\/es\/wp-json\/wp\/v2\/types\/product"}],"replies":[{"embeddable":true,"href":"https:\/\/hi-techwonder.com\/es\/wp-json\/wp\/v2\/comments?post=73410"}],"wp:featuredmedia":[{"embeddable":true,"href":"https:\/\/hi-techwonder.com\/es\/wp-json\/wp\/v2\/media\/51147"}],"wp:attachment":[{"href":"https:\/\/hi-techwonder.com\/es\/wp-json\/wp\/v2\/media?parent=73410"}],"wp:term":[{"taxonomy":"product_brand","embeddable":true,"href":"https:\/\/hi-techwonder.com\/es\/wp-json\/wp\/v2\/product_brand?post=73410"},{"taxonomy":"product_cat","embeddable":true,"href":"https:\/\/hi-techwonder.com\/es\/wp-json\/wp\/v2\/product_cat?post=73410"},{"taxonomy":"product_tag","embeddable":true,"href":"https:\/\/hi-techwonder.com\/es\/wp-json\/wp\/v2\/product_tag?post=73410"}],"curies":[{"name":"wp","href":"https:\/\/api.w.org\/{rel}","templated":true}]}}