{"id":73415,"date":"2025-07-29T09:36:06","date_gmt":"2025-07-29T09:36:06","guid":{"rendered":"https:\/\/fv6qoy3ls0.wpdns.site\/produto\/om-system-m-zuiko-digital-25mm-f-1-8-ii\/"},"modified":"2026-04-06T17:56:50","modified_gmt":"2026-04-06T16:56:50","slug":"om-system-m-zuiko-digital-25mm-f-1-8-ii","status":"publish","type":"product","link":"https:\/\/hi-techwonder.com\/es\/producto\/om-system-m-zuiko-digital-25mm-f-1-8-ii\/","title":{"rendered":"OM SYSTEM M.Zuiko Digital 25mm f\/1.8 II"},"content":{"rendered":"<h3>Sistema OM M.Zuiko Digital 25mm f\/1.8 II<\/h3>\n<p><strong>Un objetivo fijo vers\u00e1til para la aventura y la creatividad<\/strong><\/p>\n<p><img decoding=\"async\" src=\"https:\/\/emea.explore.omsystem.com\/media\/catalog\/product\/2\/5\/25mm-ii-keypanel-01.webp?optimize=medium&amp;fit=bounds&amp;height=1080&amp;width=1920&amp;canvas=1920:1080\" style=\"width: 50%;\" alt=\"\"><strong><br \/><\/strong><\/p>\n<hr>\n<h4>Descripci\u00f3n detallada<\/h4>\n<p>El <strong>M.Zuiko Digital 25mm f\/1.8 II<\/strong> combina el car\u00e1cter de un objetivo fijo con una construcci\u00f3n moderna y resistente a la intemperie que es perfecta para el formato Micro Cuatro Tercios. Equivalente a 50 mm en fotograma completo, ofrece un campo de visi\u00f3n natural, ideal tanto para retratos como para una amplia gama de escenarios cotidianos. La generosa apertura m\u00e1xima de f\/1.8 le permite capturar im\u00e1genes con un hermoso desenfoque de fondo y un s\u00f3lido rendimiento con poca luz, mientras mantiene el dise\u00f1o compacto y liviano.  <\/p>\n<p>Dise\u00f1ado con 2 elementos asf\u00e9ricos en su conjunto de 9 elementos en 7 grupos, este objetivo minimiza las aberraciones y distorsiones, asegurando im\u00e1genes n\u00edtidas y consistentes. Su clasificaci\u00f3n IPX1 atestigua su resistencia a las salpicaduras y al polvo, lo que le brinda la confianza para disparar en una variedad de entornos. La tecnolog\u00eda MSC (Movie &amp; Still Compatible) permite un enfoque silencioso, r\u00e1pido y preciso, ideal para usuarios que cambian entre im\u00e1genes fijas y videos.  <\/p>\n<p><img decoding=\"async\" src=\"https:\/\/emea.explore.omsystem.com\/media\/catalog\/product\/2\/5\/25mm-ii-keypanel-03.webp?optimize=medium&amp;fit=bounds&amp;height=1080&amp;width=1920&amp;canvas=1920:1080\" style=\"width: 50%;\" alt=\"\"><\/p>\n<hr>\n<h4>Caracter\u00edsticas principales<\/h4>\n<ul>\n<li>\n<p><strong>Apertura m\u00e1xima f\/1.8<\/strong><br \/>Permite un excelente rendimiento con poca luz y produce un bokeh suave y atractivo.<\/p>\n<\/li>\n<li>\n<p><strong>Equivalente a fotograma completo de 50 mm<\/strong><br \/>\u00c1ngulo de visi\u00f3n vers\u00e1til, adecuado para retratos, fotograf\u00eda callejera y aplicaciones cotidianas.<\/p>\n<\/li>\n<li>\n<p><strong>Dise\u00f1o resistente a la intemperie (IPX1)<\/strong><br \/>Sellado que protege contra salpicaduras y polvo, para disparar sin preocupaciones en entornos hostiles.<\/p>\n<\/li>\n<li>\n<p><strong>\u00d3ptica avanzada<\/strong><br \/>9 elementos en 7 grupos, incluidos 2 elementos asf\u00e9ricos y recubrimiento ZERO, lo que reduce la distorsi\u00f3n y los reflejos para garantizar im\u00e1genes limpias y n\u00edtidas.<\/p>\n<\/li>\n<li>\n<p><strong>Enfoque r\u00e1pido y silencioso (MSC)<\/strong><br \/>Ideal para tomas espont\u00e1neas y grabaci\u00f3n de video, con transiciones de enfoque suaves y silenciosas.<\/p>\n<\/li>\n<li>\n<p><strong>Construcci\u00f3n compacta y ligera<\/strong><br \/>Con solo 42 mm de largo y un peso de 156 g, es port\u00e1til y f\u00e1cil de transportar.<\/p>\n<\/li>\n<\/ul>\n<hr>\n<h4>Contenido<\/h4>\n<ul>\n<li>1 Un. Lente M.Zuiko Digital 25mm f\/1.8 II <\/li>\n<li>1 Un. Cubierta frontal (46 mm) <\/li>\n<li>1 Un. Contraportada (Micro Cuatro Tercios) <\/li>\n<li>Manual de usuario<\/li>\n<\/ul>\n<p><em>(Nota: el cuerpo de la c\u00e1mara se vende por separado).<\/em><\/p>\n<p><img decoding=\"async\" src=\"https:\/\/emea.explore.omsystem.com\/media\/catalog\/product\/2\/5\/25mm-ii-keypanel-10.webp?optimize=medium&amp;fit=bounds&amp;height=1080&amp;width=1920&amp;canvas=1920:1080\" style=\"width: 50%;\" alt=\"\"><em><br \/><\/em><\/p>\n<hr>\n<h4>Especificaciones t\u00e9cnicas<\/h4>\n<ul>\n<li><strong>Montaje<\/strong>: Micro Cuatro Tercios<\/li>\n<li><strong>Distancia focal equivalente<\/strong>: 50 mm (fotograma completo)<\/li>\n<li><strong>Apertura m\u00e1x.\/m\u00ednima<\/strong>: f\/1.8 \u2013 f\/22<\/li>\n<li><strong>\u00c1ngulo de visi\u00f3n<\/strong>: 47\u00b0<\/li>\n<li><strong>\u00d3ptica<\/strong>: 9 elementos en 7 grupos (2 elementos asf\u00e9ricos)<\/li>\n<li><strong>Recubrimiento<\/strong>: ZERO (Zuiko Extra-low Reflection Optical)<\/li>\n<li><strong>Enfoque:<\/strong> MSC (Compatible con pel\u00edculas y fotograf\u00edas) Enfoque autom\u00e1tico<\/li>\n<li><strong>Estabilizaci\u00f3n de imagen<\/strong>: No<\/li>\n<li><strong>Distancia m\u00ednima de enfoque<\/strong>: 0,25 m<\/li>\n<li><strong>Aumento m\u00e1ximo<\/strong>: 0.12x<\/li>\n<li><strong>Diafragma<\/strong>: 7 hojas redondeadas<\/li>\n<li><strong>Filtro frontal<\/strong>: 46 mm<\/li>\n<li><strong>Dimensiones (Di\u00e1metro x L)<\/strong><\/li>\n<li><strong>Peso<\/strong>: 156 g<\/li>\n<li><strong>Sellado<\/strong>: IPX1 (resistente a salpicaduras y polvo)<\/li>\n<\/ul>\n","protected":false},"excerpt":{"rendered":"<p>Sistema OM M.Zuiko Digital 25mm f\/1.8 II Un objetivo fijo vers\u00e1til para la aventura y la creatividad Descripci\u00f3n detallada El<\/p>\n","protected":false},"featured_media":51275,"comment_status":"closed","ping_status":"open","template":"","meta":{"_acf_changed":false},"product_brand":[2540],"product_cat":[1062],"product_tag":[],"class_list":{"0":"post-73415","1":"product","2":"type-product","3":"status-publish","4":"has-post-thumbnail","6":"product_brand-om-system-es","7":"product_cat-mirrorless-objectivos","8":"pa_abertura-maxima-f-1-8-es","10":"first","11":"onbackorder","12":"taxable","13":"shipping-taxable","14":"purchasable","15":"product-type-simple"},"bundled_by":[],"bundle_stock_status":"onbackorder","bundle_stock_quantity":null,"bundle_virtual":false,"bundle_layout":"","bundle_add_to_cart_form_location":"","bundle_editable_in_cart":false,"bundle_sold_individually_context":"","bundle_item_grouping":"","bundle_min_size":"","bundle_max_size":"","bundle_price":[],"bundled_items":[],"bundle_sell_ids":[],"acf":[],"_links":{"self":[{"href":"https:\/\/hi-techwonder.com\/es\/wp-json\/wp\/v2\/product\/73415","targetHints":{"allow":["GET"]}}],"collection":[{"href":"https:\/\/hi-techwonder.com\/es\/wp-json\/wp\/v2\/product"}],"about":[{"href":"https:\/\/hi-techwonder.com\/es\/wp-json\/wp\/v2\/types\/product"}],"replies":[{"embeddable":true,"href":"https:\/\/hi-techwonder.com\/es\/wp-json\/wp\/v2\/comments?post=73415"}],"wp:featuredmedia":[{"embeddable":true,"href":"https:\/\/hi-techwonder.com\/es\/wp-json\/wp\/v2\/media\/51275"}],"wp:attachment":[{"href":"https:\/\/hi-techwonder.com\/es\/wp-json\/wp\/v2\/media?parent=73415"}],"wp:term":[{"taxonomy":"product_brand","embeddable":true,"href":"https:\/\/hi-techwonder.com\/es\/wp-json\/wp\/v2\/product_brand?post=73415"},{"taxonomy":"product_cat","embeddable":true,"href":"https:\/\/hi-techwonder.com\/es\/wp-json\/wp\/v2\/product_cat?post=73415"},{"taxonomy":"product_tag","embeddable":true,"href":"https:\/\/hi-techwonder.com\/es\/wp-json\/wp\/v2\/product_tag?post=73415"}],"curies":[{"name":"wp","href":"https:\/\/api.w.org\/{rel}","templated":true}]}}