{"id":73416,"date":"2025-07-29T09:35:37","date_gmt":"2025-07-29T09:35:37","guid":{"rendered":"https:\/\/fv6qoy3ls0.wpdns.site\/produto\/om-system-m-zuiko-digital-ed-8-25mm-f-4-pro\/"},"modified":"2026-04-15T17:27:32","modified_gmt":"2026-04-15T16:27:32","slug":"om-system-m-zuiko-digital-ed-8-25mm-f-4-pro","status":"publish","type":"product","link":"https:\/\/hi-techwonder.com\/es\/producto\/om-system-m-zuiko-digital-ed-8-25mm-f-4-pro\/","title":{"rendered":"OM SYSTEM M.Zuiko Digital ED 8-25mm f\/4 PRO"},"content":{"rendered":"<p><strong>M.ZUIKO DIGITAL ED 8-25mm F4.0 PRO<\/strong><\/p>\n<p>Ultra gran angular, redefinido<\/p>\n<p>Es un mundo ultra gran angular. El M.Zuiko 8-25mm F4.0 PRO (16-50mm*) es perfecto para capturar escenas al aire libre y paisajes espectaculares. Cabe f\u00e1cilmente en la mano, pesa solo 411 g y cuenta con un potente aumento. La construcci\u00f3n sin preocupaciones y el sellado resistente a la intemperie le permiten capturar im\u00e1genes espectaculares en todas las condiciones. Ultra ancho. Port\u00e1til. Perfecto.      <\/p>\n<p>Todos los objetivos M.Zuiko son compatibles con toda la gama de c\u00e1maras Olympus PEN y OM-D, as\u00ed como con otras c\u00e1maras MFT.<br \/>*Equivalente a 35 mm entre par\u00e9ntesis<\/p>\n<p><strong>Caracter\u00edsticas principales<\/strong><\/p>\n<p><strong>Zoom gran angular compacto<\/strong><\/p>\n<p>Con solo 411 g y 8,85 cm de altura, este objetivo ultra gran angular profesional con aumento de zoom de 3,1x te acompa\u00f1a f\u00e1cilmente a cualquier parte. Disfruta de una mayor versatilidad de disparo con una apertura fija F4.0 que cubre todo el rango focal de 16-50 mm (equivalente a 35 mm). Con el conveniente mecanismo de retracci\u00f3n, simplemente gire el anillo del zoom para extender la lente para un disparo suave y f\u00e1cil.  <\/p>\n<p><strong>Rendimiento profesional<\/strong><\/p>\n<p>Hecho de algunos de los mejores vidrios del mundo, un conjunto de elementos cortados con precisi\u00f3n que trabajan juntos para eliminar las aberraciones crom\u00e1ticas y minimizar las im\u00e1genes fantasma y los destellos. Captura im\u00e1genes de alta resoluci\u00f3n con una claridad espectacular de borde a borde en cada punto focal, incluso cuando el objetivo est\u00e1 ajustado en la apertura m\u00e1s amplia. <\/p>\n<p><strong>Construcci\u00f3n met\u00e1lica resistente a la intemperie<\/strong><\/p>\n<p>Este objetivo con clasificaci\u00f3n IPX1 es resistente a las salpicaduras, el polvo y la congelaci\u00f3n hasta -10 \u00b0C para disparar sin preocupaciones en todo tipo de clima. Dispara en condiciones dif\u00edciles con confianza. Hecho de metal duradero y duradero, este lente resiste cualquier contratiempo que le depare el aire libre. Limpie el vidrio f\u00e1cilmente y sin ensuciar gracias a un avanzado revestimiento de fl\u00faor de lente frontal de alto rendimiento que repele eficazmente el polvo, la suciedad, la lluvia y la nieve.   <\/p>\n<p><strong>Desde retratos ultra gran angular hasta retratos al aire libre<\/strong><\/p>\n<p>Disfruta de una mayor versatilidad de disparo con una apertura fija F4.0 que cubre todo el rango focal de 16-50 mm (equivalente a 35 mm). Ac\u00e9rcate. El M.Zuiko Digital ED 8-25mm F4.0 PRO tiene una distancia m\u00ednima de enfoque de 23 cm en todos los puntos de enfoque y un aumento de hasta 0,42x (equivalente a 35 mm) para capturar im\u00e1genes m\u00e1s creativas.  <\/p>\n<p><strong>Compatible con filtro de \u00d872<\/strong><\/p>\n<p>Agregar un filtro polarizador o de densidad neutra lleva sus im\u00e1genes a lugares nuevos y creativos. Como objetivo ideal para la fotograf\u00eda de paisajes, apreciar\u00e1 el hecho de que puede agregar un filtro polarizador de \u00d872 o un filtro de densidad neutra para suavizar las luces brillantes y capturar hermosas im\u00e1genes borrosas. <\/p>\n<p><strong>Bot\u00f3n de funci\u00f3n dedicado<\/strong><\/p>\n<p>Cuando necesite reaccionar r\u00e1pidamente mientras dispara, apreciar\u00e1 lo f\u00e1cil que es controlar esta lente. Simplemente presione el bot\u00f3n L-Fn con el pulgar y tendr\u00e1 acceso instant\u00e1neo a sus funciones preestablecidas que hacen que disparar sea m\u00e1s f\u00e1cil y agradable. <\/p>\n<p><strong>Vaso M.Zuiko<\/strong><\/p>\n<p>Se necesitan muchos elementos de lente para capturar im\u00e1genes inmaculadas. Encontrar\u00e1 siete tipos de vidrio dentro del tambor, incluidos los elementos Super ED y EDA. Estos est\u00e1n organizados en 10 grupos y configurados para eliminar aberraciones crom\u00e1ticas, im\u00e1genes fantasma y destellos. Eso es lo que sucede cuando haces algunos de los mejores vidrios del mundo.   <\/p>\n<h2 class=\"western\" style=\"font-style: normal; font-weight: normal;\"><strong><span style=\"font-family: OpenSans, Segoe UI, Helvetica, Roboto, Arial, sans-serif;\"><span style=\"font-size: medium;\">Olympus M.Zuiko Digital ED 8-25mm F\/4 PRO Ficha Tecnica<\/span><\/span><\/strong><\/h2>\n<table border=\"0\" width=\"579\" cellspacing=\"0\" cellpadding=\"2\">\n<colgroup>\n<col width=\"200\">\n<col width=\"371\"> <\/colgroup>\n<tbody>\n<tr>\n<td width=\"200\">\n<p style=\"border: none; padding: 0cm; font-weight: normal;\" align=\"LEFT\">Distancia focal<\/p>\n<\/td>\n<td width=\"371\">\n<p style=\"border: none; padding: 0cm; font-weight: normal;\">De 8 a 25 mm (distancia focal equivalente a 35 mm: de 16 a 50 mm)<\/p>\n<\/td>\n<\/tr>\n<tr>\n<td width=\"200\">\n<p style=\"border: none; padding: 0cm; font-weight: normal;\" align=\"LEFT\">Apertura m\u00e1xima<\/p>\n<\/td>\n<td width=\"371\">\n<p style=\"border: none; padding: 0cm; font-weight: normal;\">f\/4<\/p>\n<\/td>\n<\/tr>\n<tr>\n<td width=\"200\">\n<p style=\"border: none; padding: 0cm; font-weight: normal;\" align=\"LEFT\">Apertura m\u00ednima<\/p>\n<\/td>\n<td width=\"371\">\n<p style=\"border: none; padding: 0cm; font-weight: normal;\">f\/22<\/p>\n<\/td>\n<\/tr>\n<tr>\n<td width=\"200\">\n<p style=\"border: none; padding: 0cm; font-weight: normal;\" align=\"LEFT\">Montura de lente<\/p>\n<\/td>\n<td width=\"371\">\n<p style=\"border: none; padding: 0cm; font-weight: normal;\">Micro Cuatro Tercios<\/p>\n<\/td>\n<\/tr>\n<tr>\n<td width=\"200\">\n<p style=\"border: none; padding: 0cm; font-weight: normal;\" align=\"LEFT\">Compatibilidad de formatos<\/p>\n<\/td>\n<td width=\"371\">\n<p style=\"border: none; padding: 0cm; font-weight: normal;\">Micro Cuatro Tercios<\/p>\n<\/td>\n<\/tr>\n<tr>\n<td width=\"200\">\n<p style=\"border: none; padding: 0cm; font-weight: normal;\" align=\"LEFT\">\u00c1ngulo de visi\u00f3n<\/p>\n<\/td>\n<td width=\"371\">\n<p style=\"border: none; padding: 0cm; font-weight: normal;\">De 107\u00b0 a 47\u00b0<\/p>\n<\/td>\n<\/tr>\n<tr>\n<td width=\"200\">\n<p style=\"border: none; padding: 0cm; font-weight: normal;\" align=\"LEFT\">Distancia m\u00ednima de enfoque<\/p>\n<\/td>\n<td width=\"371\">\n<p style=\"border: none; padding: 0cm; font-weight: normal;\">9,1&#8243; \/ 23 cm<\/p>\n<\/td>\n<\/tr>\n<tr>\n<td width=\"200\">\n<p style=\"border: none; padding: 0cm; font-weight: normal;\" align=\"LEFT\">Aumento de primer plano<\/p>\n<\/td>\n<td width=\"371\">\n<p style=\"border: none; padding: 0cm; font-weight: normal;\">De 0,07 a 0,21x<\/p>\n<\/td>\n<\/tr>\n<tr>\n<td width=\"200\">\n<p style=\"border: none; padding: 0cm; font-weight: normal;\" align=\"LEFT\">Dise\u00f1o \u00f3ptico<\/p>\n<\/td>\n<td width=\"371\">\n<p style=\"border: none; padding: 0cm; font-weight: normal;\">16 elementos en 10 grupos<\/p>\n<\/td>\n<\/tr>\n<tr>\n<td width=\"200\">\n<p style=\"border: none; padding: 0cm; font-weight: normal;\" align=\"LEFT\">Hojas de diafragma<\/p>\n<\/td>\n<td width=\"371\">\n<p style=\"border: none; padding: 0cm; font-weight: normal;\">7, redondeado<\/p>\n<\/td>\n<\/tr>\n<tr>\n<td width=\"200\">\n<p style=\"border: none; padding: 0cm; font-weight: normal;\" align=\"LEFT\">Tipo de enfoque<\/p>\n<\/td>\n<td width=\"371\">\n<p style=\"border: none; padding: 0cm; font-weight: normal;\">Enfoque autom\u00e1tico<\/p>\n<\/td>\n<\/tr>\n<tr>\n<td width=\"200\">\n<p style=\"border: none; padding: 0cm; font-weight: normal;\" align=\"LEFT\">Estabilizaci\u00f3n de imagen<\/p>\n<\/td>\n<td width=\"371\">\n<p style=\"border: none; padding: 0cm; font-weight: normal;\">S\u00ed<\/p>\n<\/td>\n<\/tr>\n<tr>\n<td width=\"200\">\n<p style=\"border: none; padding: 0cm; font-weight: normal;\" align=\"LEFT\">Tama\u00f1o del filtro<\/p>\n<\/td>\n<td width=\"371\">\n<p style=\"border: none; padding: 0cm; font-weight: normal;\">72 mm (Frontal)<\/p>\n<\/td>\n<\/tr>\n<tr>\n<td width=\"200\">\n<p style=\"border: none; padding: 0cm; font-weight: normal;\" align=\"LEFT\">Dimensiones (\u00f8 x L)<\/p>\n<\/td>\n<td width=\"371\">\n<p style=\"border: none; padding: 0cm; font-weight: normal;\">3 x 3,5&#8243; \/ 77 x 88,5 mm<\/p>\n<\/td>\n<\/tr>\n<tr>\n<td width=\"200\">\n<p style=\"border: none; padding: 0cm; font-weight: normal;\" align=\"LEFT\">Longitud en extensi\u00f3n m\u00e1xima<\/p>\n<\/td>\n<td width=\"371\">\n<p style=\"border: none; padding: 0cm; font-weight: normal;\">4,5&#8243; \/ 114,4 mm<\/p>\n<\/td>\n<\/tr>\n<tr>\n<td width=\"200\">\n<p style=\"border: none; padding: 0cm; font-weight: normal;\" align=\"LEFT\">Peso<\/p>\n<\/td>\n<td width=\"371\">\n<p style=\"border: none; padding: 0cm; font-weight: normal;\">14.5 onzas \/ 411 g<\/p>\n<\/td>\n<\/tr>\n<\/tbody>\n<\/table>\n<p>EAN: 4545350054212<\/p>\n","protected":false},"excerpt":{"rendered":"<p>M.ZUIKO DIGITAL ED 8-25mm F4.0 PRO Ultra gran angular, redefinido Es un mundo ultra gran angular. El M.Zuiko 8-25mm F4.0<\/p>\n","protected":false},"featured_media":51153,"comment_status":"closed","ping_status":"closed","template":"","meta":{"_acf_changed":false},"product_brand":[2540],"product_cat":[1062],"product_tag":[],"class_list":{"0":"post-73416","1":"product","2":"type-product","3":"status-publish","4":"has-post-thumbnail","6":"product_brand-om-system-es","7":"product_cat-mirrorless-objectivos","8":"pa_abertura-maxima-f-4-es","10":"first","11":"instock","12":"taxable","13":"shipping-taxable","14":"purchasable","15":"product-type-simple"},"bundled_by":[],"bundle_stock_status":"instock","bundle_stock_quantity":1,"bundle_virtual":false,"bundle_layout":"","bundle_add_to_cart_form_location":"","bundle_editable_in_cart":false,"bundle_sold_individually_context":"","bundle_item_grouping":"","bundle_min_size":"","bundle_max_size":"","bundle_price":[],"bundled_items":[],"bundle_sell_ids":[],"acf":[],"_links":{"self":[{"href":"https:\/\/hi-techwonder.com\/es\/wp-json\/wp\/v2\/product\/73416","targetHints":{"allow":["GET"]}}],"collection":[{"href":"https:\/\/hi-techwonder.com\/es\/wp-json\/wp\/v2\/product"}],"about":[{"href":"https:\/\/hi-techwonder.com\/es\/wp-json\/wp\/v2\/types\/product"}],"replies":[{"embeddable":true,"href":"https:\/\/hi-techwonder.com\/es\/wp-json\/wp\/v2\/comments?post=73416"}],"wp:featuredmedia":[{"embeddable":true,"href":"https:\/\/hi-techwonder.com\/es\/wp-json\/wp\/v2\/media\/51153"}],"wp:attachment":[{"href":"https:\/\/hi-techwonder.com\/es\/wp-json\/wp\/v2\/media?parent=73416"}],"wp:term":[{"taxonomy":"product_brand","embeddable":true,"href":"https:\/\/hi-techwonder.com\/es\/wp-json\/wp\/v2\/product_brand?post=73416"},{"taxonomy":"product_cat","embeddable":true,"href":"https:\/\/hi-techwonder.com\/es\/wp-json\/wp\/v2\/product_cat?post=73416"},{"taxonomy":"product_tag","embeddable":true,"href":"https:\/\/hi-techwonder.com\/es\/wp-json\/wp\/v2\/product_tag?post=73416"}],"curies":[{"name":"wp","href":"https:\/\/api.w.org\/{rel}","templated":true}]}}