{"id":73418,"date":"2025-07-29T09:35:11","date_gmt":"2025-07-29T09:35:11","guid":{"rendered":"https:\/\/fv6qoy3ls0.wpdns.site\/produto\/om-system-m-zuiko-ed-7-14mm-f-2-8-pro\/"},"modified":"2026-04-20T14:51:12","modified_gmt":"2026-04-20T13:51:12","slug":"om-system-m-zuiko-ed-7-14mm-f-2-8-pro","status":"publish","type":"product","link":"https:\/\/hi-techwonder.com\/es\/producto\/om-system-m-zuiko-ed-7-14mm-f-2-8-pro\/","title":{"rendered":"OM SYSTEM M.Zuiko ED 7-14mm f\/2.8 PRO"},"content":{"rendered":"<p style=\"text-align: justify;\"><span style=\"font-size: small;\"><span style=\"text-decoration: underline;\"><strong>Recursos:<\/strong><\/span><\/span><\/p>\n<div id=\"Overview\" style=\"text-align: justify;\">\n<div>\n<p style=\"text-align: justify;\"> <span style=\"font-size: small;\">Un zoom gran angular vers\u00e1til para c\u00e1maras sin espejo Micro Cuatro Tercios, el objetivo Olympus M.ZUIKO Digital ED 7-14mm f\/2.8 PRO es un objetivo equivalente a 14-28 mm con una apertura m\u00e1xima constante de f\/2.8 para un rendimiento constante en todo el rango de zoom. Varios elementos asf\u00e9ricos, de dispersi\u00f3n extra baja y de alto \u00edndice de refracci\u00f3n se incorporan en el dise\u00f1o y ayudan a minimizar las aberraciones crom\u00e1ticas y las distorsiones para una mayor claridad y nitidez. Adem\u00e1s, se ha aplicado un recubrimiento ZERO a los elementos para controlar los destellos y las im\u00e1genes fantasma para mejorar el contraste y la fidelidad del color. Un dise\u00f1o resistente a la intemperie beneficia el manejo en condiciones dif\u00edciles, mientras que un bot\u00f3n L-Fn ofrece control basado en lentes sobre varias configuraciones. Como zoom gran angular r\u00e1pido y de alto rendimiento, este objetivo Micro Cuatro Tercios combina un dise\u00f1o \u00f3ptico optimizado con detalles f\u00edsicos refinados para sobresalir en una variedad de condiciones de trabajo.    <\/p>\n<p>  Complementando las caracter\u00edsticas de imagen hay un sistema AF de imagen de alta velocidad que proporciona un enfoque r\u00e1pido, suave y silencioso, y la designaci\u00f3n de Compatible con Pel\u00edcula e Imagen Fija (MSC) tambi\u00e9n indica la idoneidad de este objetivo para su uso con sujetos y aplicaciones de v\u00eddeo que se mueven r\u00e1pidamente. Tambi\u00e9n se puede utilizar un mecanismo de enfoque manual para el control selectivo del enfoque, que se acent\u00faa con un diafragma redondeado de siete hojas para regiones desenfocadas m\u00e1s est\u00e9ticas. <\/span><\/p>\n<ul>\n<li> <span style=\"font-size: small;\">Este objetivo zoom gran angular de 7-14 mm ofrece un rango de distancia focal equivalente a 14-28 mm para c\u00e1maras digitales Micro Cuatro Tercios.<\/span><\/li>\n<li> <span style=\"font-size: small;\">La apertura m\u00e1xima constante de f\/2.8 mantiene un rendimiento constante en todo el rango del zoom y beneficia el trabajo en situaciones de iluminaci\u00f3n dif\u00edciles.<\/span><\/li>\n<li> <span style=\"font-size: small;\">La construcci\u00f3n de la lente integra dos elementos asf\u00e9ricos ED (dispersi\u00f3n ultrabaja), un elemento DSA (Dual Super Aspherical), un elemento asf\u00e9rico, tres elementos Super ED, un elemento ED y dos elementos HR (alto \u00edndice de refracci\u00f3n) en su dise\u00f1o para minimizar las aberraciones, distorsiones y franjas de color, al tiempo que contribuye a la nitidez general de la imagen.  claridad y fidelidad del color.<\/span><\/li>\n<li> <span style=\"font-size: small;\">El recubrimiento ZERO ayuda a suprimir los destellos de la lente y las im\u00e1genes fantasma para aumentar el contraste y una reproducci\u00f3n del color m\u00e1s precisa.<\/span><\/li>\n<li> <span style=\"font-size: small;\">La construcci\u00f3n a prueba de polvo, salpicaduras y congelaci\u00f3n garantiza que este objetivo funcione en condiciones y entornos hostiles.<\/span><\/li>\n<li> <span style=\"font-size: small;\">Se puede asignar un bot\u00f3n L-Fn personalizable para controlar una de las 27 configuraciones diferentes para un manejo intuitivo y una recuperaci\u00f3n r\u00e1pida de las funciones de asistencia.<\/span><\/li>\n<li> <span style=\"font-size: small;\">El sistema de accionamiento del motor lineal AF del generador de im\u00e1genes de alta velocidad, compatible con MSC (compatible con pel\u00edculas e im\u00e1genes fijas), ofrece un rendimiento de enfoque r\u00e1pido, suave y silencioso. Tambi\u00e9n se puede emplear un mecanismo de enfoque manual para un control de enfoque cr\u00edtico y refinado. <\/span><\/li>\n<li> <span style=\"font-size: small;\">El parasol integrado tipo p\u00e9talo ayuda a evitar que la luz par\u00e1sita cause reflejos y tambi\u00e9n agrega cierta protecci\u00f3n contra impactos accidentales en el elemento frontal.<\/span><\/li>\n<li> <span style=\"font-size: small;\">El diafragma redondeado de siete hojas ayuda a producir una calidad est\u00e9tica desenfocada cuando se trabaja con t\u00e9cnicas de enfoque selectivo.<\/span><\/li>\n<\/ul>\n<div style=\"text-align: justify;\"> <span style=\"font-size: small;\">&nbsp;<\/span><\/div>\n<div style=\"text-align: justify;\"> <span style=\"font-size: small;\">&nbsp;<\/span><\/div>\n<div style=\"text-align: justify;\"> <span style=\"font-size: small;\"><span style=\"text-decoration: underline;\"><strong>Caracter\u00edsticas t\u00e9cnicas:<\/strong><\/span><\/span><\/div>\n<div style=\"text-align: justify;\"> <span style=\"font-size: small;\"><span style=\"text-decoration: underline;\"><strong>&nbsp;<\/strong><\/span><\/span> <\/div>\n<div style=\"text-align: justify;\">\n<table style=\"width: 600px;\" border=\"1\">\n<tbody>\n<tr>\n<th colspan=\"2\"> <span style=\"font-size: small;\"><a id=\"11011\" name=\"11011\"><\/a>interino<\/span><\/th>\n<\/tr>\n<tr>\n<td> <span style=\"font-size: small;\">Distancia focal<\/span><\/td>\n<td> <span style=\"font-size: small;\">7 &#8211; 14 mm<br \/> Distancia focal comparable de 35 mm: 14 &#8211; 28 mm<\/span><\/td>\n<\/tr>\n<tr>\n<td> <span style=\"font-size: small;\">Abertura<\/span><\/td>\n<td> <span style=\"font-size: small;\">M\u00e1ximo: f\/2.8<br \/> M\u00ednimo: f\/22<\/span><\/td>\n<\/tr>\n<tr>\n<td> <span style=\"font-size: small;\">Tipo de montaje de<\/span><\/td>\n<p> la c\u00e1mara<\/p>\n<td><span style=\"font-size: small;\">: Micro Four Thirds<\/span><\/td>\n<\/tr>\n<tr>\n<td> <span style=\"font-size: small;\">Compatibilidad con el formato Micro Four Thirds<\/span><\/td>\n<td> <span style=\"font-size: small;\"><\/span><\/td>\n<\/tr>\n<tr>\n<td> <span style=\"font-size: small;\">\u00c1ngulo de visi\u00f3n<\/span><\/td>\n<td> <span style=\"font-size: small;\">114\u00b0 &#8211; 75\u00b0<\/span><\/td>\n<\/tr>\n<tr>\n<td> <span style=\"font-size: small;\">Distancia m\u00ednima de enfoque<\/span><\/td>\n<td> <span style=\"font-size: small;\">20 cm<\/span><\/td>\n<\/tr>\n<tr>\n<td> <span style=\"font-size: small;\">Aumento<\/span><\/td>\n<td> <span style=\"font-size: small;\">0.11x<\/span><\/td>\n<\/tr>\n<tr>\n<td> <span style=\"font-size: small;\">Elementos\/Grupos<\/span><\/td>\n<td> <span style=\"font-size: small;\">14\/11<\/span><\/td>\n<\/tr>\n<tr>\n<td> <span style=\"font-size: small;\">Hojas de diafragma<\/span><\/td>\n<td> <span style=\"font-size: small;\">7, redondeadas<\/span><\/td>\n<\/tr>\n<\/tbody>\n<\/table>\n<table style=\"width: 600px;\" border=\"1\">\n<tbody>\n<tr>\n<th colspan=\"2\"><span style=\"font-size: small;\"><a id=\"23001\" name=\"23001\"><\/a>Caracter\u00edsticas<\/span><\/th>\n<\/tr>\n<tr>\n<td> <span style=\"font-size: small;\">Enfoque autom\u00e1tico<\/span><\/td>\n<td> <span style=\"font-size: small;\">S\u00ed<\/span><\/td>\n<\/tr>\n<\/tbody>\n<\/table>\n<table style=\"width: 600px;\" border=\"1\">\n<tbody>\n<tr>\n<th colspan=\"2\"><span style=\"font-size: small;\"><a id=\"11501\" name=\"11501\"><\/a>F\u00edsico<\/span><\/th>\n<\/tr>\n<tr>\n<td> <span style=\"font-size: small;\">Filtrar tema<\/span><\/td>\n<td> <span style=\"font-size: small;\"><em>Ninguno<\/em><\/span><\/td>\n<\/tr>\n<tr>\n<td> <span style=\"font-size: small;\">Dimensiones (DxL)<\/span><\/td>\n<td> <span style=\"font-size: small;\">78,9 x 105,8 mm<\/span><\/td>\n<\/tr>\n<tr>\n<td> <span style=\"font-size: small;\">Peso<\/span><\/td>\n<td> <span style=\"font-size: small;\">534g<\/span><\/td>\n<\/tr>\n<\/tbody>\n<\/table>\n<\/div>\n<div style=\"text-align: justify;\"> <span style=\"font-size: small;\"><span style=\"text-decoration: underline;\"><strong>&nbsp;<\/strong><\/span><\/span><\/div>\n<div style=\"text-align: justify;\"> <span style=\"font-size: small;\">&nbsp;<\/span><\/div>\n<\/div>\n<\/div>\n<p style=\"text-align: justify;\"> <span style=\"font-size: small;\">&nbsp;<\/span><\/p>\n","protected":false},"excerpt":{"rendered":"<p>Recursos: Un zoom gran angular vers\u00e1til para c\u00e1maras sin espejo Micro Cuatro Tercios, el objetivo Olympus M.ZUIKO Digital ED 7-14mm<\/p>\n","protected":false},"featured_media":51122,"comment_status":"closed","ping_status":"open","template":"","meta":{"_acf_changed":false},"product_brand":[2540],"product_cat":[1062],"product_tag":[],"class_list":{"0":"post-73418","1":"product","2":"type-product","3":"status-publish","4":"has-post-thumbnail","6":"product_brand-om-system-es","7":"product_cat-mirrorless-objectivos","8":"pa_abertura-maxima-f-2-8-es","10":"first","11":"onbackorder","12":"taxable","13":"shipping-taxable","14":"purchasable","15":"product-type-simple"},"bundled_by":[],"bundle_stock_status":"onbackorder","bundle_stock_quantity":null,"bundle_virtual":false,"bundle_layout":"","bundle_add_to_cart_form_location":"","bundle_editable_in_cart":false,"bundle_sold_individually_context":"","bundle_item_grouping":"","bundle_min_size":"","bundle_max_size":"","bundle_price":[],"bundled_items":[],"bundle_sell_ids":[],"acf":[],"_links":{"self":[{"href":"https:\/\/hi-techwonder.com\/es\/wp-json\/wp\/v2\/product\/73418","targetHints":{"allow":["GET"]}}],"collection":[{"href":"https:\/\/hi-techwonder.com\/es\/wp-json\/wp\/v2\/product"}],"about":[{"href":"https:\/\/hi-techwonder.com\/es\/wp-json\/wp\/v2\/types\/product"}],"replies":[{"embeddable":true,"href":"https:\/\/hi-techwonder.com\/es\/wp-json\/wp\/v2\/comments?post=73418"}],"wp:featuredmedia":[{"embeddable":true,"href":"https:\/\/hi-techwonder.com\/es\/wp-json\/wp\/v2\/media\/51122"}],"wp:attachment":[{"href":"https:\/\/hi-techwonder.com\/es\/wp-json\/wp\/v2\/media?parent=73418"}],"wp:term":[{"taxonomy":"product_brand","embeddable":true,"href":"https:\/\/hi-techwonder.com\/es\/wp-json\/wp\/v2\/product_brand?post=73418"},{"taxonomy":"product_cat","embeddable":true,"href":"https:\/\/hi-techwonder.com\/es\/wp-json\/wp\/v2\/product_cat?post=73418"},{"taxonomy":"product_tag","embeddable":true,"href":"https:\/\/hi-techwonder.com\/es\/wp-json\/wp\/v2\/product_tag?post=73418"}],"curies":[{"name":"wp","href":"https:\/\/api.w.org\/{rel}","templated":true}]}}