{"id":73423,"date":"2025-07-29T09:35:01","date_gmt":"2025-07-29T09:35:01","guid":{"rendered":"https:\/\/fv6qoy3ls0.wpdns.site\/produto\/om-system-m-zuiko-digital-ed-75-300mm-4-8-6-7-ii\/"},"modified":"2026-04-06T17:55:41","modified_gmt":"2026-04-06T16:55:41","slug":"om-system-m-zuiko-digital-ed-75-300mm-4-8-6-7-ii","status":"publish","type":"product","link":"https:\/\/hi-techwonder.com\/es\/producto\/om-system-m-zuiko-digital-ed-75-300mm-4-8-6-7-ii\/","title":{"rendered":"OM SYSTEM M.Zuiko Digital ED 75-300mm\/4.8-6.7 II"},"content":{"rendered":"<p><strong>Caracter\u00edsticas del producto<\/strong>:<br \/> S\u00faper teleobjetivo zoom en un paquete compacto<br \/> Zoom 4x para acercarse a\u00fan m\u00e1s<br \/> AF de contraste de alta velocidad, extremadamente r\u00e1pido<br \/> Diafragma abierto circular<br \/> Parasol opcional disponible (LH-61E)<\/p>\n<p>Este es un superteleobjetivo Micro Four Thirds para fotografiar sujetos distantes que puede acercar m\u00e1gicamente con solo mover la mu\u00f1eca. Extremadamente compacto y ligero, permite disparar a una distancia equivalente a 150-600 mm en una c\u00e1mara de pel\u00edcula de 35 mm. Ahora puedes lograr esa sensaci\u00f3n de cercan\u00eda a un sujeto sin acercarte realmente. Esta potente lente tiene dos ventajas adicionales. Viene con un mecanismo de tornillo \u00fanico, que es especialmente silencioso para la grabaci\u00f3n de video, y una funci\u00f3n de enfoque autom\u00e1tico r\u00e1pido (MSC) para disparos r\u00e1pidos.    <\/p>\n<p><strong>Contenido del paquete<\/strong>:<br \/> 1x Tapa de lente Micro Cuatro Tercios (LC-58E)<br \/> 1x Tapa trasera de lente Micro Cuatro Tercios (LR-2)<br \/> 1x Tarjeta de garant\u00eda<br \/> 1x Manual de instrucciones<\/p>\n","protected":false},"excerpt":{"rendered":"<p>Caracter\u00edsticas del producto: S\u00faper teleobjetivo zoom en un paquete compacto Zoom 4x para acercarse a\u00fan m\u00e1s AF de contraste de<\/p>\n","protected":false},"featured_media":51103,"comment_status":"closed","ping_status":"open","template":"","meta":{"_acf_changed":false},"product_brand":[2540],"product_cat":[1062],"product_tag":[],"class_list":{"0":"post-73423","1":"product","2":"type-product","3":"status-publish","4":"has-post-thumbnail","6":"product_brand-om-system-es","7":"product_cat-mirrorless-objectivos","8":"pa_abertura-maxima-f-4-8-6-7-es","10":"first","11":"onbackorder","12":"taxable","13":"shipping-taxable","14":"purchasable","15":"product-type-simple"},"bundled_by":[],"bundle_stock_status":"onbackorder","bundle_stock_quantity":null,"bundle_virtual":false,"bundle_layout":"","bundle_add_to_cart_form_location":"","bundle_editable_in_cart":false,"bundle_sold_individually_context":"","bundle_item_grouping":"","bundle_min_size":"","bundle_max_size":"","bundle_price":[],"bundled_items":[],"bundle_sell_ids":[],"acf":[],"_links":{"self":[{"href":"https:\/\/hi-techwonder.com\/es\/wp-json\/wp\/v2\/product\/73423","targetHints":{"allow":["GET"]}}],"collection":[{"href":"https:\/\/hi-techwonder.com\/es\/wp-json\/wp\/v2\/product"}],"about":[{"href":"https:\/\/hi-techwonder.com\/es\/wp-json\/wp\/v2\/types\/product"}],"replies":[{"embeddable":true,"href":"https:\/\/hi-techwonder.com\/es\/wp-json\/wp\/v2\/comments?post=73423"}],"wp:featuredmedia":[{"embeddable":true,"href":"https:\/\/hi-techwonder.com\/es\/wp-json\/wp\/v2\/media\/51103"}],"wp:attachment":[{"href":"https:\/\/hi-techwonder.com\/es\/wp-json\/wp\/v2\/media?parent=73423"}],"wp:term":[{"taxonomy":"product_brand","embeddable":true,"href":"https:\/\/hi-techwonder.com\/es\/wp-json\/wp\/v2\/product_brand?post=73423"},{"taxonomy":"product_cat","embeddable":true,"href":"https:\/\/hi-techwonder.com\/es\/wp-json\/wp\/v2\/product_cat?post=73423"},{"taxonomy":"product_tag","embeddable":true,"href":"https:\/\/hi-techwonder.com\/es\/wp-json\/wp\/v2\/product_tag?post=73423"}],"curies":[{"name":"wp","href":"https:\/\/api.w.org\/{rel}","templated":true}]}}