{"id":73424,"date":"2025-07-29T09:35:42","date_gmt":"2025-07-29T09:35:42","guid":{"rendered":"https:\/\/fv6qoy3ls0.wpdns.site\/produto\/om-system-m-zuiko-digital-ed-90mm-f-3-5-macro-is-pro\/"},"modified":"2026-04-06T17:56:32","modified_gmt":"2026-04-06T16:56:32","slug":"om-system-m-zuiko-digital-ed-90mm-f-3-5-macro-is-pro","status":"publish","type":"product","link":"https:\/\/hi-techwonder.com\/es\/producto\/om-system-m-zuiko-digital-ed-90mm-f-3-5-macro-is-pro\/","title":{"rendered":"OM SYSTEM M.Zuiko Digital ED 90mm f\/3.5 Macro IS PRO"},"content":{"rendered":"<p><strong>OLYMPUS M.Zuiko Digital ED 90mm f\/3.5 Macro IS PRO<\/strong><\/p>\n<ul>\n<li>Micro Cuatro Tercios | f\/3.5 a f\/22<\/li>\n<li>180 mm (equivalente a Full Frame)<\/li>\n<li>Teleobjetivo macro<\/li>\n<li>Aumento 2:1, enfoque m\u00ednimo de 22,5 cm<\/li>\n<li>Sistema MSC AF y embrague de enfoque manual<\/li>\n<li>Estabilizaci\u00f3n \u00f3ptica de imagen<\/li>\n<li>Sellado contra la intemperie IP53, recubrimiento de fl\u00faor<\/li>\n<li>Elementos ED y HR y recubrimiento ZERO<\/li>\n<li>Interruptor de l\u00edmite de enfoque y bot\u00f3n Fn de lente<\/li>\n<li>Diafragma redondeado de 7 hojas<\/li>\n<\/ul>\n<p><strong>Rendimiento macro m\u00e1s grande que la vida<\/strong><\/p>\n<p>Dise\u00f1ado para la fotograf\u00eda de ultra alto aumento y construido para la aventura, el M.Zuiko Digital ED 90mm f\/3.5 Macro IS PRO de OM SYSTEM es el objetivo macro de campo ideal para los fot\u00f3grafos Micro Cuatro Tercios. Este teleobjetivo combina una distancia focal equivalente a 180 mm con un aumento m\u00e1ximo de 2:1 para primeros planos en una escala mayor que la real. Junto con un mecanismo de embrague de enfoque manual intuitivo, un rendimiento de AF r\u00e1pido y estabilizaci\u00f3n \u00f3ptica de imagen, este es un objetivo vers\u00e1til para la fotograf\u00eda sin tr\u00edpode, y el sellado contra la intemperie IP53 lo hace adecuado para su uso en condiciones clim\u00e1ticas adversas.  <\/p>\n<p><strong>Gran aumento y enfoque cercano<\/strong><\/p>\n<p>Con un aumento de hasta 2x, este objetivo puede reproducir sujetos pr\u00e1cticamente microsc\u00f3picos con una representaci\u00f3n m\u00e1s grande que la vida, lo que lo hace perfecto para resaltar detalles de sujetos peque\u00f1os como flores, insectos, monedas y otros objetos complejos.<\/p>\n<p>La distancia m\u00ednima de enfoque de 22,5 cm se traduce en una distancia de trabajo m\u00ednima de unos 8,9 cm desde la parte frontal del objetivo.<\/p>\n<p>El mecanismo de embrague de enfoque manual revela marcas de aumento y distancia de enfoque en el cilindro de la lente para un f\u00e1cil reconocimiento de la posici\u00f3n de enfoque.<\/p>\n<p>El dise\u00f1o de enfoque flotante mantiene la nitidez en todo el rango de enfoque, brindando una calidad de imagen compatible desde la distancia m\u00ednima de enfoque hasta el infinito.<\/p>\n<p>Cuando se usa con el teleconvertidor MC-14 o MC-20 opcional, el aumento efectivo m\u00e1ximo se puede aumentar a 2.8x o 4x, respectivamente.<\/p>\n<p><strong>\u00d3ptica M.Zuiko PRO<\/strong><\/p>\n<p>El dise\u00f1o \u00f3ptico incluye una variedad de elementos de vidrio de dispersi\u00f3n extra baja y alto \u00edndice de refracci\u00f3n para reducir varias aberraciones y producir im\u00e1genes con un alto grado de claridad, precisi\u00f3n de color y nitidez.<\/p>\n<p>El dise\u00f1o \u00f3ptico se ha optimizado para suprimir las aberraciones crom\u00e1ticas y las franjas de color de primer plano para una representaci\u00f3n m\u00e1s realista y detallada.<\/p>\n<p>El recubrimiento ZERO (Zuiko Extra-low Reflection Optical) suprime los destellos y las im\u00e1genes fantasma para un mayor contraste y fidelidad de color cuando se trabaja en condiciones de iluminaci\u00f3n brillante.<\/p>\n<p><strong>Enfoque de alta precisi\u00f3n y estabilizaci\u00f3n de imagen<\/strong><\/p>\n<p>A pesar de la larga distancia focal y el rendimiento de enfoque cercano, este objetivo tiene un sistema de enfoque autom\u00e1tico MSC (compatible con v\u00eddeo y foto) que consigue un rendimiento de enfoque r\u00e1pido y silencioso con alta precisi\u00f3n.<\/p>\n<p>El AF es compatible con las distancias de enfoque m\u00e1s cercanas y se puede utilizar junto con las funciones de apilamiento de enfoque que mueven autom\u00e1ticamente la posici\u00f3n de enfoque entre exposiciones.<\/p>\n<p>El dise\u00f1o de enfoque interno, que utiliza dos grupos de lentes de enfoque, mantiene la longitud completa de la lente durante el uso para una mayor facilidad de uso a corta distancia y para una acci\u00f3n de enfoque m\u00e1s sensible.<\/p>\n<p>La estabilizaci\u00f3n \u00f3ptica de imagen reduce la apariencia del movimiento de la c\u00e1mara para proporcionar im\u00e1genes m\u00e1s n\u00edtidas al disparar sin tr\u00edpode.<\/p>\n<p>Cuando se usa junto con c\u00e1maras con estabilizaci\u00f3n de imagen en el cuerpo, Sync IS utiliza sistemas de estabilizaci\u00f3n basados en lentes y c\u00e1maras y corrige hasta 7 paradas de movimiento de la c\u00e1mara en 5 ejes.<\/p>\n<p><strong>Dise\u00f1o f\u00edsico y manejo<\/strong><\/p>\n<ul>\n<li>El sellado contra la intemperie con clasificaci\u00f3n IP53 protege contra el polvo y las salpicaduras, as\u00ed como contra temperaturas de hasta -10\u00baC, para un uso fiable en condiciones clim\u00e1ticas adversas.<\/li>\n<li>El elemento frontal tiene una capa protectora de fl\u00faor que repele la humedad, la suciedad y los aceites, y es m\u00e1s f\u00e1cil de limpiar que una superficie sin recubrimiento.<\/li>\n<li>Como alternativa al AF, el control de enfoque manual se beneficia de un mecanismo de embrague de enfoque para una transici\u00f3n r\u00e1pida entre m\u00e9todos de enfoque empujando o tirando del anillo de enfoque.<\/li>\n<li>Un interruptor de l\u00edmite de enfoque puede restringir el rango de enfoque disponible para un enfoque m\u00e1s r\u00e1pido, especialmente cuando se enfoca solo en objetos cercanos.<\/li>\n<li>El bot\u00f3n L-Fn se muestra en el lateral del objetivo para ajustar la configuraci\u00f3n en funci\u00f3n del objetivo.<\/li>\n<li>A pesar de ser un teleobjetivo equivalente a 180 mm, este objetivo presenta un dise\u00f1o relativamente elegante y ligero, que mide s\u00f3lo 13,6 cm de longitud y pesa 0,45 kg.<\/li>\n<\/ul>\n<p><strong>En la caja:<\/strong><\/p>\n<ul>\n<li>Objetivo Olympus OM SYSTEM M.Zuiko Digital ED 90mm f\/3.5 Macro IS PRO (Micro Cuatro Tercios)<\/li>\n<li>Tapa de lente LC-62G<\/li>\n<li>Tapa trasera del objetivo LR-2<\/li>\n<li>LH-66E Parasol<\/li>\n<li>Pa\u00f1o de envoltura CS-53<\/li>\n<\/ul>\n<p><strong>CARACTER\u00cdSTICAS T\u00c9CNICAS<\/strong><\/p>\n<p>Distancia focal: 90 mm (equivalente a 35 mm: 180 mm)<\/p>\n<p>Apertura m\u00e1xima: f\/3.5<\/p>\n<p>Apertura m\u00ednima: f\/22<\/p>\n<p>Montura de lente: Mmicro cuatro tercios<\/p>\n<p>Formato de la cubierta de la lente: Micro Cuatro Tercios<\/p>\n<p>\u00c1ngulo de visi\u00f3n: 14\u00b0<\/p>\n<p>Distancia m\u00ednima de enfoque: 8,8&#8243; \/ 22,4 cm<\/p>\n<p>Aumento m\u00e1ximo: 2x<\/p>\n<p>Relaci\u00f3n de reproducci\u00f3n macro: 2:1<\/p>\n<p>Dise\u00f1o \u00f3ptico: 18 elementos en 13 grupos<\/p>\n<p>Hojas de diafragma: 7, redondeadas<\/p>\n<p>Tipo de enfoque: Enfoque autom\u00e1tico<\/p>\n<p>Estabilizaci\u00f3n de imagen: S\u00ed<\/p>\n<p>Tama\u00f1o del filtro: 62 mm (frontal)<\/p>\n<p>Dimensiones (\u00f8 x L): 2,7 x 5,4&#8243; \/ 69,8 x 136 mm<\/p>\n<p>Peso: 1 lb \/ 453 g<\/p>\n","protected":false},"excerpt":{"rendered":"<p>OLYMPUS M.Zuiko Digital ED 90mm f\/3.5 Macro IS PRO Micro Cuatro Tercios | f\/3.5 a f\/22 180 mm (equivalente a<\/p>\n","protected":false},"featured_media":51175,"comment_status":"closed","ping_status":"open","template":"","meta":{"_acf_changed":false},"product_brand":[2540],"product_cat":[1062],"product_tag":[],"class_list":{"0":"post-73424","1":"product","2":"type-product","3":"status-publish","4":"has-post-thumbnail","6":"product_brand-om-system-es","7":"product_cat-mirrorless-objectivos","8":"pa_abertura-maxima-f-3-5-es","10":"first","11":"instock","12":"taxable","13":"shipping-taxable","14":"purchasable","15":"product-type-simple"},"bundled_by":[],"bundle_stock_status":"instock","bundle_stock_quantity":1,"bundle_virtual":false,"bundle_layout":"","bundle_add_to_cart_form_location":"","bundle_editable_in_cart":false,"bundle_sold_individually_context":"","bundle_item_grouping":"","bundle_min_size":"","bundle_max_size":"","bundle_price":[],"bundled_items":[],"bundle_sell_ids":[],"acf":[],"_links":{"self":[{"href":"https:\/\/hi-techwonder.com\/es\/wp-json\/wp\/v2\/product\/73424","targetHints":{"allow":["GET"]}}],"collection":[{"href":"https:\/\/hi-techwonder.com\/es\/wp-json\/wp\/v2\/product"}],"about":[{"href":"https:\/\/hi-techwonder.com\/es\/wp-json\/wp\/v2\/types\/product"}],"replies":[{"embeddable":true,"href":"https:\/\/hi-techwonder.com\/es\/wp-json\/wp\/v2\/comments?post=73424"}],"wp:featuredmedia":[{"embeddable":true,"href":"https:\/\/hi-techwonder.com\/es\/wp-json\/wp\/v2\/media\/51175"}],"wp:attachment":[{"href":"https:\/\/hi-techwonder.com\/es\/wp-json\/wp\/v2\/media?parent=73424"}],"wp:term":[{"taxonomy":"product_brand","embeddable":true,"href":"https:\/\/hi-techwonder.com\/es\/wp-json\/wp\/v2\/product_brand?post=73424"},{"taxonomy":"product_cat","embeddable":true,"href":"https:\/\/hi-techwonder.com\/es\/wp-json\/wp\/v2\/product_cat?post=73424"},{"taxonomy":"product_tag","embeddable":true,"href":"https:\/\/hi-techwonder.com\/es\/wp-json\/wp\/v2\/product_tag?post=73424"}],"curies":[{"name":"wp","href":"https:\/\/api.w.org\/{rel}","templated":true}]}}