{"id":73425,"date":"2025-07-29T09:35:20","date_gmt":"2025-07-29T09:35:20","guid":{"rendered":"https:\/\/fv6qoy3ls0.wpdns.site\/produto\/om-system-m-zuiko-digital-ed-45mm-f-1-2-pro\/"},"modified":"2026-02-06T15:27:21","modified_gmt":"2026-02-06T15:27:21","slug":"om-system-m-zuiko-digital-ed-45mm-f-1-2-pro","status":"publish","type":"product","link":"https:\/\/hi-techwonder.com\/es\/producto\/om-system-m-zuiko-digital-ed-45mm-f-1-2-pro\/","title":{"rendered":"OM SYSTEM M.Zuiko Digital ED 45mm f\/1.2 PRO"},"content":{"rendered":"<p><span style=\"font-size: small;\"><strong>ASPECTOS DESTACADOS DEL PRODUCTO<\/strong><\/p>\n<p><\/span><\/p>\n<ul>\n<li> <span style=\"font-size: small;\">Sistema Micro Cuatro Tercios<\/span><\/li>\n<li> <span style=\"font-size: small;\">90 mm (equivalente a 35 mm)<\/span><\/li>\n<li> <span style=\"font-size: small;\">Rango de apertura: f\/1.2 a f\/16<\/span><\/li>\n<li> <span style=\"font-size: small;\">Un elemento ED, un elemento asf\u00e9rico<\/span><\/li>\n<li> <span style=\"font-size: small;\">Cuatro elementos de alto \u00edndice de refracci\u00f3n<\/span><\/li>\n<li> <span style=\"font-size: small;\">Recubrimiento Z Nano<\/span><\/li>\n<li> <span style=\"font-size: small;\">Sistema MSC High-Speed Imager AF<\/span><\/li>\n<li> <span style=\"font-size: small;\">Enfoque interno, embrague MF<\/span><\/li>\n<li> <span style=\"font-size: small;\">Construcci\u00f3n resistente a la intemperie<\/span><\/li>\n<li> <span style=\"font-size: small;\">Diafragma redondeado de nueve hojas<\/span><\/li>\n<\/ul>\n<p> <span style=\"font-size: small;\">&nbsp;<\/span><\/p>\n<p> <span style=\"font-size: small;\">Un objetivo ideal para retratos para fot\u00f3grafos Micro Cuatro Tercios, el Olympus M.Zuiko Digital ED 45mm f\/1.2 PRO combina la deseable distancia focal equivalente a 90 mm con una apertura m\u00e1xima ultrarr\u00e1pida de f\/1.2. La combinaci\u00f3n del campo de visi\u00f3n ligeramente estrecho y la apertura brillante permite la producci\u00f3n de im\u00e1genes distintivas de poca profundidad de campo y tambi\u00e9n es adecuada para trabajar en condiciones de iluminaci\u00f3n dif\u00edciles. Esta lente tambi\u00e9n se caracteriza por su dise\u00f1o \u00f3ptico avanzado de 14 elementos en 10 grupos, que incorpora elementos de vidrio de baja dispersi\u00f3n, asf\u00e9ricos y de alto \u00edndice de refracci\u00f3n para controlar una variedad de aberraciones y distorsiones para una gran nitidez, claridad y fidelidad de color. Tambi\u00e9n se presenta una apertura de nueve hojas, para lograr una calidad de bokeh suave cuando se trabaja con t\u00e9cnicas de poca profundidad de campo, y se ha aplicado un Z Coating Nano a elementos individuales para limitar los destellos y las im\u00e1genes fantasma para mejorar el contraste.   <br \/>  Adem\u00e1s de los activos de imagen, el dise\u00f1o f\u00edsico de la lente se caracteriza por una construcci\u00f3n resistente a la intemperie para beneficiar el trabajo en climas hostiles. Tambi\u00e9n tiene un sistema de enfoque autom\u00e1tico (MSC) compatible con pel\u00edculas y fotos para un rendimiento de enfoque suave, silencioso y r\u00e1pido, adecuado para im\u00e1genes fijas y grabaci\u00f3n de video. Un embrague de enfoque manual permite cambiar r\u00e1pidamente al control MF, y tambi\u00e9n se presenta una escala de profundidad de campo impresa en el cilindro de la lente para t\u00e9cnicas de enfoque previo e hiperfocal.  <br \/><\/span><\/p>\n<ul>\n<li> <span style=\"font-size: small;\">El objetivo de 45 mm con longitud de retrato est\u00e1 dise\u00f1ado para c\u00e1maras sin espejo Micro Four Thirds y proporciona una distancia focal equivalente a 90 mm.<\/span><\/li>\n<li> <span style=\"font-size: small;\">La apertura m\u00e1xima notablemente r\u00e1pida de f\/1.2 permite trabajar en condiciones de iluminaci\u00f3n dif\u00edciles y le brinda un amplio control sobre la profundidad de campo para t\u00e9cnicas de enfoque selectivo.<\/span><\/li>\n<li> <span style=\"font-size: small;\">El complejo dise\u00f1o \u00f3ptico incorpora un elemento de dispersi\u00f3n ultrabaja, cuatro elementos de alto \u00edndice de refracci\u00f3n y un elemento asf\u00e9rico, que trabajan juntos para controlar las aberraciones crom\u00e1ticas y esf\u00e9ricas para una mayor claridad, reducci\u00f3n de franjas de color y nitidez mejorada.<\/span><\/li>\n<li> <span style=\"font-size: small;\">AZ Coating Nano se ha aplicado a elementos individuales de la lente para reducir visiblemente los reflejos de la superficie y evitar destellos y fantasmas de la lente para mejorar el contraste y la neutralidad del color en condiciones de iluminaci\u00f3n intensa.<\/span><\/li>\n<li> <span style=\"font-size: small;\">Un sistema de enfoque autom\u00e1tico MSC, junto con un dise\u00f1o de enfoque interno, proporciona un rendimiento de enfoque r\u00e1pido, silencioso y preciso para beneficiar tanto la captura de fotograf\u00edas como la grabaci\u00f3n de videos. Adem\u00e1s, se utiliza un embrague MF para cambiar r\u00e1pidamente al enfoque manual para un control m\u00e1s preciso. <\/span><\/li>\n<li> <span style=\"font-size: small;\">Bot\u00f3n L-Fn programable (funci\u00f3n de lente) para un ajuste de configuraci\u00f3n de f\u00e1cil acceso.<\/span><\/li>\n<li> <span style=\"font-size: small;\">La construcci\u00f3n resistente a la intemperie protege la lente del polvo, la humedad y las temperaturas bajo cero para trabajar en entornos hostiles.<\/span><\/li>\n<li> <span style=\"font-size: small;\">El diafragma redondeado de nueve hojas contribuye a una agradable calidad de bokeh.<\/span><\/li>\n<\/ul>\n<p style=\"margin-bottom: 0cm;\"> <span style=\"font-size: small;\">&nbsp;<\/span><\/p>\n<p><span style=\"font-size: small;\"> <\/span><\/p>\n<p><span style=\"font-size: small;\"> <\/span><\/p>\n<table style=\"width: 582px;\" border=\"0\" cellspacing=\"0\" cellpadding=\"2\">\n<colgroup>\n<col width=\"241\"><\/colgroup>\n<colgroup>\n<col width=\"333\"><\/colgroup>\n<tbody>\n<tr>\n<th colspan=\"2\" width=\"578\">\n<p style=\"padding: 0cm; font-style: normal; font-weight: normal;\"> <span style=\"font-size: small;\"><a name=\"11011\"><\/a><span style=\"font-size: x-large;\">interino<\/span><\/span> <\/p>\n<\/th>\n<\/tr>\n<tr>\n<td width=\"241\">\n<p style=\"padding: 0cm 0cm 0.53cm; border: medium medium 1px none none solid currentcolor currentcolor #e6e7e8;\"> <span style=\"font-size: small;\">Distancia focal<\/span> <\/p>\n<\/td>\n<td width=\"333\">\n<p style=\"padding: 0cm 0cm 0.53cm; border: medium medium 1px none none solid currentcolor currentcolor #e6e7e8;\"> <span style=\"font-size: small;\">45 mil\u00edmetros<br \/> Distancia focal comparable de 35 mm: 90 mm<\/span> <\/p>\n<\/td>\n<\/tr>\n<tr>\n<td width=\"241\">\n<p style=\"padding: 0cm 0cm 0.53cm; border: medium medium 1px none none solid currentcolor currentcolor #e6e7e8;\"> <span style=\"font-size: small;\">Abertura<\/span> <\/p>\n<\/td>\n<td width=\"333\">\n<p style=\"padding: 0cm 0cm 0.53cm; border: medium medium 1px none none solid currentcolor currentcolor #e6e7e8;\"> <span style=\"font-size: small;\">M\u00e1ximo: f\/1.2<br \/> M\u00ednimo: f\/16<\/span> <\/p>\n<\/td>\n<\/tr>\n<tr>\n<td width=\"241\">\n<p style=\"padding: 0cm 0cm 0.53cm; border: medium medium 1px none none solid currentcolor currentcolor #e6e7e8;\"> <span style=\"font-size: small;\">Tipo de montaje de la c\u00e1mara<\/span> <\/p>\n<\/td>\n<td width=\"333\">\n<p style=\"padding: 0cm 0cm 0.53cm; border: medium medium 1px none none solid currentcolor currentcolor #e6e7e8;\"> <span style=\"font-size: small;\">Micro Cuatro Tercios<\/span> <\/p>\n<\/td>\n<\/tr>\n<tr>\n<td width=\"241\">\n<p style=\"padding: 0cm 0cm 0.53cm; border: medium medium 1px none none solid currentcolor currentcolor #e6e7e8;\"> <span style=\"font-size: small;\">Compatibilidad de formatos<\/span> <\/p>\n<\/td>\n<td width=\"333\">\n<p style=\"padding: 0cm 0cm 0.53cm; border: medium medium 1px none none solid currentcolor currentcolor #e6e7e8;\"> <span style=\"font-size: small;\">Micro Cuatro Tercios<\/span> <\/p>\n<\/td>\n<\/tr>\n<tr>\n<td width=\"241\">\n<p style=\"padding: 0cm 0cm 0.53cm; border: medium medium 1px none none solid currentcolor currentcolor #e6e7e8;\"> <span style=\"font-size: small;\">\u00c1ngulo<\/span> <\/p>\n<\/td>\n<td width=\"333\">\n<p style=\"padding: 0cm 0cm 0.53cm; border: medium medium 1px none none solid currentcolor currentcolor #e6e7e8;\"> <span style=\"font-size: small;\">27\u00b0<\/span> <\/p>\n<\/td>\n<\/tr>\n<tr>\n<td width=\"241\">\n<p style=\"padding: 0cm 0cm 0.53cm; border: medium medium 1px none none solid currentcolor currentcolor #e6e7e8;\"> <span style=\"font-size: small;\">Distancia m\u00ednima de enfoque<\/span> <\/p>\n<\/td>\n<td width=\"333\">\n<p style=\"padding: 0cm 0cm 0.53cm; border: medium medium 1px none none solid currentcolor currentcolor #e6e7e8;\"> <span style=\"font-size: small;\">1,64&#8242; (50 cm)<\/span> <\/p>\n<\/td>\n<\/tr>\n<tr>\n<td width=\"241\">\n<p style=\"padding: 0cm 0cm 0.53cm; border: medium medium 1px none none solid currentcolor currentcolor #e6e7e8;\"> <span style=\"font-size: small;\">Ampliaci\u00f3n<\/span> <\/p>\n<\/td>\n<td width=\"333\">\n<p style=\"padding: 0cm 0cm 0.53cm; border: medium medium 1px none none solid currentcolor currentcolor #e6e7e8;\"> <span style=\"font-size: small;\">0,1 veces<\/span> <\/p>\n<\/td>\n<\/tr>\n<tr>\n<td width=\"241\">\n<p style=\"padding: 0cm 0cm 0.53cm; border: medium medium 1px none none solid currentcolor currentcolor #e6e7e8;\"> <span style=\"font-size: small;\">Velocidad m\u00e1xima de reproducci\u00f3n<\/span> <\/p>\n<\/td>\n<td width=\"333\">\n<p style=\"padding: 0cm 0cm 0.53cm; border: medium medium 1px none none solid currentcolor currentcolor #e6e7e8;\"> <span style=\"font-size: small;\">1:10<\/span> <\/p>\n<\/td>\n<\/tr>\n<tr>\n<td width=\"241\">\n<p style=\"padding: 0cm 0cm 0.53cm; border: medium medium 1px none none solid currentcolor currentcolor #e6e7e8;\"> <span style=\"font-size: small;\">Elementos\/Grupos<\/span> <\/p>\n<\/td>\n<td width=\"333\">\n<p style=\"padding: 0cm 0cm 0.53cm; border: medium medium 1px none none solid currentcolor currentcolor #e6e7e8;\"> <span style=\"font-size: small;\">14\/10<\/span> <\/p>\n<\/td>\n<\/tr>\n<tr>\n<td width=\"241\">\n<p style=\"padding: 0cm 0cm 0.53cm; border: medium medium 1px none none solid currentcolor currentcolor #e6e7e8;\"> <span style=\"font-size: small;\">Hojas de diafragma<\/span> <\/p>\n<\/td>\n<td width=\"333\">\n<p style=\"padding: 0cm 0cm 0.53cm; border: medium medium 1px none none solid currentcolor currentcolor #e6e7e8;\"> <span style=\"font-size: small;\">9, redondeado<\/span><\/p>\n<\/td>\n<\/tr>\n<\/tbody>\n<\/table>\n<p><span style=\"font-size: small;\"> <\/span><\/p>\n<p><span style=\"font-size: small;\"> <\/span><\/p>\n<table style=\"width: 137px;\" border=\"0\" cellspacing=\"0\" cellpadding=\"2\">\n<colgroup>\n<col width=\"90\"><\/colgroup>\n<colgroup>\n<col width=\"40\"><\/colgroup>\n<tbody>\n<tr>\n<th colspan=\"2\" width=\"133\">\n<p style=\"padding: 0cm; font-style: normal; font-weight: normal;\"> <span style=\"font-size: small;\"><a name=\"23001\"><\/a><span style=\"font-size: x-large;\">Recursos<\/span><\/span> <\/p>\n<\/th>\n<\/tr>\n<tr>\n<td width=\"90\">\n<p style=\"padding: 0cm 0cm 0.53cm; border: medium medium 1px none none solid currentcolor currentcolor #e6e7e8;\"> <span style=\"font-size: small;\">Autom\u00e1tico<\/span> <\/p>\n<\/td>\n<td width=\"40\">\n<p style=\"padding: 0cm 0cm 0.53cm; border: medium medium 1px none none solid currentcolor currentcolor #e6e7e8;\"> <span style=\"font-size: small;\">S\u00ed<\/span><\/p>\n<\/td>\n<\/tr>\n<\/tbody>\n<\/table>\n<p><span style=\"font-size: small;\"> <\/span><\/p>\n<p><span style=\"font-size: small;\"> <\/span><\/p>\n<table style=\"width: 449px;\" border=\"0\" cellspacing=\"0\" cellpadding=\"2\">\n<colgroup>\n<col width=\"147\"><\/colgroup>\n<colgroup>\n<col width=\"294\"><\/colgroup>\n<tbody>\n<tr>\n<th colspan=\"2\" width=\"445\">\n<p style=\"padding: 0cm; font-style: normal; font-weight: normal;\"> <span style=\"font-size: small;\"><a name=\"11501\"><\/a><span style=\"font-size: x-large;\">F\u00edsico<\/span><\/span> <\/p>\n<\/th>\n<\/tr>\n<tr>\n<td width=\"147\">\n<p style=\"padding: 0cm 0cm 0.53cm; border: medium medium 1px none none solid currentcolor currentcolor #e6e7e8;\"> <span style=\"font-size: small;\">Tema de filtro<\/span> <\/p>\n<\/td>\n<td width=\"294\">\n<p style=\"padding: 0cm 0cm 0.53cm; border: medium medium 1px none none solid currentcolor currentcolor #e6e7e8;\"> <span style=\"font-size: small;\">Frontal: 62 mm<\/span> <\/p>\n<\/td>\n<\/tr>\n<tr>\n<td width=\"147\">\n<p style=\"padding: 0cm 0cm 0.53cm; border: medium medium 1px none none solid currentcolor currentcolor #e6e7e8;\"> <span style=\"font-size: small;\">Dimensiones (DxL)<\/span> <\/p>\n<\/td>\n<td width=\"294\">\n<p style=\"padding: 0cm 0cm 0.53cm; border: medium medium 1px none none solid currentcolor currentcolor #e6e7e8;\"> <span style=\"font-size: small;\">Aproximadamente. 2,76 x 3,34&#8243; (70 x 84,9 mm) <\/span> <\/p>\n<\/td>\n<\/tr>\n<tr>\n<td width=\"147\">\n<p style=\"padding: 0cm 0cm 0.53cm; border: medium medium 1px none none solid currentcolor currentcolor #e6e7e8;\"> <span style=\"font-size: small;\">Peso<\/span> <\/p>\n<\/td>\n<td width=\"294\">\n<p style=\"padding: 0cm 0cm 0.53cm; border: medium medium 1px none none solid currentcolor currentcolor #e6e7e8;\"> <span style=\"font-size: small;\">410 g (14,46 oz)<\/span><\/p>\n<\/td>\n<\/tr>\n<\/tbody>\n<\/table>\n<p><span style=\"font-size: small;\"> <\/span><\/p>\n<p style=\"margin-bottom: 0cm;\"><span style=\"font-size: small;\">&nbsp;<\/span><\/p>\n<p> <span style=\"font-size: small;\">&nbsp;<\/span><\/p>\n","protected":false},"excerpt":{"rendered":"<p>ASPECTOS DESTACADOS DEL PRODUCTO Sistema Micro Cuatro Tercios 90 mm (equivalente a 35 mm) Rango de apertura: f\/1.2 a f\/16<\/p>\n","protected":false},"featured_media":51141,"comment_status":"closed","ping_status":"open","template":"","meta":{"_acf_changed":false},"product_brand":[2540],"product_cat":[1062],"product_tag":[],"class_list":{"0":"post-73425","1":"product","2":"type-product","3":"status-publish","4":"has-post-thumbnail","6":"product_brand-om-system-es","7":"product_cat-mirrorless-objectivos","8":"pa_abertura-maxima-f-1-2-es","10":"first","11":"onbackorder","12":"taxable","13":"shipping-taxable","14":"purchasable","15":"product-type-simple"},"bundled_by":[],"bundle_stock_status":"onbackorder","bundle_stock_quantity":null,"bundle_virtual":false,"bundle_layout":"","bundle_add_to_cart_form_location":"","bundle_editable_in_cart":false,"bundle_sold_individually_context":"","bundle_item_grouping":"","bundle_min_size":"","bundle_max_size":"","bundle_price":[],"bundled_items":[],"bundle_sell_ids":[],"acf":[],"_links":{"self":[{"href":"https:\/\/hi-techwonder.com\/es\/wp-json\/wp\/v2\/product\/73425","targetHints":{"allow":["GET"]}}],"collection":[{"href":"https:\/\/hi-techwonder.com\/es\/wp-json\/wp\/v2\/product"}],"about":[{"href":"https:\/\/hi-techwonder.com\/es\/wp-json\/wp\/v2\/types\/product"}],"replies":[{"embeddable":true,"href":"https:\/\/hi-techwonder.com\/es\/wp-json\/wp\/v2\/comments?post=73425"}],"wp:featuredmedia":[{"embeddable":true,"href":"https:\/\/hi-techwonder.com\/es\/wp-json\/wp\/v2\/media\/51141"}],"wp:attachment":[{"href":"https:\/\/hi-techwonder.com\/es\/wp-json\/wp\/v2\/media?parent=73425"}],"wp:term":[{"taxonomy":"product_brand","embeddable":true,"href":"https:\/\/hi-techwonder.com\/es\/wp-json\/wp\/v2\/product_brand?post=73425"},{"taxonomy":"product_cat","embeddable":true,"href":"https:\/\/hi-techwonder.com\/es\/wp-json\/wp\/v2\/product_cat?post=73425"},{"taxonomy":"product_tag","embeddable":true,"href":"https:\/\/hi-techwonder.com\/es\/wp-json\/wp\/v2\/product_tag?post=73425"}],"curies":[{"name":"wp","href":"https:\/\/api.w.org\/{rel}","templated":true}]}}