{"id":73426,"date":"2025-07-29T09:35:37","date_gmt":"2025-07-29T09:35:37","guid":{"rendered":"https:\/\/fv6qoy3ls0.wpdns.site\/produto\/om-system-m-zuiko-digital-ed-40-150mm-f-4-pro\/"},"modified":"2026-04-20T14:51:13","modified_gmt":"2026-04-20T13:51:13","slug":"om-system-m-zuiko-digital-ed-40-150mm-f-4-pro","status":"publish","type":"product","link":"https:\/\/hi-techwonder.com\/es\/producto\/om-system-m-zuiko-digital-ed-40-150mm-f-4-pro\/","title":{"rendered":"OM SYSTEM M.Zuiko Digital ED 40-150mm f\/4 PRO"},"content":{"rendered":"<h2 class=\"western\"><span style=\"font-family: OpenSans, Segoe UI, Helvetica, Roboto, Arial, sans-serif;\"><span style=\"font-size: medium;\"><span style=\"font-weight: 400;\">OM SYSTEM M.Zuiko Digital ED 40-150mm F\/4 PRO<\/span><\/span><\/span><\/h2>\n<h2 class=\"western\"><span style=\"font-family: OpenSans, Segoe UI, Helvetica, Roboto, Arial, sans-serif;\"><span style=\"font-size: medium;\"><span style=\"font-weight: 400;\">Es el teleobjetivo zoom m\u00e1s compacto y ligero del mundo con una apertura fija y una c\u00e1mara equivalente a 300 mm. Este objetivo ultraport\u00e1til te ofrece una calidad de imagen de primera categor\u00eda, adem\u00e1s de toda la potencia de imagen para fotografiar paisajes, naturaleza, aves y mucho m\u00e1s. Piensa en toda la libertad que tendr\u00e1s sin estar atado a lentes grandes y voluminosos. Adem\u00e1s, tiene un sello resistente a la intemperie con una impresionante clasificaci\u00f3n IP53 para que pueda disparar sin preocupaciones incluso en condiciones adversas. Incluso puedes tomar impresionantes fotos macro. Puede ser compacto y liviano, pero tiene todo lo que necesita para llevar sus fotos a nuevas alturas emocionantes.     <\/span><\/span><\/span><\/h2>\n<h2 class=\"western\" style=\"font-style: normal; font-weight: normal;\"><strong><span style=\"font-family: OpenSans, Segoe UI, Helvetica, Roboto, Arial, sans-serif;\"><span style=\"font-size: medium;\">OM SYSTEM M.Zuiko Digital ED 40-150mm F\/4 PRO Ficha Tecnica<\/span><\/span><\/strong><\/h2>\n<table border=\"0\" width=\"571\" cellspacing=\"0\" cellpadding=\"2\">\n<colgroup>\n<col width=\"168\">\n<col width=\"395\"> <\/colgroup>\n<tbody>\n<tr>\n<td width=\"168\">\n<p style=\"border: none; padding: 0cm; font-weight: normal;\" align=\"LEFT\">Distancia focal<\/p>\n<\/td>\n<td width=\"395\">\n<p style=\"border: none; padding: 0cm; font-weight: normal;\">De 40 a 150 mm (distancia focal equivalente a 35 mm: de 80 a 300 mm)<\/p>\n<\/td>\n<\/tr>\n<tr>\n<td width=\"168\">\n<p style=\"border: none; padding: 0cm; font-weight: normal;\" align=\"LEFT\">Apertura m\u00e1xima<\/p>\n<\/td>\n<td width=\"395\">\n<p style=\"border: none; padding: 0cm; font-weight: normal;\">f\/4<\/p>\n<\/td>\n<\/tr>\n<tr>\n<td width=\"168\">\n<p style=\"border: none; padding: 0cm; font-weight: normal;\" align=\"LEFT\">Apertura m\u00ednima<\/p>\n<\/td>\n<td width=\"395\">\n<p style=\"border: none; padding: 0cm; font-weight: normal;\">f\/22<\/p>\n<\/td>\n<\/tr>\n<tr>\n<td width=\"168\">\n<p style=\"border: none; padding: 0cm; font-weight: normal;\" align=\"LEFT\">Montura de lente<\/p>\n<\/td>\n<td width=\"395\">\n<p style=\"border: none; padding: 0cm; font-weight: normal;\">Micro Cuatro Tercios<\/p>\n<\/td>\n<\/tr>\n<tr>\n<td width=\"168\">\n<p style=\"border: none; padding: 0cm; font-weight: normal;\" align=\"LEFT\">Cobertura del formato de la lente<\/p>\n<\/td>\n<td width=\"395\">\n<p style=\"border: none; padding: 0cm; font-weight: normal;\">Micro Cuatro Tercios<\/p>\n<\/td>\n<\/tr>\n<tr>\n<td width=\"168\">\n<p style=\"border: none; padding: 0cm; font-weight: normal;\" align=\"LEFT\">\u00c1ngulo de visi\u00f3n<\/p>\n<\/td>\n<td width=\"395\">\n<p style=\"border: none; padding: 0cm; font-weight: normal;\">8.2\u00b0 30&#8242;<\/p>\n<\/td>\n<\/tr>\n<tr>\n<td width=\"168\">\n<p style=\"border: none; padding: 0cm; font-weight: normal;\" align=\"LEFT\">Distancia m\u00ednima de enfoque<\/p>\n<\/td>\n<td width=\"395\">\n<p style=\"border: none; padding: 0cm; font-weight: normal;\">27,6&#8243; \/ 70 cm<\/p>\n<\/td>\n<\/tr>\n<tr>\n<td width=\"168\">\n<p style=\"border: none; padding: 0cm; font-weight: normal;\" align=\"LEFT\">Aumento m\u00e1ximo<\/p>\n<\/td>\n<td width=\"395\">\n<p style=\"border: none; padding: 0cm; font-weight: normal;\">0,41 veces<\/p>\n<\/td>\n<\/tr>\n<tr>\n<td width=\"168\">\n<p style=\"border: none; padding: 0cm; font-weight: normal;\" align=\"LEFT\">Dise\u00f1o \u00f3ptico<\/p>\n<\/td>\n<td width=\"395\">\n<p style=\"border: none; padding: 0cm; font-weight: normal;\">15 elementos en 9 grupos<\/p>\n<\/td>\n<\/tr>\n<tr>\n<td width=\"168\">\n<p style=\"border: none; padding: 0cm; font-weight: normal;\" align=\"LEFT\">Hojas de diafragma<\/p>\n<\/td>\n<td width=\"395\">\n<p style=\"border: none; padding: 0cm; font-weight: normal;\">7<\/p>\n<\/td>\n<\/tr>\n<tr>\n<td width=\"168\">\n<p style=\"border: none; padding: 0cm; font-weight: normal;\" align=\"LEFT\">Tipo de enfoque<\/p>\n<\/td>\n<td width=\"395\">\n<p style=\"border: none; padding: 0cm; font-weight: normal;\">Enfoque autom\u00e1tico<\/p>\n<\/td>\n<\/tr>\n<tr>\n<td width=\"168\">\n<p style=\"border: none; padding: 0cm; font-weight: normal;\" align=\"LEFT\">Estabilizaci\u00f3n de imagen<\/p>\n<\/td>\n<td width=\"395\">\n<p style=\"border: none; padding: 0cm; font-weight: normal;\">En<\/p>\n<\/td>\n<\/tr>\n<tr>\n<td width=\"168\">\n<p style=\"border: none; padding: 0cm; font-weight: normal;\" align=\"LEFT\">Tama\u00f1o del filtro<\/p>\n<\/td>\n<td width=\"395\">\n<p style=\"border: none; padding: 0cm; font-weight: normal;\">62 mm (frontal)<\/p>\n<\/td>\n<\/tr>\n<tr>\n<td width=\"168\">\n<p style=\"border: none; padding: 0cm; font-weight: normal;\" align=\"LEFT\">Dimensiones (\u00f8 x L)<\/p>\n<\/td>\n<td width=\"395\">\n<p style=\"border: none; padding: 0cm; font-weight: normal;\">2,7 x 3,9&#8243; \/ 69 x 99 mm<\/p>\n<\/td>\n<\/tr>\n<tr>\n<td width=\"168\">\n<p style=\"border: none; padding: 0cm; font-weight: normal;\" align=\"LEFT\">Peso<\/p>\n<\/td>\n<td width=\"395\">\n<p style=\"border: none; padding: 0cm; font-weight: normal;\">13.5 onzas \/ 382 g<\/p>\n<\/td>\n<\/tr>\n<\/tbody>\n<\/table>\n","protected":false},"excerpt":{"rendered":"<p>OM SYSTEM M.Zuiko Digital ED 40-150mm F\/4 PRO Es el teleobjetivo zoom m\u00e1s compacto y ligero del mundo con una<\/p>\n","protected":false},"featured_media":51160,"comment_status":"closed","ping_status":"open","template":"","meta":{"_acf_changed":false},"product_brand":[2540],"product_cat":[1062],"product_tag":[],"class_list":{"0":"post-73426","1":"product","2":"type-product","3":"status-publish","4":"has-post-thumbnail","6":"product_brand-om-system-es","7":"product_cat-mirrorless-objectivos","8":"pa_abertura-maxima-f-4-es","10":"first","11":"instock","12":"taxable","13":"shipping-taxable","14":"purchasable","15":"product-type-simple"},"bundled_by":[],"bundle_stock_status":"instock","bundle_stock_quantity":1,"bundle_virtual":false,"bundle_layout":"","bundle_add_to_cart_form_location":"","bundle_editable_in_cart":false,"bundle_sold_individually_context":"","bundle_item_grouping":"","bundle_min_size":"","bundle_max_size":"","bundle_price":[],"bundled_items":[],"bundle_sell_ids":[],"acf":[],"_links":{"self":[{"href":"https:\/\/hi-techwonder.com\/es\/wp-json\/wp\/v2\/product\/73426","targetHints":{"allow":["GET"]}}],"collection":[{"href":"https:\/\/hi-techwonder.com\/es\/wp-json\/wp\/v2\/product"}],"about":[{"href":"https:\/\/hi-techwonder.com\/es\/wp-json\/wp\/v2\/types\/product"}],"replies":[{"embeddable":true,"href":"https:\/\/hi-techwonder.com\/es\/wp-json\/wp\/v2\/comments?post=73426"}],"wp:featuredmedia":[{"embeddable":true,"href":"https:\/\/hi-techwonder.com\/es\/wp-json\/wp\/v2\/media\/51160"}],"wp:attachment":[{"href":"https:\/\/hi-techwonder.com\/es\/wp-json\/wp\/v2\/media?parent=73426"}],"wp:term":[{"taxonomy":"product_brand","embeddable":true,"href":"https:\/\/hi-techwonder.com\/es\/wp-json\/wp\/v2\/product_brand?post=73426"},{"taxonomy":"product_cat","embeddable":true,"href":"https:\/\/hi-techwonder.com\/es\/wp-json\/wp\/v2\/product_cat?post=73426"},{"taxonomy":"product_tag","embeddable":true,"href":"https:\/\/hi-techwonder.com\/es\/wp-json\/wp\/v2\/product_tag?post=73426"}],"curies":[{"name":"wp","href":"https:\/\/api.w.org\/{rel}","templated":true}]}}