{"id":73428,"date":"2025-07-29T09:35:42","date_gmt":"2025-07-29T09:35:42","guid":{"rendered":"https:\/\/fv6qoy3ls0.wpdns.site\/produto\/om-system-m-zuiko-digital-ed-150-600mm-f5-0-6-3-is\/"},"modified":"2026-04-06T17:56:41","modified_gmt":"2026-04-06T16:56:41","slug":"om-system-m-zuiko-digital-ed-150-600mm-f5-0-6-3-is","status":"publish","type":"product","link":"https:\/\/hi-techwonder.com\/es\/producto\/om-system-m-zuiko-digital-ed-150-600mm-f5-0-6-3-is\/","title":{"rendered":"OM SYSTEM M.Zuiko Digital ED 150-600mm F5.0-6.3 IS"},"content":{"rendered":"<h3>OM SYSTEM M.Zuiko Digital ED 150-600mm F5.0-6.3 IS<\/h3>\n<p><iframe loading=\"lazy\" style=\"min-height: 500px; width: 2113.33px; height: auto;\" src=\"https:\/\/www.youtube.com\/embed\/DrBsV3kISEo\" width=\"560\" height=\"314\" allowfullscreen=\"allowfullscreen\"><\/iframe><\/p>\n<ul>\n<li>Micro Cuatro Tercios | f\/5-6.3 a f\/22<\/li>\n<li>300-1200 mm (equivalente a fotograma completo)<\/li>\n<li>Sincronizar la estabilizaci\u00f3n de imagen<\/li>\n<li>Cuatro elementos de lente Super ED<\/li>\n<li>Construcci\u00f3n resistente a la intemperie<\/li>\n<li>Recubrimiento de fl\u00faor<\/li>\n<\/ul>\n<p><img loading=\"lazy\" decoding=\"async\" src=\"https:\/\/emea.explore.omsystem.com\/media\/catalog\/product\/1\/5\/150-600mm_keypanel_01_o_85.webp?optimize=medium&amp;fit=bounds&amp;height=1080&amp;width=1920&amp;canvas=1920:1080\" alt=\"\" width=\"600\" height=\"338\"><\/p>\n<p>Captura cada detalle a trav\u00e9s de un amplio rango de zoom con el objetivo M.Zuiko Digital ED 150-600mm f\/5-6.3 IS de OM SYSTEM. Ideal para la fotograf\u00eda de aves y vida silvestre, este superteleobjetivo ofrece un rango de zoom equivalente a fotograma completo de 300 a 1200 mm y alcanza una longitud m\u00e1xima de 2400 mm cuando se usa con un teleconvertidor. La estabilizaci\u00f3n de imagen del objetivo y los m\u00faltiples interruptores de control est\u00e1n integrados en el dise\u00f1o para darle una ventaja al disparar sin tr\u00edpode. La compleja configuraci\u00f3n del objetivo incluye cuatro elementos Super ED y dos elementos ED que ayudan a crear im\u00e1genes m\u00e1s n\u00edtidas con aberraciones crom\u00e1ticas muy bajas.   <\/p>\n<h4>Comodidad al alcance de tu mano<\/h4>\n<p>En el cuerpo exterior de la lente hay varios interruptores para controlar las operaciones de la lente y los modos de enfoque. Esto le permite realizar ajustes r\u00e1pidos sin tener que navegar por los men\u00fas de la c\u00e1mara. <\/p>\n<p><img loading=\"lazy\" decoding=\"async\" src=\"https:\/\/emea.explore.omsystem.com\/media\/catalog\/product\/1\/5\/150-600mm_keypanel_02_o_85.webp?optimize=medium&amp;fit=bounds&amp;height=1080&amp;width=1920&amp;canvas=1920:1080\" alt=\"\" width=\"600\" height=\"338\"><\/p>\n<h4>Estabilizaci\u00f3n de imagen Sync IS<\/h4>\n<p>Para reducir el movimiento de la c\u00e1mara y garantizar im\u00e1genes m\u00e1s n\u00edtidas al disparar sin tr\u00edpode, Sync IS proporciona 7 pasos de correcci\u00f3n en el gran angular y 6 pasos en el teleobjetivo. Solo el objetivo sin Sync IS tiene 6 pasos de correcci\u00f3n en el gran angular y 5 pasos en el teleobjetivo. <\/p>\n<h4>Construcci\u00f3n de lentes<\/h4>\n<p>Entre los 25 elementos de lente incluidos en el dise\u00f1o \u00f3ptico del lente M.Zuiko Digital ED 150-600mm f\/5-6.3 IS se encuentran cuatro elementos Super ED y dos elementos ED que ayudan a reducir las franjas de color y las aberraciones crom\u00e1ticas. Al mismo tiempo, la inclusi\u00f3n de estos elementos de lente garantiza que las im\u00e1genes tengan una precisi\u00f3n y nitidez de color \u00f3ptimas. <\/p>\n<h4>Resistente a la intemperie y con revestimiento de fl\u00faor<\/h4>\n<p>A prueba de salpicaduras y polvo con una clasificaci\u00f3n IPX1 y un revestimiento de fl\u00faor, el objetivo M.Zuiko Digital ED 150-600mm f\/5-6.3 IS proporciona una protecci\u00f3n b\u00e1sica contra las inclemencias del tiempo.<\/p>\n<p><img loading=\"lazy\" decoding=\"async\" src=\"https:\/\/emea.explore.omsystem.com\/media\/wysiwyg\/150-600mm-waterproof_o_95.webp\" alt=\"\" width=\"600\" height=\"439\"><\/p>\n<h4>Caracter\u00edsticas t\u00e9cnicas<\/h4>\n<p><a href=\"https:\/\/my.omsystem.com\/consumer\/product_specs\/SPECIFICATIONS_150-600mm-f5-0-6-3-IS_EN.pdf\" target=\"_blank\" rel=\"noopener\">Especificaciones completas<\/a><\/p>\n<table class=\"table_fDXOr6EpR9\" style=\"box-sizing: inherit; width: 936.657px; font-family: OpenSans, 'Segoe UI', Helvetica, Roboto, Arial, sans-serif; font-size: 16px; background-color: #ffffff; height: 308px;\" data-selenium=\"specsItemGroupTable\">\n<tbody style=\"box-sizing: inherit;\">\n<tr class=\"pair_KqJ3Q3GPKv\" style=\"box-sizing: inherit; border-bottom: 0.0625rem solid #e5e5e5; height: 22px;\" data-selenium=\"specsItemGroupTableRow\">\n<td class=\"label_KqJ3Q3GPKv \" style=\"box-sizing: inherit; border-top: none; padding: 1.25rem 0px; width: 355.928px; color: #666666; font-size: 1.125rem; line-height: 1.375rem; vertical-align: baseline; height: 22px;\" data-selenium=\"specsItemGroupTableColumnLabel\">M\u00e1xima apertura<\/td>\n<td class=\"value_KqJ3Q3GPKv \" style=\"box-sizing: inherit; color: #666666; font-size: 1.125rem; line-height: 1.375rem; vertical-align: baseline; padding: 1.25rem 0px 1.25rem 2.5rem; height: 22px;\" data-selenium=\"specsItemGroupTableColumnValue\">\n<div class=\"expandableValue_KqJ3Q3GPKv\" style=\"box-sizing: inherit;\">f\/5 a 6.3<\/div>\n<\/td>\n<\/tr>\n<tr class=\"pair_KqJ3Q3GPKv\" style=\"box-sizing: inherit; border-bottom: 0.0625rem solid #e5e5e5; height: 22px;\" data-selenium=\"specsItemGroupTableRow\">\n<td class=\"label_KqJ3Q3GPKv\" style=\"box-sizing: inherit; border-top: none; padding: 1.25rem 0px; width: 355.928px; color: #666666; font-size: 1.125rem; line-height: 1.375rem; vertical-align: baseline; height: 22px;\" data-selenium=\"specsItemGroupTableColumnLabel\">Apertura m\u00ednima<\/td>\n<td class=\"value_KqJ3Q3GPKv\" style=\"box-sizing: inherit; color: #666666; font-size: 1.125rem; line-height: 1.375rem; vertical-align: baseline; padding: 1.25rem 0px 1.25rem 2.5rem; height: 22px;\" data-selenium=\"specsItemGroupTableColumnValue\">\n<div class=\"expandableValue_KqJ3Q3GPKv\" style=\"box-sizing: inherit;\">f\/22<\/div>\n<\/td>\n<\/tr>\n<tr class=\"pair_KqJ3Q3GPKv\" style=\"box-sizing: inherit; border-bottom: 0.0625rem solid #e5e5e5; height: 22px;\" data-selenium=\"specsItemGroupTableRow\">\n<td class=\"label_KqJ3Q3GPKv\" style=\"box-sizing: inherit; border-top: none; padding: 1.25rem 0px; width: 355.928px; color: #666666; font-size: 1.125rem; line-height: 1.375rem; vertical-align: baseline; height: 22px;\" data-selenium=\"specsItemGroupTableColumnLabel\">Montura de lente<\/td>\n<td class=\"value_KqJ3Q3GPKv\" style=\"box-sizing: inherit; color: #666666; font-size: 1.125rem; line-height: 1.375rem; vertical-align: baseline; padding: 1.25rem 0px 1.25rem 2.5rem; height: 22px;\" data-selenium=\"specsItemGroupTableColumnValue\">\n<div class=\"expandableValue_KqJ3Q3GPKv\" style=\"box-sizing: inherit;\">Olimpo OM<\/div>\n<\/td>\n<\/tr>\n<tr class=\"pair_KqJ3Q3GPKv\" style=\"box-sizing: inherit; border-bottom: 0.0625rem solid #e5e5e5; height: 22px;\" data-selenium=\"specsItemGroupTableRow\">\n<td class=\"label_KqJ3Q3GPKv\" style=\"box-sizing: inherit; border-top: none; padding: 1.25rem 0px; width: 355.928px; color: #666666; font-size: 1.125rem; line-height: 1.375rem; vertical-align: baseline; height: 22px;\" data-selenium=\"specsItemGroupTableColumnLabel\">Cobertura de la forma de la lente<\/td>\n<td class=\"value_KqJ3Q3GPKv\" style=\"box-sizing: inherit; color: #666666; font-size: 1.125rem; line-height: 1.375rem; vertical-align: baseline; padding: 1.25rem 0px 1.25rem 2.5rem; height: 22px;\" data-selenium=\"specsItemGroupTableColumnValue\">\n<div class=\"expandableValue_KqJ3Q3GPKv\" style=\"box-sizing: inherit;\">Micro Cuatro Tercios<\/div>\n<\/td>\n<\/tr>\n<tr class=\"pair_KqJ3Q3GPKv\" style=\"box-sizing: inherit; border-bottom: 0.0625rem solid #e5e5e5; height: 22px;\" data-selenium=\"specsItemGroupTableRow\">\n<td class=\"label_KqJ3Q3GPKv\" style=\"box-sizing: inherit; border-top: none; padding: 1.25rem 0px; width: 355.928px; color: #666666; font-size: 1.125rem; line-height: 1.375rem; vertical-align: baseline; height: 22px;\" data-selenium=\"specsItemGroupTableColumnLabel\">\u00c1ngulo<\/td>\n<td class=\"value_KqJ3Q3GPKv\" style=\"box-sizing: inherit; color: #666666; font-size: 1.125rem; line-height: 1.375rem; vertical-align: baseline; padding: 1.25rem 0px 1.25rem 2.5rem; height: 22px;\" data-selenium=\"specsItemGroupTableColumnValue\">\n<div class=\"expandableValue_KqJ3Q3GPKv\" style=\"box-sizing: inherit;\">De 8,2\u00b0 a 2,1\u00b0<\/div>\n<\/td>\n<\/tr>\n<tr class=\"pair_KqJ3Q3GPKv\" style=\"box-sizing: inherit; border-bottom: 0.0625rem solid #e5e5e5; height: 22px;\" data-selenium=\"specsItemGroupTableRow\">\n<td class=\"label_KqJ3Q3GPKv\" style=\"box-sizing: inherit; border-top: none; padding: 1.25rem 0px; width: 355.928px; color: #666666; font-size: 1.125rem; line-height: 1.375rem; vertical-align: baseline; height: 22px;\" data-selenium=\"specsItemGroupTableColumnLabel\">Distancia m\u00ednima de enfoque<\/td>\n<td class=\"value_KqJ3Q3GPKv\" style=\"box-sizing: inherit; color: #666666; font-size: 1.125rem; line-height: 1.375rem; vertical-align: baseline; padding: 1.25rem 0px 1.25rem 2.5rem; height: 22px;\" data-selenium=\"specsItemGroupTableColumnValue\">\n<div class=\"expandableValue_KqJ3Q3GPKv\" style=\"box-sizing: inherit;\">56 cm<\/div>\n<\/td>\n<\/tr>\n<tr class=\"pair_KqJ3Q3GPKv\" style=\"box-sizing: inherit; border-bottom: 0.0625rem solid #e5e5e5; height: 22px;\" data-selenium=\"specsItemGroupTableRow\">\n<td class=\"label_KqJ3Q3GPKv\" style=\"box-sizing: inherit; border-top: none; padding: 1.25rem 0px; width: 355.928px; color: #666666; font-size: 1.125rem; line-height: 1.375rem; vertical-align: baseline; height: 22px;\" data-selenium=\"specsItemGroupTableColumnLabel\">Aumento m\u00e1ximo<\/td>\n<td class=\"value_KqJ3Q3GPKv\" style=\"box-sizing: inherit; color: #666666; font-size: 1.125rem; line-height: 1.375rem; vertical-align: baseline; padding: 1.25rem 0px 1.25rem 2.5rem; height: 22px;\" data-selenium=\"specsItemGroupTableColumnValue\">\n<div class=\"expandableValue_KqJ3Q3GPKv\" style=\"box-sizing: inherit;\">0,7 veces<\/div>\n<\/td>\n<\/tr>\n<tr class=\"pair_KqJ3Q3GPKv\" style=\"box-sizing: inherit; border-bottom: 0.0625rem solid #e5e5e5; height: 22px;\" data-selenium=\"specsItemGroupTableRow\">\n<td class=\"label_KqJ3Q3GPKv\" style=\"box-sizing: inherit; border-top: none; padding: 1.25rem 0px; width: 355.928px; color: #666666; font-size: 1.125rem; line-height: 1.375rem; vertical-align: baseline; height: 22px;\" data-selenium=\"specsItemGroupTableColumnLabel\">Dise\u00f1o \u00f3ptico<\/td>\n<td class=\"value_KqJ3Q3GPKv\" style=\"box-sizing: inherit; color: #666666; font-size: 1.125rem; line-height: 1.375rem; vertical-align: baseline; padding: 1.25rem 0px 1.25rem 2.5rem; height: 22px;\" data-selenium=\"specsItemGroupTableColumnValue\">\n<div class=\"expandableValue_KqJ3Q3GPKv\" style=\"box-sizing: inherit;\">25 elementos en 15 grupos<\/div>\n<\/td>\n<\/tr>\n<tr class=\"pair_KqJ3Q3GPKv\" style=\"box-sizing: inherit; border-bottom: 0.0625rem solid #e5e5e5; height: 22px;\" data-selenium=\"specsItemGroupTableRow\">\n<td class=\"label_KqJ3Q3GPKv\" style=\"box-sizing: inherit; border-top: none; padding: 1.25rem 0px; width: 355.928px; color: #666666; font-size: 1.125rem; line-height: 1.375rem; vertical-align: baseline; height: 22px;\" data-selenium=\"specsItemGroupTableColumnLabel\">Hojas de diafragma<\/td>\n<td class=\"value_KqJ3Q3GPKv\" style=\"box-sizing: inherit; color: #666666; font-size: 1.125rem; line-height: 1.375rem; vertical-align: baseline; padding: 1.25rem 0px 1.25rem 2.5rem; height: 22px;\" data-selenium=\"specsItemGroupTableColumnValue\">\n<div class=\"expandableValue_KqJ3Q3GPKv\" style=\"box-sizing: inherit;\">9, redondeado<\/div>\n<\/td>\n<\/tr>\n<tr class=\"pair_KqJ3Q3GPKv\" style=\"box-sizing: inherit; border-bottom: 0.0625rem solid #e5e5e5; height: 22px;\" data-selenium=\"specsItemGroupTableRow\">\n<td class=\"label_KqJ3Q3GPKv\" style=\"box-sizing: inherit; border-top: none; padding: 1.25rem 0px; width: 355.928px; color: #666666; font-size: 1.125rem; line-height: 1.375rem; vertical-align: baseline; height: 22px;\" data-selenium=\"specsItemGroupTableColumnLabel\">Tipo de enfoque<\/td>\n<td class=\"value_KqJ3Q3GPKv\" style=\"box-sizing: inherit; color: #666666; font-size: 1.125rem; line-height: 1.375rem; vertical-align: baseline; padding: 1.25rem 0px 1.25rem 2.5rem; height: 22px;\" data-selenium=\"specsItemGroupTableColumnValue\">\n<div class=\"expandableValue_KqJ3Q3GPKv\" style=\"box-sizing: inherit;\">Enfoque autom\u00e1tico<\/div>\n<\/td>\n<\/tr>\n<tr class=\"pair_KqJ3Q3GPKv\" style=\"box-sizing: inherit; border-bottom: 0.0625rem solid #e5e5e5; height: 22px;\" data-selenium=\"specsItemGroupTableRow\">\n<td class=\"label_KqJ3Q3GPKv\" style=\"box-sizing: inherit; border-top: none; padding: 1.25rem 0px; width: 355.928px; color: #666666; font-size: 1.125rem; line-height: 1.375rem; vertical-align: baseline; height: 22px;\" data-selenium=\"specsItemGroupTableColumnLabel\">Estabilizaci\u00f3n de imagen<\/td>\n<td class=\"value_KqJ3Q3GPKv\" style=\"box-sizing: inherit; color: #666666; font-size: 1.125rem; line-height: 1.375rem; vertical-align: baseline; padding: 1.25rem 0px 1.25rem 2.5rem; height: 22px;\" data-selenium=\"specsItemGroupTableColumnValue\">\n<div class=\"expandableValue_KqJ3Q3GPKv\" style=\"box-sizing: inherit;\">S\u00ed<\/div>\n<\/td>\n<\/tr>\n<tr class=\"pair_KqJ3Q3GPKv\" style=\"box-sizing: inherit; border-bottom: 0.0625rem solid #e5e5e5; height: 22px;\" data-selenium=\"specsItemGroupTableRow\">\n<td class=\"label_KqJ3Q3GPKv\" style=\"box-sizing: inherit; border-top: none; padding: 1.25rem 0px; width: 355.928px; color: #666666; font-size: 1.125rem; line-height: 1.375rem; vertical-align: baseline; height: 22px;\" data-selenium=\"specsItemGroupTableColumnLabel\">Tama\u00f1o del filtro<\/td>\n<td class=\"value_KqJ3Q3GPKv\" style=\"box-sizing: inherit; color: #666666; font-size: 1.125rem; line-height: 1.375rem; vertical-align: baseline; padding: 1.25rem 0px 1.25rem 2.5rem; height: 22px;\" data-selenium=\"specsItemGroupTableColumnValue\">\n<div class=\"expandableValue_KqJ3Q3GPKv\" style=\"box-sizing: inherit;\">95 mm (delantero)<\/div>\n<\/td>\n<\/tr>\n<tr class=\"pair_KqJ3Q3GPKv\" style=\"box-sizing: inherit; border-bottom: 0.0625rem solid #e5e5e5; height: 22px;\" data-selenium=\"specsItemGroupTableRow\">\n<td class=\"label_KqJ3Q3GPKv\" style=\"box-sizing: inherit; border-top: none; padding: 1.25rem 0px; width: 355.928px; color: #666666; font-size: 1.125rem; line-height: 1.375rem; vertical-align: baseline; height: 22px;\" data-selenium=\"specsItemGroupTableColumnLabel\">Dimensiones (\u00f8 x L)<\/td>\n<td class=\"value_KqJ3Q3GPKv\" style=\"box-sizing: inherit; color: #666666; font-size: 1.125rem; line-height: 1.375rem; vertical-align: baseline; padding: 1.25rem 0px 1.25rem 2.5rem; height: 22px;\" data-selenium=\"specsItemGroupTableColumnValue\">\n<div class=\"expandableValue_KqJ3Q3GPKv\" style=\"box-sizing: inherit;\">109,4 x 264,4 mil\u00edmetros<\/div>\n<\/td>\n<\/tr>\n<tr class=\"pair_KqJ3Q3GPKv\" style=\"box-sizing: inherit; border-bottom: 0.0625rem solid #e5e5e5; height: 22px;\" data-selenium=\"specsItemGroupTableRow\">\n<td class=\"label_KqJ3Q3GPKv\" style=\"box-sizing: inherit; border-top: none; padding: 1.25rem 0px; width: 355.928px; color: #666666; font-size: 1.125rem; line-height: 1.375rem; vertical-align: baseline; height: 22px;\" data-selenium=\"specsItemGroupTableColumnLabel\">Peso<\/td>\n<td class=\"value_KqJ3Q3GPKv\" style=\"box-sizing: inherit; color: #666666; font-size: 1.125rem; line-height: 1.375rem; vertical-align: baseline; padding: 1.25rem 0px 1.25rem 2.5rem; height: 22px;\" data-selenium=\"specsItemGroupTableColumnValue\">\n<div class=\"expandableValue_KqJ3Q3GPKv\" style=\"box-sizing: inherit;\">2,06 kg<\/div>\n<\/td>\n<\/tr>\n<\/tbody>\n<\/table>\n","protected":false},"excerpt":{"rendered":"<p>OM SYSTEM M.Zuiko Digital ED 150-600mm F5.0-6.3 IS Micro Cuatro Tercios | f\/5-6.3 a f\/22 300-1200 mm (equivalente a fotograma<\/p>\n","protected":false},"featured_media":51200,"comment_status":"closed","ping_status":"open","template":"","meta":{"_acf_changed":false},"product_brand":[2540],"product_cat":[1062],"product_tag":[],"class_list":{"0":"post-73428","1":"product","2":"type-product","3":"status-publish","4":"has-post-thumbnail","6":"product_brand-om-system-es","7":"product_cat-mirrorless-objectivos","8":"pa_abertura-maxima-f-5-6-3-es","10":"first","11":"onbackorder","12":"taxable","13":"shipping-taxable","14":"purchasable","15":"product-type-simple"},"bundled_by":[],"bundle_stock_status":"onbackorder","bundle_stock_quantity":null,"bundle_virtual":false,"bundle_layout":"","bundle_add_to_cart_form_location":"","bundle_editable_in_cart":false,"bundle_sold_individually_context":"","bundle_item_grouping":"","bundle_min_size":"","bundle_max_size":"","bundle_price":[],"bundled_items":[],"bundle_sell_ids":[],"acf":[],"_links":{"self":[{"href":"https:\/\/hi-techwonder.com\/es\/wp-json\/wp\/v2\/product\/73428","targetHints":{"allow":["GET"]}}],"collection":[{"href":"https:\/\/hi-techwonder.com\/es\/wp-json\/wp\/v2\/product"}],"about":[{"href":"https:\/\/hi-techwonder.com\/es\/wp-json\/wp\/v2\/types\/product"}],"replies":[{"embeddable":true,"href":"https:\/\/hi-techwonder.com\/es\/wp-json\/wp\/v2\/comments?post=73428"}],"wp:featuredmedia":[{"embeddable":true,"href":"https:\/\/hi-techwonder.com\/es\/wp-json\/wp\/v2\/media\/51200"}],"wp:attachment":[{"href":"https:\/\/hi-techwonder.com\/es\/wp-json\/wp\/v2\/media?parent=73428"}],"wp:term":[{"taxonomy":"product_brand","embeddable":true,"href":"https:\/\/hi-techwonder.com\/es\/wp-json\/wp\/v2\/product_brand?post=73428"},{"taxonomy":"product_cat","embeddable":true,"href":"https:\/\/hi-techwonder.com\/es\/wp-json\/wp\/v2\/product_cat?post=73428"},{"taxonomy":"product_tag","embeddable":true,"href":"https:\/\/hi-techwonder.com\/es\/wp-json\/wp\/v2\/product_tag?post=73428"}],"curies":[{"name":"wp","href":"https:\/\/api.w.org\/{rel}","templated":true}]}}