{"id":73433,"date":"2025-07-28T23:29:48","date_gmt":"2025-07-28T23:29:48","guid":{"rendered":"https:\/\/fv6qoy3ls0.wpdns.site\/produto\/bateria-panasonic-vw-vbt380\/"},"modified":"2026-04-21T17:11:46","modified_gmt":"2026-04-21T16:11:46","slug":"panasonic-lumix-bateria-panasonic-vw-vbt380","status":"publish","type":"product","link":"https:\/\/hi-techwonder.com\/es\/producto\/panasonic-lumix-bateria-panasonic-vw-vbt380\/","title":{"rendered":"Bater\u00eda PANASONIC VW-VBT380"},"content":{"rendered":"<p><span style=\"font-size: small\"><strong>ASPECTOS DESTACADOS DEL PRODUCTO<\/strong><\/p>\n<p><\/span><\/p>\n<ul>\n<li> <span style=\"font-size: small\">Para videoc\u00e1maras WX970, VX870, V770<\/span><\/li>\n<li> <span style=\"font-size: small\">Para videoc\u00e1maras W570, V270, V160<\/span><\/li>\n<li> <span style=\"font-size: small\">Para videoc\u00e1maras V720\/710, V520\/510<\/span><\/li>\n<li> <span style=\"font-size: small\">Para videoc\u00e1maras V250M, V210\/V110<\/span><\/li>\n<li> <span style=\"font-size: small\">Para videoc\u00e1maras W850M, V750M, V550M<\/span><\/li>\n<\/ul>\n<p> <span style=\"font-size: small\"><br \/>Dise\u00f1ada para alimentar videoc\u00e1maras Panasonic seleccionadas, la bater\u00eda de iones de litio de Panasonic para videoc\u00e1maras es de 3,7 V, 3800 mAh y 14 Wh.<\/span> <\/p>\n<table style=\"margin: 0px 0px 35px;padding: 0px;border: 0px none;font-style: normal;font-variant: normal;font-weight: normal;font-size: 12px;line-height: 18px;vertical-align: baseline;border-collapse: separate;border-spacing: 0px;clear: both;width: 726.667px;color: #595959;letter-spacing: normal;text-align: start;text-indent: 0px;text-transform: none;white-space: normal\" border=\"0\">\n<tbody style=\"margin: 0px;padding: 0px;border: 0px none;font-style: inherit;font-variant: inherit;font-weight: inherit;font-size: inherit;line-height: inherit;vertical-align: baseline\">\n<tr style=\"margin: 0px;padding: 0px;border: 0px none;font-style: inherit;font-variant: inherit;font-weight: inherit;font-size: inherit;line-height: inherit;vertical-align: baseline\">\n<td style=\"margin: 0px;padding: 20px 0px;border-right-width: 0px;border-bottom: 1px solid #e6e7e8;border-left-width: 0px;border-top-style: none;font-style: inherit;font-variant: inherit;font-weight: inherit;line-height: 22px;vertical-align: baseline;text-align: left;width: 275.556px\"><span style=\"font-size: small\">Qu\u00edmica<\/span> <\/td>\n<td style=\"margin: 0px;padding: 20px 0px 20px 40px;border-right-width: 0px;border-bottom: 1px solid #e6e7e8;border-left-width: 0px;border-top-style: none;font-style: inherit;font-variant: inherit;font-weight: inherit;line-height: 22px;vertical-align: baseline;text-align: left\"> <span style=\"font-size: small\">Iones de litio<\/span> <\/td>\n<\/tr>\n<tr style=\"margin: 0px;padding: 0px;border: 0px none;font-style: inherit;font-variant: inherit;font-weight: inherit;font-size: inherit;line-height: inherit;vertical-align: baseline\">\n<td style=\"margin: 0px;padding: 20px 0px;border-right-width: 0px;border-bottom: 1px solid #e6e7e8;border-left-width: 0px;border-top-style: none;font-style: inherit;font-variant: inherit;font-weight: inherit;line-height: 22px;vertical-align: baseline;text-align: left;width: 275.556px\"><span style=\"font-size: small\">Capacidad<\/span> <\/td>\n<td style=\"margin: 0px;padding: 20px 0px 20px 40px;border-right-width: 0px;border-bottom: 1px solid #e6e7e8;border-left-width: 0px;border-top-style: none;font-style: inherit;font-variant: inherit;font-weight: inherit;line-height: 22px;vertical-align: baseline;text-align: left\"> <span style=\"font-size: small\">3880mAh<\/span> <\/td>\n<\/tr>\n<tr style=\"margin: 0px;padding: 0px;border: 0px none;font-style: inherit;font-variant: inherit;font-weight: inherit;font-size: inherit;line-height: inherit;vertical-align: baseline\">\n<td style=\"margin: 0px;padding: 20px 0px;border-right-width: 0px;border-bottom: 1px solid #e6e7e8;border-left-width: 0px;border-top-style: none;font-style: inherit;font-variant: inherit;font-weight: inherit;line-height: 22px;vertical-align: baseline;text-align: left;width: 275.556px\"><span style=\"font-size: small\">Voltaje de salida<\/span> <\/td>\n<td style=\"margin: 0px;padding: 20px 0px 20px 40px;border-right-width: 0px;border-bottom: 1px solid #e6e7e8;border-left-width: 0px;border-top-style: none;font-style: inherit;font-variant: inherit;font-weight: inherit;line-height: 22px;vertical-align: baseline;text-align: left\"> <span style=\"font-size: small\">3,6 V<\/span> <\/td>\n<\/tr>\n<tr style=\"margin: 0px;padding: 0px;border: 0px none;font-style: inherit;font-variant: inherit;font-weight: inherit;font-size: inherit;line-height: inherit;vertical-align: baseline\">\n<td style=\"margin: 0px;padding: 20px 0px;border-right-width: 0px;border-bottom: 1px solid #e6e7e8;border-left-width: 0px;border-top-style: none;font-style: inherit;font-variant: inherit;font-weight: inherit;line-height: 22px;vertical-align: baseline;text-align: left;width: 275.556px\"> <span style=\"font-size: small\">Vatios-hora<\/span> <\/td>\n<td style=\"margin: 0px;padding: 20px 0px 20px 40px;border-right-width: 0px;border-bottom: 1px solid #e6e7e8;border-left-width: 0px;border-top-style: none;font-style: inherit;font-variant: inherit;font-weight: inherit;line-height: 22px;vertical-align: baseline;text-align: left\"> <span style=\"font-size: small\">14.0 Wh<\/span><\/td>\n<\/tr>\n<\/tbody>\n<\/table>\n<p> <span style=\"font-size: small\">&nbsp;<\/span><\/p>\n","protected":false},"excerpt":{"rendered":"<p>ASPECTOS DESTACADOS DEL PRODUCTO Para videoc\u00e1maras WX970, VX870, V770 Para videoc\u00e1maras W570, V270, V160 Para videoc\u00e1maras V720\/710, V520\/510 Para videoc\u00e1maras<\/p>\n","protected":false},"featured_media":22831,"comment_status":"closed","ping_status":"closed","template":"","meta":{"_acf_changed":false},"product_brand":[2536],"product_cat":[862],"product_tag":[],"class_list":{"0":"post-73433","1":"product","2":"type-product","3":"status-publish","4":"has-post-thumbnail","6":"product_brand-panasonic-es","7":"product_cat-panasonic-es","9":"first","10":"onbackorder","11":"taxable","12":"shipping-taxable","13":"purchasable","14":"product-type-simple"},"bundled_by":[],"bundle_stock_status":"onbackorder","bundle_stock_quantity":null,"bundle_virtual":false,"bundle_layout":"","bundle_add_to_cart_form_location":"","bundle_editable_in_cart":false,"bundle_sold_individually_context":"","bundle_item_grouping":"","bundle_min_size":"","bundle_max_size":"","bundle_price":[],"bundled_items":[],"bundle_sell_ids":[],"acf":[],"_links":{"self":[{"href":"https:\/\/hi-techwonder.com\/es\/wp-json\/wp\/v2\/product\/73433","targetHints":{"allow":["GET"]}}],"collection":[{"href":"https:\/\/hi-techwonder.com\/es\/wp-json\/wp\/v2\/product"}],"about":[{"href":"https:\/\/hi-techwonder.com\/es\/wp-json\/wp\/v2\/types\/product"}],"replies":[{"embeddable":true,"href":"https:\/\/hi-techwonder.com\/es\/wp-json\/wp\/v2\/comments?post=73433"}],"wp:featuredmedia":[{"embeddable":true,"href":"https:\/\/hi-techwonder.com\/es\/wp-json\/wp\/v2\/media\/22831"}],"wp:attachment":[{"href":"https:\/\/hi-techwonder.com\/es\/wp-json\/wp\/v2\/media?parent=73433"}],"wp:term":[{"taxonomy":"product_brand","embeddable":true,"href":"https:\/\/hi-techwonder.com\/es\/wp-json\/wp\/v2\/product_brand?post=73433"},{"taxonomy":"product_cat","embeddable":true,"href":"https:\/\/hi-techwonder.com\/es\/wp-json\/wp\/v2\/product_cat?post=73433"},{"taxonomy":"product_tag","embeddable":true,"href":"https:\/\/hi-techwonder.com\/es\/wp-json\/wp\/v2\/product_tag?post=73433"}],"curies":[{"name":"wp","href":"https:\/\/api.w.org\/{rel}","templated":true}]}}