{"id":73437,"date":"2025-07-28T23:29:53","date_gmt":"2025-07-28T23:29:53","guid":{"rendered":"https:\/\/fv6qoy3ls0.wpdns.site\/produto\/bateria-panasonic-dmw-blk22-2200mah-para-s5-gh5ii-gh5s-g9\/"},"modified":"2026-04-21T17:09:20","modified_gmt":"2026-04-21T16:09:20","slug":"panasonic-lumix-panasonic-bateria-panasonic-dmw-blk22-2200mah-para-s5-gh5ii-gh5s-g9","status":"publish","type":"product","link":"https:\/\/hi-techwonder.com\/es\/producto\/panasonic-lumix-panasonic-bateria-panasonic-dmw-blk22-2200mah-para-s5-gh5ii-gh5s-g9\/","title":{"rendered":"Bater\u00eda PANASONIC DMW-BLK22 2200mAh para S5\/GH5II\/GH5s\/G9"},"content":{"rendered":"<p>Bater\u00eda original PANASONIC para LUMIX DC-S5, GH5II, GH5s y G9.<\/p>\n<p>  Alimente c\u00e1maras Panasonic seleccionadas con la bater\u00eda recargable de iones de litio DMW-BLK22. Esta bater\u00eda de 7,2 V con una capacidad de 2200 mAh se puede cargar con el DMW-BTC15 opcional o dentro de la c\u00e1mara a trav\u00e9s de USB. <\/p>\n<p> <strong>Compatibilidad de la c\u00e1mara<\/strong><\/p>\n<ul>\n<li>  Lumix DC-S5<\/li>\n<li>  Lumix GH5<\/li>\n<li>  Lumix GH5s<\/li>\n<li>  Lumix G9  <\/li>\n<\/ul>\n<table class=\"table_o418fscimQZEg1oshu4aX\" style=\"width: 982px;font-family: OpenSans, 'Segoe UI', Helvetica, Roboto, Arial, sans-serif;font-size: 16px;background-color: #ffffff;height: 93px\" data-selenium=\"specsItemGroupTable\">\n<tbody>\n<tr class=\"pair_3u9fnESIQrtuEu6ye_zM4k\" style=\"border-bottom: 0.0625rem solid #e7e7e7;height: 24px\" data-selenium=\"specsItemGroupTableRow\">\n<td class=\"label_3bLwbW8ibvYc5tUwpKVQsL firstSpecWhenNoGroupName_2L9ob5rxYHNpmiwoNrY0FE\" style=\"width: 373px;padding: 0px 0px 1.25rem;border-top: none;vertical-align: baseline;font-size: 1.125rem;color: #666666;line-height: 1.375rem;height: 24px\" data-selenium=\"specsItemGroupTableColumnLabel\"> Capacidad (Wh) <\/td>\n<td class=\"value_11Av1yGkVYn9TX48mQeu9v firstSpecWhenNoGroupName_2L9ob5rxYHNpmiwoNrY0FE\" style=\"vertical-align: baseline;font-size: 1.125rem;color: #666666;line-height: 1.375rem;padding: 0px 0px 1.25rem 2.5rem;height: 24px;width: 566px\" data-selenium=\"specsItemGroupTableColumnValue\"> 16 Wh <\/td>\n<\/tr>\n<tr class=\"pair_3u9fnESIQrtuEu6ye_zM4k\" style=\"border-bottom: 0.0625rem solid #e7e7e7;height: 23px\" data-selenium=\"specsItemGroupTableRow\">\n<td class=\"label_3bLwbW8ibvYc5tUwpKVQsL\" style=\"width: 373px;padding: 1.25rem 0px;border-top: none;vertical-align: baseline;font-size: 1.125rem;color: #666666;line-height: 1.375rem;height: 23px\" data-selenium=\"specsItemGroupTableColumnLabel\"> Amperios-hora <\/td>\n<td class=\"value_11Av1yGkVYn9TX48mQeu9v\" style=\"vertical-align: baseline;font-size: 1.125rem;color: #666666;line-height: 1.375rem;padding: 1.25rem 0px 1.25rem 2.5rem;height: 23px;width: 566px\" data-selenium=\"specsItemGroupTableColumnValue\"> 2200mAh <\/td>\n<\/tr>\n<tr class=\"pair_3u9fnESIQrtuEu6ye_zM4k\" style=\"border-bottom: 0.0625rem solid #e7e7e7;height: 23px\" data-selenium=\"specsItemGroupTableRow\">\n<td class=\"label_3bLwbW8ibvYc5tUwpKVQsL\" style=\"width: 373px;padding: 1.25rem 0px;border-top: none;vertical-align: baseline;font-size: 1.125rem;color: #666666;line-height: 1.375rem;height: 23px\" data-selenium=\"specsItemGroupTableColumnLabel\"> Qu\u00edmica <\/td>\n<p> de <\/p>\n<td class=\"value_11Av1yGkVYn9TX48mQeu9v\" style=\"vertical-align: baseline;font-size: 1.125rem;color: #666666;line-height: 1.375rem;padding: 1.25rem 0px 1.25rem 2.5rem;height: 23px;width: 566px\" data-selenium=\"specsItemGroupTableColumnValue\"> iones de <\/td>\n<p> litio <\/tr>\n<tr class=\"pair_3u9fnESIQrtuEu6ye_zM4k\" style=\"border-bottom: 0.0625rem solid #e7e7e7;height: 23px\" data-selenium=\"specsItemGroupTableRow\">\n<td class=\"label_3bLwbW8ibvYc5tUwpKVQsL\" style=\"width: 373px;padding: 1.25rem 0px;border-top: none;vertical-align: baseline;font-size: 1.125rem;color: #666666;line-height: 1.375rem;height: 23px\" data-selenium=\"specsItemGroupTableColumnLabel\"> Voltaje de salida <\/td>\n<td class=\"value_11Av1yGkVYn9TX48mQeu9v\" style=\"vertical-align: baseline;font-size: 1.125rem;color: #666666;line-height: 1.375rem;padding: 1.25rem 0px 1.25rem 2.5rem;height: 23px;width: 566px\" data-selenium=\"specsItemGroupTableColumnValue\"> 7.2 VDC<\/td>\n<\/tr>\n<\/tbody>\n<\/table>\n","protected":false},"excerpt":{"rendered":"<p>Bater\u00eda original PANASONIC para LUMIX DC-S5, GH5II, GH5s y G9. Alimente c\u00e1maras Panasonic seleccionadas con la bater\u00eda recargable de iones<\/p>\n","protected":false},"featured_media":22849,"comment_status":"closed","ping_status":"closed","template":"","meta":{"_acf_changed":false},"product_brand":[2536],"product_cat":[862],"product_tag":[],"class_list":{"0":"post-73437","1":"product","2":"type-product","3":"status-publish","4":"has-post-thumbnail","6":"product_brand-panasonic-es","7":"product_cat-panasonic-es","9":"first","10":"instock","11":"taxable","12":"shipping-taxable","13":"purchasable","14":"product-type-simple"},"bundled_by":[],"bundle_stock_status":"instock","bundle_stock_quantity":3,"bundle_virtual":false,"bundle_layout":"","bundle_add_to_cart_form_location":"","bundle_editable_in_cart":false,"bundle_sold_individually_context":"","bundle_item_grouping":"","bundle_min_size":"","bundle_max_size":"","bundle_price":[],"bundled_items":[],"bundle_sell_ids":[],"acf":[],"_links":{"self":[{"href":"https:\/\/hi-techwonder.com\/es\/wp-json\/wp\/v2\/product\/73437","targetHints":{"allow":["GET"]}}],"collection":[{"href":"https:\/\/hi-techwonder.com\/es\/wp-json\/wp\/v2\/product"}],"about":[{"href":"https:\/\/hi-techwonder.com\/es\/wp-json\/wp\/v2\/types\/product"}],"replies":[{"embeddable":true,"href":"https:\/\/hi-techwonder.com\/es\/wp-json\/wp\/v2\/comments?post=73437"}],"wp:featuredmedia":[{"embeddable":true,"href":"https:\/\/hi-techwonder.com\/es\/wp-json\/wp\/v2\/media\/22849"}],"wp:attachment":[{"href":"https:\/\/hi-techwonder.com\/es\/wp-json\/wp\/v2\/media?parent=73437"}],"wp:term":[{"taxonomy":"product_brand","embeddable":true,"href":"https:\/\/hi-techwonder.com\/es\/wp-json\/wp\/v2\/product_brand?post=73437"},{"taxonomy":"product_cat","embeddable":true,"href":"https:\/\/hi-techwonder.com\/es\/wp-json\/wp\/v2\/product_cat?post=73437"},{"taxonomy":"product_tag","embeddable":true,"href":"https:\/\/hi-techwonder.com\/es\/wp-json\/wp\/v2\/product_tag?post=73437"}],"curies":[{"name":"wp","href":"https:\/\/api.w.org\/{rel}","templated":true}]}}