{"id":73438,"date":"2025-07-29T09:36:34","date_gmt":"2025-07-29T09:36:34","guid":{"rendered":"https:\/\/fv6qoy3ls0.wpdns.site\/produto\/panasonic-12-60mm-f2-8-4-asph-power-ois-a-granel\/"},"modified":"2026-04-21T17:10:26","modified_gmt":"2026-04-21T16:10:26","slug":"panasonic-lumix-panasonic-12-60mm-f2-8-4-asph-power-ois-a-granel","status":"publish","type":"product","link":"https:\/\/hi-techwonder.com\/es\/producto\/panasonic-lumix-panasonic-12-60mm-f2-8-4-asph-power-ois-a-granel\/","title":{"rendered":"PANASONIC 12-60mm f2.8-4 ASPH Power OIS (A GRANEL)"},"content":{"rendered":"<p><span style=\"color: #000000\"><b><br \/><\/b><\/span><\/p>\n<p><font size=\"2\"><b>Lente nueva sin usar con una garant\u00eda de 3 a\u00f1os. Proviene de un kit separado de c\u00e1mara + lente para la venta individual de componentes. <\/b><\/font><\/p>\n<p><span style=\"color: #000000\">La distancia focal de 12-60 mm (equivalente a una c\u00e1mara de 35 mm: 24-120 mm) de este objetivo proporciona una configuraci\u00f3n con pesta\u00f1as, desde fondos espectaculares hasta retratos teleproyectivos de 60 mm. La resoluci\u00f3n \u00f3ptima de este objetivo LEICA DG proporciona la m\u00e1xima nitidez a cada elemento de la imagen, de esquina a esquina. <\/span><\/p>\n<p><object><\/object><\/p>\n<p><strong>ASPECTOS DESTACADOS DEL PRODUCTO<\/strong><\/p>\n<ul>\n<li><span style=\"font-size: small\">Sistema Micro Cuatro Tercios<\/span><\/li>\n<li><span style=\"font-size: small\">24-120 mm (equivalente a 35 mm)<\/span><\/li>\n<li><span style=\"font-size: small\">Rango de apertura: f\/2.8 a f\/22<\/span><\/li>\n<li><span style=\"font-size: small\">Cuatro elementos asf\u00e9ricos<\/span><\/li>\n<li><span style=\"font-size: small\">Dos elementos de dispersi\u00f3n extra baja<\/span><\/li>\n<li><span style=\"font-size: small\">Motor de enfoque autom\u00e1tico lineal<\/span><\/li>\n<li><span style=\"font-size: small\">Estabilizaci\u00f3n \u00f3ptica de imagen POWER<\/span><\/li>\n<li><span style=\"font-size: small\">Dise\u00f1o a prueba de salpicaduras, polvo y congelaci\u00f3n<\/span><\/li>\n<li><span style=\"font-size: small\">Diafragma redondeado de 9 hojas<\/span><\/li>\n<\/ul>\n<p><span style=\"font-size: small\">&nbsp;<\/span><\/p>\n<p><span style=\"font-size: small\">Abarcando un rango \u00fatil desde gran angular hasta teleobjetivo corto, el Leica DG Vario-Elmarit 12-60 mm f\/2.8-4 ASPH. El objetivo POWER OIS de Panasonic es un zoom equivalente a 24-120 mm dise\u00f1ado para c\u00e1maras Micro Cuatro Tercios. Dise\u00f1ado en colaboraci\u00f3n con Leica, este vers\u00e1til objetivo utiliza cuatro elementos asf\u00e9ricos y dos elementos de dispersi\u00f3n extra baja para ofrecer una calidad de imagen n\u00edtida y bien corregida sin franjas de color ni distorsi\u00f3n. El objetivo tambi\u00e9n utiliza un motor lineal para un rendimiento de enfoque autom\u00e1tico r\u00e1pido, silencioso y preciso, y el sistema de estabilizaci\u00f3n \u00f3ptica de imagen POWER ayuda a minimizar la aparici\u00f3n de movimiento de la c\u00e1mara para una fotograf\u00eda manual m\u00e1s n\u00edtida. Adem\u00e1s, el cuerpo met\u00e1lico duradero del objetivo lo hace resistente a las salpicaduras, al polvo y a la congelaci\u00f3n para adaptarse a su uso en condiciones ambientales dif\u00edciles.    <\/span><\/p>\n<ul>\n<li><span style=\"font-size: small\">Zoom est\u00e1ndar para c\u00e1maras sin espejo Micro Four Thirds, este objetivo ofrece un rango de distancia focal equivalente a 24-120 mm.<\/span><\/li>\n<li><span style=\"font-size: small\">Cuatro elementos asf\u00e9ricos y dos elementos de dispersi\u00f3n extra baja contribuyen a minimizar las aberraciones crom\u00e1ticas y esf\u00e9ricas y diversas distorsiones para producir un alto grado de claridad, nitidez y precisi\u00f3n de color.<\/span><\/li>\n<li><span style=\"font-size: small\">El motor de enfoque autom\u00e1tico lineal ofrece un rendimiento de AF r\u00e1pido que tambi\u00e9n es preciso, suave y casi silencioso para beneficiar tanto a las aplicaciones fijas como a las de video.<\/span><\/li>\n<li><span style=\"font-size: small\">La estabilizaci\u00f3n \u00f3ptica de imagen POWER minimiza la apariencia del movimiento de la c\u00e1mara para una fotograf\u00eda m\u00e1s n\u00edtida sin tr\u00edpode, y tambi\u00e9n es compatible con la funci\u00f3n Dual IS para un mayor rendimiento de estabilizaci\u00f3n.<\/span><\/li>\n<li><span style=\"font-size: small\">Beneficios del dise\u00f1o a prueba de salpicaduras, polvo y congelaci\u00f3n que funciona en condiciones clim\u00e1ticas adversas.<\/span><\/li>\n<li><span style=\"font-size: small\">El diafragma redondeado de nueve hojas contribuye a una calidad de bokeh suave y agradable.<\/span><\/li>\n<\/ul>\n<p><span style=\"font-size: small\">&nbsp;<\/span><\/p>\n<p style=\"margin-bottom: 0cm\"><span style=\"font-size: small\">&nbsp;<\/span><\/p>\n<p><span style=\"font-size: small\"> <\/span><\/p>\n<table style=\"width: 593px\" border=\"0\" cellspacing=\"0\" cellpadding=\"2\">\n<colgroup>\n<col width=\"206\"><\/colgroup>\n<colgroup>\n<col width=\"379\"><\/colgroup>\n<tbody>\n<tr>\n<th colspan=\"2\" width=\"589\">\n<p style=\"padding: 0cm;font-style: normal;font-weight: normal\"><span style=\"font-size: small\"><a name=\"11011\"><\/a><span style=\"font-size: x-large\">interino<\/span><\/span><\/p>\n<\/th>\n<\/tr>\n<tr>\n<td width=\"206\">\n<p style=\"padding: 0cm 0cm 0.53cm;border: medium medium 1px none none solid -moz-use-text-color -moz-use-text-color #e6e7e8\"><span style=\"font-size: small\">Distancia focal<\/span><\/p>\n<\/td>\n<td width=\"379\">\n<p style=\"padding: 0cm 0cm 0.53cm;border: medium medium 1px none none solid -moz-use-text-color -moz-use-text-color #e6e7e8\"><span style=\"font-size: small\">12 &#8211; 60 mm<br \/>Distancia focal comparable de 35 mm: 24 &#8211; 120 mm<\/span><\/p>\n<\/td>\n<\/tr>\n<tr>\n<td width=\"206\">\n<p style=\"padding: 0cm 0cm 0.53cm;border: medium medium 1px none none solid -moz-use-text-color -moz-use-text-color #e6e7e8\"><span style=\"font-size: small\">Abertura<\/span><\/p>\n<\/td>\n<td width=\"379\">\n<p style=\"padding: 0cm 0cm 0.53cm;border: medium medium 1px none none solid -moz-use-text-color -moz-use-text-color #e6e7e8\"><span style=\"font-size: small\">M\u00e1ximo: f\/2.8 &#8211; 4<br \/>M\u00ednimo: f\/22<\/span><\/p>\n<\/td>\n<\/tr>\n<tr>\n<td width=\"206\">\n<p style=\"padding: 0cm 0cm 0.53cm;border: medium medium 1px none none solid -moz-use-text-color -moz-use-text-color #e6e7e8\"><span style=\"font-size: small\">Tipo de montaje de la c\u00e1mara<\/span><\/p>\n<\/td>\n<td width=\"379\">\n<p style=\"padding: 0cm 0cm 0.53cm;border: medium medium 1px none none solid -moz-use-text-color -moz-use-text-color #e6e7e8\"><span style=\"font-size: small\">Micro Cuatro Tercios<\/span><\/p>\n<\/td>\n<\/tr>\n<tr>\n<td width=\"206\">\n<p style=\"padding: 0cm 0cm 0.53cm;border: medium medium 1px none none solid -moz-use-text-color -moz-use-text-color #e6e7e8\"><span style=\"font-size: small\">Compatibilidad de formatos<\/span><\/p>\n<\/td>\n<td width=\"379\">\n<p style=\"padding: 0cm 0cm 0.53cm;border: medium medium 1px none none solid -moz-use-text-color -moz-use-text-color #e6e7e8\"><span style=\"font-size: small\">Micro Cuatro Tercios<\/span><\/p>\n<\/td>\n<\/tr>\n<tr>\n<td width=\"206\">\n<p style=\"padding: 0cm 0cm 0.53cm;border: medium medium 1px none none solid -moz-use-text-color -moz-use-text-color #e6e7e8\"><span style=\"font-size: small\">\u00c1ngulo<\/span><\/p>\n<\/td>\n<td width=\"379\">\n<p style=\"padding: 0cm 0cm 0.53cm;border: medium medium 1px none none solid -moz-use-text-color -moz-use-text-color #e6e7e8\"><span style=\"font-size: small\">84\u00b0 &#8211; 20\u00b0<\/span><\/p>\n<\/td>\n<\/tr>\n<tr>\n<td width=\"206\">\n<p style=\"padding: 0cm 0cm 0.53cm;border: medium medium 1px none none solid -moz-use-text-color -moz-use-text-color #e6e7e8\"><span style=\"font-size: small\">Distancia m\u00ednima de enfoque<\/span><\/p>\n<\/td>\n<td width=\"379\">\n<p style=\"padding: 0cm 0cm 0.53cm;border: medium medium 1px none none solid -moz-use-text-color -moz-use-text-color #e6e7e8\"><span style=\"font-size: small\">7,87&#8243; (20 cm)<\/span><\/p>\n<\/td>\n<\/tr>\n<tr>\n<td width=\"206\">\n<p style=\"padding: 0cm 0cm 0.53cm;border: medium medium 1px none none solid -moz-use-text-color -moz-use-text-color #e6e7e8\"><span style=\"font-size: small\">Ampliaci\u00f3n<\/span><\/p>\n<\/td>\n<td width=\"379\">\n<p style=\"padding: 0cm 0cm 0.53cm;border: medium medium 1px none none solid -moz-use-text-color -moz-use-text-color #e6e7e8\"><span style=\"font-size: small\">0,3 veces<\/span><\/p>\n<\/td>\n<\/tr>\n<tr>\n<td width=\"206\">\n<p style=\"padding: 0cm 0cm 0.53cm;border: medium medium 1px none none solid -moz-use-text-color -moz-use-text-color #e6e7e8\"><span style=\"font-size: small\">Elementos\/Grupos<\/span><\/p>\n<\/td>\n<td width=\"379\">\n<p style=\"padding: 0cm 0cm 0.53cm;border: medium medium 1px none none solid -moz-use-text-color -moz-use-text-color #e6e7e8\"><span style=\"font-size: small\">14\/12<\/span><\/p>\n<\/td>\n<\/tr>\n<tr>\n<td width=\"206\">\n<p style=\"padding: 0cm 0cm 0.53cm;border: medium medium 1px none none solid -moz-use-text-color -moz-use-text-color #e6e7e8\"><span style=\"font-size: small\">Hojas de diafragma<\/span><\/p>\n<\/td>\n<td width=\"379\">\n<p style=\"padding: 0cm 0cm 0.53cm;border: medium medium 1px none none solid -moz-use-text-color -moz-use-text-color #e6e7e8\"><span style=\"font-size: small\">9, redondeado<\/span><\/p>\n<\/td>\n<\/tr>\n<\/tbody>\n<\/table>\n<p><span style=\"font-size: small\"> <\/span><\/p>\n<table style=\"width: 201px\" border=\"0\" cellspacing=\"0\" cellpadding=\"2\">\n<colgroup>\n<col width=\"156\"><\/colgroup>\n<colgroup>\n<col width=\"37\"><\/colgroup>\n<tbody>\n<tr>\n<th colspan=\"2\" width=\"197\">\n<p style=\"padding: 0cm;font-style: normal;font-weight: normal\"><span style=\"font-size: small\"><a name=\"23001\"><\/a><span style=\"font-size: x-large\">Recursos<\/span><\/span><\/p>\n<\/th>\n<\/tr>\n<tr>\n<td width=\"156\">\n<p style=\"padding: 0cm 0cm 0.53cm;border: medium medium 1px none none solid -moz-use-text-color -moz-use-text-color #e6e7e8\"><span style=\"font-size: small\">Estabilizaci\u00f3n de imagen<\/span><\/p>\n<\/td>\n<td width=\"37\">\n<p style=\"padding: 0cm 0cm 0.53cm;border: medium medium 1px none none solid -moz-use-text-color -moz-use-text-color #e6e7e8\"><span style=\"font-size: small\">S\u00ed<\/span><\/p>\n<\/td>\n<\/tr>\n<tr>\n<td width=\"156\">\n<p style=\"padding: 0cm 0cm 0.53cm;border: medium medium 1px none none solid -moz-use-text-color -moz-use-text-color #e6e7e8\"><span style=\"font-size: small\">Autom\u00e1tico<\/span><\/p>\n<\/td>\n<td width=\"37\">\n<p style=\"padding: 0cm 0cm 0.53cm;border: medium medium 1px none none solid -moz-use-text-color -moz-use-text-color #e6e7e8\"><span style=\"font-size: small\">S\u00ed<\/span><\/p>\n<\/td>\n<\/tr>\n<\/tbody>\n<\/table>\n<p><span style=\"font-size: small\"> <\/span><\/p>\n<table style=\"width: 449px\" border=\"0\" cellspacing=\"0\" cellpadding=\"2\">\n<colgroup>\n<col width=\"147\"><\/colgroup>\n<colgroup>\n<col width=\"294\"><\/colgroup>\n<tbody>\n<tr>\n<th colspan=\"2\" width=\"445\">\n<p style=\"padding: 0cm;font-style: normal;font-weight: normal\"><span style=\"font-size: small\"><a name=\"11501\"><\/a><span style=\"font-size: x-large\">F\u00edsico<\/span><\/span><\/p>\n<\/th>\n<\/tr>\n<tr>\n<td width=\"147\">\n<p style=\"padding: 0cm 0cm 0.53cm;border: medium medium 1px none none solid -moz-use-text-color -moz-use-text-color #e6e7e8\"><span style=\"font-size: small\">Tema de filtro<\/span><\/p>\n<\/td>\n<td width=\"294\">\n<p style=\"padding: 0cm 0cm 0.53cm;border: medium medium 1px none none solid -moz-use-text-color -moz-use-text-color #e6e7e8\"><span style=\"font-size: small\">Frontal: 62 mm<\/span><\/p>\n<\/td>\n<\/tr>\n<tr>\n<td width=\"147\">\n<p style=\"padding: 0cm 0cm 0.53cm;border: medium medium 1px none none solid -moz-use-text-color -moz-use-text-color #e6e7e8\"><span style=\"font-size: small\">Dimensiones (DxL)<\/span><\/p>\n<\/td>\n<td width=\"294\">\n<p style=\"padding: 0cm 0cm 0.53cm;border: medium medium 1px none none solid -moz-use-text-color -moz-use-text-color #e6e7e8\"><span style=\"font-size: small\">Aproximadamente. 2,69 x 3,39&#8243; (68,4 x 86 mm) <\/span><\/p>\n<\/td>\n<\/tr>\n<tr>\n<td width=\"147\">\n<p style=\"padding: 0cm 0cm 0.53cm;border: medium medium 1px none none solid -moz-use-text-color -moz-use-text-color #e6e7e8\"><span style=\"font-size: small\">Peso<\/span><\/p>\n<\/td>\n<td width=\"294\">\n<p style=\"padding: 0cm 0cm 0.53cm;border: medium medium 1px none none solid -moz-use-text-color -moz-use-text-color #e6e7e8\"><span style=\"font-size: small\">320 g (11,29 oz)<\/span><\/p>\n<\/td>\n<\/tr>\n<\/tbody>\n<\/table>\n<p><span style=\"font-size: small\"> <\/span><\/p>\n<p style=\"margin-bottom: 0cm\"><span style=\"font-size: small\">&nbsp;<\/span><\/p>\n","protected":false},"excerpt":{"rendered":"<p>Lente nueva sin usar con una garant\u00eda de 3 a\u00f1os. Proviene de un kit separado de c\u00e1mara + lente para<\/p>\n","protected":false},"featured_media":51389,"comment_status":"closed","ping_status":"closed","template":"","meta":{"_acf_changed":false},"product_brand":[2536],"product_cat":[1062],"product_tag":[],"class_list":{"0":"post-73438","1":"product","2":"type-product","3":"status-publish","4":"has-post-thumbnail","6":"product_brand-panasonic-es","7":"product_cat-mirrorless-objectivos","8":"pa_abertura-maxima-f-2-8-4-es","10":"first","11":"onbackorder","12":"taxable","13":"shipping-taxable","14":"purchasable","15":"product-type-simple"},"bundled_by":[],"bundle_stock_status":"onbackorder","bundle_stock_quantity":null,"bundle_virtual":false,"bundle_layout":"","bundle_add_to_cart_form_location":"","bundle_editable_in_cart":false,"bundle_sold_individually_context":"","bundle_item_grouping":"","bundle_min_size":"","bundle_max_size":"","bundle_price":[],"bundled_items":[],"bundle_sell_ids":[],"acf":[],"_links":{"self":[{"href":"https:\/\/hi-techwonder.com\/es\/wp-json\/wp\/v2\/product\/73438","targetHints":{"allow":["GET"]}}],"collection":[{"href":"https:\/\/hi-techwonder.com\/es\/wp-json\/wp\/v2\/product"}],"about":[{"href":"https:\/\/hi-techwonder.com\/es\/wp-json\/wp\/v2\/types\/product"}],"replies":[{"embeddable":true,"href":"https:\/\/hi-techwonder.com\/es\/wp-json\/wp\/v2\/comments?post=73438"}],"wp:featuredmedia":[{"embeddable":true,"href":"https:\/\/hi-techwonder.com\/es\/wp-json\/wp\/v2\/media\/51389"}],"wp:attachment":[{"href":"https:\/\/hi-techwonder.com\/es\/wp-json\/wp\/v2\/media?parent=73438"}],"wp:term":[{"taxonomy":"product_brand","embeddable":true,"href":"https:\/\/hi-techwonder.com\/es\/wp-json\/wp\/v2\/product_brand?post=73438"},{"taxonomy":"product_cat","embeddable":true,"href":"https:\/\/hi-techwonder.com\/es\/wp-json\/wp\/v2\/product_cat?post=73438"},{"taxonomy":"product_tag","embeddable":true,"href":"https:\/\/hi-techwonder.com\/es\/wp-json\/wp\/v2\/product_tag?post=73438"}],"curies":[{"name":"wp","href":"https:\/\/api.w.org\/{rel}","templated":true}]}}