{"id":73439,"date":"2025-07-29T09:36:40","date_gmt":"2025-07-29T09:36:40","guid":{"rendered":"https:\/\/fv6qoy3ls0.wpdns.site\/produto\/panasonic-100-300mm-f-4-5-6-ii-power-ois\/"},"modified":"2026-04-21T17:10:36","modified_gmt":"2026-04-21T16:10:36","slug":"panasonic-lumix-panasonic-100-300mm-f-4-5-6-ii-power-ois","status":"publish","type":"product","link":"https:\/\/hi-techwonder.com\/es\/producto\/panasonic-lumix-panasonic-100-300mm-f-4-5-6-ii-power-ois\/","title":{"rendered":"PANASONIC 100-300mm f\/4-5.6 II Power OIS"},"content":{"rendered":"<p><span style=\"font-size: small\"><strong>ASPECTOS DESTACADOS DEL PRODUCTO<\/strong><\/p>\n<p><\/span><\/p>\n<ul>\n<li><span style=\"font-size: small\">Sistema Micro Cuatro Tercios<\/span><\/li>\n<li><span style=\"font-size: small\">200-600 mm (equivalente a 35 mm)<\/span><\/li>\n<li><span style=\"font-size: small\">Rango de apertura: f\/4 a f\/22<\/span><\/li>\n<li><span style=\"font-size: small\">Un elemento de dispersi\u00f3n extra baja<\/span><\/li>\n<li><span style=\"font-size: small\">Motor de enfoque autom\u00e1tico lineal<\/span><\/li>\n<li><span style=\"font-size: small\">Estabilizaci\u00f3n \u00f3ptica de imagen POWER<\/span><\/li>\n<li><span style=\"font-size: small\">Construcci\u00f3n a prueba de salpicaduras y polvo<\/span><\/li>\n<li><span style=\"font-size: small\">Diafragma redondeado de 7 hojas<\/span><\/li>\n<\/ul>\n<p><span style=\"font-size: small\"><br \/>Un zoom de teleobjetivo de largo alcance para c\u00e1maras Micro Cuatro Tercios, el objetivo Lumix G Vario 100-300mm f\/4-5.6 II POWER OIS de Panasonic abarca un rango equivalente de 200-600 mm, lo que lo hace adecuado para la fotograf\u00eda de vida silvestre, naturaleza y deportes. El dise\u00f1o \u00f3ptico incorpora un elemento de dispersi\u00f3n extra baja para reducir las franjas de color en todo el rango del zoom, adem\u00e1s de proporcionar una mayor claridad y precisi\u00f3n del color. Beneficiando a la \u00f3ptica, la lente tambi\u00e9n alberga un motor de enfoque autom\u00e1tico lineal r\u00e1pido, silencioso y preciso, as\u00ed como la estabilizaci\u00f3n \u00f3ptica de imagen POWER, que admite la funci\u00f3n Dual IS en c\u00e1maras Lumix seleccionadas. Adem\u00e1s, el objetivo tambi\u00e9n cuenta con una construcci\u00f3n a prueba de salpicaduras y polvo para su uso en condiciones ambientales dif\u00edciles.   <\/span><\/p>\n<p><span style=\"font-size: small\">&nbsp;<\/span><\/p>\n<ul>\n<li><span style=\"font-size: small\">Zoom de teleobjetivo dise\u00f1ado para c\u00e1maras sin espejo Micro Four Thirds, este objetivo ofrece un rango de distancia focal equivalente a 200-600 mm.<\/span><\/li>\n<li><span style=\"font-size: small\">Se presenta un elemento de dispersi\u00f3n extra baja en el dise\u00f1o \u00f3ptico para minimizar las franjas de color y las aberraciones crom\u00e1ticas para mejorar la claridad y la fidelidad del color.<\/span><\/li>\n<li><span style=\"font-size: small\">El motor de enfoque autom\u00e1tico lineal ofrece un rendimiento de AF r\u00e1pido que tambi\u00e9n es preciso, suave y casi silencioso para beneficiar tanto a las aplicaciones fijas como a las de video.<\/span><\/li>\n<li><span style=\"font-size: small\">La estabilizaci\u00f3n \u00f3ptica de imagen POWER minimiza la apariencia del movimiento de la c\u00e1mara para una fotograf\u00eda m\u00e1s n\u00edtida sin tr\u00edpode, y tambi\u00e9n es compatible con la funci\u00f3n Dual IS para un mayor rendimiento de estabilizaci\u00f3n.<\/span><\/li>\n<li><span style=\"font-size: small\">El dise\u00f1o a prueba de salpicaduras y polvo beneficia el trabajo en condiciones clim\u00e1ticas adversas.<\/span><\/li>\n<li><span style=\"font-size: small\">El diafragma redondeado de siete hojas contribuye a una calidad de bokeh suave y agradable.<\/span><\/li>\n<\/ul>\n<p><span style=\"font-size: small\">&nbsp;<\/span><\/p>\n<p style=\"margin-bottom: 0cm\"><span style=\"font-size: small\">&nbsp;<\/span><\/p>\n<p><span style=\"font-size: small\"> <\/span><\/p>\n<table style=\"width: 603px\" border=\"0\" cellspacing=\"0\" cellpadding=\"2\">\n<colgroup>\n<col width=\"206\"><\/colgroup>\n<colgroup>\n<col width=\"389\"><\/colgroup>\n<tbody>\n<tr>\n<th colspan=\"2\" width=\"599\">\n<p style=\"padding: 0cm;font-style: normal;font-weight: normal\"><span style=\"font-size: small\"><a name=\"11011\"><\/a><span style=\"font-size: x-large\">interino<\/span><\/span><\/p>\n<\/th>\n<\/tr>\n<tr>\n<td width=\"206\">\n<p style=\"padding: 0cm 0cm 0.53cm;border: medium medium 1px none none solid -moz-use-text-color -moz-use-text-color #e6e7e8\"><span style=\"font-size: small\">Distancia focal<\/span><\/p>\n<\/td>\n<td width=\"389\">\n<p style=\"padding: 0cm 0cm 0.53cm;border: medium medium 1px none none solid -moz-use-text-color -moz-use-text-color #e6e7e8\"><span style=\"font-size: small\">100 &#8211; 300 mm<br \/>Distancia focal comparable de 35 mm: 200 &#8211; 600 mm<\/span><\/p>\n<\/td>\n<\/tr>\n<tr>\n<td width=\"206\">\n<p style=\"padding: 0cm 0cm 0.53cm;border: medium medium 1px none none solid -moz-use-text-color -moz-use-text-color #e6e7e8\"><span style=\"font-size: small\">Abertura<\/span><\/p>\n<\/td>\n<td width=\"389\">\n<p style=\"padding: 0cm 0cm 0.53cm;border: medium medium 1px none none solid -moz-use-text-color -moz-use-text-color #e6e7e8\"><span style=\"font-size: small\">M\u00e1ximo: f\/4 &#8211; 5.6<br \/>M\u00ednimo: f\/22<\/span><\/p>\n<\/td>\n<\/tr>\n<tr>\n<td width=\"206\">\n<p style=\"padding: 0cm 0cm 0.53cm;border: medium medium 1px none none solid -moz-use-text-color -moz-use-text-color #e6e7e8\"><span style=\"font-size: small\">Tipo de montaje de la c\u00e1mara<\/span><\/p>\n<\/td>\n<td width=\"389\">\n<p style=\"padding: 0cm 0cm 0.53cm;border: medium medium 1px none none solid -moz-use-text-color -moz-use-text-color #e6e7e8\"><span style=\"font-size: small\">Micro Cuatro Tercios<\/span><\/p>\n<\/td>\n<\/tr>\n<tr>\n<td width=\"206\">\n<p style=\"padding: 0cm 0cm 0.53cm;border: medium medium 1px none none solid -moz-use-text-color -moz-use-text-color #e6e7e8\"><span style=\"font-size: small\">Compatibilidad de formatos<\/span><\/p>\n<\/td>\n<td width=\"389\">\n<p style=\"padding: 0cm 0cm 0.53cm;border: medium medium 1px none none solid -moz-use-text-color -moz-use-text-color #e6e7e8\"><span style=\"font-size: small\">Micro Cuatro Tercios<\/span><\/p>\n<\/td>\n<\/tr>\n<tr>\n<td width=\"206\">\n<p style=\"padding: 0cm 0cm 0.53cm;border: medium medium 1px none none solid -moz-use-text-color -moz-use-text-color #e6e7e8\"><span style=\"font-size: small\">\u00c1ngulo<\/span><\/p>\n<\/td>\n<td width=\"389\">\n<p style=\"padding: 0cm 0cm 0.53cm;border: medium medium 1px none none solid -moz-use-text-color -moz-use-text-color #e6e7e8\"><span style=\"font-size: small\">12\u00b0 &#8211; 4,1\u00b0<\/span><\/p>\n<\/td>\n<\/tr>\n<tr>\n<td width=\"206\">\n<p style=\"padding: 0cm 0cm 0.53cm;border: medium medium 1px none none solid -moz-use-text-color -moz-use-text-color #e6e7e8\"><span style=\"font-size: small\">Distancia m\u00ednima de enfoque<\/span><\/p>\n<\/td>\n<td width=\"389\">\n<p style=\"padding: 0cm 0cm 0.53cm;border: medium medium 1px none none solid -moz-use-text-color -moz-use-text-color #e6e7e8\"><span style=\"font-size: small\">4,92&#8242; (1,5 m)<\/span><\/p>\n<\/td>\n<\/tr>\n<tr>\n<td width=\"206\">\n<p style=\"padding: 0cm 0cm 0.53cm;border: medium medium 1px none none solid -moz-use-text-color -moz-use-text-color #e6e7e8\"><span style=\"font-size: small\">Ampliaci\u00f3n<\/span><\/p>\n<\/td>\n<td width=\"389\">\n<p style=\"padding: 0cm 0cm 0.53cm;border: medium medium 1px none none solid -moz-use-text-color -moz-use-text-color #e6e7e8\"><span style=\"font-size: small\">0,21 veces<\/span><\/p>\n<\/td>\n<\/tr>\n<tr>\n<td width=\"206\">\n<p style=\"padding: 0cm 0cm 0.53cm;border: medium medium 1px none none solid -moz-use-text-color -moz-use-text-color #e6e7e8\"><span style=\"font-size: small\">Elementos\/Grupos<\/span><\/p>\n<\/td>\n<td width=\"389\">\n<p style=\"padding: 0cm 0cm 0.53cm;border: medium medium 1px none none solid -moz-use-text-color -moz-use-text-color #e6e7e8\"><span style=\"font-size: small\">17\/12<\/span><\/p>\n<\/td>\n<\/tr>\n<tr>\n<td width=\"206\">\n<p style=\"padding: 0cm 0cm 0.53cm;border: medium medium 1px none none solid -moz-use-text-color -moz-use-text-color #e6e7e8\"><span style=\"font-size: small\">Hojas de diafragma<\/span><\/p>\n<\/td>\n<td width=\"389\">\n<p style=\"padding: 0cm 0cm 0.53cm;border: medium medium 1px none none solid -moz-use-text-color -moz-use-text-color #e6e7e8\"><span style=\"font-size: small\">7, redondeado<\/span><\/p>\n<\/td>\n<\/tr>\n<\/tbody>\n<\/table>\n<p><span style=\"font-size: small\"> <\/span><\/p>\n<table style=\"width: 201px\" border=\"0\" cellspacing=\"0\" cellpadding=\"2\">\n<colgroup>\n<col width=\"156\"><\/colgroup>\n<colgroup>\n<col width=\"37\"><\/colgroup>\n<tbody>\n<tr>\n<th colspan=\"2\" width=\"197\">\n<p style=\"padding: 0cm;font-style: normal;font-weight: normal\"><span style=\"font-size: small\"><a name=\"23001\"><\/a><span style=\"font-size: x-large\">Recursos<\/span><\/span><\/p>\n<\/th>\n<\/tr>\n<tr>\n<td width=\"156\">\n<p style=\"padding: 0cm 0cm 0.53cm;border: medium medium 1px none none solid -moz-use-text-color -moz-use-text-color #e6e7e8\"><span style=\"font-size: small\">Estabilizaci\u00f3n de imagen<\/span><\/p>\n<\/td>\n<td width=\"37\">\n<p style=\"padding: 0cm 0cm 0.53cm;border: medium medium 1px none none solid -moz-use-text-color -moz-use-text-color #e6e7e8\"><span style=\"font-size: small\">S\u00ed<\/span><\/p>\n<\/td>\n<\/tr>\n<tr>\n<td width=\"156\">\n<p style=\"padding: 0cm 0cm 0.53cm;border: medium medium 1px none none solid -moz-use-text-color -moz-use-text-color #e6e7e8\"><span style=\"font-size: small\">Autom\u00e1tico<\/span><\/p>\n<\/td>\n<td width=\"37\">\n<p style=\"padding: 0cm 0cm 0.53cm;border: medium medium 1px none none solid -moz-use-text-color -moz-use-text-color #e6e7e8\"><span style=\"font-size: small\">S\u00ed<\/span><\/p>\n<\/td>\n<\/tr>\n<\/tbody>\n<\/table>\n<p><span style=\"font-size: small\"> <\/span><\/p>\n<table style=\"width: 459px\" border=\"0\" cellspacing=\"0\" cellpadding=\"2\">\n<colgroup>\n<col width=\"147\"><\/colgroup>\n<colgroup>\n<col width=\"304\"><\/colgroup>\n<tbody>\n<tr>\n<th colspan=\"2\" width=\"455\">\n<p style=\"padding: 0cm;font-style: normal;font-weight: normal\"><span style=\"font-size: small\"><a name=\"11501\"><\/a><span style=\"font-size: x-large\">F\u00edsico<\/span><\/span><\/p>\n<\/th>\n<\/tr>\n<tr>\n<td width=\"147\">\n<p style=\"padding: 0cm 0cm 0.53cm;border: medium medium 1px none none solid -moz-use-text-color -moz-use-text-color #e6e7e8\"><span style=\"font-size: small\">Tema de filtro<\/span><\/p>\n<\/td>\n<td width=\"304\">\n<p style=\"padding: 0cm 0cm 0.53cm;border: medium medium 1px none none solid -moz-use-text-color -moz-use-text-color #e6e7e8\"><span style=\"font-size: small\">Frontal: 67 mm<\/span><\/p>\n<\/td>\n<\/tr>\n<tr>\n<td width=\"147\">\n<p style=\"padding: 0cm 0cm 0.53cm;border: medium medium 1px none none solid -moz-use-text-color -moz-use-text-color #e6e7e8\"><span style=\"font-size: small\">Dimensiones (DxL)<\/span><\/p>\n<\/td>\n<td width=\"304\">\n<p style=\"padding: 0cm 0cm 0.53cm;border: medium medium 1px none none solid -moz-use-text-color -moz-use-text-color #e6e7e8\"><span style=\"font-size: small\">Aproximadamente. 2,90 x 4,96&#8243; (73,6 x 126 mm) <\/span><\/p>\n<\/td>\n<\/tr>\n<tr>\n<td width=\"147\">\n<p style=\"padding: 0cm 0cm 0.53cm;border: medium medium 1px none none solid -moz-use-text-color -moz-use-text-color #e6e7e8\"><span style=\"font-size: small\">Peso<\/span><\/p>\n<\/td>\n<td width=\"304\">\n<p style=\"padding: 0cm 0cm 0.53cm;border: medium medium 1px none none solid -moz-use-text-color -moz-use-text-color #e6e7e8\"><span style=\"font-size: small\">1,14 libras (520 g)<\/span><\/p>\n<\/td>\n<\/tr>\n<\/tbody>\n<\/table>\n<p><span style=\"font-size: small\"> <\/span><\/p>\n<p style=\"margin-bottom: 0cm\"><span style=\"font-size: small\">&nbsp;<\/span><\/p>\n<p><span style=\"font-size: small\">&nbsp;<\/span><\/p>\n","protected":false},"excerpt":{"rendered":"<p>ASPECTOS DESTACADOS DEL PRODUCTO Sistema Micro Cuatro Tercios 200-600 mm (equivalente a 35 mm) Rango de apertura: f\/4 a f\/22<\/p>\n","protected":false},"featured_media":51392,"comment_status":"closed","ping_status":"open","template":"","meta":{"_acf_changed":false},"product_brand":[2536],"product_cat":[1062],"product_tag":[],"class_list":{"0":"post-73439","1":"product","2":"type-product","3":"status-publish","4":"has-post-thumbnail","6":"product_brand-panasonic-es","7":"product_cat-mirrorless-objectivos","8":"pa_abertura-maxima-f-4-5-6-es","10":"first","11":"onbackorder","12":"taxable","13":"shipping-taxable","14":"purchasable","15":"product-type-simple"},"bundled_by":[],"bundle_stock_status":"onbackorder","bundle_stock_quantity":null,"bundle_virtual":false,"bundle_layout":"","bundle_add_to_cart_form_location":"","bundle_editable_in_cart":false,"bundle_sold_individually_context":"","bundle_item_grouping":"","bundle_min_size":"","bundle_max_size":"","bundle_price":[],"bundled_items":[],"bundle_sell_ids":[],"acf":[],"_links":{"self":[{"href":"https:\/\/hi-techwonder.com\/es\/wp-json\/wp\/v2\/product\/73439","targetHints":{"allow":["GET"]}}],"collection":[{"href":"https:\/\/hi-techwonder.com\/es\/wp-json\/wp\/v2\/product"}],"about":[{"href":"https:\/\/hi-techwonder.com\/es\/wp-json\/wp\/v2\/types\/product"}],"replies":[{"embeddable":true,"href":"https:\/\/hi-techwonder.com\/es\/wp-json\/wp\/v2\/comments?post=73439"}],"wp:featuredmedia":[{"embeddable":true,"href":"https:\/\/hi-techwonder.com\/es\/wp-json\/wp\/v2\/media\/51392"}],"wp:attachment":[{"href":"https:\/\/hi-techwonder.com\/es\/wp-json\/wp\/v2\/media?parent=73439"}],"wp:term":[{"taxonomy":"product_brand","embeddable":true,"href":"https:\/\/hi-techwonder.com\/es\/wp-json\/wp\/v2\/product_brand?post=73439"},{"taxonomy":"product_cat","embeddable":true,"href":"https:\/\/hi-techwonder.com\/es\/wp-json\/wp\/v2\/product_cat?post=73439"},{"taxonomy":"product_tag","embeddable":true,"href":"https:\/\/hi-techwonder.com\/es\/wp-json\/wp\/v2\/product_tag?post=73439"}],"curies":[{"name":"wp","href":"https:\/\/api.w.org\/{rel}","templated":true}]}}