{"id":73442,"date":"2025-07-29T09:35:37","date_gmt":"2025-07-29T09:35:37","guid":{"rendered":"https:\/\/fv6qoy3ls0.wpdns.site\/produto\/sistema-om-zuiko-ed-20mm-1-4-pro\/"},"modified":"2026-04-06T17:56:21","modified_gmt":"2026-04-06T16:56:21","slug":"om-system-sistema-om-zuiko-ed-20mm-1-4-pro","status":"publish","type":"product","link":"https:\/\/hi-techwonder.com\/es\/producto\/om-system-sistema-om-zuiko-ed-20mm-1-4-pro\/","title":{"rendered":"SISTEMA OM ZUIKO ED 20mm\/1.4 PRO"},"content":{"rendered":"<p>Un objetivo gran angular dedicado a las c\u00e1maras mirrorless<\/p>\n<p>El objetivo principal est\u00e1 dise\u00f1ado para personas a las que les gusta esconderse en el bosque o hacer un viaje al seno de la naturaleza. Su dise\u00f1o compacto y ligero es ?? Perfecto para largas caminatas. El M.Zuiko 20mm f\/1.4 PRO es resistente al agua y est\u00e1 sellado adicionalmente, por lo que no tienes que preocuparte por tu seguridad al disparar. No renuncies a los paisajes brumosos y a los bonitos primeros planos por las gotas de lluvia. La apertura f\/1.4 te permite crear un efecto bokeh m\u00e1gico que le da a tus fotos una atm\u00f3sfera \u00fanica.<\/p>\n<p>El dise\u00f1o peque\u00f1o y liviano tiene un gran potencial. La lente pesa solo 247 g, por lo que puedes llevarla en viajes largos al bosque y no te sentir\u00e1s abrumado. <\/p>\n<p>El objetivo M.Zuiko DIGITAL ED 20mm F\/1.4 PRO se distingue por:<\/p>\n<ul>\n<li>Mejor calidad fotogr\u00e1fica<\/li>\n<li>Alta calidad \u00f3ptica<\/li>\n<li>Tama\u00f1o peque\u00f1o&nbsp;<\/li>\n<\/ul>\n<p>El desenfoque natural est\u00e1 garantizado en comparaci\u00f3n con otros objetivos M.Zuiko DIGITAL ED 20mm F\/1.4 PRO. Junto con la apertura F\/1.4, que proporciona el hermoso efecto bokeh que disfrutan los creadores, se convierte en una lente extremadamente deseable. <\/p>\n<p>La lente tiene un aumento de 0.11x, correspondiente a 0.22x para el formato de 35 mm. De esta manera, podr\u00e1s capturar hermosos detalles en tus largas caminatas. <\/p>\n<p>Podr\u00e1s crear una imagen extremadamente m\u00e1gica con un efecto bokeh suave y difuso, y el bajo valor de apertura de F\/1.4 solo se sumar\u00e1 a ese efecto \u00fanico.<\/p>\n<p>Dentro del estuche hay lentes pulidos de alta calidad, dise\u00f1ados para brindarle fotos al m\u00e1s alto nivel.<\/p>\n<p>M.Zuiko Digital ED 20mm f\/1.4 PRO garantiza una imagen de alta resoluci\u00f3n y una nitidez incre\u00edble.<\/p>\n<p><strong>Usos recomendados:<\/strong><\/p>\n<ul>\n<li>Retrato<\/li>\n<li>Mala iluminaci\u00f3n<\/li>\n<li>Naturaleza<\/li>\n<li>Viajar<\/li>\n<li>Paisaje<\/li>\n<li>Universal<\/li>\n<li>Arquitectura<\/li>\n<li>Especificaciones t\u00e9cnicas:<\/li>\n<li>Usos recomendados: Retrato, Poca luz, Naturaleza, Viajes, Paisaje, General, Arquitectura<\/li>\n<li>Distancia focal: 20 mm<\/li>\n<li>\u00c1ngulo de visi\u00f3n 57\u00b0<\/li>\n<li>Enfoque cercano 0,25 m<\/li>\n<li>Elementos de lente esf\u00e9rica 2<\/li>\n<li>Configuraci\u00f3n \u00f3ptica 11 elementos \/ 10 grupos<\/li>\n<li>Aumento m\u00e1ximo de la imagen 0,11x (Micro Cuatro Tercios) \/ 0,22x (formato de 35 mm)<\/li>\n<li>Elementos de lente SED 1<\/li>\n<li>Elementos ED 3 2 (RH Super Optics)<\/li>\n<li>Abertura<\/li>\n<li>Apertura m\u00e1xima F1.4<\/li>\n<li>Apertura m\u00ednima F16<\/li>\n<li>N\u00famero de cuchillas de apertura 9<\/li>\n<li>Ventilaciones circulares para un desenfoque natural del fondo<\/li>\n<li>Di\u00e1metro del filtro 58 mm<\/li>\n<li>Longitud 61,7 mm<\/li>\n<li>Di\u00e1metro 63,4 mm<\/li>\n<li>Peso 247 g<\/li>\n<li>LC-58F Tapa de lente<\/li>\n<li>Sombrilla LH-61G<\/li>\n<\/ul>\n","protected":false},"excerpt":{"rendered":"<p>Un objetivo gran angular dedicado a las c\u00e1maras mirrorless El objetivo principal est\u00e1 dise\u00f1ado para personas a las que les<\/p>\n","protected":false},"featured_media":51169,"comment_status":"closed","ping_status":"closed","template":"","meta":{"_acf_changed":false},"product_brand":[2540],"product_cat":[1062],"product_tag":[],"class_list":{"0":"post-73442","1":"product","2":"type-product","3":"status-publish","4":"has-post-thumbnail","6":"product_brand-om-system-es","7":"product_cat-mirrorless-objectivos","8":"pa_abertura-maxima-f-1-4-es","10":"first","11":"instock","12":"taxable","13":"shipping-taxable","14":"purchasable","15":"product-type-simple"},"bundled_by":[],"bundle_stock_status":"instock","bundle_stock_quantity":1,"bundle_virtual":false,"bundle_layout":"","bundle_add_to_cart_form_location":"","bundle_editable_in_cart":false,"bundle_sold_individually_context":"","bundle_item_grouping":"","bundle_min_size":"","bundle_max_size":"","bundle_price":[],"bundled_items":[],"bundle_sell_ids":[],"acf":[],"_links":{"self":[{"href":"https:\/\/hi-techwonder.com\/es\/wp-json\/wp\/v2\/product\/73442","targetHints":{"allow":["GET"]}}],"collection":[{"href":"https:\/\/hi-techwonder.com\/es\/wp-json\/wp\/v2\/product"}],"about":[{"href":"https:\/\/hi-techwonder.com\/es\/wp-json\/wp\/v2\/types\/product"}],"replies":[{"embeddable":true,"href":"https:\/\/hi-techwonder.com\/es\/wp-json\/wp\/v2\/comments?post=73442"}],"wp:featuredmedia":[{"embeddable":true,"href":"https:\/\/hi-techwonder.com\/es\/wp-json\/wp\/v2\/media\/51169"}],"wp:attachment":[{"href":"https:\/\/hi-techwonder.com\/es\/wp-json\/wp\/v2\/media?parent=73442"}],"wp:term":[{"taxonomy":"product_brand","embeddable":true,"href":"https:\/\/hi-techwonder.com\/es\/wp-json\/wp\/v2\/product_brand?post=73442"},{"taxonomy":"product_cat","embeddable":true,"href":"https:\/\/hi-techwonder.com\/es\/wp-json\/wp\/v2\/product_cat?post=73442"},{"taxonomy":"product_tag","embeddable":true,"href":"https:\/\/hi-techwonder.com\/es\/wp-json\/wp\/v2\/product_tag?post=73442"}],"curies":[{"name":"wp","href":"https:\/\/api.w.org\/{rel}","templated":true}]}}