{"id":73448,"date":"2025-07-29T00:21:56","date_gmt":"2025-07-29T00:21:56","guid":{"rendered":"https:\/\/fv6qoy3ls0.wpdns.site\/produto\/om-system-om-d-e-m10-iv-ed-14-42mm-f-3-5-5-6-ez-negro\/"},"modified":"2026-04-06T17:56:09","modified_gmt":"2026-04-06T16:56:09","slug":"om-system-om-d-e-m10-iv-ed-14-42mm-f-3-5-5-6-ez-negro","status":"publish","type":"product","link":"https:\/\/hi-techwonder.com\/es\/producto\/om-system-om-d-e-m10-iv-ed-14-42mm-f-3-5-5-6-ez-negro\/","title":{"rendered":"OM SYSTEM OM-D E-M10 IV + ED 14-42mm f\/3.5-5.6 EZ Negro"},"content":{"rendered":"<p><strong>OLYMPUS OM-D E-M10 Mark IV <\/strong><strong>+ <\/strong><strong>M.Zuiko Digital ED 14-42mm f\/3.5-5.6 EZ &#8211; Negro<\/strong><\/p>\n<p><strong>Funciones:<\/strong><\/p>\n<ul>\n<li>Micro Cuatro Tercios<\/li>\n<li>20,3 megap\u00edxeles p\u00edxeles efectivos&nbsp;<\/li>\n<li>21,8 megap\u00edxeles Resoluci\u00f3n completa&nbsp;<\/li>\n<li>Grabaci\u00f3n de video UHD 4K30p<\/li>\n<li>Procesador TruePic VIII<\/li>\n<li>Libre, flexible, enfocado<\/li>\n<\/ul>\n<p><strong>Contenido del paquete:<\/strong><\/p>\n<ul>\n<li>Olympus OM-D E-M10 Mark IV Negro<\/li>\n<li>Olympus M.Zuiko Digital ED 14-42mm f\/3.5-5.6 EZ Negro<\/li>\n<li>Bater\u00eda de iones de litio Olympus BLS-50<\/li>\n<li>Adaptador de CA Olympus F-5AC<\/li>\n<li>Tapa de cuerpo Micro Four Thirds (BC-2)<\/li>\n<li>Correa para el hombro<\/li>\n<li>Cable USB<\/li>\n<li>Manual<\/li>\n<\/ul>\n<p><iframe loading=\"lazy\" style=\"min-height: 500px; width: 100%; height: auto;\" src=\"https:\/\/www.youtube.com\/embed\/QPr3Wzg8dY8\" width=\"560\" height=\"314\" allowfullscreen=\"allowfullscreen\"><\/iframe><\/p>\n<p>La E-M10 Mark IV es una peque\u00f1a maravilla de la tecnolog\u00eda en el mejor de los sentidos. No necesitas ser un profesional para usar esta c\u00e1mara y crear im\u00e1genes llenas de car\u00e1cter. La E-M10 Mark IV te guiar\u00e1 incluso en las situaciones de disparo m\u00e1s dif\u00edciles y te ayudar\u00e1 con una gama de tecnolog\u00edas de c\u00e1maras inteligentes.  <\/p>\n<p><strong>Tu nuevo equipo para selfies<\/strong><\/p>\n<p>Lleva tus historias digitales y poses de selfies un paso m\u00e1s all\u00e1 con la Olympus E-M10 Mark IV. Para capturarte en modo autorretrato: pliega la pantalla t\u00e1ctil, adopta la pose y toca para disparar. Un retraso de un segundo asegura que su rostro aparezca al frente y al centro, no su mano.  <\/p>\n<p><strong>Dispara como un profesional<\/strong><\/p>\n<p>Una amplia gama de funciones de disparo avanzadas lleva tu experiencia con la E-M10 Mark IV al siguiente nivel. Y te hace sentir satisfecho, sin querer nada m\u00e1s. Desde tomar fotos incre\u00edbles de alta calidad hasta grabar videos 4K que te dejar\u00e1n sin aliento.  <\/p>\n<p><strong>Prepara la escena<\/strong><\/p>\n<p>No hay dos escenas y temas iguales. El modo SCN elimina las conjeturas de la configuraci\u00f3n al optimizarlas para una amplia variedad de escenas, desde paisajes y retratos hasta la luz de las velas. El resultado: fotos perfectas en todo momento.  <\/p>\n<p><strong>Nuevo en modo SCN: Panorama<\/strong><\/p>\n<p>Las monta\u00f1as. La playa. El impresionante paisaje urbano. Cambia al modo Panorama para disparar en r\u00e1faga con una calidad de imagen incre\u00edble. Mantenga presionado el obturador en la Olympus E-M10 Mark IV, como en un tel\u00e9fono inteligente, y luego mueva la c\u00e1mara horizontal o verticalmente.    &nbsp;<\/p>\n<p><strong>Toque Modo AP<\/strong><\/p>\n<p>\u00bfEst\u00e1s pensando en llevar tus habilidades fotogr\u00e1ficas a un territorio profesional, con el m\u00ednimo esfuerzo? Descubre el modo de fotograf\u00eda avanzada (AP). Las nueve opciones preestablecidas lo invitan a descubrir nuevas t\u00e9cnicas y caracter\u00edsticas.  <\/p>\n<p><strong>Fotograf\u00edas dif\u00edciles, tomadas con facilidad<\/strong><\/p>\n<p>Utilice la gama completa de funciones fotogr\u00e1ficas del modo AP para acceder f\u00e1cilmente a tomas dif\u00edciles. Gira la c\u00e1mara para grabar paisajes en el modo Panorama. Captura los rastros de luz y las luces de coche perfectos en el modo Live Composition. O juega con los modos Live Time y Multi Exposure para obtener estilos originales.   <\/p>\n<p><strong>Videos caseros 4K<\/strong><\/p>\n<p>No te limites a capturar una experiencia emocionante, graba un video 4K a mano con tu talentosa c\u00e1mara digital 4K. La E-M10 Mark IV te permite capturar recuerdos y momentos como videos de alta resoluci\u00f3n. Cuando sea necesario, se activa la estabilizaci\u00f3n de imagen de 5 ejes. Mant\u00e9n las im\u00e1genes n\u00edtidas y sin sacudidas, incluso mientras la filmaci\u00f3n est\u00e1 en curso.   <\/p>\n<p><strong>Modo de foto silenciosa<\/strong><\/p>\n<p>Para los momentos que desea capturar para siempre, sin llamar la atenci\u00f3n a medida que se desarrollan las situaciones: Modo de foto silenciosa. Desactiva todos los sonidos de la c\u00e1mara, para que puedas disparar desde la distancia. Y para mantener la paz y el silencio.  <\/p>\n<p><strong>Preciso y enfocado: seguimiento del tema<\/strong><\/p>\n<p>En las pistas o en la carretera, disparar con detecci\u00f3n secuencial de sujetos en la E-M10 Mark IV te permite capturar m\u00faltiples tomas con facilidad. Usando un algoritmo refinado, la c\u00e1mara digital compacta enfoca y bloquea a su sujeto, rastreando y reenfocando entre tomas. Para tomas secuenciales con hasta seis fotogramas por segundo.  <\/p>\n<p><strong>Detalles de una fracci\u00f3n de segundo: incendio de bloqueo secuencial<\/strong><\/p>\n<p>\u00bfSabes d\u00f3nde est\u00e1 la acci\u00f3n? Capt\u00faralo con el disparo secuencial con bloqueo en la E-M10 Mark IV. El enfoque autom\u00e1tico de alta velocidad garantiza que nunca te perder\u00e1s ni una fracci\u00f3n de segundo. Te permite disparar hasta 15 fotogramas por segundo. Despu\u00e9s del enfoque autom\u00e1tico solo una vez.    <\/p>\n<p><strong>Aumento del enfoque autom\u00e1tico con detecci\u00f3n de rostros y ojos<\/strong><\/p>\n<p>La pr\u00f3xima generaci\u00f3n de AF de detecci\u00f3n de rostros y detecci\u00f3n de ojos detecta rostros y ojos mientras dispara, enfoc\u00e1ndolos autom\u00e1ticamente. Para tomas perfectas en modo retrato, siempre. <\/p>\n<p><strong>Un potencial a\u00fan mayor<\/strong><\/p>\n<p>Repleta de sofisticadas opciones de ampliaci\u00f3n, la E-M10 Mark IV convierte cualquier disparo en una oportunidad. Conectividad Wi-Fi y Bluetooth incorporada, carga USB, la aplicaci\u00f3n OI. Share y Olympus Workspace para la edici\u00f3n de fotos: estos son solo el comienzo. <\/p>\n<p><strong>A trav\u00e9s de Wi-Fi y Bluetooth<\/strong><\/p>\n<p>Comparte fotos y mucho m\u00e1s al instante a trav\u00e9s de la conexi\u00f3n Wi-Fi integrada de la c\u00e1mara E-M10 Mark IV. La importaci\u00f3n de fotos siempre activa te permite compartir tus fotos en las redes sociales en poco tiempo. Solo obt\u00e9n la aplicaci\u00f3n OI. F\u00e1cil de usar en su tel\u00e9fono inteligente.   <\/p>\n<p><strong>Dispara desde la distancia<\/strong><\/p>\n<p>Tanto Wi-Fi como Bluetooth brindan una forma de disparar de forma remota. Con Wi-Fi, usa el control remoto de Live View. O el control remoto de la c\u00e1mara Bluetooth que ahorra bater\u00eda conocido como Wireless Controller.  <\/p>\n<p><strong>M.ZUIKO DIGITAL ED 14-42MM F3.5-5.6 EZ PANCAKE<\/strong><\/p>\n<p>El M.Zuiko Digital ED 14-42mm F3.5-5.6 EZ (28-84mm) es el objetivo zoom pancake m\u00e1s delgado del mundo que ofrece una calidad de imagen incre\u00edblemente n\u00edtida durante toda la toma. Ofrece un impresionante zoom \u00f3ptico de 3x para mayor versatilidad con su rango de longitud de enfoque extendido. El mecanismo de zoom electr\u00f3nico incluso le permite acercar \/ alejar de forma remota a trav\u00e9s de un dispositivo m\u00f3vil habilitado para IO. Compartir. El enfoque autom\u00e1tico excepcionalmente r\u00e1pido y silencioso le permite tomar fotos y videos con sutileza.   <\/p>\n<p><strong>Especificaciones de la OM-D E-M10 Mark IV<\/strong><strong><strong>:<\/strong><\/strong><\/p>\n<p><span style=\"font-family: OpenSans, Segoe UI, Helvetica, Roboto, Arial, sans-serif;\"><span style=\"font-size: medium;\"><strong>Imagenol\u00f3gico<\/strong><\/span><\/span><\/p>\n<table border=\"0\" width=\"642\" cellspacing=\"0\" cellpadding=\"2\">\n<colgroup>\n<col width=\"299\">\n<col width=\"335\"><\/colgroup>\n<tbody>\n<tr>\n<td width=\"299\">Montura de<\/td>\n<p> lente<\/p>\n<td width=\"335\">Micro Cuatro Tercios<\/td>\n<\/tr>\n<tr>\n<td width=\"299\">Formato de<\/td>\n<p> c\u00e1mara<\/p>\n<td width=\"335\">Micro Cuatro Tercios (2x Factor de Recorte)<\/td>\n<\/tr>\n<tr>\n<td width=\"299\">P\u00edxeles<\/td>\n<td width=\"335\">Actual: 21,8 megap\u00edxeles<br \/>Efectivo: 20,3 megap\u00edxeles<\/td>\n<\/tr>\n<tr>\n<td width=\"299\">Resoluci\u00f3n<\/td>\n<p> m\u00e1xima<\/p>\n<td width=\"335\">5184 x 3888<\/td>\n<\/tr>\n<tr>\n<td width=\"299\">Relaci\u00f3n de aspecto<\/td>\n<td width=\"335\">Isa\u00edas 4:3<\/td>\n<\/tr>\n<tr>\n<td width=\"299\">Tipo<\/td>\n<p> de sensor<\/p>\n<td width=\"335\">NOSOTROS<\/td>\n<\/tr>\n<tr>\n<td width=\"299\">Tama\u00f1o del<\/td>\n<p> sensor<\/p>\n<td width=\"335\">17,4 x 13 mm<\/td>\n<\/tr>\n<tr>\nFormato <\/p>\n<td width=\"299\">de archivo de imagen<\/td>\n<td width=\"335\">JPEG, sin procesar<\/td>\n<\/tr>\n<tr>\n<td width=\"299\">Profundidad de<\/td>\n<p> bits<\/p>\n<td width=\"335\">12 bits<\/td>\n<\/tr>\n<tr>\n<td width=\"299\">Estabilizaci\u00f3n de<\/td>\n<p> imagen<\/p>\n<td width=\"335\">Sensor-Shift, 5 ejes<\/td>\n<\/tr>\n<\/tbody>\n<\/table>\n<p><span style=\"font-family: OpenSans, Segoe UI, Helvetica, Roboto, Arial, sans-serif;\"><span style=\"font-size: medium;\"><strong>Control de exposici\u00f3n<\/strong><\/span><\/span><\/p>\n<table border=\"0\" width=\"643\" cellspacing=\"0\" cellpadding=\"2\">\n<colgroup>\n<col width=\"299\">\n<col width=\"336\"><\/colgroup>\n<tbody>\n<tr>\n<td width=\"299\">Sensibilidad<\/td>\n<p> ISO<\/p>\n<td width=\"336\">Autom\u00e1tico, 200 a 25600 (ampliado: 100 a 25600)<\/td>\n<\/tr>\n<tr>\n<td width=\"299\">Velocidad de obturaci\u00f3n<\/td>\n<td width=\"336\"><strong>Obturador mec\u00e1nico<\/strong><br \/>1\/4000 a 60 segundos<br \/>De 0 a 3 horas en modo Bulb<br \/><strong>Obturador electr\u00f3nico de cortina frontal<\/strong><br \/>De 1\/320 a 60 segundos<br \/><strong>Obturador electr\u00f3nico<\/strong><br \/>1\/16000 a 60 segundos<\/td>\n<\/tr>\n<tr>\n<td width=\"299\">M\u00e9todo<\/td>\n<p> de medici\u00f3n<\/p>\n<td width=\"336\">Promedio ponderado al centro, multizona, puntual<\/td>\n<\/tr>\n<tr>\n<td width=\"299\">Modos de<\/td>\n<p> exposici\u00f3n<\/p>\n<td width=\"336\">Prioridad de apertura, Autom\u00e1tico, Manual, Programa, Prioridad de obturaci\u00f3n<\/td>\n<\/tr>\n<tr>\n<td width=\"299\">Compensaci\u00f3n de<\/td>\n<p> exposici\u00f3n<\/p>\n<td width=\"336\">De -5 a +5 EV (pasos de 1\/3, 1\/2, 1 EV)<\/td>\n<\/tr>\n<tr>\n<td width=\"299\">Rango<\/td>\n<p> de medici\u00f3n<\/p>\n<td width=\"336\">De -2 a 20 EV<\/td>\n<\/tr>\n<tr>\n<td width=\"299\">Balance de<\/td>\n<p> blancos<\/p>\n<td width=\"336\">Autom\u00e1tico, temperatura de color<\/td>\n<\/tr>\n<tr>\n<td width=\"299\">Disparo continuo<\/td>\n<td width=\"336\"><strong>Obturador mec\u00e1nico<\/strong><br \/>Hasta 8,7 fps a 20,3 MP para fotogramas ilimitados (RAW) \/ fotogramas ilimitados (JPEG)<br \/><strong>Obturador mec\u00e1nico<\/strong><br \/>Hasta 5 fps a 20,3 MP para fotogramas ilimitados (RAW) \/ fotogramas ilimitados (JPEG)<br \/><strong>Obturador electr\u00f3nico<\/strong><br \/>Hasta 15 fps a 20,3 MP para hasta 42 fotogramas (RAW) \/ 49 fotogramas (JPEG)<br \/><strong>Obturador electr\u00f3nico<\/strong><br \/>Hasta 6,3 fps a 20,3 MP para hasta 945 fotogramas (sin procesar) \/ fotogramas ilimitados (JPEG)<\/td>\n<\/tr>\n<tr>\n<td width=\"299\">Registro<\/td>\n<p> de intervalos<\/p>\n<td width=\"336\">S\u00ed<\/td>\n<\/tr>\n<tr>\n<td width=\"299\">Disparador<\/td>\n<p> autom\u00e1tico<\/p>\n<td width=\"336\">Retraso de 2\/12 segundos<\/td>\n<\/tr>\n<\/tbody>\n<\/table>\n<p><span style=\"font-family: OpenSans, Segoe UI, Helvetica, Roboto, Arial, sans-serif;\"><span style=\"font-size: medium;\"><strong>V\u00eddeo<\/strong><\/span><\/span><\/p>\n<table border=\"0\" width=\"643\" cellspacing=\"0\" cellpadding=\"2\">\n<colgroup>\n<col width=\"298\">\n<col width=\"337\"><\/colgroup>\n<tbody>\n<tr>\n<td width=\"298\">Modos de grabaci\u00f3n<\/td>\n<td width=\"337\">H.264\/MOV<br \/>UHD 4K (3840 x 2160) a 23,976p\/25p\/29,97p [102 Mb\/s]<br \/>Full HD (1920 x 1080) a 23,976p\/25p\/29,97p\/50p\/59,94p\/119,88p [18 a 52 Mb\/s]<br \/>HD (1280 x 720) a 23,976p\/25p\/29,97p\/50p\/59,94p [10 a 26 Mb\/s]<br \/>MOV<br \/>HD (1280 x 720) a 119,88p<\/td>\n<\/tr>\n<tr>\nModos <\/p>\n<td width=\"298\">de grabaci\u00f3n externos<\/td>\n<td width=\"337\">UHD 4K (3840 x 2160) hasta 29,97p<\/td>\n<\/tr>\n<tr>\n<td width=\"298\">L\u00edmite<\/td>\n<p> de grabaci\u00f3n<\/p>\n<td width=\"337\">Hasta 29 minutos<\/td>\n<\/tr>\n<tr>\n<td width=\"298\">Codificaci\u00f3n<\/td>\n<p> de video<\/p>\n<td width=\"337\">NTSC\/PAL<\/td>\n<\/tr>\n<tr>\n<td width=\"298\">Grabaci\u00f3n<\/td>\n<p> de audio<\/p>\n<td width=\"337\">Micr\u00f3fono incorporado (est\u00e9reo)<\/td>\n<\/tr>\n<tr>\nFormato <\/p>\n<td width=\"298\">de archivo de audio<\/td>\n<td width=\"337\">PCM lineal (est\u00e9reo)<\/td>\n<\/tr>\n<\/tbody>\n<\/table>\n<p><span style=\"font-family: OpenSans, Segoe UI, Helvetica, Roboto, Arial, sans-serif;\"><span style=\"font-size: medium;\"><strong>Centro de atenci\u00f3n<\/strong><\/span><\/span><\/p>\n<table border=\"0\" width=\"642\" cellspacing=\"0\" cellpadding=\"2\">\n<colgroup>\n<col width=\"300\">\n<col width=\"333\"><\/colgroup>\n<tbody>\n<tr>\n<td width=\"300\">Tipo de<\/td>\n<p> enfoque<\/p>\n<td width=\"333\">Enfoque autom\u00e1tico y manual<\/td>\n<\/tr>\n<tr>\n<td width=\"300\">Modo de<\/td>\n<p> enfoque<\/p>\n<td width=\"333\">AF servo continuo (C), enfoque manual (M), AF servo \u00fanico (S)<\/td>\n<\/tr>\n<tr>\nPuntos <\/p>\n<td width=\"300\">de enfoque autom\u00e1tico<\/td>\n<td width=\"333\">Detecci\u00f3n de contraste: 121<\/td>\n<\/tr>\n<\/tbody>\n<\/table>\n<p><span style=\"font-family: OpenSans, Segoe UI, Helvetica, Roboto, Arial, sans-serif;\"><span style=\"font-size: medium;\"><strong>Visor y monitor<\/strong><\/span><\/span><\/p>\n<table border=\"0\" width=\"642\" cellspacing=\"0\" cellpadding=\"2\">\n<colgroup>\n<col width=\"299\">\n<col width=\"334\"><\/colgroup>\n<tbody>\n<tr>\n<td width=\"299\">Tipo<\/td>\n<p> de visor<\/p>\n<td width=\"334\">Electr\u00f3nico (OLED)<\/td>\n<\/tr>\n<tr>\n<td width=\"299\">Resoluci\u00f3n del<\/td>\n<p> visor<\/p>\n<td width=\"334\">2.360.000 puntos<\/td>\n<\/tr>\n<tr>\n<td width=\"299\">Punto<\/td>\n<p> de vista del visor<\/p>\n<td width=\"334\">19,2 mil\u00edmetros<\/td>\n<\/tr>\n<tr>\n<td width=\"299\">Cobertura<\/td>\n<p> del visor<\/p>\n<td width=\"334\">100%<\/td>\n<\/tr>\n<tr>\n<td width=\"299\">Ampliaci\u00f3n del visor<\/td>\n<td width=\"334\">Aprox. 0,67 veces <\/td>\n<\/tr>\n<tr>\n<td width=\"299\">Ajuste de dioptr\u00edas<\/td>\n<td width=\"334\">De -4 a +2<\/td>\n<\/tr>\n<tr>\n<td width=\"299\">Tama\u00f1o del<\/td>\n<p> monitor<\/p>\n<td width=\"334\">3&#8243;<\/td>\n<\/tr>\n<tr>\n<td width=\"299\">Resoluci\u00f3n del<\/td>\n<p> monitor<\/p>\n<td width=\"334\">1.040.000 puntos<\/td>\n<\/tr>\n<tr>\n<td width=\"299\">Tipo de<\/td>\n<p> monitor<\/p>\n<td width=\"334\">Pantalla t\u00e1ctil LCD inclinable de 180\u00b0<\/td>\n<\/tr>\n<\/tbody>\n<\/table>\n<p><span style=\"font-family: OpenSans, Segoe UI, Helvetica, Roboto, Arial, sans-serif;\"><span style=\"font-size: medium;\"><strong>Flash<\/strong><\/span><\/span><\/p>\n<table style=\"height: 192px;\" border=\"0\" width=\"643\" cellspacing=\"0\" cellpadding=\"2\">\n<colgroup>\n<col width=\"299\">\n<col width=\"335\"><\/colgroup>\n<tbody>\n<tr style=\"height: 21px;\">\n<td style=\"height: 21px; width: 289.444px;\">Flash<\/td>\n<p> incorporado<\/p>\n<td style=\"height: 21px; width: 325px;\">S\u00ed<\/td>\n<\/tr>\n<tr style=\"height: 66px;\">\n<td style=\"height: 66px; width: 289.444px;\">Modos de<\/td>\n<p> flash<\/p>\n<td style=\"height: 66px; width: 325px;\">Flash de relleno, Desactivado, Reducci\u00f3n de ojos rojos, Sincronizaci\u00f3n a la segunda cortinilla, Sincronizaci\u00f3n lenta, Sincronizaci\u00f3n lenta\/Reducci\u00f3n de ojos rojos<\/td>\n<\/tr>\n<tr style=\"height: 21px;\">\n<td style=\"height: 21px; width: 289.444px;\">N\u00famero de<\/td>\n<p> gu\u00eda<\/p>\n<td style=\"height: 21px; width: 325px;\">5,1 m con ISO 100<\/td>\n<\/tr>\n<tr style=\"height: 21px;\">\nVelocidad <\/p>\n<td style=\"height: 21px; width: 289.444px;\">m\u00e1xima de sincronizaci\u00f3n<\/td>\n<td style=\"height: 21px; width: 325px;\">1\/250 segundos<\/td>\n<\/tr>\n<tr style=\"height: 21px;\">\n<td style=\"height: 21px; width: 289.444px;\">Compensaci\u00f3n de<\/td>\n<p> flash<\/p>\n<td style=\"height: 21px; width: 325px;\">De -3 a +3 EV (pasos de 1\/3, 1\/2, 1 EV)<\/td>\n<\/tr>\n<tr style=\"height: 21px;\">\n<td style=\"height: 21px; width: 289.444px;\">Sistema<\/td>\n<p> flash dedicado<\/p>\n<td style=\"height: 21px; width: 325px;\">TTL<\/td>\n<\/tr>\n<tr style=\"height: 21px;\">\n<td style=\"height: 21px; width: 289.444px;\">Conexi\u00f3n<\/td>\n<p> flash externa<\/p>\n<td style=\"height: 21px; width: 330.333px;\">Zapata<\/td>\n<\/tr>\n<\/tbody>\n<\/table>\n<p><span style=\"font-family: OpenSans, Segoe UI, Helvetica, Roboto, Arial, sans-serif;\"><span style=\"font-size: medium;\"><strong>Interfaz<\/strong><\/span><\/span><\/p>\n<table border=\"0\" width=\"641\" cellspacing=\"0\" cellpadding=\"2\">\n<colgroup>\n<col width=\"299\">\n<col width=\"333\"><\/colgroup>\n<tbody>\n<tr>\n<td width=\"299\">Ranura<\/td>\n<p> para tarjeta de memoria<\/p>\n<td width=\"333\">Ranura \u00fanica: SD\/SDHC\/SDXC (UHS-II)<\/td>\n<\/tr>\n<tr>\n<td width=\"299\">Conectividad<\/td>\n<td width=\"333\">USB Micro-B (USB 2.0), HDMI D (Micro)<\/td>\n<\/tr>\n<tr>\n<td width=\"299\">Inal\u00e1mbrico<\/td>\n<td width=\"333\">Bluetooth<br \/>Conexi\u00f3n Wi-Fi<\/td>\n<\/tr>\n<tr>\n<td width=\"299\">GPS<\/td>\n<td width=\"333\">En<\/td>\n<\/tr>\n<\/tbody>\n<\/table>\n<p><span style=\"font-family: OpenSans, Segoe UI, Helvetica, Roboto, Arial, sans-serif;\"><span style=\"font-size: medium;\"><strong>Medioambiental<\/strong><\/span><\/span><\/p>\n<table border=\"0\" width=\"642\" cellspacing=\"0\" cellpadding=\"2\">\n<colgroup>\n<col width=\"299\">\n<col width=\"334\"><\/colgroup>\n<tbody>\n<tr>\n<td width=\"299\">Temperatura de<\/td>\n<p> funcionamiento<\/p>\n<td width=\"334\">De -10 a 40 \u00b0C<\/td>\n<\/tr>\n<tr>\n<td width=\"299\">Humedad<\/td>\n<p> de funcionamiento<\/p>\n<td width=\"334\">Del 30 al 90%<\/td>\n<\/tr>\n<tr>\n<td width=\"299\">Temperatura<\/td>\n<p> de almacenamiento<\/p>\n<td width=\"334\">De -20 a 60 \u00b0C<\/td>\n<\/tr>\n<tr>\n<td width=\"299\">Humedad de<\/td>\n<p> almacenamiento<\/p>\n<td width=\"334\">Del 10 al 90%<\/td>\n<\/tr>\n<\/tbody>\n<\/table>\n<p><span style=\"font-family: OpenSans, Segoe UI, Helvetica, Roboto, Arial, sans-serif;\"><span style=\"font-size: medium;\"><strong>F\u00edsico<\/strong><\/span><\/span><\/p>\n<table border=\"0\" width=\"643\" cellspacing=\"0\" cellpadding=\"2\">\n<colgroup>\n<col width=\"299\">\n<col width=\"335\"><\/colgroup>\n<tbody>\n<tr>\n<td width=\"299\">Bater\u00eda<\/td>\n<td width=\"335\">1 x BLS-50 recargable de iones de litio, 7,2 V CC, 1175 mAh (aprox. 360 disparos)<\/td>\n<\/tr>\n<tr>\n<td width=\"299\">Dimensiones (ancho x alto x profundidad)<\/td>\n<td width=\"335\">121,7 x 84,4 x 49 mm<\/td>\n<\/tr>\n<tr>\n<td width=\"299\">Peso<\/td>\n<td width=\"335\">335 g (solo cuerpo)<br \/>383 g (cuerpo con bater\u00eda y memoria)<\/td>\n<\/tr>\n<\/tbody>\n<\/table>\n<p><strong>Especificaciones M.Zuiko Digital ED 14-42mm f\/3.5-5.6 EZ PANCAKE:<\/strong><\/p>\n<table border=\"0\" width=\"642\" cellspacing=\"0\" cellpadding=\"2\">\n<colgroup>\n<col width=\"299\">\n<col width=\"334\"> <\/colgroup>\n<tbody>\n<tr>\n<td width=\"299\">Distancia<\/td>\n<p> focal<\/p>\n<td width=\"334\">De 14 a 42 mm (distancia focal equivalente a 35 mm: de 28 a 84 mm)<\/td>\n<\/tr>\n<tr>\n<td width=\"299\">Apertura<\/td>\n<p> m\u00e1xima<\/p>\n<td width=\"334\">f\/3.5 a 5.6<\/td>\n<\/tr>\n<tr>\n<td width=\"299\">Apertura<\/td>\n<p> m\u00ednima<\/p>\n<td width=\"334\">f\/22<\/td>\n<\/tr>\n<tr>\n<td width=\"299\">\u00c1ngulo de visi\u00f3n<\/td>\n<td width=\"334\">De 75\u00b0 a 29\u00b0<\/td>\n<\/tr>\n<tr>\n<td width=\"299\">Aumento<\/td>\n<p> m\u00e1ximo<\/p>\n<td width=\"334\">0,23 veces<\/td>\n<\/tr>\n<tr>\nDistancia <\/p>\n<td width=\"299\">m\u00ednima de enfoque<\/td>\n<td width=\"334\">20 cm<\/td>\n<\/tr>\n<tr>\n<td width=\"299\">Dise\u00f1o<\/td>\n<p> \u00f3ptico<\/p>\n<td width=\"334\">8 elementos en 7 grupos<\/td>\n<\/tr>\n<tr>\nHojas de <\/p>\n<td width=\"299\">diafragma<\/td>\n<td width=\"334\">5, redondeado<\/td>\n<\/tr>\n<tr>\n<td width=\"299\">Tipo de<\/td>\n<p> enfoque<\/p>\n<td width=\"334\">Enfoque autom\u00e1tico<\/td>\n<\/tr>\n<tr>\n<td width=\"299\">Estabilizaci\u00f3n de<\/td>\n<p> imagen<\/p>\n<td width=\"334\">En<\/td>\n<\/tr>\n<tr>\n<td width=\"299\">Tama\u00f1o del<\/td>\n<p> filtro<\/p>\n<td width=\"334\">37 mm (Frontal)<\/td>\n<\/tr>\n<tr>\n<td width=\"299\">Dimensiones (\u00f8 x L)<\/td>\n<td width=\"334\">61 x 22,9 mil\u00edmetros<\/td>\n<\/tr>\n<tr>\n<td width=\"299\">Peso<\/td>\n<td width=\"334\">91 gramos<\/td>\n<\/tr>\n<\/tbody>\n<\/table>\n","protected":false},"excerpt":{"rendered":"<p>OLYMPUS OM-D E-M10 Mark IV + M.Zuiko Digital ED 14-42mm f\/3.5-5.6 EZ &#8211; Negro Funciones: Micro Cuatro Tercios 20,3 megap\u00edxeles<\/p>\n","protected":false},"featured_media":38864,"comment_status":"closed","ping_status":"open","template":"","meta":{"_acf_changed":false},"product_brand":[2540],"product_cat":[932],"product_tag":[],"class_list":{"0":"post-73448","1":"product","2":"type-product","3":"status-publish","4":"has-post-thumbnail","6":"product_brand-om-system-es","7":"product_cat-mirrorless-es","8":"pa_cartoes-memoria-compativeis-sd-es","9":"pa_cor-negro","10":"pa_estabilizacao-de-imagem-si","11":"pa_iso-25600-es","12":"pa_montagem-micro-4-3","13":"pa_resolucao-de-video-4k-es","14":"pa_resolucao-mp-20-mp-es","15":"pa_sensor-fotograma-completo","16":"pa_tamanho-resolucao-lcd-3-0-1-04m-puntos","17":"pa_tipo-de-lcd-articulado-com-modo-selfie-es","19":"first","20":"pre-order","21":"taxable","22":"shipping-taxable","23":"purchasable","24":"product-type-simple"},"bundled_by":[],"bundle_stock_status":"pre-order","bundle_stock_quantity":null,"bundle_virtual":false,"bundle_layout":"","bundle_add_to_cart_form_location":"","bundle_editable_in_cart":false,"bundle_sold_individually_context":"","bundle_item_grouping":"","bundle_min_size":"","bundle_max_size":"","bundle_price":[],"bundled_items":[],"bundle_sell_ids":[],"acf":[],"_links":{"self":[{"href":"https:\/\/hi-techwonder.com\/es\/wp-json\/wp\/v2\/product\/73448","targetHints":{"allow":["GET"]}}],"collection":[{"href":"https:\/\/hi-techwonder.com\/es\/wp-json\/wp\/v2\/product"}],"about":[{"href":"https:\/\/hi-techwonder.com\/es\/wp-json\/wp\/v2\/types\/product"}],"replies":[{"embeddable":true,"href":"https:\/\/hi-techwonder.com\/es\/wp-json\/wp\/v2\/comments?post=73448"}],"wp:featuredmedia":[{"embeddable":true,"href":"https:\/\/hi-techwonder.com\/es\/wp-json\/wp\/v2\/media\/38864"}],"wp:attachment":[{"href":"https:\/\/hi-techwonder.com\/es\/wp-json\/wp\/v2\/media?parent=73448"}],"wp:term":[{"taxonomy":"product_brand","embeddable":true,"href":"https:\/\/hi-techwonder.com\/es\/wp-json\/wp\/v2\/product_brand?post=73448"},{"taxonomy":"product_cat","embeddable":true,"href":"https:\/\/hi-techwonder.com\/es\/wp-json\/wp\/v2\/product_cat?post=73448"},{"taxonomy":"product_tag","embeddable":true,"href":"https:\/\/hi-techwonder.com\/es\/wp-json\/wp\/v2\/product_tag?post=73448"}],"curies":[{"name":"wp","href":"https:\/\/api.w.org\/{rel}","templated":true}]}}