{"id":73449,"date":"2025-07-29T09:19:22","date_gmt":"2025-07-29T09:19:22","guid":{"rendered":"https:\/\/fv6qoy3ls0.wpdns.site\/produto\/panasonic-dmw-stc20-lumix-s-teleconvertidor-2x\/"},"modified":"2026-04-21T17:10:06","modified_gmt":"2026-04-21T16:10:06","slug":"panasonic-lumix-panasonic-dmw-stc20-lumix-s-teleconvertidor-2x","status":"publish","type":"product","link":"https:\/\/hi-techwonder.com\/es\/producto\/panasonic-lumix-panasonic-dmw-stc20-lumix-s-teleconvertidor-2x\/","title":{"rendered":"PANASONIC DMW-STC20 Lumix S Teleconvertidor 2x"},"content":{"rendered":"<p>El <strong>modelo DMW-STC20 le permite<\/strong> acercar sujetos distantes. Ampl\u00eda la distancia focal de 70-200 mm a 140-400 mm (equivalente a una c\u00e1mara de 35 mm) simplemente mont\u00e1ndolo en la parte posterior de la lente. <strong>Compatible con<\/strong> <strong>el modelo Lumix S PRO 70-200mm f\/4 OIS<\/strong> .* <\/p>\n<p>  * El firmware debe actualizarse a la \u00faltima versi\u00f3n.<\/p>\n<p> <strong>Caracter\u00edsticas principales:<\/strong><\/p>\n<ul>\n<li>  Teleconvertidor de montura L<\/li>\n<li>  Factor de aumento 2x<\/li>\n<li>  Dos elementos de \u00edndice de refracci\u00f3n ultra alto<\/li>\n<li>  Comunicaci\u00f3n entre el objetivo y la c\u00e1mara<\/li>\n<li>  Mantiene la medici\u00f3n, el enfoque autom\u00e1tico y el OIS<\/li>\n<li>  Construcci\u00f3n resistente a la intemperie<\/li>\n<li>  Compatible con lentes Select L-Mount<\/li>\n<\/ul>\n<p>  Ampl\u00ede el alcance de los objetivos seleccionados con montura L con el teleconvertidor DMW-STC20 Lumix S 2x de Panasonic. Este teleconvertidor ampl\u00eda la imagen en 2x y mantiene una comunicaci\u00f3n completa entre la lente y el cuerpo de la c\u00e1mara, lo que permite la medici\u00f3n, el enfoque autom\u00e1tico y la estabilizaci\u00f3n de imagen, as\u00ed como la transmisi\u00f3n de datos Exif. Su dise\u00f1o \u00f3ptico tambi\u00e9n incorpora un par de elementos de \u00edndice de refracci\u00f3n ultra alto para mantener una alta nitidez y una representaci\u00f3n precisa. Adem\u00e1s, el teleconvertidor tiene una construcci\u00f3n resistente a la intemperie que reduce las posibilidades de que el polvo, el agua o incluso el fr\u00edo afecten el rendimiento.   <\/p>\n<p> <strong>Lentes compatibles<\/strong><\/p>\n<p>  Lumix S PRO 70-200mm f\/4 OIS  <\/p>\n<h2 class=\"title_1tNQ83iPOOgJ6m5fVkxmSw\" style=\"margin: 0px;padding: 2.8125rem 0px;text-transform: capitalize;font-size: 2.125rem;font-weight: 400;color: #333333;line-height: 3.1875rem;font-family: OpenSans, 'Segoe UI', Helvetica, Roboto, Arial, sans-serif;background-color: #ffffff\" data-selenium=\"specsItemTitle\"> <strong>Panasonic DMW-STC20<\/strong> <\/h2>\n<div class=\"group_K7YrQottgVsRZ4B6zAaGG\" style=\"margin-bottom: 2.1875rem;font-family: OpenSans, 'Segoe UI', Helvetica, Roboto, Arial, sans-serif;font-size: 16px;background-color: #ffffff\">\n<table class=\"table_o418fscimQZEg1oshu4aX\" style=\"width: 726.667px\" data-selenium=\"specsItemGroupTable\">\n<tbody>\n<tr class=\"pair_3u9fnESIQrtuEu6ye_zM4k\" style=\"border-bottom: 0.0625rem solid #e7e7e7\" data-selenium=\"specsItemGroupTableRow\">\n<td class=\"label_3bLwbW8ibvYc5tUwpKVQsL firstSpecWhenNoGroupName_2L9ob5rxYHNpmiwoNrY0FE\" style=\"width: 275.556px;padding: 0px 0px 1.25rem;border-top: none;vertical-align: baseline;font-size: 1.125rem;color: #666666;line-height: 1.375rem\" data-selenium=\"specsItemGroupTableColumnLabel\"> <strong><span style=\"font-size: 12pt\">Ensamblar<\/strong><\/span> <\/td>\n<td class=\"value_11Av1yGkVYn9TX48mQeu9v firstSpecWhenNoGroupName_2L9ob5rxYHNpmiwoNrY0FE\" style=\"padding: 0px 0px 1.25rem 2.5rem;vertical-align: baseline;font-size: 1.125rem;color: #666666;line-height: 1.375rem\" data-selenium=\"specsItemGroupTableColumnValue\">  Leica L  <\/td>\n<\/tr>\n<tr class=\"pair_3u9fnESIQrtuEu6ye_zM4k\" style=\"border-bottom: 0.0625rem solid #e7e7e7\" data-selenium=\"specsItemGroupTableRow\">\n<td class=\"label_3bLwbW8ibvYc5tUwpKVQsL\" style=\"width: 275.556px;padding: 1.25rem 0px;border-top: none;vertical-align: baseline;font-size: 1.125rem;color: #666666;line-height: 1.375rem\" data-selenium=\"specsItemGroupTableColumnLabel\"> <strong><span style=\"font-size: 12pt\">Ampliaci\u00f3n<\/strong><\/span> <\/td>\n<td class=\"value_11Av1yGkVYn9TX48mQeu9v\" style=\"padding: 1.25rem 0px 1.25rem 2.5rem;vertical-align: baseline;font-size: 1.125rem;color: #666666;line-height: 1.375rem\" data-selenium=\"specsItemGroupTableColumnValue\">  2 veces  <\/td>\n<\/tr>\n<tr class=\"pair_3u9fnESIQrtuEu6ye_zM4k\" style=\"border-bottom: 0.0625rem solid #e7e7e7\" data-selenium=\"specsItemGroupTableRow\">\n<td class=\"label_3bLwbW8ibvYc5tUwpKVQsL\" style=\"width: 275.556px;padding: 1.25rem 0px;border-top: none;vertical-align: baseline;font-size: 1.125rem;color: #666666;line-height: 1.375rem\" data-selenium=\"specsItemGroupTableColumnLabel\"> <strong><span style=\"font-size: 12pt\">Dise\u00f1o \u00f3ptico<\/strong><\/span> <\/td>\n<td class=\"value_11Av1yGkVYn9TX48mQeu9v\" style=\"padding: 1.25rem 0px 1.25rem 2.5rem;vertical-align: baseline;font-size: 1.125rem;color: #666666;line-height: 1.375rem\" data-selenium=\"specsItemGroupTableColumnValue\">  8 elementos en 4 grupos  <\/td>\n<\/tr>\n<tr class=\"pair_3u9fnESIQrtuEu6ye_zM4k\" style=\"border-bottom: 0.0625rem solid #e7e7e7\" data-selenium=\"specsItemGroupTableRow\">\n<td class=\"label_3bLwbW8ibvYc5tUwpKVQsL\" style=\"width: 275.556px;padding: 1.25rem 0px;border-top: none;vertical-align: baseline;font-size: 1.125rem;color: #666666;line-height: 1.375rem\" data-selenium=\"specsItemGroupTableColumnLabel\"> <strong>P\u00e9rdida de<\/strong> <strong>luz<\/strong> <\/td>\n<td class=\"value_11Av1yGkVYn9TX48mQeu9v\" style=\"padding: 1.25rem 0px 1.25rem 2.5rem;vertical-align: baseline;font-size: 1.125rem;color: #666666;line-height: 1.375rem\" data-selenium=\"specsItemGroupTableColumnValue\"> 2 pasos <\/td>\n<\/tr>\n<tr class=\"pair_3u9fnESIQrtuEu6ye_zM4k\" style=\"border-bottom: 0.0625rem solid #e7e7e7\" data-selenium=\"specsItemGroupTableRow\">\n<td class=\"label_3bLwbW8ibvYc5tUwpKVQsL\" style=\"width: 275.556px;padding: 1.25rem 0px;border-top: none;vertical-align: baseline;font-size: 1.125rem;color: #666666;line-height: 1.375rem\" data-selenium=\"specsItemGroupTableColumnLabel\"> <strong><span style=\"font-size: 12pt\">Largura<\/strong><\/span> <\/td>\n<td class=\"value_11Av1yGkVYn9TX48mQeu9v\" style=\"padding: 1.25rem 0px 1.25rem 2.5rem;vertical-align: baseline;font-size: 1.125rem;color: #666666;line-height: 1.375rem\" data-selenium=\"specsItemGroupTableColumnValue\">  1,64&#8243; \/ 41,6 mm  <\/td>\n<\/tr>\n<tr class=\"pair_3u9fnESIQrtuEu6ye_zM4k\" style=\"border-bottom: 0.0625rem solid #e7e7e7\" data-selenium=\"specsItemGroupTableRow\">\n<td class=\"label_3bLwbW8ibvYc5tUwpKVQsL\" style=\"width: 275.556px;padding: 1.25rem 0px;border-top: none;vertical-align: baseline;font-size: 1.125rem;color: #666666;line-height: 1.375rem\" data-selenium=\"specsItemGroupTableColumnLabel\"> <strong><span style=\"font-size: 12pt\">Di\u00e1metro<\/strong><\/span> <\/td>\n<td class=\"value_11Av1yGkVYn9TX48mQeu9v\" style=\"padding: 1.25rem 0px 1.25rem 2.5rem;vertical-align: baseline;font-size: 1.125rem;color: #666666;line-height: 1.375rem\" data-selenium=\"specsItemGroupTableColumnValue\">  2,57&#8243; \/ 65,3 mm  <\/td>\n<\/tr>\n<tr class=\"pair_3u9fnESIQrtuEu6ye_zM4k\" style=\"border-bottom: 0.0625rem solid #e7e7e7\" data-selenium=\"specsItemGroupTableRow\">\n<td class=\"label_3bLwbW8ibvYc5tUwpKVQsL\" style=\"width: 275.556px;padding: 1.25rem 0px;border-top: none;vertical-align: baseline;font-size: 1.125rem;color: #666666;line-height: 1.375rem\" data-selenium=\"specsItemGroupTableColumnLabel\"> <strong><span style=\"font-size: 12pt\">Peso<\/strong><\/span> <\/td>\n<td class=\"value_11Av1yGkVYn9TX48mQeu9v\" style=\"padding: 1.25rem 0px 1.25rem 2.5rem;vertical-align: baseline;font-size: 1.125rem;color: #666666;line-height: 1.375rem\" data-selenium=\"specsItemGroupTableColumnValue\">  8.11 oz \/ 230 g<\/td>\n<\/tr>\n<\/tbody>\n<\/table>\n<\/div>\n<p> <strong>En la caja:<\/strong><\/p>\n<ul>\n<li>  Teleconvertidor Panasonic DMW-STC20 Lumix S 2x<\/li>\n<li>  Portadas delantera y trasera<\/li>\n<li>  Bolsa de almacenamiento<\/li>\n<\/ul>\n","protected":false},"excerpt":{"rendered":"<p>El modelo DMW-STC20 le permite acercar sujetos distantes. Ampl\u00eda la distancia focal de 70-200 mm a 140-400 mm (equivalente a<\/p>\n","protected":false},"featured_media":47494,"comment_status":"closed","ping_status":"open","template":"","meta":{"_acf_changed":false},"product_brand":[2536],"product_cat":[1064],"product_tag":[],"class_list":{"0":"post-73449","1":"product","2":"type-product","3":"status-publish","4":"has-post-thumbnail","6":"product_brand-panasonic-es","7":"product_cat-teleconvertidores","9":"first","10":"pre-order","11":"taxable","12":"shipping-taxable","13":"purchasable","14":"product-type-simple"},"bundled_by":[],"bundle_stock_status":"pre-order","bundle_stock_quantity":null,"bundle_virtual":false,"bundle_layout":"","bundle_add_to_cart_form_location":"","bundle_editable_in_cart":false,"bundle_sold_individually_context":"","bundle_item_grouping":"","bundle_min_size":"","bundle_max_size":"","bundle_price":[],"bundled_items":[],"bundle_sell_ids":[],"acf":[],"_links":{"self":[{"href":"https:\/\/hi-techwonder.com\/es\/wp-json\/wp\/v2\/product\/73449","targetHints":{"allow":["GET"]}}],"collection":[{"href":"https:\/\/hi-techwonder.com\/es\/wp-json\/wp\/v2\/product"}],"about":[{"href":"https:\/\/hi-techwonder.com\/es\/wp-json\/wp\/v2\/types\/product"}],"replies":[{"embeddable":true,"href":"https:\/\/hi-techwonder.com\/es\/wp-json\/wp\/v2\/comments?post=73449"}],"wp:featuredmedia":[{"embeddable":true,"href":"https:\/\/hi-techwonder.com\/es\/wp-json\/wp\/v2\/media\/47494"}],"wp:attachment":[{"href":"https:\/\/hi-techwonder.com\/es\/wp-json\/wp\/v2\/media?parent=73449"}],"wp:term":[{"taxonomy":"product_brand","embeddable":true,"href":"https:\/\/hi-techwonder.com\/es\/wp-json\/wp\/v2\/product_brand?post=73449"},{"taxonomy":"product_cat","embeddable":true,"href":"https:\/\/hi-techwonder.com\/es\/wp-json\/wp\/v2\/product_cat?post=73449"},{"taxonomy":"product_tag","embeddable":true,"href":"https:\/\/hi-techwonder.com\/es\/wp-json\/wp\/v2\/product_tag?post=73449"}],"curies":[{"name":"wp","href":"https:\/\/api.w.org\/{rel}","templated":true}]}}