{"id":73450,"date":"2025-07-29T09:37:12","date_gmt":"2025-07-29T09:37:12","guid":{"rendered":"https:\/\/fv6qoy3ls0.wpdns.site\/produto\/panasonic-leica-dg-50-200mm-f-2-8-4-asph-power-ois\/"},"modified":"2026-04-21T17:10:30","modified_gmt":"2026-04-21T16:10:30","slug":"panasonic-lumix-panasonic-leica-dg-50-200mm-f-2-8-4-asph-power-ois","status":"publish","type":"product","link":"https:\/\/hi-techwonder.com\/es\/producto\/panasonic-lumix-panasonic-leica-dg-50-200mm-f-2-8-4-asph-power-ois\/","title":{"rendered":"PANASONIC Leica DG 50-200mm f\/2.8-4 ASPH POWER OIS"},"content":{"rendered":"<p><span style=\"font-size: small\"><strong>Productos destacados<\/strong><\/p>\n<p><\/span><\/p>\n<ul>\n<li> <span style=\"font-size: small\">Sistema Micro Cuatro Tercios<\/span><\/li>\n<li> <span style=\"font-size: small\">100-400 mm (equivalente a 35 mm)<\/span><\/li>\n<li> <span style=\"font-size: small\">Rango de apertura: f\/2.8 a f\/22<\/span><\/li>\n<li> <span style=\"font-size: small\">Dos elementos de la UED, dos elementos de la ED<\/span><\/li>\n<li> <span style=\"font-size: small\">Dos elementos asf\u00e9ricos, un elemento UHR<\/span><\/li>\n<li> <span style=\"font-size: small\">Recubrimiento de superficie nano<\/span><\/li>\n<li> <span style=\"font-size: small\">Sistema AF de alta velocidad de 240 fps<\/span><\/li>\n<li> <span style=\"font-size: small\">Estabilizador \u00f3ptico de imagen POWER<\/span><\/li>\n<li> <span style=\"font-size: small\">Dise\u00f1o a prueba de salpicaduras, polvo y congelaci\u00f3n<\/span> <\/li>\n<\/ul>\n<div><object><\/object><\/div>\n<div> <span style=\"font-size: small\">Una \u00f3ptica flexible ideal para la fotograf\u00eda de vida silvestre, exteriores y naturaleza, el Leica DG Vario-Elmarit 50-200mm f\/2.8-4 ASPH. El objetivo POWER OIS de Panasonic es un zoom equivalente a 100-400 mm dise\u00f1ado en colaboraci\u00f3n con Leica para c\u00e1maras Micro Cuatro Tercios. El largo alcance se complementa con un rango de apertura m\u00e1ximo brillante de f\/2.8-4, que beneficia el trabajo en condiciones de poca luz y tambi\u00e9n le brinda control sobre la profundidad de campo para aislar sujetos. El dise\u00f1o \u00f3ptico incorpora m\u00faltiples elementos de baja dispersi\u00f3n, dos elementos asf\u00e9ricos y un elemento de \u00edndice de refracci\u00f3n ultra alto para controlar las aberraciones crom\u00e1ticas y esf\u00e9ricas para mejorar la claridad y la nitidez. Tambi\u00e9n se ha aplicado un recubrimiento de superficie nano para limitar los destellos y las im\u00e1genes fantasma para aumentar el contraste y la fidelidad del color cuando se trabaja en condiciones de iluminaci\u00f3n brillante.    <\/p>\n<p>  Beneficiando tanto la captura de im\u00e1genes fijas como la grabaci\u00f3n de video, un motor AF de alta velocidad de 240 fps ofrece un rendimiento de enfoque autom\u00e1tico r\u00e1pido, silencioso y preciso. Adem\u00e1s, un estabilizador \u00f3ptico de imagen POWER compensar\u00e1 el movimiento de la c\u00e1mara y funcionar\u00e1 con las funciones de estabilizaci\u00f3n en la c\u00e1mara Dual IS y Dual IS 2.0 de Panasonic para minimizar la apariencia del movimiento de la c\u00e1mara. Adem\u00e1s, el dise\u00f1o f\u00edsico de la lente es resistente al polvo y la humedad, as\u00ed como a la congelaci\u00f3n, para su uso en condiciones de disparo adversas.  <\/p>\n<p><\/span><\/p>\n<ul>\n<li> <span style=\"font-size: small\">Con un rango de distancia focal equivalente a 100-400 mm en las c\u00e1maras Micro Cuatro Tercios, este teleobjetivo prime es adecuado para trabajar con sujetos distantes.<\/span><\/li>\n<li> <span style=\"font-size: small\">El brillante rango de apertura m\u00e1xima de f\/2.8-4 sobresale cuando se trabaja en condiciones de iluminaci\u00f3n dif\u00edciles y proporciona un mayor control sobre la profundidad de campo.<\/span><\/li>\n<li> <span style=\"font-size: small\">Dos elementos de dispersi\u00f3n ultrabaja y dos elementos de dispersi\u00f3n ultrabaja minimizan varias aberraciones para producir un alto grado de claridad, nitidez y precisi\u00f3n de color.<\/span><\/li>\n<li> <span style=\"font-size: small\">Dos elementos asf\u00e9ricos y un elemento de \u00edndice de refracci\u00f3n ultra alto ayudan a reducir la distorsi\u00f3n y las aberraciones esf\u00e9ricas para una mayor nitidez y una representaci\u00f3n precisa en todo el rango del zoom.<\/span><\/li>\n<li> <span style=\"font-size: small\">El recubrimiento de superficie nano se ha aplicado a elementos individuales para reducir los destellos y las im\u00e1genes fantasma para mejorar el contraste y la neutralidad del color.<\/span><\/li>\n<li> <span style=\"font-size: small\">El estabilizador \u00f3ptico de imagen POWER minimiza la apariencia del movimiento de la c\u00e1mara para un disparo manual m\u00e1s n\u00edtido, y tambi\u00e9n es compatible con las funciones Dual IS y Dual IS 2.0 para un mayor rendimiento de estabilizaci\u00f3n.<\/span><\/li>\n<li> <span style=\"font-size: small\">Un motor AF de 240 fps ofrece un rendimiento de enfoque r\u00e1pido, preciso y casi silencioso para beneficiar tanto a las aplicaciones de captura de fotos como de grabaci\u00f3n de video.<\/span><\/li>\n<li> <span style=\"font-size: small\">Beneficios del dise\u00f1o a prueba de salpicaduras, polvo y congelaci\u00f3n que funciona en condiciones clim\u00e1ticas adversas de hasta -14 \u00b0 F.<\/span><\/li>\n<li> <span style=\"font-size: small\">Compatible con teleconvertidores opcionales de 1,4x y 2x para ampliar a\u00fan m\u00e1s el alcance efectivo.<\/span><\/li>\n<\/ul>\n<\/div>\n<div> <span style=\"font-size: small\">&nbsp;<\/span><\/div>\n<div>\n<p style=\"margin-bottom: 0cm\"> <span style=\"font-size: small\">&nbsp;<\/span><\/p>\n<p><span style=\"font-size: small\"> <\/span><\/p>\n<table style=\"width: 643px\" border=\"0\" cellspacing=\"0\" cellpadding=\"2\">\n<colgroup>\n<col width=\"192\"><\/colgroup>\n<colgroup>\n<col width=\"442\"><\/colgroup>\n<tbody>\n<tr>\n<td width=\"192\">\n<p style=\"border-top: none;border-bottom: 1px solid #e6e7e8;border-left: none;border-right: none;padding: 0cm 0cm 0.53cm 0cm\"> <span style=\"font-size: small\">Distancia focal<\/span> <\/p>\n<\/td>\n<td width=\"442\">\n<p style=\"border-top: none;border-bottom: 1px solid #e6e7e8;border-left: none;border-right: none;padding: 0cm 0cm 0.53cm 0cm\"> <span style=\"font-size: small\">De 50 a 200 mm (distancia focal equivalente a 35 mm: de 100 a 400 mm)<\/span> <\/p>\n<\/td>\n<\/tr>\n<tr>\n<td width=\"192\">\n<p style=\"border-top: none;border-bottom: 1px solid #e6e7e8;border-left: none;border-right: none;padding: 0cm 0cm 0.53cm 0cm\"> <span style=\"font-size: small\">M\u00e1xima apertura<\/span> <\/p>\n<\/td>\n<td width=\"442\">\n<p style=\"border-top: none;border-bottom: 1px solid #e6e7e8;border-left: none;border-right: none;padding: 0cm 0cm 0.53cm 0cm\"> <span style=\"font-size: small\">f\/2.8 a 4<\/span> <\/p>\n<\/td>\n<\/tr>\n<tr>\n<td width=\"192\">\n<p style=\"border-top: none;border-bottom: 1px solid #e6e7e8;border-left: none;border-right: none;padding: 0cm 0cm 0.53cm 0cm\"> <span style=\"font-size: small\">Apertura m\u00ednima<\/span> <\/p>\n<\/td>\n<td width=\"442\">\n<p style=\"border-top: none;border-bottom: 1px solid #e6e7e8;border-left: none;border-right: none;padding: 0cm 0cm 0.53cm 0cm\"> <span style=\"font-size: small\">f\/22<\/span> <\/p>\n<\/td>\n<\/tr>\n<tr>\n<td width=\"192\">\n<p style=\"border-top: none;border-bottom: 1px solid #e6e7e8;border-left: none;border-right: none;padding: 0cm 0cm 0.53cm 0cm\"> <span style=\"font-size: small\">Montura de lente<\/span> <\/p>\n<\/td>\n<td width=\"442\">\n<p style=\"border-top: none;border-bottom: 1px solid #e6e7e8;border-left: none;border-right: none;padding: 0cm 0cm 0.53cm 0cm\"> <span style=\"font-size: small\">Micro Cuatro Tercios<\/span> <\/p>\n<\/td>\n<\/tr>\n<tr>\n<td width=\"192\">\n<p style=\"border-top: none;border-bottom: 1px solid #e6e7e8;border-left: none;border-right: none;padding: 0cm 0cm 0.53cm 0cm\"> <span style=\"font-size: small\">Compatibilidad de formatos<\/span> <\/p>\n<\/td>\n<td width=\"442\">\n<p style=\"border-top: none;border-bottom: 1px solid #e6e7e8;border-left: none;border-right: none;padding: 0cm 0cm 0.53cm 0cm\"> <span style=\"font-size: small\">Micro Cuatro Tercios<\/span> <\/p>\n<\/td>\n<\/tr>\n<tr>\n<td width=\"192\">\n<p style=\"border-top: none;border-bottom: 1px solid #e6e7e8;border-left: none;border-right: none;padding: 0cm 0cm 0.53cm 0cm\"> <span style=\"font-size: small\">\u00c1ngulo<\/span> <\/p>\n<\/td>\n<td width=\"442\">\n<p style=\"border-top: none;border-bottom: 1px solid #e6e7e8;border-left: none;border-right: none;padding: 0cm 0cm 0.53cm 0cm\"> <span style=\"font-size: small\">De 24\u00b0 a 6,2\u00b0<\/span> <\/p>\n<\/td>\n<\/tr>\n<tr>\n<td width=\"192\">\n<p style=\"border-top: none;border-bottom: 1px solid #e6e7e8;border-left: none;border-right: none;padding: 0cm 0cm 0.53cm 0cm\"> <span style=\"font-size: small\">Aumento m\u00e1ximo<\/span> <\/p>\n<\/td>\n<td width=\"442\">\n<p style=\"border-top: none;border-bottom: 1px solid #e6e7e8;border-left: none;border-right: none;padding: 0cm 0cm 0.53cm 0cm\"> <span style=\"font-size: small\">0,25 veces<\/span> <\/p>\n<\/td>\n<\/tr>\n<tr>\n<td width=\"192\">\n<p style=\"border-top: none;border-bottom: 1px solid #e6e7e8;border-left: none;border-right: none;padding: 0cm 0cm 0.53cm 0cm\"> <span style=\"font-size: small\">Distancia m\u00ednima de enfoque<\/span> <\/p>\n<\/td>\n<td width=\"442\">\n<p style=\"border-top: none;border-bottom: 1px solid #e6e7e8;border-left: none;border-right: none;padding: 0cm 0cm 0.53cm 0cm\"> <span style=\"font-size: small\">2,46&#8242; \/ 75 cm<\/span> <\/p>\n<\/td>\n<\/tr>\n<tr>\n<td width=\"192\">\n<p style=\"border-top: none;border-bottom: 1px solid #e6e7e8;border-left: none;border-right: none;padding: 0cm 0cm 0.53cm 0cm\"> <span style=\"font-size: small\">Dise\u00f1o \u00f3ptico<\/span> <\/p>\n<\/td>\n<td width=\"442\">\n<p style=\"border-top: none;border-bottom: 1px solid #e6e7e8;border-left: none;border-right: none;padding: 0cm 0cm 0.53cm 0cm\"> <span style=\"font-size: small\">21 elementos en 15 grupos<\/span> <\/p>\n<\/td>\n<\/tr>\n<tr>\n<td width=\"192\">\n<p style=\"border-top: none;border-bottom: 1px solid #e6e7e8;border-left: none;border-right: none;padding: 0cm 0cm 0.53cm 0cm\"> <span style=\"font-size: small\">Hojas de diafragma<\/span> <\/p>\n<\/td>\n<td width=\"442\">\n<p style=\"border-top: none;border-bottom: 1px solid #e6e7e8;border-left: none;border-right: none;padding: 0cm 0cm 0.53cm 0cm\"> <span style=\"font-size: small\">9, redondeado<\/span> <\/p>\n<\/td>\n<\/tr>\n<tr>\n<td width=\"192\">\n<p style=\"border-top: none;border-bottom: 1px solid #e6e7e8;border-left: none;border-right: none;padding: 0cm 0cm 0.53cm 0cm\"> <span style=\"font-size: small\">Tipo de enfoque<\/span> <\/p>\n<\/td>\n<td width=\"442\">\n<p style=\"border-top: none;border-bottom: 1px solid #e6e7e8;border-left: none;border-right: none;padding: 0cm 0cm 0.53cm 0cm\"> <span style=\"font-size: small\">Autom\u00e1tico<\/span> <\/p>\n<\/td>\n<\/tr>\n<tr>\n<td width=\"192\">\n<p style=\"border-top: none;border-bottom: 1px solid #e6e7e8;border-left: none;border-right: none;padding: 0cm 0cm 0.53cm 0cm\"> <span style=\"font-size: small\">Estabilizaci\u00f3n de imagen<\/span> <\/p>\n<\/td>\n<td width=\"442\">\n<p style=\"border-top: none;border-bottom: 1px solid #e6e7e8;border-left: none;border-right: none;padding: 0cm 0cm 0.53cm 0cm\"> <span style=\"font-size: small\">S\u00ed<\/span> <\/p>\n<\/td>\n<\/tr>\n<tr>\n<td width=\"192\">\n<p style=\"border-top: none;border-bottom: 1px solid #e6e7e8;border-left: none;border-right: none;padding: 0cm 0cm 0.53cm 0cm\"> <span style=\"font-size: small\">Tama\u00f1o del filtro<\/span> <\/p>\n<\/td>\n<td width=\"442\">\n<p style=\"border-top: none;border-bottom: 1px solid #e6e7e8;border-left: none;border-right: none;padding: 0cm 0cm 0.53cm 0cm\"> <span style=\"font-size: small\">67 mm (Frontal)<\/span> <\/p>\n<\/td>\n<\/tr>\n<tr>\n<td width=\"192\">\n<p style=\"border-top: none;border-bottom: 1px solid #e6e7e8;border-left: none;border-right: none;padding: 0cm 0cm 0.53cm 0cm\"> <span style=\"font-size: small\">Dimensiones (DxL)<\/span> <\/p>\n<\/td>\n<td width=\"442\">\n<p style=\"border-top: none;border-bottom: 1px solid #e6e7e8;border-left: none;border-right: none;padding: 0cm 0cm 0.53cm 0cm\"> <span style=\"font-size: small\">2,99 x 5,20&#8243; \/ 76 x 132 mm<\/span> <\/p>\n<\/td>\n<\/tr>\n<tr>\n<td width=\"192\">\n<p style=\"border-top: none;border-bottom: 1px solid #e6e7e8;border-left: none;border-right: none;padding: 0cm 0cm 0.53cm 0cm\"> <span style=\"font-size: small\">Peso<\/span> <\/p>\n<\/td>\n<td width=\"442\">\n<p style=\"border-top: none;border-bottom: 1px solid #e6e7e8;border-left: none;border-right: none;padding: 0cm 0cm 0.53cm 0cm\"> <span style=\"font-size: small\">1,4 libras \/ 655 g<\/span><\/p>\n<\/td>\n<\/tr>\n<\/tbody>\n<\/table>\n<p style=\"margin-bottom: 0cm\"> <span style=\"font-size: small\">&nbsp;<\/span><\/p>\n<\/div>\n","protected":false},"excerpt":{"rendered":"<p>Productos destacados Sistema Micro Cuatro Tercios 100-400 mm (equivalente a 35 mm) Rango de apertura: f\/2.8 a f\/22 Dos elementos<\/p>\n","protected":false},"featured_media":51439,"comment_status":"closed","ping_status":"open","template":"","meta":{"_acf_changed":false},"product_brand":[2536],"product_cat":[1062],"product_tag":[],"class_list":{"0":"post-73450","1":"product","2":"type-product","3":"status-publish","4":"has-post-thumbnail","6":"product_brand-panasonic-es","7":"product_cat-mirrorless-objectivos","8":"pa_abertura-maxima-f-2-8-4-es","10":"first","11":"onbackorder","12":"taxable","13":"shipping-taxable","14":"purchasable","15":"product-type-simple"},"bundled_by":[],"bundle_stock_status":"onbackorder","bundle_stock_quantity":null,"bundle_virtual":false,"bundle_layout":"","bundle_add_to_cart_form_location":"","bundle_editable_in_cart":false,"bundle_sold_individually_context":"","bundle_item_grouping":"","bundle_min_size":"","bundle_max_size":"","bundle_price":[],"bundled_items":[],"bundle_sell_ids":[],"acf":[],"_links":{"self":[{"href":"https:\/\/hi-techwonder.com\/es\/wp-json\/wp\/v2\/product\/73450","targetHints":{"allow":["GET"]}}],"collection":[{"href":"https:\/\/hi-techwonder.com\/es\/wp-json\/wp\/v2\/product"}],"about":[{"href":"https:\/\/hi-techwonder.com\/es\/wp-json\/wp\/v2\/types\/product"}],"replies":[{"embeddable":true,"href":"https:\/\/hi-techwonder.com\/es\/wp-json\/wp\/v2\/comments?post=73450"}],"wp:featuredmedia":[{"embeddable":true,"href":"https:\/\/hi-techwonder.com\/es\/wp-json\/wp\/v2\/media\/51439"}],"wp:attachment":[{"href":"https:\/\/hi-techwonder.com\/es\/wp-json\/wp\/v2\/media?parent=73450"}],"wp:term":[{"taxonomy":"product_brand","embeddable":true,"href":"https:\/\/hi-techwonder.com\/es\/wp-json\/wp\/v2\/product_brand?post=73450"},{"taxonomy":"product_cat","embeddable":true,"href":"https:\/\/hi-techwonder.com\/es\/wp-json\/wp\/v2\/product_cat?post=73450"},{"taxonomy":"product_tag","embeddable":true,"href":"https:\/\/hi-techwonder.com\/es\/wp-json\/wp\/v2\/product_tag?post=73450"}],"curies":[{"name":"wp","href":"https:\/\/api.w.org\/{rel}","templated":true}]}}