{"id":73451,"date":"2025-07-29T09:19:22","date_gmt":"2025-07-29T09:19:22","guid":{"rendered":"https:\/\/fv6qoy3ls0.wpdns.site\/produto\/panasonic-dmw-stc14-lumix-s-teleconvertidor-1-4x\/"},"modified":"2026-04-21T17:10:04","modified_gmt":"2026-04-21T16:10:04","slug":"panasonic-lumix-panasonic-dmw-stc14-lumix-s-teleconvertidor-1-4x","status":"publish","type":"product","link":"https:\/\/hi-techwonder.com\/es\/producto\/panasonic-lumix-panasonic-dmw-stc14-lumix-s-teleconvertidor-1-4x\/","title":{"rendered":"PANASONIC DMW-STC14 Lumix S Teleconvertidor 1.4x"},"content":{"rendered":"<div class=\"title_3Dx0bIfIE-IxSQhNjp7-Yp\" style=\"margin-bottom: 0.75rem;font-size: 16px;font-weight: 600;color: #333333;line-height: 1.25rem;font-family: OpenSans, 'Segoe UI', Helvetica, Roboto, Arial, sans-serif;background-color: #ffffff\" data-selenium=\"sellingPointsTitle\">  Caracter\u00edsticas principales<\/div>\n<ul>\n<li>  Teleconvertidor de montura L<\/li>\n<li>  Factor de aumento de 1,4x<\/li>\n<li>  Dos elementos de \u00edndice de refracci\u00f3n ultra alto<\/li>\n<li>  Comunicaci\u00f3n entre el objetivo y la c\u00e1mara<\/li>\n<\/ul>\n<p>  Ampl\u00ede el alcance de los lentes de montura L seleccionados con el teleconvertidor DMW-STC14 Lumix S 1.4x de Panasonic. Este teleconvertidor ampl\u00eda la imagen en 1,4x y mantiene una comunicaci\u00f3n completa entre la lente y el cuerpo de la c\u00e1mara, lo que permite la medici\u00f3n, el enfoque autom\u00e1tico y la estabilizaci\u00f3n de imagen, as\u00ed como la transmisi\u00f3n de datos Exif. Su dise\u00f1o \u00f3ptico tambi\u00e9n incorpora un par de elementos de \u00edndice de refracci\u00f3n ultra alto para mantener una alta nitidez y una representaci\u00f3n precisa. Adem\u00e1s, el teleconvertidor tiene una construcci\u00f3n resistente a la intemperie que reduce las posibilidades de que el polvo, el agua o incluso el fr\u00edo afecten el rendimiento.   <\/p>\n<p> <strong>Lentes compatibles<\/strong><\/p>\n<ul>\n<li>  Lumix S PRO 70-200mm f\/4 OIS  <\/li>\n<\/ul>\n<table class=\"table_o418fscimQZEg1oshu4aX\" style=\"width: 612px;font-family: OpenSans, 'Segoe UI', Helvetica, Roboto, Arial, sans-serif;font-size: 16px;background-color: #ffffff\" data-selenium=\"specsItemGroupTable\">\n<tbody>\n<tr class=\"pair_3u9fnESIQrtuEu6ye_zM4k\" style=\"border-bottom: 0.0625rem solid #e7e7e7\" data-selenium=\"specsItemGroupTableRow\">\n<td class=\"label_3bLwbW8ibvYc5tUwpKVQsL firstSpecWhenNoGroupName_2L9ob5rxYHNpmiwoNrY0FE\" style=\"width: 232px;padding: 0px 0px 1.25rem;border-top: none;vertical-align: baseline;font-size: 1.125rem;color: #666666;line-height: 1.375rem\" data-selenium=\"specsItemGroupTableColumnLabel\"> Ensamblar <\/td>\n<td class=\"value_11Av1yGkVYn9TX48mQeu9v firstSpecWhenNoGroupName_2L9ob5rxYHNpmiwoNrY0FE\" style=\"padding: 0px 0px 1.25rem 2.5rem;vertical-align: baseline;font-size: 1.125rem;color: #666666;line-height: 1.375rem\" data-selenium=\"specsItemGroupTableColumnValue\"> Leica L <\/td>\n<\/tr>\n<tr class=\"pair_3u9fnESIQrtuEu6ye_zM4k\" style=\"border-bottom: 0.0625rem solid #e7e7e7\" data-selenium=\"specsItemGroupTableRow\">\n<td class=\"label_3bLwbW8ibvYc5tUwpKVQsL\" style=\"width: 232px;padding: 1.25rem 0px;border-top: none;vertical-align: baseline;font-size: 1.125rem;color: #666666;line-height: 1.375rem\" data-selenium=\"specsItemGroupTableColumnLabel\"> Aumento de <\/td>\n<td class=\"value_11Av1yGkVYn9TX48mQeu9v\" style=\"padding: 1.25rem 0px 1.25rem 2.5rem;vertical-align: baseline;font-size: 1.125rem;color: #666666;line-height: 1.375rem\" data-selenium=\"specsItemGroupTableColumnValue\"> 1,4x <\/td>\n<\/tr>\n<tr class=\"pair_3u9fnESIQrtuEu6ye_zM4k\" style=\"border-bottom: 0.0625rem solid #e7e7e7\" data-selenium=\"specsItemGroupTableRow\">\n<td class=\"label_3bLwbW8ibvYc5tUwpKVQsL\" style=\"width: 232px;padding: 1.25rem 0px;border-top: none;vertical-align: baseline;font-size: 1.125rem;color: #666666;line-height: 1.375rem\" data-selenium=\"specsItemGroupTableColumnLabel\"> Dise\u00f1o \u00f3ptico <\/td>\n<td class=\"value_11Av1yGkVYn9TX48mQeu9v\" style=\"padding: 1.25rem 0px 1.25rem 2.5rem;vertical-align: baseline;font-size: 1.125rem;color: #666666;line-height: 1.375rem\" data-selenium=\"specsItemGroupTableColumnValue\"> 7 elementos en 4 grupos <\/td>\n<\/tr>\n<tr class=\"pair_3u9fnESIQrtuEu6ye_zM4k\" style=\"border-bottom: 0.0625rem solid #e7e7e7\" data-selenium=\"specsItemGroupTableRow\">\n<td class=\"label_3bLwbW8ibvYc5tUwpKVQsL\" style=\"width: 232px;padding: 1.25rem 0px;border-top: none;vertical-align: baseline;font-size: 1.125rem;color: #666666;line-height: 1.375rem\" data-selenium=\"specsItemGroupTableColumnLabel\"> P\u00e9rdida de luz <\/td>\n<td class=\"value_11Av1yGkVYn9TX48mQeu9v\" style=\"padding: 1.25rem 0px 1.25rem 2.5rem;vertical-align: baseline;font-size: 1.125rem;color: #666666;line-height: 1.375rem\" data-selenium=\"specsItemGroupTableColumnValue\"> 1 paso <\/td>\n<\/tr>\n<tr class=\"pair_3u9fnESIQrtuEu6ye_zM4k\" style=\"border-bottom: 0.0625rem solid #e7e7e7\" data-selenium=\"specsItemGroupTableRow\">\n<td class=\"label_3bLwbW8ibvYc5tUwpKVQsL\" style=\"width: 232px;padding: 1.25rem 0px;border-top: none;vertical-align: baseline;font-size: 1.125rem;color: #666666;line-height: 1.375rem\" data-selenium=\"specsItemGroupTableColumnLabel\"> Longitud <\/td>\n<td class=\"value_11Av1yGkVYn9TX48mQeu9v\" style=\"padding: 1.25rem 0px 1.25rem 2.5rem;vertical-align: baseline;font-size: 1.125rem;color: #666666;line-height: 1.375rem\" data-selenium=\"specsItemGroupTableColumnValue\"> 1.09&#8243; \/ 27.6 mm <\/td>\n<\/tr>\n<tr class=\"pair_3u9fnESIQrtuEu6ye_zM4k\" style=\"border-bottom: 0.0625rem solid #e7e7e7\" data-selenium=\"specsItemGroupTableRow\">\n<td class=\"label_3bLwbW8ibvYc5tUwpKVQsL\" style=\"width: 232px;padding: 1.25rem 0px;border-top: none;vertical-align: baseline;font-size: 1.125rem;color: #666666;line-height: 1.375rem\" data-selenium=\"specsItemGroupTableColumnLabel\"> Di\u00e1metro <\/td>\n<td class=\"value_11Av1yGkVYn9TX48mQeu9v\" style=\"padding: 1.25rem 0px 1.25rem 2.5rem;vertical-align: baseline;font-size: 1.125rem;color: #666666;line-height: 1.375rem\" data-selenium=\"specsItemGroupTableColumnValue\"> 2.57&#8243; \/ 65.3 mm <\/td>\n<\/tr>\n<tr class=\"pair_3u9fnESIQrtuEu6ye_zM4k\" style=\"border-bottom: 0.0625rem solid #e7e7e7\" data-selenium=\"specsItemGroupTableRow\">\n<td class=\"label_3bLwbW8ibvYc5tUwpKVQsL\" style=\"width: 232px;padding: 1.25rem 0px;border-top: none;vertical-align: baseline;font-size: 1.125rem;color: #666666;line-height: 1.375rem\" data-selenium=\"specsItemGroupTableColumnLabel\"> Peso <\/td>\n<td class=\"value_11Av1yGkVYn9TX48mQeu9v\" style=\"padding: 1.25rem 0px 1.25rem 2.5rem;vertical-align: baseline;font-size: 1.125rem;color: #666666;line-height: 1.375rem\" data-selenium=\"specsItemGroupTableColumnValue\"> 6.35 oz \/ 180 g <\/td>\n<\/tr>\n<\/tbody>\n<\/table>\n","protected":false},"excerpt":{"rendered":"<p>Caracter\u00edsticas principales Teleconvertidor de montura L Factor de aumento de 1,4x Dos elementos de \u00edndice de refracci\u00f3n ultra alto Comunicaci\u00f3n<\/p>\n","protected":false},"featured_media":47491,"comment_status":"closed","ping_status":"open","template":"","meta":{"_acf_changed":false},"product_brand":[2536],"product_cat":[1064],"product_tag":[],"class_list":{"0":"post-73451","1":"product","2":"type-product","3":"status-publish","4":"has-post-thumbnail","6":"product_brand-panasonic-es","7":"product_cat-teleconvertidores","9":"first","10":"onbackorder","11":"taxable","12":"shipping-taxable","13":"purchasable","14":"product-type-simple"},"bundled_by":[],"bundle_stock_status":"onbackorder","bundle_stock_quantity":null,"bundle_virtual":false,"bundle_layout":"","bundle_add_to_cart_form_location":"","bundle_editable_in_cart":false,"bundle_sold_individually_context":"","bundle_item_grouping":"","bundle_min_size":"","bundle_max_size":"","bundle_price":[],"bundled_items":[],"bundle_sell_ids":[],"acf":[],"_links":{"self":[{"href":"https:\/\/hi-techwonder.com\/es\/wp-json\/wp\/v2\/product\/73451","targetHints":{"allow":["GET"]}}],"collection":[{"href":"https:\/\/hi-techwonder.com\/es\/wp-json\/wp\/v2\/product"}],"about":[{"href":"https:\/\/hi-techwonder.com\/es\/wp-json\/wp\/v2\/types\/product"}],"replies":[{"embeddable":true,"href":"https:\/\/hi-techwonder.com\/es\/wp-json\/wp\/v2\/comments?post=73451"}],"wp:featuredmedia":[{"embeddable":true,"href":"https:\/\/hi-techwonder.com\/es\/wp-json\/wp\/v2\/media\/47491"}],"wp:attachment":[{"href":"https:\/\/hi-techwonder.com\/es\/wp-json\/wp\/v2\/media?parent=73451"}],"wp:term":[{"taxonomy":"product_brand","embeddable":true,"href":"https:\/\/hi-techwonder.com\/es\/wp-json\/wp\/v2\/product_brand?post=73451"},{"taxonomy":"product_cat","embeddable":true,"href":"https:\/\/hi-techwonder.com\/es\/wp-json\/wp\/v2\/product_cat?post=73451"},{"taxonomy":"product_tag","embeddable":true,"href":"https:\/\/hi-techwonder.com\/es\/wp-json\/wp\/v2\/product_tag?post=73451"}],"curies":[{"name":"wp","href":"https:\/\/api.w.org\/{rel}","templated":true}]}}