{"id":73452,"date":"2025-07-29T00:27:47","date_gmt":"2025-07-29T00:27:47","guid":{"rendered":"https:\/\/fv6qoy3ls0.wpdns.site\/produto\/panasonic-hc-vx3\/"},"modified":"2026-04-23T12:24:51","modified_gmt":"2026-04-23T11:24:51","slug":"panasonic-lumix-panasonic-hc-vx3","status":"publish","type":"product","link":"https:\/\/hi-techwonder.com\/es\/producto\/panasonic-lumix-panasonic-hc-vx3\/","title":{"rendered":"PANASONIC HC-VX3"},"content":{"rendered":"<p><strong>T\u00edtulo:<\/strong> Videoc\u00e1mara Panasonic HC-VX3 4K: calidad de imagen excepcional con lente F1.8 y estabilizaci\u00f3n HYBRID O.I.S. para capturar recuerdos duraderos<\/p>\n<hr>\n<p><strong>Funciones<\/strong><\/p>\n<ul>\n<li><strong>Grabaci\u00f3n 4K de alta calidad<\/strong>: Captura recuerdos en calidad 4K con el objetivo gran angular de 25 mm* y el zoom \u00f3ptico de 24x, ideal para escenas con poca luz gracias al sensor MOS y la apertura F1.8.<\/li>\n<li><strong>Estabilizaci\u00f3n HYBRID O.I.S.+<\/strong>: Sistema de estabilizaci\u00f3n de imagen de 5 ejes con tecnolog\u00eda Ball O.I.S. que corrige el movimiento en im\u00e1genes desde gran angular hasta teleobjetivo.<\/li>\n<li><strong>Recorte 4K para mejoras 2K<\/strong>: Le permite editar videos 4K directamente en la c\u00e1mara, convirti\u00e9ndolos a 2K con ajustes de zoom, panor\u00e1mica, seguimiento y estabilizaci\u00f3n.<\/li>\n<li><strong>Micr\u00f3fono con protecci\u00f3n contra el viento<\/strong>: tecnolog\u00eda de supresi\u00f3n de ruido del viento incorporada para grabaciones de sonido m\u00e1s claras.<\/li>\n<li><strong>Terminal USB-C<\/strong>: puerto USB tipo C para carga y alimentaci\u00f3n, compatible con bater\u00edas m\u00f3viles y adaptador de CA incluido.<\/li>\n<li><strong>Contraste activo<\/strong>: ajusta autom\u00e1ticamente la gradaci\u00f3n y el contraste para obtener una calidad \u00f3ptima en escenas oscuras o a contraluz.<\/li>\n<\/ul>\n<p>*Equivalente a una c\u00e1mara de 35 mm.<\/p>\n<hr>\n<p><strong>Contenido del paquete<\/strong><\/p>\n<ul>\n<li>1 Un. C\u00e1mara Panasonic HC-VX3 <\/li>\n<li>1 Un. Bater\u00eda recargable (1940 mAh) <\/li>\n<li>1 Un. Cable HDMI (micro) <\/li>\n<li>1 Un. Cable USB <\/li>\n<li>1 Un. Parasol <\/li>\n<\/ul>\n<hr>\n<p><iframe loading=\"lazy\" frameborder=\"0\" src=\"https:\/\/www.youtube.com\/embed\/iur6_g_bvT0\" width=\"640\" height=\"360\"><\/iframe><strong><br \/>Descripci\u00f3n detallada<\/strong><\/p>\n<p>La <strong>Panasonic HC-VX3<\/strong> ofrece una forma c\u00f3moda y avanzada de capturar y conservar recuerdos en alta definici\u00f3n. Esta videoc\u00e1mara graba en 4K y cuenta con una lente gran angular de 25 mm y un zoom \u00f3ptico de 24x, ideal para escenarios con poca luz. Gracias al sensor de tipo 1\/2,5 pulgadas y a la apertura F1,8, ofrece im\u00e1genes n\u00edtidas y detalladas. El sistema de estabilizaci\u00f3n de imagen HYBRID O.I.S.+ de 5 ejes elimina el movimiento y garantiza videos fluidos, sin importar el tipo de cuadro.   <\/p>\n<p>Para facilitar la edici\u00f3n de videos 4K, la funci\u00f3n de recorte 4K le permite realizar ajustes de zoom y estabilizaci\u00f3n directamente en la c\u00e1mara, convirti\u00e9ndolos a 2K, mientras que el micr\u00f3fono con parabrisas garantiza grabaciones de audio claras. El dise\u00f1o ergon\u00f3mico de la c\u00e1mara permite un agarre c\u00f3modo y conveniente para grabaciones prolongadas, y el terminal USB-C proporciona una mayor flexibilidad para la carga y la alimentaci\u00f3n externa. <\/p>\n<hr>\n<p><strong>Especificaciones t\u00e9cnicas<\/strong><\/p>\n<ul>\n<li><strong>Dimensiones y peso<\/strong>:\n<ul>\n<li><strong>Altura<\/strong>: 77 mm<\/li>\n<li><strong>Ancho<\/strong>: 68 mm<\/li>\n<li><strong>Profundidad<\/strong>: 141 mm<\/li>\n<li><strong>Peso<\/strong>: 431 g (sin bater\u00eda ni tarjeta SD)<\/li>\n<\/ul>\n<\/li>\n<li><strong>Sensor de imagen<\/strong>:\n<ul>\n<li><strong>Tipo<\/strong>: Sensor BSI MOS Tipo 1\/2.5<\/li>\n<li><strong>P\u00edxeles totales<\/strong>: 8,57 megap\u00edxeles<\/li>\n<li><strong>P\u00edxeles efectivos<\/strong>:\n<ul>\n<li><strong>Video<\/strong>: 4K &#8211; 8.29 megap\u00edxeles [16:9]; Full HD &#8211; 6,17 megap\u00edxeles [16:9]<\/li>\n<li><strong>Imagen fija<\/strong>: 8,29 megap\u00edxeles [16:9]; 6,22 megap\u00edxeles [4:3]<\/li>\n<\/ul>\n<\/li>\n<\/ul>\n<\/li>\n<li><strong>Objetivo<\/strong>:\n<ul>\n<li><strong>Valor F<\/strong>: F1.8 (gran angular) \/ F4.0 (teleobjetivo)<\/li>\n<li><strong>Zoom \u00f3ptico<\/strong>: 24x<\/li>\n<li><strong>Distancia focal<\/strong>: 4,12 \u2013 98,9 mm (equivalente a 25 \u2013 600 mm para 4K\/Full HD 24p)<\/li>\n<li><strong>Di\u00e1metro del filtro<\/strong>: 62 mm<\/li>\n<li><strong>Marca de lentes<\/strong>: Panasonic<\/li>\n<\/ul>\n<\/li>\n<li><strong>Estabilizaci\u00f3n de imagen<\/strong>: HYBRID O.I.S.+ de 5 ejes con modo activo y sistema Ball O.I.S.<\/li>\n<li><strong>Funciones de captura<\/strong>:\n<ul>\n<li>Contraste activo, v\u00eddeo HDR (excepto el modo 4K)<\/li>\n<li>Modos creativos (efecto miniatura, pel\u00edcula muda, pel\u00edcula de 8 mm, grabaci\u00f3n de lapso de tiempo)<\/li>\n<\/ul>\n<\/li>\n<li><strong>Modos de grabaci\u00f3n y reproducci\u00f3n<\/strong>:\n<ul>\n<li><strong>AVCHD<\/strong>: 1080\/50p, PH, HA, HG, HE<\/li>\n<li><strong>MP4<\/strong>: 2160p\/25p, 2160p\/24p, 1080p\/50p, 1080p\/24p, 720p\/25p<\/li>\n<\/ul>\n<\/li>\n<li><strong>Duraci\u00f3n de la grabaci\u00f3n<\/strong> (con bater\u00eda suministrada):\n<ul>\n<li>50 min en MP4 4K, 55 min en 50p, hasta 1 h 10 min en MP4 720p<\/li>\n<\/ul>\n<\/li>\n<li><strong>Interfaz y conectividad<\/strong>:\n<ul>\n<li><strong>USB Type-C<\/strong>: Carga y transferencia de datos<\/li>\n<li><strong>HDMI:<\/strong> Micro HDMI<\/li>\n<li><strong>Entrada de micr\u00f3fono y auriculares<\/strong>: Mini est\u00e9reo<\/li>\n<li><strong>Mando a distancia<\/strong>: Supermini<\/li>\n<li><strong>Terminal de entrada de l\u00ednea (mini est\u00e9reo)<\/strong><\/li>\n<\/ul>\n<\/li>\n<li><strong>Sistema de grabaci\u00f3n de audio<\/strong>:\n<ul>\n<li><strong>AVCHD<\/strong>: Dolby Audio (5,1 canales\/2 canales)<\/li>\n<li><strong>MP4<\/strong>: AAC (2 canales)<\/li>\n<li><strong>Micr\u00f3fono<\/strong>: Micr\u00f3fono est\u00e9reo de 5.1 canales con zoom y enfoque<\/li>\n<\/ul>\n<\/li>\n<li><strong>Secci\u00f3n de im\u00e1genes fijas<\/strong>:\n<ul>\n<li><strong>Formato<\/strong>: JPEG<\/li>\n<li><strong>Tama\u00f1o<\/strong>: hasta 25,9 megap\u00edxeles a [16:9]; 20,4 megap\u00edxeles en [4:3]<\/li>\n<li><strong>Grabaci\u00f3n simult\u00e1nea<\/strong>: solo Full HD<\/li>\n<\/ul>\n<\/li>\n<li><strong>Alimentaci\u00f3n y consumo<\/strong>:\n<ul>\n<li><strong>Bater\u00eda<\/strong>: 3,6 V; <strong>Adaptador de CA<\/strong>: 5.0V<\/li>\n<li><strong>Consumo m\u00e1ximo<\/strong>: 5,4 W (grabaci\u00f3n) \/ 7,7 W (carga)<\/li>\n<\/ul>\n<\/li>\n<li><strong>Pantalla<\/strong>:\n<ul>\n<li><strong>Monitor LCD<\/strong>: panel t\u00e1ctil electrost\u00e1tico de 3.0 pulgadas y 1,555,200 puntos<\/li>\n<\/ul>\n<\/li>\n<li><strong>Idiomas en pantalla<\/strong>: ingl\u00e9s, alem\u00e1n, franc\u00e9s, italiano, espa\u00f1ol, polaco, checo, holand\u00e9s, turco, chino tradicional, ruso, \u00e1rabe, tailand\u00e9s, hindi, h\u00fangaro, ucraniano, rumano.<\/li>\n<\/ul>\n<hr>\n<p><strong>Embalaje<\/strong><\/p>\n<ul>\n<li>Dimensiones del paquete: Aproximadamente 18 x 14 x 9 cm<\/li>\n<li>Peso total del paquete: Aproximadamente 0,8 kg<\/li>\n<\/ul>\n<hr>\n<p><strong>Informaci\u00f3n adicional<\/strong><br \/>\n<br \/>Nota: Im\u00e1genes ilustrativas. Equipo adicional no incluido. Consulte el contenido y las especificaciones del paquete para obtener m\u00e1s detalles.  <\/p>\n","protected":false},"excerpt":{"rendered":"<p>T\u00edtulo: Videoc\u00e1mara Panasonic HC-VX3 4K: calidad de imagen excepcional con lente F1.8 y estabilizaci\u00f3n HYBRID O.I.S. para capturar recuerdos duraderos<\/p>\n","protected":false},"featured_media":41055,"comment_status":"closed","ping_status":"open","template":"","meta":{"_acf_changed":false},"product_brand":[2536],"product_cat":[934],"product_tag":[],"class_list":{"0":"post-73452","1":"product","2":"type-product","3":"status-publish","4":"has-post-thumbnail","6":"product_brand-panasonic-es","7":"product_cat-video-es-2","9":"first","10":"instock","11":"taxable","12":"shipping-taxable","13":"purchasable","14":"product-type-simple"},"bundled_by":[],"bundle_stock_status":"instock","bundle_stock_quantity":1,"bundle_virtual":false,"bundle_layout":"","bundle_add_to_cart_form_location":"","bundle_editable_in_cart":false,"bundle_sold_individually_context":"","bundle_item_grouping":"","bundle_min_size":"","bundle_max_size":"","bundle_price":[],"bundled_items":[],"bundle_sell_ids":[],"acf":[],"_links":{"self":[{"href":"https:\/\/hi-techwonder.com\/es\/wp-json\/wp\/v2\/product\/73452","targetHints":{"allow":["GET"]}}],"collection":[{"href":"https:\/\/hi-techwonder.com\/es\/wp-json\/wp\/v2\/product"}],"about":[{"href":"https:\/\/hi-techwonder.com\/es\/wp-json\/wp\/v2\/types\/product"}],"replies":[{"embeddable":true,"href":"https:\/\/hi-techwonder.com\/es\/wp-json\/wp\/v2\/comments?post=73452"}],"wp:featuredmedia":[{"embeddable":true,"href":"https:\/\/hi-techwonder.com\/es\/wp-json\/wp\/v2\/media\/41055"}],"wp:attachment":[{"href":"https:\/\/hi-techwonder.com\/es\/wp-json\/wp\/v2\/media?parent=73452"}],"wp:term":[{"taxonomy":"product_brand","embeddable":true,"href":"https:\/\/hi-techwonder.com\/es\/wp-json\/wp\/v2\/product_brand?post=73452"},{"taxonomy":"product_cat","embeddable":true,"href":"https:\/\/hi-techwonder.com\/es\/wp-json\/wp\/v2\/product_cat?post=73452"},{"taxonomy":"product_tag","embeddable":true,"href":"https:\/\/hi-techwonder.com\/es\/wp-json\/wp\/v2\/product_tag?post=73452"}],"curies":[{"name":"wp","href":"https:\/\/api.w.org\/{rel}","templated":true}]}}