{"id":73453,"date":"2025-07-29T08:53:41","date_gmt":"2025-07-29T08:53:41","guid":{"rendered":"https:\/\/fv6qoy3ls0.wpdns.site\/produto\/panasonic-dmw-shgr1-mini-empunadura-de-tripode\/"},"modified":"2026-04-21T17:10:02","modified_gmt":"2026-04-21T16:10:02","slug":"panasonic-lumix-panasonic-dmw-shgr1-mini-empunadura-de-tripode","status":"publish","type":"product","link":"https:\/\/hi-techwonder.com\/es\/producto\/panasonic-lumix-panasonic-dmw-shgr1-mini-empunadura-de-tripode\/","title":{"rendered":"PANASONIC DMW-SHGR1 Mini Empu\u00f1adura de tr\u00edpode"},"content":{"rendered":"<p><strong>LUCES<\/strong><\/p>\n<ul>\n<li>Para c\u00e1maras Panasonic Lumix seleccionadas<\/li>\n<li>Empu\u00f1adura con controles de c\u00e1mara incorporados<\/li>\n<li>Se convierte en tr\u00edpode de mesa<\/li>\n<li>Se conecta a trav\u00e9s de un cable USB integrado<\/li>\n<\/ul>\n<p>Promoviendo un manejo estable y estable, la empu\u00f1adura de tr\u00edpode Panasonic DMW-SHGR1 es una forma \u00fanica e intuitiva de estabilizar c\u00e1maras digitales Lumix seleccionadas. Funcionando como una correa de mano y un tr\u00edpode de mesa, este accesorio se conecta a las c\u00e1maras a trav\u00e9s de un cable USB Micro-B incorporado y cuenta con grabaci\u00f3n de video incorporada, disparador y botones para colgar para el control de la c\u00e1mara basado en correas. Adem\u00e1s, la posici\u00f3n de la c\u00e1mara se puede ajustar a trav\u00e9s de la r\u00f3tula esf\u00e9rica integrada.  <\/p>\n<p><strong>Compatibilidad de la c\u00e1mara<\/strong><\/p>\n<ul>\n<li>Lumix DC-G100<\/li>\n<li>Lumix DC-GH5<\/li>\n<li>Lumix DC-GH5S<\/li>\n<li>Lumix DC-G9<\/li>\n<li>Lumix DC-G90<\/li>\n<li>Lumix DC-G80<\/li>\n<\/ul>\n<div class=\"title_1tNQ83iPOOgJ6m5fVkxmSw\" style=\"padding: 2.8125rem 0px;text-transform: capitalize;font-family: OpenSans, 'Segoe UI', Helvetica, Roboto, Arial, sans-serif;font-size: 16px;background-color: #ffffff\">\n<h2 class=\"title1_17KKS47kFEQb7ynVBsRb_5 reset_gKJdXkYBaMDV-W3ignvsP primary_ELb2ysditdCtk24iMBTUs\" style=\"margin: 0px;font-weight: 400;font-size: 2rem;line-height: 2.5rem;color: #333333\" data-selenium=\"specsItemTitle\"><strong>Panasonic DMW-SHGR1 Especificaciones<\/strong><\/h2>\n<\/div>\n<div class=\"group_K7YrQottgVsRZ4B6zAaGG\" style=\"margin-bottom: 2.1875rem;font-family: OpenSans, 'Segoe UI', Helvetica, Roboto, Arial, sans-serif;font-size: 16px;background-color: #ffffff\">\n<table class=\"table_o418fscimQZEg1oshu4aX\" style=\"border-collapse: collapse;width: 837px;border-color: #000000;border-style: solid\" border=\"1\" data-selenium=\"specsItemGroupTable\">\n<tbody>\n<tr class=\"pair_3u9fnESIQrtuEu6ye_zM4k\" style=\"border-bottom: 0.0625rem solid #e7e7e7\" data-selenium=\"specsItemGroupTableRow\">\n<td class=\"label_3bLwbW8ibvYc5tUwpKVQsL firstSpecWhenNoGroupName_2L9ob5rxYHNpmiwoNrY0FE\" style=\"width: 318px;padding: 0px 0px 1.25rem;border-top: none;vertical-align: baseline;font-size: 1.125rem;color: #666666;line-height: 1.375rem\" data-selenium=\"specsItemGroupTableColumnLabel\">Montaje de accesorios<\/td>\n<td class=\"value_11Av1yGkVYn9TX48mQeu9v firstSpecWhenNoGroupName_2L9ob5rxYHNpmiwoNrY0FE\" style=\"vertical-align: baseline;font-size: 1.125rem;color: #666666;line-height: 1.375rem;padding: 0px 0px 1.25rem 2.5rem\" data-selenium=\"specsItemGroupTableColumnValue\"><em>Ninguno<\/em><\/td>\n<\/tr>\n<tr class=\"pair_3u9fnESIQrtuEu6ye_zM4k\" style=\"border-bottom: 0.0625rem solid #e7e7e7\" data-selenium=\"specsItemGroupTableRow\">\n<td class=\"label_3bLwbW8ibvYc5tUwpKVQsL\" style=\"width: 318px;padding: 1.25rem 0px;border-top: none;vertical-align: baseline;font-size: 1.125rem;color: #666666;line-height: 1.375rem\" data-selenium=\"specsItemGroupTableColumnLabel\">Accesorio de<\/td>\n<p> c\u00e1mara <\/p>\n<td class=\"value_11Av1yGkVYn9TX48mQeu9v\" style=\"vertical-align: baseline;font-size: 1.125rem;color: #666666;line-height: 1.375rem;padding: 1.25rem 0px 1.25rem 2.5rem\" data-selenium=\"specsItemGroupTableColumnValue\">1\/4&#8243;-20 Macho<\/td>\n<\/tr>\n<tr class=\"pair_3u9fnESIQrtuEu6ye_zM4k\" style=\"border-bottom: 0.0625rem solid #e7e7e7\" data-selenium=\"specsItemGroupTableRow\">\n<td class=\"label_3bLwbW8ibvYc5tUwpKVQsL\" style=\"width: 318px;padding: 1.25rem 0px;border-top: none;vertical-align: baseline;font-size: 1.125rem;color: #666666;line-height: 1.375rem\" data-selenium=\"specsItemGroupTableColumnLabel\">Dimensiones<\/td>\n<td class=\"value_11Av1yGkVYn9TX48mQeu9v\" style=\"vertical-align: baseline;font-size: 1.125rem;color: #666666;line-height: 1.375rem;padding: 1.25rem 0px 1.25rem 2.5rem\" data-selenium=\"specsItemGroupTableColumnValue\">A: 5,70 x W: 2,11 x D: 1,79&#8243; \/ H: 144,7 x W: 53,7 x D: 45,5 mm<\/td>\n<\/tr>\n<tr class=\"pair_3u9fnESIQrtuEu6ye_zM4k\" style=\"border-bottom: 0.0625rem solid #e7e7e7\" data-selenium=\"specsItemGroupTableRow\">\n<td class=\"label_3bLwbW8ibvYc5tUwpKVQsL\" style=\"width: 318px;padding: 1.25rem 0px;border-top: none;vertical-align: baseline;font-size: 1.125rem;color: #666666;line-height: 1.375rem\" data-selenium=\"specsItemGroupTableColumnLabel\">Peso<\/td>\n<td class=\"value_11Av1yGkVYn9TX48mQeu9v\" style=\"vertical-align: baseline;font-size: 1.125rem;color: #666666;line-height: 1.375rem;padding: 1.25rem 0px 1.25rem 2.5rem\" data-selenium=\"specsItemGroupTableColumnValue\">3.49 onzas \/ 99 g<\/td>\n<\/tr>\n<\/tbody>\n<\/table>\n<\/div>\n","protected":false},"excerpt":{"rendered":"<p>LUCES Para c\u00e1maras Panasonic Lumix seleccionadas Empu\u00f1adura con controles de c\u00e1mara incorporados Se convierte en tr\u00edpode de mesa Se conecta<\/p>\n","protected":false},"featured_media":42443,"comment_status":"closed","ping_status":"open","template":"","meta":{"_acf_changed":false},"product_brand":[2536],"product_cat":[919],"product_tag":[],"class_list":{"0":"post-73453","1":"product","2":"type-product","3":"status-publish","4":"has-post-thumbnail","6":"product_brand-panasonic-es","7":"product_cat-disparadores-es","9":"first","10":"instock","11":"taxable","12":"shipping-taxable","13":"purchasable","14":"product-type-simple"},"bundled_by":[],"bundle_stock_status":"instock","bundle_stock_quantity":1,"bundle_virtual":false,"bundle_layout":"","bundle_add_to_cart_form_location":"","bundle_editable_in_cart":false,"bundle_sold_individually_context":"","bundle_item_grouping":"","bundle_min_size":"","bundle_max_size":"","bundle_price":[],"bundled_items":[],"bundle_sell_ids":[],"acf":[],"_links":{"self":[{"href":"https:\/\/hi-techwonder.com\/es\/wp-json\/wp\/v2\/product\/73453","targetHints":{"allow":["GET"]}}],"collection":[{"href":"https:\/\/hi-techwonder.com\/es\/wp-json\/wp\/v2\/product"}],"about":[{"href":"https:\/\/hi-techwonder.com\/es\/wp-json\/wp\/v2\/types\/product"}],"replies":[{"embeddable":true,"href":"https:\/\/hi-techwonder.com\/es\/wp-json\/wp\/v2\/comments?post=73453"}],"wp:featuredmedia":[{"embeddable":true,"href":"https:\/\/hi-techwonder.com\/es\/wp-json\/wp\/v2\/media\/42443"}],"wp:attachment":[{"href":"https:\/\/hi-techwonder.com\/es\/wp-json\/wp\/v2\/media?parent=73453"}],"wp:term":[{"taxonomy":"product_brand","embeddable":true,"href":"https:\/\/hi-techwonder.com\/es\/wp-json\/wp\/v2\/product_brand?post=73453"},{"taxonomy":"product_cat","embeddable":true,"href":"https:\/\/hi-techwonder.com\/es\/wp-json\/wp\/v2\/product_cat?post=73453"},{"taxonomy":"product_tag","embeddable":true,"href":"https:\/\/hi-techwonder.com\/es\/wp-json\/wp\/v2\/product_tag?post=73453"}],"curies":[{"name":"wp","href":"https:\/\/api.w.org\/{rel}","templated":true}]}}