{"id":73455,"date":"2025-07-28T23:29:53","date_gmt":"2025-07-28T23:29:53","guid":{"rendered":"https:\/\/fv6qoy3ls0.wpdns.site\/produto\/panasonic-dmw-blc12-7-2v-1200mah\/"},"modified":"2026-04-21T17:09:16","modified_gmt":"2026-04-21T16:09:16","slug":"panasonic-lumix-panasonic-dmw-blc12-7-2v-1200mah","status":"publish","type":"product","link":"https:\/\/hi-techwonder.com\/es\/producto\/panasonic-lumix-panasonic-dmw-blc12-7-2v-1200mah\/","title":{"rendered":"PANASONIC DMW-BLC12 7.2V 1200mAh"},"content":{"rendered":"<p><span style=\"font-size: small\">Esta es la bater\u00eda recargable de iones de litio DMW-BLC12 de Panasonic. Peque\u00f1as y livianas, las bater\u00edas de iones de litio se pueden cargar o descargar en cualquier momento sin desarrollar efectos de memoria. <br \/><\/span><\/p>\n<p><span style=\"font-size: small\"><strong>Ayuntamientos:<\/strong><\/p>\n<p><strong>Lumix:<\/strong><br \/><\/span><\/p>\n<ul>\n<li><span style=\"font-size: small\">DMC-GH<\/span><\/li>\n<li><span style=\"font-size: small\">DMC-G5<\/span><\/li>\n<li><span style=\"font-size: small\">DMC-G6<\/span><\/li>\n<li><span style=\"font-size: small\">DMC-FZ200<\/span><\/li>\n<li><span style=\"font-size: small\">DMC-FZ1000 C\u00e1maras digitales Lumix:<\/span><\/li>\n<li><span style=\"font-size: small\">DMCGH<\/span><\/li>\n<li><span style=\"font-size: small\">DMCG5<\/span><\/li>\n<li><span style=\"font-size: small\">DMCG6<\/span><\/li>\n<li><span style=\"font-size: small\">DMCFZ200<\/span><\/li>\n<li><span style=\"font-size: small\">C\u00e1maras digitales DMCFZ1000<\/span><\/li>\n<li><span style=\"font-size: small\">DMC-G80<br \/><\/span><\/li>\n<\/ul>\n<p><span style=\"font-size: small\">&nbsp;<\/span><\/p>\n<table style=\"margin: 0px 0px 35px;padding: 0px;border: 0px none;font-style: normal;font-weight: normal;font-size: 12px;line-height: inherit;vertical-align: baseline;border-collapse: separate;border-spacing: 0px;clear: both;width: 643px;color: #595959;letter-spacing: normal;text-align: start;text-indent: 0px;text-transform: none;white-space: normal\" border=\"0\">\n<tbody style=\"margin: 0px;padding: 0px;border: 0px;font-style: inherit;font-variant: inherit;font-weight: inherit;font-size: inherit;line-height: inherit;font-family: inherit;vertical-align: baseline\">\n<tr style=\"margin: 0px;padding: 0px;border: 0px;font-style: inherit;font-variant: inherit;font-weight: inherit;font-size: inherit;line-height: inherit;font-family: inherit;vertical-align: baseline\">\n<td style=\"margin: 0px;padding: 0px 0px 20px;font-style: inherit;font-variant: inherit;font-weight: inherit;line-height: 22px;vertical-align: baseline;text-align: left;width: 244px;border: medium 0px 1px none none solid currentcolor currentcolor #e6e7e8\"><span style=\"font-size: small\">Qu\u00edmica<\/span><\/td>\n<td style=\"margin: 0px;padding: 0px 0px 20px 40px;border-width: medium 0px 1px;border-style: none none solid;border-color: currentcolor currentcolor #e6e7e8;font-style: inherit;font-variant: inherit;font-weight: inherit;line-height: 22px;vertical-align: baseline;text-align: left\"><span style=\"font-size: small\">Iones de litio<\/span><\/td>\n<\/tr>\n<tr style=\"margin: 0px;padding: 0px;border: 0px;font-style: inherit;font-variant: inherit;font-weight: inherit;font-size: inherit;line-height: inherit;font-family: inherit;vertical-align: baseline\">\n<td style=\"margin: 0px;padding: 20px 0px;font-style: inherit;font-variant: inherit;font-weight: inherit;line-height: 22px;vertical-align: baseline;text-align: left;width: 244px;border: medium 0px 1px none none solid currentcolor currentcolor #e6e7e8\"><span style=\"font-size: small\">Capacidad<\/span><\/td>\n<td style=\"margin: 0px;padding: 20px 0px 20px 40px;border-width: medium 0px 1px;border-style: none none solid;border-color: currentcolor currentcolor #e6e7e8;font-style: inherit;font-variant: inherit;font-weight: inherit;line-height: 22px;vertical-align: baseline;text-align: left\"><span style=\"font-size: small\">7,2 V<\/span><\/td>\n<\/tr>\n<tr style=\"margin: 0px;padding: 0px;border: 0px;font-style: inherit;font-variant: inherit;font-weight: inherit;font-size: inherit;line-height: inherit;font-family: inherit;vertical-align: baseline\">\n<td style=\"margin: 0px;padding: 20px 0px;font-style: inherit;font-variant: inherit;font-weight: inherit;line-height: 22px;vertical-align: baseline;text-align: left;width: 244px;border: medium 0px 1px none none solid currentcolor currentcolor #e6e7e8\"><span style=\"font-size: small\">Voltaje de salida<\/span><\/td>\n<td style=\"margin: 0px;padding: 20px 0px 20px 40px;border-width: medium 0px 1px;border-style: none none solid;border-color: currentcolor currentcolor #e6e7e8;font-style: inherit;font-variant: inherit;font-weight: inherit;line-height: 22px;vertical-align: baseline;text-align: left\"><span style=\"font-size: small\">1200mAh<\/span><\/td>\n<\/tr>\n<tr style=\"margin: 0px;padding: 0px;border: 0px;font-style: inherit;font-variant: inherit;font-weight: inherit;font-size: inherit;line-height: inherit;font-family: inherit;vertical-align: baseline\">\n<td style=\"margin: 0px;padding: 20px 0px;font-style: inherit;font-variant: inherit;font-weight: inherit;line-height: 22px;vertical-align: baseline;text-align: left;width: 244px;border: medium 0px 1px none none solid currentcolor currentcolor #e6e7e8\"><span style=\"font-size: small\">Compatibilidad<\/span><\/td>\n<td style=\"margin: 0px;padding: 20px 0px 20px 40px;border-width: medium 0px 1px;border-style: none none solid;border-color: currentcolor currentcolor #e6e7e8;font-style: inherit;font-variant: inherit;font-weight: inherit;line-height: 22px;vertical-align: baseline;text-align: left\"><span style=\"font-size: small\">Para c\u00e1maras digitales Lumix DMC-GH2 y FZ200<\/span><\/td>\n<\/tr>\n<tr style=\"margin: 0px;padding: 0px;border: 0px;font-style: inherit;font-variant: inherit;font-weight: inherit;font-size: inherit;line-height: inherit;font-family: inherit;vertical-align: baseline\">\n<td style=\"margin: 0px;padding: 20px 0px;font-style: inherit;font-variant: inherit;font-weight: inherit;line-height: 22px;vertical-align: baseline;text-align: left;width: 244px;border: medium 0px 1px none none solid currentcolor currentcolor #e6e7e8\"><span style=\"font-size: small\">Dimensiones<\/span><\/td>\n<td style=\"margin: 0px;padding: 20px 0px 20px 40px;border-width: medium 0px 1px;border-style: none none solid;border-color: currentcolor currentcolor #e6e7e8;font-style: inherit;font-variant: inherit;font-weight: inherit;line-height: 22px;vertical-align: baseline;text-align: left\"><span style=\"font-size: small\"><em>No especificado por el fabricante<\/em><\/span><\/td>\n<\/tr>\n<tr style=\"margin: 0px;padding: 0px;border: 0px;font-style: inherit;font-variant: inherit;font-weight: inherit;font-size: inherit;line-height: inherit;font-family: inherit;vertical-align: baseline\">\n<td style=\"margin: 0px;padding: 20px 0px;font-style: inherit;font-variant: inherit;font-weight: inherit;line-height: 22px;vertical-align: baseline;text-align: left;width: 244px;border: medium 0px 1px none none solid currentcolor currentcolor #e6e7e8\"><span style=\"font-size: small\">Peso<\/span><\/td>\n<td style=\"margin: 0px;padding: 20px 0px 20px 40px;border-width: medium 0px 1px;border-style: none none solid;border-color: currentcolor currentcolor #e6e7e8;font-style: inherit;font-variant: inherit;font-weight: inherit;line-height: 22px;vertical-align: baseline;text-align: left\"><span style=\"font-size: small\"><em>No especificado por el fabricante<\/em><\/span><\/td>\n<\/tr>\n<\/tbody>\n<\/table>\n","protected":false},"excerpt":{"rendered":"<p>Esta es la bater\u00eda recargable de iones de litio DMW-BLC12 de Panasonic. Peque\u00f1as y livianas, las bater\u00edas de iones de<\/p>\n","protected":false},"featured_media":22840,"comment_status":"closed","ping_status":"closed","template":"","meta":{"_acf_changed":false},"product_brand":[2536],"product_cat":[862],"product_tag":[],"class_list":{"0":"post-73455","1":"product","2":"type-product","3":"status-publish","4":"has-post-thumbnail","6":"product_brand-panasonic-es","7":"product_cat-panasonic-es","9":"first","10":"onbackorder","11":"taxable","12":"shipping-taxable","13":"purchasable","14":"product-type-simple"},"bundled_by":[],"bundle_stock_status":"onbackorder","bundle_stock_quantity":null,"bundle_virtual":false,"bundle_layout":"","bundle_add_to_cart_form_location":"","bundle_editable_in_cart":false,"bundle_sold_individually_context":"","bundle_item_grouping":"","bundle_min_size":"","bundle_max_size":"","bundle_price":[],"bundled_items":[],"bundle_sell_ids":[],"acf":[],"_links":{"self":[{"href":"https:\/\/hi-techwonder.com\/es\/wp-json\/wp\/v2\/product\/73455","targetHints":{"allow":["GET"]}}],"collection":[{"href":"https:\/\/hi-techwonder.com\/es\/wp-json\/wp\/v2\/product"}],"about":[{"href":"https:\/\/hi-techwonder.com\/es\/wp-json\/wp\/v2\/types\/product"}],"replies":[{"embeddable":true,"href":"https:\/\/hi-techwonder.com\/es\/wp-json\/wp\/v2\/comments?post=73455"}],"wp:featuredmedia":[{"embeddable":true,"href":"https:\/\/hi-techwonder.com\/es\/wp-json\/wp\/v2\/media\/22840"}],"wp:attachment":[{"href":"https:\/\/hi-techwonder.com\/es\/wp-json\/wp\/v2\/media?parent=73455"}],"wp:term":[{"taxonomy":"product_brand","embeddable":true,"href":"https:\/\/hi-techwonder.com\/es\/wp-json\/wp\/v2\/product_brand?post=73455"},{"taxonomy":"product_cat","embeddable":true,"href":"https:\/\/hi-techwonder.com\/es\/wp-json\/wp\/v2\/product_cat?post=73455"},{"taxonomy":"product_tag","embeddable":true,"href":"https:\/\/hi-techwonder.com\/es\/wp-json\/wp\/v2\/product_tag?post=73455"}],"curies":[{"name":"wp","href":"https:\/\/api.w.org\/{rel}","templated":true}]}}