{"id":73456,"date":"2025-07-29T09:36:40","date_gmt":"2025-07-29T09:36:40","guid":{"rendered":"https:\/\/fv6qoy3ls0.wpdns.site\/produto\/panasonic-g-vario-12-60mm-f-3-5-5-6-asph-power-ois\/"},"modified":"2026-04-21T17:10:34","modified_gmt":"2026-04-21T16:10:34","slug":"panasonic-lumix-panasonic-g-vario-12-60mm-f-3-5-5-6-asph-power-ois","status":"publish","type":"product","link":"https:\/\/hi-techwonder.com\/es\/producto\/panasonic-lumix-panasonic-g-vario-12-60mm-f-3-5-5-6-asph-power-ois\/","title":{"rendered":"PANASONIC G Vario 12-60mm f\/3.5-5.6 ASPH POWER OIS"},"content":{"rendered":"<p><span style=\"color: #000000\">La distancia focal de 12-60 mm (equivalente a una c\u00e1mara de 35 mm: 24-120 mm) de este objetivo proporciona una configuraci\u00f3n con pesta\u00f1as, desde fondos espectaculares hasta retratos teleproyectivos de 60 mm. La resoluci\u00f3n \u00f3ptima de este objetivo LEICA DG proporciona la m\u00e1xima nitidez a cada elemento de la imagen, de esquina a esquina. <\/span><\/p>\n<p><span style=\"font-size: small\"><strong>ASPECTOS DESTACADOS DEL PRODUCTO<\/strong><\/p>\n<p><\/span><\/p>\n<ul>\n<li><span style=\"font-size: small\">Sistema Micro Cuatro Tercios<\/span><\/li>\n<li><span style=\"font-size: small\">24-120 mm (equivalente a 35 mm)<\/span><\/li>\n<li><span style=\"font-size: small\">Rango de apertura: f\/3.5 a f\/22<\/span><\/li>\n<li><span style=\"font-size: small\">Un elemento de dispersi\u00f3n extra baja<\/span><\/li>\n<li><span style=\"font-size: small\">Tres elementos asf\u00e9ricos<\/span><\/li>\n<li><span style=\"font-size: small\">POWER OIS, Dual IS Compatible<\/span><\/li>\n<li><span style=\"font-size: small\">Construcci\u00f3n a prueba de salpicaduras y polvo<\/span><\/li>\n<li><span style=\"font-size: small\">Diafragma redondeado de 7 hojas<\/span><\/li>\n<\/ul>\n<p><span style=\"font-size: small\">Desarrollado como un zoom compacto ideal para viajes, el Lumix G Vario 12-60mm f\/3.5-5.6 ASPH. El POWER OIS de Panasonic es un objetivo de sistema Micro Cuatro Tercios que cubre un rango vers\u00e1til de distancia focal equivalente a 24-120 mm. Abarcando perspectivas de gran angular a teleobjetivo, el dise\u00f1o de la lente incorpora tres elementos asf\u00e9ricos y un elemento de dispersi\u00f3n extra baja para reducir las aberraciones esf\u00e9ricas y crom\u00e1ticas en todo el rango de zoom para mejorar la claridad y nitidez de la imagen. Adem\u00e1s, un sistema de estabilizaci\u00f3n \u00f3ptica de imagen apt POWER compensa los efectos del movimiento de la c\u00e1mara, y tambi\u00e9n es compatible con c\u00e1maras con Dual IS para una estabilidad robusta que beneficia el disparo sin tr\u00edpode en condiciones de iluminaci\u00f3n dif\u00edciles. Consolidando a\u00fan m\u00e1s su lugar como un objetivo vers\u00e1til e ideal para los fot\u00f3grafos en movimiento, este objetivo de 12-60 mm cuenta con una construcci\u00f3n a prueba de polvo y salpicaduras para su uso en entornos hostiles.    <br \/><\/span><\/p>\n<ul>\n<li><span style=\"font-size: small\">Compatible con las c\u00e1maras sin espejo Micro Four Thirds, este objetivo de 12-60 mm ofrece un rango de distancia focal equivalente a 24-120 mm que abarca desde perspectivas de gran angular hasta teleobjetivo.<\/span><\/li>\n<li><span style=\"font-size: small\">Tres elementos asf\u00e9ricos y un elemento de dispersi\u00f3n extra baja ayudan a reducir las aberraciones esf\u00e9ricas y crom\u00e1ticas en todo el rango del zoom para una mayor nitidez, claridad y precisi\u00f3n de color.<\/span><\/li>\n<li><span style=\"font-size: small\">Un sistema POWER OIS minimiza la apariencia del movimiento de la c\u00e1mara para una toma manual m\u00e1s clara. Este sistema de estabilizaci\u00f3n de imagen tambi\u00e9n es compatible con la funci\u00f3n Dual IS de c\u00e1maras Panasonic seleccionadas, que adem\u00e1s emplea estabilizaci\u00f3n de imagen por cambio de sensor para un control a\u00fan m\u00e1s efectivo del movimiento de la c\u00e1mara. <\/span><\/li>\n<li><span style=\"font-size: small\">El diafragma redondeado de siete hojas produce una calidad de bokeh suave para adaptarse al trabajo con t\u00e9cnicas de enfoque selectivo y poca profundidad de campo.<\/span><\/li>\n<li><span style=\"font-size: small\">La construcci\u00f3n resistente a las salpicaduras y al polvo beneficia el trabajo en condiciones y entornos hostiles.<\/span><\/li>\n<\/ul>\n<p style=\"margin-bottom: 0cm\"><span style=\"font-size: small\">&nbsp;<\/span><\/p>\n<p><span style=\"font-size: small\"> <\/span><\/p>\n<p><span style=\"font-size: small\"> <\/span><\/p>\n<table style=\"width: 643px\" border=\"0\" cellspacing=\"0\" cellpadding=\"2\">\n<colgroup>\n<col width=\"168\"><\/colgroup>\n<colgroup>\n<col width=\"466\"><\/colgroup>\n<tbody>\n<tr>\n<th colspan=\"2\" width=\"639\">\n<p style=\"padding: 0cm;font-style: normal;font-weight: normal\"><span style=\"font-size: small\"><a name=\"11011\"><\/a><span style=\"font-size: x-large\">interino<\/span><\/span><\/p>\n<\/th>\n<\/tr>\n<tr>\n<td width=\"168\">\n<p style=\"padding: 0cm 0cm 0.53cm;border: medium medium 1px none none solid currentcolor currentcolor #e6e7e8\"><span style=\"font-size: small\">Distancia focal<\/span><\/p>\n<\/td>\n<td width=\"466\">\n<p style=\"padding: 0cm 0cm 0.53cm;border: medium medium 1px none none solid currentcolor currentcolor #e6e7e8\"><span style=\"font-size: small\">12 &#8211; 60 mm<br \/>Equivalente a 35 mm en formato Micro Cuatro Tercios Distancia focal: 24 &#8211; 120 mm<\/span><\/p>\n<\/td>\n<\/tr>\n<tr>\n<td width=\"168\">\n<p style=\"padding: 0cm 0cm 0.53cm;border: medium medium 1px none none solid currentcolor currentcolor #e6e7e8\"><span style=\"font-size: small\">Abertura<\/span><\/p>\n<\/td>\n<td width=\"466\">\n<p style=\"padding: 0cm 0cm 0.53cm;border: medium medium 1px none none solid currentcolor currentcolor #e6e7e8\"><span style=\"font-size: small\">M\u00e1ximo: f\/3.5 &#8211; 5.6<br \/>M\u00ednimo: f\/22<\/span><\/p>\n<\/td>\n<\/tr>\n<tr>\n<td width=\"168\">\n<p style=\"padding: 0cm 0cm 0.53cm;border: medium medium 1px none none solid currentcolor currentcolor #e6e7e8\"><span style=\"font-size: small\">Tipo de montaje de la c\u00e1mara<\/span><\/p>\n<\/td>\n<td width=\"466\">\n<p style=\"padding: 0cm 0cm 0.53cm;border: medium medium 1px none none solid currentcolor currentcolor #e6e7e8\"><span style=\"font-size: small\">Micro Cuatro Tercios<\/span><\/p>\n<\/td>\n<\/tr>\n<tr>\n<td width=\"168\">\n<p style=\"padding: 0cm 0cm 0.53cm;border: medium medium 1px none none solid currentcolor currentcolor #e6e7e8\"><span style=\"font-size: small\">Compatibilidad de formatos<\/span><\/p>\n<\/td>\n<td width=\"466\">\n<p style=\"padding: 0cm 0cm 0.53cm;border: medium medium 1px none none solid currentcolor currentcolor #e6e7e8\"><span style=\"font-size: small\">Micro Cuatro Tercios<\/span><\/p>\n<\/td>\n<\/tr>\n<tr>\n<td width=\"168\">\n<p style=\"padding: 0cm 0cm 0.53cm;border: medium medium 1px none none solid currentcolor currentcolor #e6e7e8\"><span style=\"font-size: small\">\u00c1ngulo<\/span><\/p>\n<\/td>\n<td width=\"466\">\n<p style=\"padding: 0cm 0cm 0.53cm;border: medium medium 1px none none solid currentcolor currentcolor #e6e7e8\"><span style=\"font-size: small\">84,05\u00b0 &#8211; 20,44\u00b0<\/span><\/p>\n<\/td>\n<\/tr>\n<tr>\n<td width=\"168\">\n<p style=\"padding: 0cm 0cm 0.53cm;border: medium medium 1px none none solid currentcolor currentcolor #e6e7e8\"><span style=\"font-size: small\">Distancia m\u00ednima de enfoque<\/span><\/p>\n<\/td>\n<td width=\"466\">\n<p style=\"padding: 0cm 0cm 0.53cm;border: medium medium 1px none none solid currentcolor currentcolor #e6e7e8\"><span style=\"font-size: small\">7,87&#8243; (20 cm)<\/span><\/p>\n<\/td>\n<\/tr>\n<tr>\n<td width=\"168\">\n<p style=\"padding: 0cm 0cm 0.53cm;border: medium medium 1px none none solid currentcolor currentcolor #e6e7e8\"><span style=\"font-size: small\">Ampliaci\u00f3n<\/span><\/p>\n<\/td>\n<td width=\"466\">\n<p style=\"padding: 0cm 0cm 0.53cm;border: medium medium 1px none none solid currentcolor currentcolor #e6e7e8\"><span style=\"font-size: small\">0,27 veces<\/span><\/p>\n<\/td>\n<\/tr>\n<tr>\n<td width=\"168\">\n<p style=\"padding: 0cm 0cm 0.53cm;border: medium medium 1px none none solid currentcolor currentcolor #e6e7e8\"><span style=\"font-size: small\">Elementos\/Grupos<\/span><\/p>\n<\/td>\n<td width=\"466\">\n<p style=\"padding: 0cm 0cm 0.53cm;border: medium medium 1px none none solid currentcolor currentcolor #e6e7e8\"><span style=\"font-size: small\">11\/9<\/span><\/p>\n<\/td>\n<\/tr>\n<tr>\n<td width=\"168\">\n<p style=\"padding: 0cm 0cm 0.53cm;border: medium medium 1px none none solid currentcolor currentcolor #e6e7e8\"><span style=\"font-size: small\">Hojas de diafragma<\/span><\/p>\n<\/td>\n<td width=\"466\">\n<p style=\"padding: 0cm 0cm 0.53cm;border: medium medium 1px none none solid currentcolor currentcolor #e6e7e8\"><span style=\"font-size: small\">7, redondeado<\/span><\/p>\n<\/td>\n<\/tr>\n<\/tbody>\n<\/table>\n<p><span style=\"font-size: small\"> <\/span><\/p>\n<p><span style=\"font-size: small\"> <\/span><\/p>\n<table style=\"width: 201px\" border=\"0\" cellspacing=\"0\" cellpadding=\"2\">\n<colgroup>\n<col width=\"156\"><\/colgroup>\n<colgroup>\n<col width=\"37\"><\/colgroup>\n<tbody>\n<tr>\n<th colspan=\"2\" width=\"197\">\n<p style=\"padding: 0cm;font-style: normal;font-weight: normal\"><span style=\"font-size: small\"><a name=\"23001\"><\/a><span style=\"font-size: x-large\">Recursos<\/span><\/span><\/p>\n<\/th>\n<\/tr>\n<tr>\n<td width=\"156\">\n<p style=\"padding: 0cm 0cm 0.53cm;border: medium medium 1px none none solid currentcolor currentcolor #e6e7e8\"><span style=\"font-size: small\">Estabilizaci\u00f3n de imagen<\/span><\/p>\n<\/td>\n<td width=\"37\">\n<p style=\"padding: 0cm 0cm 0.53cm;border: medium medium 1px none none solid currentcolor currentcolor #e6e7e8\"><span style=\"font-size: small\">S\u00ed<\/span><\/p>\n<\/td>\n<\/tr>\n<tr>\n<td width=\"156\">\n<p style=\"padding: 0cm 0cm 0.53cm;border: medium medium 1px none none solid currentcolor currentcolor #e6e7e8\"><span style=\"font-size: small\">Autom\u00e1tico<\/span><\/p>\n<\/td>\n<td width=\"37\">\n<p style=\"padding: 0cm 0cm 0.53cm;border: medium medium 1px none none solid currentcolor currentcolor #e6e7e8\"><span style=\"font-size: small\">S\u00ed<\/span><\/p>\n<\/td>\n<\/tr>\n<\/tbody>\n<\/table>\n<p><span style=\"font-size: small\"> <\/span><\/p>\n<p><span style=\"font-size: small\"> <\/span><\/p>\n<table style=\"width: 434px\" border=\"0\" cellspacing=\"0\" cellpadding=\"2\">\n<colgroup>\n<col width=\"147\"><\/colgroup>\n<colgroup>\n<col width=\"279\"><\/colgroup>\n<tbody>\n<tr>\n<th colspan=\"2\" width=\"430\">\n<p style=\"padding: 0cm;font-style: normal;font-weight: normal\"><span style=\"font-size: small\"><a name=\"11501\"><\/a><span style=\"font-size: x-large\">F\u00edsico<\/span><\/span><\/p>\n<\/th>\n<\/tr>\n<tr>\n<td width=\"147\">\n<p style=\"padding: 0cm 0cm 0.53cm;border: medium medium 1px none none solid currentcolor currentcolor #e6e7e8\"><span style=\"font-size: small\">Tema de filtro<\/span><\/p>\n<\/td>\n<td width=\"279\">\n<p style=\"padding: 0cm 0cm 0.53cm;border: medium medium 1px none none solid currentcolor currentcolor #e6e7e8\"><span style=\"font-size: small\">Frontal: 58 mm<\/span><\/p>\n<\/td>\n<\/tr>\n<tr>\n<td width=\"147\">\n<p style=\"padding: 0cm 0cm 0.53cm;border: medium medium 1px none none solid currentcolor currentcolor #e6e7e8\"><span style=\"font-size: small\">Dimensiones (DxL)<\/span><\/p>\n<\/td>\n<td width=\"279\">\n<p style=\"padding: 0cm 0cm 0.53cm;border: medium medium 1px none none solid currentcolor currentcolor #e6e7e8\"><span style=\"font-size: small\">Aproximadamente. 2,60 x 2,80&#8243; (66 x 71 mm) <\/span><\/p>\n<\/td>\n<\/tr>\n<tr>\n<td width=\"147\">\n<p style=\"padding: 0cm 0cm 0.53cm;border: medium medium 1px none none solid currentcolor currentcolor #e6e7e8\"><span style=\"font-size: small\">Peso<\/span><\/p>\n<\/td>\n<td width=\"279\">\n<p style=\"padding: 0cm 0cm 0.53cm;border: medium medium 1px none none solid currentcolor currentcolor #e6e7e8\"><span style=\"font-size: small\">7,41 oz (210 g) (210 g)<\/span><\/p>\n<\/td>\n<\/tr>\n<\/tbody>\n<\/table>\n<p><span style=\"font-size: small\"> <\/span><\/p>\n<p style=\"margin-bottom: 0cm\"><span style=\"font-size: small\">&nbsp;<\/span><\/p>\n","protected":false},"excerpt":{"rendered":"<p>La distancia focal de 12-60 mm (equivalente a una c\u00e1mara de 35 mm: 24-120 mm) de este objetivo proporciona una<\/p>\n","protected":false},"featured_media":51398,"comment_status":"closed","ping_status":"open","template":"","meta":{"_acf_changed":false},"product_brand":[2536],"product_cat":[1062],"product_tag":[],"class_list":{"0":"post-73456","1":"product","2":"type-product","3":"status-publish","4":"has-post-thumbnail","6":"product_brand-panasonic-es","7":"product_cat-mirrorless-objectivos","8":"pa_abertura-maxima-f-3-5-5-6-es","10":"first","11":"onbackorder","12":"taxable","13":"shipping-taxable","14":"purchasable","15":"product-type-simple"},"bundled_by":[],"bundle_stock_status":"onbackorder","bundle_stock_quantity":null,"bundle_virtual":false,"bundle_layout":"","bundle_add_to_cart_form_location":"","bundle_editable_in_cart":false,"bundle_sold_individually_context":"","bundle_item_grouping":"","bundle_min_size":"","bundle_max_size":"","bundle_price":[],"bundled_items":[],"bundle_sell_ids":[],"acf":[],"_links":{"self":[{"href":"https:\/\/hi-techwonder.com\/es\/wp-json\/wp\/v2\/product\/73456","targetHints":{"allow":["GET"]}}],"collection":[{"href":"https:\/\/hi-techwonder.com\/es\/wp-json\/wp\/v2\/product"}],"about":[{"href":"https:\/\/hi-techwonder.com\/es\/wp-json\/wp\/v2\/types\/product"}],"replies":[{"embeddable":true,"href":"https:\/\/hi-techwonder.com\/es\/wp-json\/wp\/v2\/comments?post=73456"}],"wp:featuredmedia":[{"embeddable":true,"href":"https:\/\/hi-techwonder.com\/es\/wp-json\/wp\/v2\/media\/51398"}],"wp:attachment":[{"href":"https:\/\/hi-techwonder.com\/es\/wp-json\/wp\/v2\/media?parent=73456"}],"wp:term":[{"taxonomy":"product_brand","embeddable":true,"href":"https:\/\/hi-techwonder.com\/es\/wp-json\/wp\/v2\/product_brand?post=73456"},{"taxonomy":"product_cat","embeddable":true,"href":"https:\/\/hi-techwonder.com\/es\/wp-json\/wp\/v2\/product_cat?post=73456"},{"taxonomy":"product_tag","embeddable":true,"href":"https:\/\/hi-techwonder.com\/es\/wp-json\/wp\/v2\/product_tag?post=73456"}],"curies":[{"name":"wp","href":"https:\/\/api.w.org\/{rel}","templated":true}]}}