{"id":73460,"date":"2025-07-28T23:33:11","date_gmt":"2025-07-28T23:33:11","guid":{"rendered":"https:\/\/fv6qoy3ls0.wpdns.site\/produto\/cargador-panasonic-dmw-btc14-para-bateria-dmw-blj31\/"},"modified":"2026-01-31T03:49:37","modified_gmt":"2026-01-31T03:49:37","slug":"panasonic-lumix-panasonic-cargador-panasonic-dmw-btc14-para-bateria-dmw-blj31","status":"publish","type":"product","link":"https:\/\/hi-techwonder.com\/es\/producto\/panasonic-lumix-panasonic-cargador-panasonic-dmw-btc14-para-bateria-dmw-blj31\/","title":{"rendered":"PANASONIC Cargador DMW-BTC14 para bater\u00eda DMW-BLJ31"},"content":{"rendered":"<p><span style=\"color: #000000\">El cargador <strong>DMW-BTC14<\/strong>, dise\u00f1ado exclusivamente para la bater\u00eda DMW-BLJ31, se conecta a trav\u00e9s de un adaptador USB y es compatible con la especificaci\u00f3n USB Power Delivery.<\/span><\/p>\n<p><span style=\"color: #000000\"><span style=\"color: #000000\">Proporciona una carga completa en aproximadamente 2 horas.<\/span><\/span><\/p>\n<p><span style=\"color: #000000\"><span style=\"font-size: small\"><span style=\"color: #000000\">El indicador de carga LED de tres etapas (50%, 80%, 100%) te ayuda a administrar el uso de la bater\u00eda.<\/span><\/span><\/span><\/p>\n","protected":false},"excerpt":{"rendered":"<p>El cargador DMW-BTC14, dise\u00f1ado exclusivamente para la bater\u00eda DMW-BLJ31, se conecta a trav\u00e9s de un adaptador USB y es compatible<\/p>\n","protected":false},"featured_media":23749,"comment_status":"closed","ping_status":"closed","template":"","meta":{"_acf_changed":false},"product_brand":[2536],"product_cat":[873],"product_tag":[],"class_list":{"0":"post-73460","1":"product","2":"type-product","3":"status-publish","4":"has-post-thumbnail","6":"product_brand-panasonic-es","7":"product_cat-panasonic-cargadores","9":"first","10":"instock","11":"taxable","12":"shipping-taxable","13":"purchasable","14":"product-type-simple"},"bundled_by":[],"bundle_stock_status":"instock","bundle_stock_quantity":1,"bundle_virtual":false,"bundle_layout":"","bundle_add_to_cart_form_location":"","bundle_editable_in_cart":false,"bundle_sold_individually_context":"","bundle_item_grouping":"","bundle_min_size":"","bundle_max_size":"","bundle_price":[],"bundled_items":[],"bundle_sell_ids":[],"acf":[],"_links":{"self":[{"href":"https:\/\/hi-techwonder.com\/es\/wp-json\/wp\/v2\/product\/73460","targetHints":{"allow":["GET"]}}],"collection":[{"href":"https:\/\/hi-techwonder.com\/es\/wp-json\/wp\/v2\/product"}],"about":[{"href":"https:\/\/hi-techwonder.com\/es\/wp-json\/wp\/v2\/types\/product"}],"replies":[{"embeddable":true,"href":"https:\/\/hi-techwonder.com\/es\/wp-json\/wp\/v2\/comments?post=73460"}],"wp:featuredmedia":[{"embeddable":true,"href":"https:\/\/hi-techwonder.com\/es\/wp-json\/wp\/v2\/media\/23749"}],"wp:attachment":[{"href":"https:\/\/hi-techwonder.com\/es\/wp-json\/wp\/v2\/media?parent=73460"}],"wp:term":[{"taxonomy":"product_brand","embeddable":true,"href":"https:\/\/hi-techwonder.com\/es\/wp-json\/wp\/v2\/product_brand?post=73460"},{"taxonomy":"product_cat","embeddable":true,"href":"https:\/\/hi-techwonder.com\/es\/wp-json\/wp\/v2\/product_cat?post=73460"},{"taxonomy":"product_tag","embeddable":true,"href":"https:\/\/hi-techwonder.com\/es\/wp-json\/wp\/v2\/product_tag?post=73460"}],"curies":[{"name":"wp","href":"https:\/\/api.w.org\/{rel}","templated":true}]}}