{"id":73462,"date":"2025-07-29T00:26:24","date_gmt":"2025-07-29T00:26:24","guid":{"rendered":"https:\/\/fv6qoy3ls0.wpdns.site\/produto\/camara-panasonic-lumix-dc-tz99e-k-negro\/"},"modified":"2026-04-23T10:32:43","modified_gmt":"2026-04-23T09:32:43","slug":"panasonic-lumix-camara-panasonic-lumix-dc-tz99e-k-negro","status":"publish","type":"product","link":"https:\/\/hi-techwonder.com\/es\/producto\/panasonic-lumix-camara-panasonic-lumix-dc-tz99e-k-negro\/","title":{"rendered":"C\u00e1mara PANASONIC Lumix DC-TZ99E-K (Negro)"},"content":{"rendered":"<h3><strong>PANASONIC <\/strong>C\u00e1mara <strong style=\"color: inherit;--darkreader-inline-color: inherit\" data-darkreader-inline-color=\"\">Lumix TZ99<\/strong><\/h3>\n<hr>\n<h4><strong>Funciones<\/strong><\/h4>\n<ul>\n<li><strong>Sensor MOS de alta sensibilidad de 20.3MP:<\/strong> Captura im\u00e1genes con gran detalle, incluso con poca luz.<\/li>\n<li><strong>Lente LEICA DC Vario-Elmar:<\/strong> Zoom \u00f3ptico de 30x, equivalente a 24-720 mm (en formato de 35 mm), para una m\u00e1xima versatilidad en tomas de paisajes, retratos y primeros planos.<\/li>\n<li><strong>Estabilizaci\u00f3n de imagen \u00f3ptica h\u00edbrida de 5 ejes:<\/strong> Minimiza las sacudidas para obtener resultados n\u00edtidos en im\u00e1genes fijas y videos.<\/li>\n<li><strong>Pantalla t\u00e1ctil inclinable de 3.0\u00bb:<\/strong> Con 1.840k puntos, inclinable hasta 180\u00ba para selfies y navegaci\u00f3n intuitiva.<\/li>\n<li><strong>Video 4K UHD a 30p y HD a 120 fps:<\/strong> Calidad superior para grabaciones detalladas y opciones creativas.<\/li>\n<li><strong>Enfoque posterior a la captura y apilamiento de enfoque:<\/strong> Le permiten ajustar el \u00e1rea de enfoque o combinar im\u00e1genes para obtener una mayor profundidad de campo.<\/li>\n<li><strong>Modos de foto 4K:<\/strong> Captura momentos en alta resoluci\u00f3n desde una secuencia de v\u00eddeo de 30fps.<\/li>\n<li><strong>Conectividad avanzada:<\/strong> Bluetooth 5.0 y Wi-Fi 2.4GHz para transferencia de im\u00e1genes y control remoto.<\/li>\n<li><strong>Carga USB tipo C\u00ae:<\/strong> Recargue convenientemente con una conectividad moderna.<\/li>\n<\/ul>\n<p><iframe loading=\"lazy\" frameborder=\"0\" src=\"https:\/\/www.youtube.com\/embed\/4tSISDgUW6k?start=2\" width=\"640\" height=\"360\"><\/iframe><\/p>\n<ul>\n<\/ul>\n<hr>\n<h4><strong>Contenido del paquete<\/strong><\/h4>\n<ul>\n<li>1 x C\u00e1mara Panasonic Lumix TZ99<\/li>\n<li>1 x bater\u00eda de iones de litio (7,2 V, 1025 mAh)<\/li>\n<li>1 x correa de mano<\/li>\n<li>1 x cable USB tipo C<\/li>\n<li>Manual de usuario<\/li>\n<li>Software de instalaci\u00f3n disponible en l\u00ednea<\/li>\n<\/ul>\n<hr>\n<h4><strong>Descripci\u00f3n<\/strong><\/h4>\n<p>La <strong>Panasonic Lumix TZ99<\/strong> es una c\u00e1mara compacta de alto rendimiento ideal para fot\u00f3grafos que buscan una soluci\u00f3n vers\u00e1til y port\u00e1til. Con el legendario objetivo LEICA DC y el zoom \u00f3ptico de 30x, esta c\u00e1mara se adapta a cualquier situaci\u00f3n, desde impresionantes capturas de paisajes hasta retratos detallados. <\/p>\n<p>El sensor MOS <strong>de alta sensibilidad<\/strong> de 20,3 megap\u00edxeles garantiza im\u00e1genes con mayor claridad y colores vibrantes, incluso en escenarios con poca luz. Adem\u00e1s, la estabilizaci\u00f3n h\u00edbrida de 5 ejes reduce significativamente las sacudidas, lo que garantiza resultados impecables tanto en im\u00e1genes fijas como en video. <\/p>\n<p>Con <strong>4K Photo<\/strong>, captura el momento perfecto en una secuencia de video y gu\u00e1rdalo como una imagen de alta resoluci\u00f3n. La funci\u00f3n <strong>de enfoque posterior<\/strong> a la captura y <strong>el apilamiento de enfoque<\/strong> le brindan libertad creativa, lo que le permite ajustar o ampliar el rango de enfoque despu\u00e9s de disparar. <\/p>\n<p>La pantalla t\u00e1ctil inclinable facilita la navegaci\u00f3n y la captura de selfies, mientras que la conectividad Bluetooth y Wi-Fi le permite transferir fotos directamente a su tel\u00e9fono inteligente o controlar la c\u00e1mara de forma remota. La carga USB tipo C\u00ae proporciona una comodidad a\u00fan mayor para los fot\u00f3grafos en movimiento. <\/p>\n<hr>\n<h4><strong>Especificaciones t\u00e9cnicas<\/strong><\/h4>\n<p><strong>Dimensiones y peso:<\/strong><\/p>\n<ul>\n<li>Dimensiones: 112 x 67,8 x 43,1 mm<\/li>\n<li>Peso: 322 g (con bater\u00eda y tarjeta SD) \/ 280 g (sin bater\u00eda ni tarjeta SD)<\/li>\n<\/ul>\n<p><strong>Sensor y lente:<\/strong><\/p>\n<ul>\n<li>Sensor MOS efectivo de 1\/2,3 pulgadas y 20,3 MP<\/li>\n<li>Lente LEICA DC Vario-Elmar: zoom \u00f3ptico de 30x (equivalente a 24-720 mm a 35 mm)<\/li>\n<li>Apertura: f\/3.3\u20136.4<\/li>\n<li>Estabilizador \u00f3ptico: HYBRID O.I.S. de 5 ejes<\/li>\n<\/ul>\n<p><strong>V\u00eddeo:<\/strong><\/p>\n<ul>\n<li>UHD 4K: 3840&#215;2160 p\u00edxeles a 30p (100Mbps)<\/li>\n<li>Full HD: 1920 x 1080 p\u00edxeles a 60p (28 Mbps)<\/li>\n<li>HD (c\u00e1mara lenta): 1280&#215;720 p\u00edxeles a 120 fps<\/li>\n<\/ul>\n<p><strong>Modos de fotograf\u00eda y disparo:<\/strong><\/p>\n<ul>\n<li>Modos: Auto Inteligente, P, A, S, M, Personalizado, Gu\u00eda de escenas, Control creativo<\/li>\n<li>Modos creativos: Monocromo, Retro, Sepia, Enfoque suave, Efecto miniatura y m\u00e1s.<\/li>\n<li>Disparo continuo: hasta 10 fps en AFS; 30 fps en modo 4K<\/li>\n<\/ul>\n<p><strong>Pantalla y conectividad:<\/strong><\/p>\n<ul>\n<li>Pantalla t\u00e1ctil LCD inclinable de 3.0\u00bb con 1,840k puntos<\/li>\n<li>Bluetooth 5.0 y Wi-Fi 2.4GHz<\/li>\n<li>Interfaz USB Type-C\u00ae y microHDMI Type-D<\/li>\n<\/ul>\n<p><strong>Alimentaci\u00f3n:<\/strong><\/p>\n<ul>\n<li>Bater\u00eda recargable de iones de litio (7,2 V, 1025 mAh)<\/li>\n<li>Autonom\u00eda: Aproximadamente 380 capturas (est\u00e1ndar CIPA)<\/li>\n<\/ul>\n<hr>\n<h4><strong>Informaci\u00f3n adicional<\/strong><\/h4>\n<p>Nota: Im\u00e1genes ilustrativas. Equipo adicional no incluido. Consulte el contenido del paquete y las especificaciones para obtener detalles del fabricante.<br \/>https:\/\/www.panasonic.com\/pt\/consumer\/maquinas-fotograficas-e-camaras-de-video\/maquinas-compactas\/dc-tz99.html  <\/p>\n","protected":false},"excerpt":{"rendered":"<p>PANASONIC C\u00e1mara Lumix TZ99 Funciones Sensor MOS de alta sensibilidad de 20.3MP: Captura im\u00e1genes con gran detalle, incluso con poca<\/p>\n","protected":false},"featured_media":40721,"comment_status":"closed","ping_status":"open","template":"","meta":{"_acf_changed":false},"product_brand":[2536],"product_cat":[928],"product_tag":[],"class_list":{"0":"post-73462","1":"product","2":"type-product","3":"status-publish","4":"has-post-thumbnail","6":"product_brand-panasonic-es","7":"product_cat-compactas-es","9":"first","10":"instock","11":"taxable","12":"shipping-taxable","13":"purchasable","14":"product-type-simple"},"bundled_by":[],"bundle_stock_status":"instock","bundle_stock_quantity":1,"bundle_virtual":false,"bundle_layout":"","bundle_add_to_cart_form_location":"","bundle_editable_in_cart":false,"bundle_sold_individually_context":"","bundle_item_grouping":"","bundle_min_size":"","bundle_max_size":"","bundle_price":[],"bundled_items":[],"bundle_sell_ids":[],"acf":[],"_links":{"self":[{"href":"https:\/\/hi-techwonder.com\/es\/wp-json\/wp\/v2\/product\/73462","targetHints":{"allow":["GET"]}}],"collection":[{"href":"https:\/\/hi-techwonder.com\/es\/wp-json\/wp\/v2\/product"}],"about":[{"href":"https:\/\/hi-techwonder.com\/es\/wp-json\/wp\/v2\/types\/product"}],"replies":[{"embeddable":true,"href":"https:\/\/hi-techwonder.com\/es\/wp-json\/wp\/v2\/comments?post=73462"}],"wp:featuredmedia":[{"embeddable":true,"href":"https:\/\/hi-techwonder.com\/es\/wp-json\/wp\/v2\/media\/40721"}],"wp:attachment":[{"href":"https:\/\/hi-techwonder.com\/es\/wp-json\/wp\/v2\/media?parent=73462"}],"wp:term":[{"taxonomy":"product_brand","embeddable":true,"href":"https:\/\/hi-techwonder.com\/es\/wp-json\/wp\/v2\/product_brand?post=73462"},{"taxonomy":"product_cat","embeddable":true,"href":"https:\/\/hi-techwonder.com\/es\/wp-json\/wp\/v2\/product_cat?post=73462"},{"taxonomy":"product_tag","embeddable":true,"href":"https:\/\/hi-techwonder.com\/es\/wp-json\/wp\/v2\/product_tag?post=73462"}],"curies":[{"name":"wp","href":"https:\/\/api.w.org\/{rel}","templated":true}]}}