{"id":73464,"date":"2025-07-29T09:36:55","date_gmt":"2025-07-29T09:36:55","guid":{"rendered":"https:\/\/fv6qoy3ls0.wpdns.site\/produto\/panasonic-leica-dg-summilux-12mm-f-1-4-asph\/"},"modified":"2026-04-21T17:10:55","modified_gmt":"2026-04-21T16:10:55","slug":"panasonic-lumix-panasonic-leica-dg-summilux-12mm-f-1-4-asph","status":"publish","type":"product","link":"https:\/\/hi-techwonder.com\/es\/producto\/panasonic-lumix-panasonic-leica-dg-summilux-12mm-f-1-4-asph\/","title":{"rendered":"PANASONIC Leica DG Summilux 12mm f\/1.4 ASPH"},"content":{"rendered":"<p><span style=\"font-size: small\"><strong>ASPECTOS DESTACADOS DEL PRODUCTO<\/strong><br \/><\/span><\/p>\n<ul>\n<li> <span style=\"font-size: small\">Sistema Micro Cuatro Tercios<\/span><\/li>\n<li> <span style=\"font-size: small\">24 mm (equivalente a 35 mm)<\/span><\/li>\n<li> <span style=\"font-size: small\">Rango de apertura: f\/1.4 a f\/16<\/span><\/li>\n<li> <span style=\"font-size: small\">Dos elementos asf\u00e9ricos<\/span><\/li>\n<li> <span style=\"font-size: small\">Un elemento ED, dos elementos de la ED<\/span><\/li>\n<li> <span style=\"font-size: small\">Construcci\u00f3n resistente a la intemperie<\/span><\/li>\n<li> <span style=\"font-size: small\">Diafragma redondeado de 9 hojas<\/span> <\/li>\n<\/ul>\n<p><object><\/object><\/p>\n<p> <span style=\"font-size: small\">Un objetivo gran angular r\u00e1pido y \u00f3pticamente refinado, el Leica DG Summilux 12mm f\/1.4 ASPH. La lente de Panasonic es una lente equivalente a 24 mm dise\u00f1ada para c\u00e1maras digitales Micro Four Thirds. Caracterizado por su apertura m\u00e1xima de f\/1.4 verdaderamente brillante, este objetivo es ideal para trabajar en condiciones de poca luz y tambi\u00e9n ofrece un amplio control sobre el posicionamiento del enfoque para el uso de t\u00e9cnicas de poca profundidad de campo. El dise\u00f1o \u00f3ptico emplea un par de elementos asf\u00e9ricos, dos elementos de dispersi\u00f3n ultrabaja y un elemento de dispersi\u00f3n extra baja para controlar las aberraciones esf\u00e9ricas y crom\u00e1ticas para un alto grado de nitidez y claridad de borde a borde. Beneficiando a los activos \u00f3pticos, este objetivo tambi\u00e9n incorpora un motor de enfoque autom\u00e1tico suave y silencioso que es adecuado para im\u00e1genes fijas y grabaci\u00f3n de v\u00eddeo, y un interruptor manual de AF\/MF proporciona un ajuste directo del modo de enfoque para un manejo m\u00e1s intuitivo. Adem\u00e1s, la construcci\u00f3n totalmente met\u00e1lica de la lente tambi\u00e9n es resistente a la intemperie para permitir trabajar en condiciones ambientales dif\u00edciles. Combinando el legado de dise\u00f1o de Leica con la innovaci\u00f3n tecnol\u00f3gica de Panasonic, este vers\u00e1til lente fijo gran angular se distingue por sus m\u00e9ritos \u00f3pticos, manejo intuitivo y funcionalidad contempor\u00e1nea.      <br \/><\/span><\/p>\n<ul>\n<li> <span style=\"font-size: small\">Dise\u00f1ado para c\u00e1maras digitales Micro Cuatro Tercios sin espejo, este lente gran angular de 12 mm f\/1.4 ofrece una distancia focal equivalente a 24 mm.<\/span><\/li>\n<li> <span style=\"font-size: small\">La brillante apertura m\u00e1xima de f\/1.4 es adecuada para trabajar en condiciones dif\u00edciles y de poca luz, y tambi\u00e9n le brinda un mayor control sobre la profundidad de campo para t\u00e9cnicas de enfoque selectivo.<\/span><\/li>\n<li> <span style=\"font-size: small\">En el dise\u00f1o de la lente se presentan dos elementos asf\u00e9ricos, que ayudan a mantener un factor de forma compacto, as\u00ed como a reducir las aberraciones y distorsiones esf\u00e9ricas.<\/span><\/li>\n<li> <span style=\"font-size: small\">Dos elementos de dispersi\u00f3n ultrabaja (TUD) y un elemento de dispersi\u00f3n ultrabaja (ED) funcionan para minimizar significativamente las franjas de color y las aberraciones crom\u00e1ticas para mejorar la claridad y la fidelidad del color.<\/span><\/li>\n<li> <span style=\"font-size: small\">El rendimiento de enfoque autom\u00e1tico suave y casi silencioso complementa las aplicaciones de grabaci\u00f3n de v\u00eddeos, mientras que el funcionamiento r\u00e1pido es beneficioso para los fot\u00f3grafos.<\/span><\/li>\n<li> <span style=\"font-size: small\">Un anillo de apertura manual le brinda control t\u00e1ctil sobre la configuraci\u00f3n de exposici\u00f3n, y un interruptor AF \/ MF dedicado ofrece un medio simple e intuitivo para cambiar entre modos de enfoque.<\/span><\/li>\n<li> <span style=\"font-size: small\">La construcci\u00f3n met\u00e1lica de la lente es duradera y resistente a las salpicaduras y al polvo cuando se combina con las c\u00e1maras Lumix Micro Four Thirds para trabajar en entornos hostiles.<\/span><\/li>\n<li> <span style=\"font-size: small\">Un diafragma redondeado de nueve hojas contribuye a una agradable calidad de bokeh al crear im\u00e1genes de poca profundidad de campo.<\/span><\/li>\n<\/ul>\n<p><span style=\"font-size: small\"><br \/><\/span><\/p>\n<p style=\"margin-bottom: 0cm\"> <span style=\"font-size: small\">&nbsp;<\/span><\/p>\n<p><span style=\"font-size: small\"> <\/span><\/p>\n<p><span style=\"font-size: small\"> <\/span><\/p>\n<table style=\"width: 547px\" border=\"0\" cellspacing=\"0\" cellpadding=\"2\">\n<colgroup>\n<col width=\"206\"><\/col>\n<\/colgroup>\n<colgroup>\n<col width=\"333\"><\/col>\n<\/colgroup>\n<tbody>\n<tr>\n<th colspan=\"2\" width=\"543\">\n<p style=\"border: medium none;padding: 0cm;font-style: normal;font-weight: normal\"> <span style=\"font-size: small\"><a name=\"11011\"><\/a><span style=\"font-size: x-large\">interino<\/span><\/span> <\/p>\n<\/th>\n<\/tr>\n<tr>\n<td width=\"206\">\n<p style=\"padding: 0cm 0cm 0.53cm;border: medium medium 1px none none solid currentcolor currentcolor #e6e7e8\"> <span style=\"font-size: small\">Distancia focal<\/span> <\/p>\n<\/td>\n<td width=\"333\">\n<p style=\"padding: 0cm 0cm 0.53cm;border: medium medium 1px none none solid currentcolor currentcolor #e6e7e8\"> <span style=\"font-size: small\">12 mil\u00edmetros<br \/> Distancia focal comparable de 35 mm: 24 mm<\/span> <\/p>\n<\/td>\n<\/tr>\n<tr>\n<td width=\"206\">\n<p style=\"padding: 0cm 0cm 0.53cm;border: medium medium 1px none none solid currentcolor currentcolor #e6e7e8\"> <span style=\"font-size: small\">Abertura<\/span> <\/p>\n<\/td>\n<td width=\"333\">\n<p style=\"padding: 0cm 0cm 0.53cm;border: medium medium 1px none none solid currentcolor currentcolor #e6e7e8\"> <span style=\"font-size: small\">M\u00e1ximo: f\/1.4<br \/> M\u00ednimo: f\/16<\/span> <\/p>\n<\/td>\n<\/tr>\n<tr>\n<td width=\"206\">\n<p style=\"padding: 0cm 0cm 0.53cm;border: medium medium 1px none none solid currentcolor currentcolor #e6e7e8\"> <span style=\"font-size: small\">Tipo de montaje de la c\u00e1mara<\/span> <\/p>\n<\/td>\n<td width=\"333\">\n<p style=\"padding: 0cm 0cm 0.53cm;border: medium medium 1px none none solid currentcolor currentcolor #e6e7e8\"> <span style=\"font-size: small\">Micro Cuatro Tercios<\/span> <\/p>\n<\/td>\n<\/tr>\n<tr>\n<td width=\"206\">\n<p style=\"padding: 0cm 0cm 0.53cm;border: medium medium 1px none none solid currentcolor currentcolor #e6e7e8\"> <span style=\"font-size: small\">Compatibilidad de formatos<\/span> <\/p>\n<\/td>\n<td width=\"333\">\n<p style=\"padding: 0cm 0cm 0.53cm;border: medium medium 1px none none solid currentcolor currentcolor #e6e7e8\"> <span style=\"font-size: small\">Micro Cuatro Tercios<\/span> <\/p>\n<\/td>\n<\/tr>\n<tr>\n<td width=\"206\">\n<p style=\"padding: 0cm 0cm 0.53cm;border: medium medium 1px none none solid currentcolor currentcolor #e6e7e8\"> <span style=\"font-size: small\">\u00c1ngulo<\/span> <\/p>\n<\/td>\n<td width=\"333\">\n<p style=\"padding: 0cm 0cm 0.53cm;border: medium medium 1px none none solid currentcolor currentcolor #e6e7e8\"> <span style=\"font-size: small\">84\u00b0<\/span> <\/p>\n<\/td>\n<\/tr>\n<tr>\n<td width=\"206\">\n<p style=\"padding: 0cm 0cm 0.53cm;border: medium medium 1px none none solid currentcolor currentcolor #e6e7e8\"> <span style=\"font-size: small\">Distancia m\u00ednima de enfoque<\/span> <\/p>\n<\/td>\n<td width=\"333\">\n<p style=\"padding: 0cm 0cm 0.53cm;border: medium medium 1px none none solid currentcolor currentcolor #e6e7e8\"> <span style=\"font-size: small\">7,87&#8243; (20 cm)<\/span> <\/p>\n<\/td>\n<\/tr>\n<tr>\n<td width=\"206\">\n<p style=\"padding: 0cm 0cm 0.53cm;border: medium medium 1px none none solid currentcolor currentcolor #e6e7e8\"> <span style=\"font-size: small\">Ampliaci\u00f3n<\/span> <\/p>\n<\/td>\n<td width=\"333\">\n<p style=\"padding: 0cm 0cm 0.53cm;border: medium medium 1px none none solid currentcolor currentcolor #e6e7e8\"> <span style=\"font-size: small\">0,1 veces<\/span> <\/p>\n<\/td>\n<\/tr>\n<tr>\n<td width=\"206\">\n<p style=\"padding: 0cm 0cm 0.53cm;border: medium medium 1px none none solid currentcolor currentcolor #e6e7e8\"> <span style=\"font-size: small\">Elementos\/Grupos<\/span> <\/p>\n<\/td>\n<td width=\"333\">\n<p style=\"padding: 0cm 0cm 0.53cm;border: medium medium 1px none none solid currentcolor currentcolor #e6e7e8\"> <span style=\"font-size: small\">15\/12<\/span> <\/p>\n<\/td>\n<\/tr>\n<tr>\n<td width=\"206\">\n<p style=\"padding: 0cm 0cm 0.53cm;border: medium medium 1px none none solid currentcolor currentcolor #e6e7e8\"> <span style=\"font-size: small\">Hojas de diafragma<\/span> <\/p>\n<\/td>\n<td width=\"333\">\n<p style=\"padding: 0cm 0cm 0.53cm;border: medium medium 1px none none solid currentcolor currentcolor #e6e7e8\"> <span style=\"font-size: small\">9, redondeado<\/span><\/p>\n<\/td>\n<\/tr>\n<\/tbody>\n<\/table>\n<p><span style=\"font-size: small\"> <\/span><\/p>\n<p><span style=\"font-size: small\"> <\/span><\/p>\n<table style=\"width: 137px\" border=\"0\" cellspacing=\"0\" cellpadding=\"2\">\n<colgroup>\n<col width=\"90\"><\/col>\n<\/colgroup>\n<colgroup>\n<col width=\"40\"><\/col>\n<\/colgroup>\n<tbody>\n<tr>\n<th colspan=\"2\" width=\"133\">\n<p style=\"border: medium none;padding: 0cm;font-style: normal;font-weight: normal\"> <span style=\"font-size: small\"><a name=\"23001\"><\/a><span style=\"font-size: x-large\">Recursos<\/span><\/span> <\/p>\n<\/th>\n<\/tr>\n<tr>\n<td width=\"90\">\n<p style=\"padding: 0cm 0cm 0.53cm;border: medium medium 1px none none solid currentcolor currentcolor #e6e7e8\"> <span style=\"font-size: small\">Autom\u00e1tico<\/span> <\/p>\n<\/td>\n<td width=\"40\">\n<p style=\"padding: 0cm 0cm 0.53cm;border: medium medium 1px none none solid currentcolor currentcolor #e6e7e8\"> <span style=\"font-size: small\">S\u00ed<\/span><\/p>\n<\/td>\n<\/tr>\n<\/tbody>\n<\/table>\n<p><span style=\"font-size: small\"> <\/span><\/p>\n<p><span style=\"font-size: small\"> <\/span><\/p>\n<table style=\"width: 434px\" border=\"0\" cellspacing=\"0\" cellpadding=\"2\">\n<colgroup>\n<col width=\"147\"><\/col>\n<\/colgroup>\n<colgroup>\n<col width=\"279\"><\/col>\n<\/colgroup>\n<tbody>\n<tr>\n<th colspan=\"2\" width=\"430\">\n<p style=\"border: medium none;padding: 0cm;font-style: normal;font-weight: normal\"> <span style=\"font-size: small\"><a name=\"11501\"><\/a><span style=\"font-size: x-large\">F\u00edsico<\/span><\/span> <\/p>\n<\/th>\n<\/tr>\n<tr>\n<td width=\"147\">\n<p style=\"padding: 0cm 0cm 0.53cm;border: medium medium 1px none none solid currentcolor currentcolor #e6e7e8\"> <span style=\"font-size: small\">Tema de filtro<\/span> <\/p>\n<\/td>\n<td width=\"279\">\n<p style=\"padding: 0cm 0cm 0.53cm;border: medium medium 1px none none solid currentcolor currentcolor #e6e7e8\"> <span style=\"font-size: small\">Frontal: 62 mm<\/span> <\/p>\n<\/td>\n<\/tr>\n<tr>\n<td width=\"147\">\n<p style=\"padding: 0cm 0cm 0.53cm;border: medium medium 1px none none solid currentcolor currentcolor #e6e7e8\"> <span style=\"font-size: small\">Dimensiones (DxL)<\/span> <\/p>\n<\/td>\n<td width=\"279\">\n<p style=\"padding: 0cm 0cm 0.53cm;border: medium medium 1px none none solid currentcolor currentcolor #e6e7e8\"> <span style=\"font-size: small\">Aproximadamente. 2,76 x 2,76&#8243; (70 x 70 mm) <\/span> <\/p>\n<\/td>\n<\/tr>\n<tr>\n<td width=\"147\">\n<p style=\"padding: 0cm 0cm 0.53cm;border: medium medium 1px none none solid currentcolor currentcolor #e6e7e8\"> <span style=\"font-size: small\">Peso<\/span> <\/p>\n<\/td>\n<td width=\"279\">\n<p style=\"padding: 0cm 0cm 0.53cm;border: medium medium 1px none none solid currentcolor currentcolor #e6e7e8\"> <span style=\"font-size: small\">335 g (11,82 oz)<\/span><\/p>\n<\/td>\n<\/tr>\n<\/tbody>\n<\/table>\n<p><span style=\"font-size: small\"> <\/span><\/p>\n<p style=\"margin-bottom: 0cm\"><span style=\"font-size: small\">&nbsp;<\/span><\/p>\n","protected":false},"excerpt":{"rendered":"<p>ASPECTOS DESTACADOS DEL PRODUCTO Sistema Micro Cuatro Tercios 24 mm (equivalente a 35 mm) Rango de apertura: f\/1.4 a f\/16<\/p>\n","protected":false},"featured_media":51401,"comment_status":"closed","ping_status":"open","template":"","meta":{"_acf_changed":false},"product_brand":[2536],"product_cat":[1062],"product_tag":[],"class_list":{"0":"post-73464","1":"product","2":"type-product","3":"status-publish","4":"has-post-thumbnail","6":"product_brand-panasonic-es","7":"product_cat-mirrorless-objectivos","8":"pa_abertura-maxima-f-1-4-es","10":"first","11":"onbackorder","12":"taxable","13":"shipping-taxable","14":"purchasable","15":"product-type-simple"},"bundled_by":[],"bundle_stock_status":"onbackorder","bundle_stock_quantity":null,"bundle_virtual":false,"bundle_layout":"","bundle_add_to_cart_form_location":"","bundle_editable_in_cart":false,"bundle_sold_individually_context":"","bundle_item_grouping":"","bundle_min_size":"","bundle_max_size":"","bundle_price":[],"bundled_items":[],"bundle_sell_ids":[],"acf":[],"_links":{"self":[{"href":"https:\/\/hi-techwonder.com\/es\/wp-json\/wp\/v2\/product\/73464","targetHints":{"allow":["GET"]}}],"collection":[{"href":"https:\/\/hi-techwonder.com\/es\/wp-json\/wp\/v2\/product"}],"about":[{"href":"https:\/\/hi-techwonder.com\/es\/wp-json\/wp\/v2\/types\/product"}],"replies":[{"embeddable":true,"href":"https:\/\/hi-techwonder.com\/es\/wp-json\/wp\/v2\/comments?post=73464"}],"wp:featuredmedia":[{"embeddable":true,"href":"https:\/\/hi-techwonder.com\/es\/wp-json\/wp\/v2\/media\/51401"}],"wp:attachment":[{"href":"https:\/\/hi-techwonder.com\/es\/wp-json\/wp\/v2\/media?parent=73464"}],"wp:term":[{"taxonomy":"product_brand","embeddable":true,"href":"https:\/\/hi-techwonder.com\/es\/wp-json\/wp\/v2\/product_brand?post=73464"},{"taxonomy":"product_cat","embeddable":true,"href":"https:\/\/hi-techwonder.com\/es\/wp-json\/wp\/v2\/product_cat?post=73464"},{"taxonomy":"product_tag","embeddable":true,"href":"https:\/\/hi-techwonder.com\/es\/wp-json\/wp\/v2\/product_tag?post=73464"}],"curies":[{"name":"wp","href":"https:\/\/api.w.org\/{rel}","templated":true}]}}