{"id":73465,"date":"2025-07-29T09:36:40","date_gmt":"2025-07-29T09:36:40","guid":{"rendered":"https:\/\/fv6qoy3ls0.wpdns.site\/produto\/panasonic-leica-dg-varioelmarit-8-18mm-f2-8-4-asph\/"},"modified":"2026-04-21T17:10:21","modified_gmt":"2026-04-21T16:10:21","slug":"panasonic-lumix-panasonic-leica-dg-varioelmarit-8-18mm-f2-8-4-asph","status":"publish","type":"product","link":"https:\/\/hi-techwonder.com\/es\/producto\/panasonic-lumix-panasonic-leica-dg-varioelmarit-8-18mm-f2-8-4-asph\/","title":{"rendered":"PANASONIC Leica DG VarioElmarit 8-18mm f2.8-4 ASPH"},"content":{"rendered":"<p><span style=\"font-size: small\"><strong>ASPECTOS DESTACADOS DEL PRODUCTO<\/strong><\/p>\n<p><\/span><\/p>\n<ul>\n<li><span style=\"font-size: small\">Sistema Micro Cuatro Tercios<\/span><\/li>\n<li><span style=\"font-size: small\">16-36 mm (equivalente a 35 mm)<\/span><\/li>\n<li><span style=\"font-size: small\">Rango de apertura: f\/2.8 a f\/22<\/span><\/li>\n<li><span style=\"font-size: small\">Un ED asf\u00e9rico y un elemento UHR<\/span><\/li>\n<li><span style=\"font-size: small\">Tres elementos asf\u00e9ricos y dos ED<\/span><\/li>\n<li><span style=\"font-size: small\">Recubrimiento de superficie nano<\/span><\/li>\n<li><span style=\"font-size: small\">Dise\u00f1o a prueba de salpicaduras, polvo y congelaci\u00f3n<\/span><\/li>\n<li><span style=\"font-size: small\">Diafragma redondeado de 7 hojas<\/span><\/li>\n<\/ul>\n<p><object><\/object><\/p>\n<p><span style=\"font-size: small\">Un zoom gran angular vers\u00e1til, el Leica DG Vario-Elmarit 8-18 mm f\/2.8-4 ASPH. La lente de Panasonic es una lente equivalente a 16-36 mm que combina la excelencia \u00f3ptica con un dise\u00f1o f\u00edsico duradero y refinado para las c\u00e1maras sin espejo Micro Four Thirds. Dise\u00f1ado en colaboraci\u00f3n con Leica, este objetivo emplea una gama de elementos asf\u00e9ricos y de baja dispersi\u00f3n para lograr im\u00e1genes n\u00edtidas y claras con franjas y aberraciones controladas, y un revestimiento de superficie nano tambi\u00e9n ayuda a minimizar los destellos y las im\u00e1genes fantasma para mejorar el contraste y la precisi\u00f3n del color. El cuerpo de la lente de metal duradero es resistente a las salpicaduras, el polvo y la congelaci\u00f3n para su uso en condiciones ambientales dif\u00edciles, y una unidad de enfoque autom\u00e1tico r\u00e1pido de 240 fps es adecuada para fotos y videos en una variedad de situaciones de trabajo.   <br \/><\/span><\/p>\n<ul>\n<li><span style=\"font-size: small\">Zoom gran angular dise\u00f1ado para c\u00e1maras sin espejo Micro Four Thirds, este objetivo ofrece un rango de distancia focal equivalente a 16-36 mm.<\/span><\/li>\n<li><span style=\"font-size: small\">Un elemento ED asf\u00e9rico, tres elementos asf\u00e9ricos, dos elementos de dispersi\u00f3n extra baja y un elemento de \u00edndice de refracci\u00f3n ultra alto se combinan para suprimir las franjas de color, las aberraciones crom\u00e1ticas y las aberraciones esf\u00e9ricas para una alta claridad, nitidez y precisi\u00f3n de color.<\/span><\/li>\n<li><span style=\"font-size: small\">El recubrimiento de superficie nano se ha aplicado a elementos individuales para controlar el destello de la lente y las im\u00e1genes fantasma para mejorar el contraste y la fidelidad del color cuando se trabaja en condiciones de iluminaci\u00f3n brillante.<\/span><\/li>\n<li><span style=\"font-size: small\">La unidad de enfoque autom\u00e1tico r\u00e1pido de 240 fps ofrece un rendimiento de enfoque suave, preciso y silencioso para beneficiar tanto a las aplicaciones fijas como a las de video.<\/span><\/li>\n<li><span style=\"font-size: small\">Beneficios del dise\u00f1o a prueba de salpicaduras, polvo y congelaci\u00f3n que funciona en condiciones clim\u00e1ticas adversas.<\/span><\/li>\n<li><span style=\"font-size: small\">El diafragma redondeado de siete hojas contribuye a una calidad de bokeh suave y agradable.<\/span><\/li>\n<\/ul>\n<p><span style=\"font-size: small\">&nbsp;<\/span><\/p>\n<p style=\"margin-bottom: 0cm\"><span style=\"font-size: small\">&nbsp;<\/span><\/p>\n<p><span style=\"font-size: small\"> <\/span><\/p>\n<p><span style=\"font-size: small\"> <\/span><\/p>\n<table style=\"width: 583px\" border=\"0\" cellspacing=\"0\" cellpadding=\"2\">\n<colgroup>\n<col width=\"206\"><\/colgroup>\n<colgroup>\n<col width=\"369\"><\/colgroup>\n<tbody>\n<tr>\n<th colspan=\"2\" width=\"579\">\n<p style=\"padding: 0cm;font-style: normal;font-weight: normal\"><span style=\"font-size: small\"><a name=\"11011\"><\/a><span style=\"font-size: x-large\">interino<\/span><\/span><\/p>\n<\/th>\n<\/tr>\n<tr>\n<td width=\"206\">\n<p style=\"padding: 0cm 0cm 0.53cm;border: medium medium 1px none none solid currentcolor currentcolor #e6e7e8\"><span style=\"font-size: small\">Distancia focal<\/span><\/p>\n<\/td>\n<td width=\"369\">\n<p style=\"padding: 0cm 0cm 0.53cm;border: medium medium 1px none none solid currentcolor currentcolor #e6e7e8\"><span style=\"font-size: small\">8 &#8211; 18 mil\u00edmetros<br \/>Distancia focal comparable de 35 mm: 16 &#8211; 36 mm<\/span><\/p>\n<\/td>\n<\/tr>\n<tr>\n<td width=\"206\">\n<p style=\"padding: 0cm 0cm 0.53cm;border: medium medium 1px none none solid currentcolor currentcolor #e6e7e8\"><span style=\"font-size: small\">Abertura<\/span><\/p>\n<\/td>\n<td width=\"369\">\n<p style=\"padding: 0cm 0cm 0.53cm;border: medium medium 1px none none solid currentcolor currentcolor #e6e7e8\"><span style=\"font-size: small\">M\u00e1ximo: f\/2.8 &#8211; 4<br \/>M\u00ednimo: f\/22<\/span><\/p>\n<\/td>\n<\/tr>\n<tr>\n<td width=\"206\">\n<p style=\"padding: 0cm 0cm 0.53cm;border: medium medium 1px none none solid currentcolor currentcolor #e6e7e8\"><span style=\"font-size: small\">Tipo de montaje de la c\u00e1mara<\/span><\/p>\n<\/td>\n<td width=\"369\">\n<p style=\"padding: 0cm 0cm 0.53cm;border: medium medium 1px none none solid currentcolor currentcolor #e6e7e8\"><span style=\"font-size: small\">Micro Cuatro Tercios<\/span><\/p>\n<\/td>\n<\/tr>\n<tr>\n<td width=\"206\">\n<p style=\"padding: 0cm 0cm 0.53cm;border: medium medium 1px none none solid currentcolor currentcolor #e6e7e8\"><span style=\"font-size: small\">Compatibilidad de formatos<\/span><\/p>\n<\/td>\n<td width=\"369\">\n<p style=\"padding: 0cm 0cm 0.53cm;border: medium medium 1px none none solid currentcolor currentcolor #e6e7e8\"><span style=\"font-size: small\">Micro Cuatro Tercios<\/span><\/p>\n<\/td>\n<\/tr>\n<tr>\n<td width=\"206\">\n<p style=\"padding: 0cm 0cm 0.53cm;border: medium medium 1px none none solid currentcolor currentcolor #e6e7e8\"><span style=\"font-size: small\">\u00c1ngulo<\/span><\/p>\n<\/td>\n<td width=\"369\">\n<p style=\"padding: 0cm 0cm 0.53cm;border: medium medium 1px none none solid currentcolor currentcolor #e6e7e8\"><span style=\"font-size: small\">107\u00b0 &#8211; 62\u00b0<\/span><\/p>\n<\/td>\n<\/tr>\n<tr>\n<td width=\"206\">\n<p style=\"padding: 0cm 0cm 0.53cm;border: medium medium 1px none none solid currentcolor currentcolor #e6e7e8\"><span style=\"font-size: small\">Distancia m\u00ednima de enfoque<\/span><\/p>\n<\/td>\n<td width=\"369\">\n<p style=\"padding: 0cm 0cm 0.53cm;border: medium medium 1px none none solid currentcolor currentcolor #e6e7e8\"><span style=\"font-size: small\">9,06&#8243; (23 cm)<\/span><\/p>\n<\/td>\n<\/tr>\n<tr>\n<td width=\"206\">\n<p style=\"padding: 0cm 0cm 0.53cm;border: medium medium 1px none none solid currentcolor currentcolor #e6e7e8\"><span style=\"font-size: small\">Ampliaci\u00f3n<\/span><\/p>\n<\/td>\n<td width=\"369\">\n<p style=\"padding: 0cm 0cm 0.53cm;border: medium medium 1px none none solid currentcolor currentcolor #e6e7e8\"><span style=\"font-size: small\">0,12 veces<\/span><\/p>\n<\/td>\n<\/tr>\n<tr>\n<td width=\"206\">\n<p style=\"padding: 0cm 0cm 0.53cm;border: medium medium 1px none none solid currentcolor currentcolor #e6e7e8\"><span style=\"font-size: small\">Elementos\/Grupos<\/span><\/p>\n<\/td>\n<td width=\"369\">\n<p style=\"padding: 0cm 0cm 0.53cm;border: medium medium 1px none none solid currentcolor currentcolor #e6e7e8\"><span style=\"font-size: small\">15\/10<\/span><\/p>\n<\/td>\n<\/tr>\n<tr>\n<td width=\"206\">\n<p style=\"padding: 0cm 0cm 0.53cm;border: medium medium 1px none none solid currentcolor currentcolor #e6e7e8\"><span style=\"font-size: small\">Hojas de diafragma<\/span><\/p>\n<\/td>\n<td width=\"369\">\n<p style=\"padding: 0cm 0cm 0.53cm;border: medium medium 1px none none solid currentcolor currentcolor #e6e7e8\"><span style=\"font-size: small\">7, redondeado<\/span><\/p>\n<\/td>\n<\/tr>\n<\/tbody>\n<\/table>\n<p><span style=\"font-size: small\"> <\/span><\/p>\n<p><span style=\"font-size: small\"> <\/span><\/p>\n<table style=\"width: 137px\" border=\"0\" cellspacing=\"0\" cellpadding=\"2\">\n<colgroup>\n<col width=\"90\"><\/colgroup>\n<colgroup>\n<col width=\"40\"><\/colgroup>\n<tbody>\n<tr>\n<th colspan=\"2\" width=\"133\">\n<p style=\"padding: 0cm;font-style: normal;font-weight: normal\"><span style=\"font-size: small\"><a name=\"23001\"><\/a><span style=\"font-size: x-large\">Recursos<\/span><\/span><\/p>\n<\/th>\n<\/tr>\n<tr>\n<td width=\"90\">\n<p style=\"padding: 0cm 0cm 0.53cm;border: medium medium 1px none none solid currentcolor currentcolor #e6e7e8\"><span style=\"font-size: small\">Autom\u00e1tico<\/span><\/p>\n<\/td>\n<td width=\"40\">\n<p style=\"padding: 0cm 0cm 0.53cm;border: medium medium 1px none none solid currentcolor currentcolor #e6e7e8\"><span style=\"font-size: small\">S\u00ed<\/span><\/p>\n<\/td>\n<\/tr>\n<\/tbody>\n<\/table>\n<p><span style=\"font-size: small\"> <\/span><\/p>\n<p><span style=\"font-size: small\"> <\/span><\/p>\n<table style=\"width: 449px\" border=\"0\" cellspacing=\"0\" cellpadding=\"2\">\n<colgroup>\n<col width=\"147\"><\/colgroup>\n<colgroup>\n<col width=\"294\"><\/colgroup>\n<tbody>\n<tr>\n<th colspan=\"2\" width=\"445\">\n<p style=\"padding: 0cm;font-style: normal;font-weight: normal\"><span style=\"font-size: small\"><a name=\"11501\"><\/a><span style=\"font-size: x-large\">F\u00edsico<\/span><\/span><\/p>\n<\/th>\n<\/tr>\n<tr>\n<td width=\"147\">\n<p style=\"padding: 0cm 0cm 0.53cm;border: medium medium 1px none none solid currentcolor currentcolor #e6e7e8\"><span style=\"font-size: small\">Tema de filtro<\/span><\/p>\n<\/td>\n<td width=\"294\">\n<p style=\"padding: 0cm 0cm 0.53cm;border: medium medium 1px none none solid currentcolor currentcolor #e6e7e8\"><span style=\"font-size: small\">Frontal: 67 mm<\/span><\/p>\n<\/td>\n<\/tr>\n<tr>\n<td width=\"147\">\n<p style=\"padding: 0cm 0cm 0.53cm;border: medium medium 1px none none solid currentcolor currentcolor #e6e7e8\"><span style=\"font-size: small\">Dimensiones (DxL)<\/span><\/p>\n<\/td>\n<td width=\"294\">\n<p style=\"padding: 0cm 0cm 0.53cm;border: medium medium 1px none none solid currentcolor currentcolor #e6e7e8\"><span style=\"font-size: small\">Aproximadamente. 2,89 x 3,46&#8243; (73,4 x 88 mm) <\/span><\/p>\n<\/td>\n<\/tr>\n<tr>\n<td width=\"147\">\n<p style=\"padding: 0cm 0cm 0.53cm;border: medium medium 1px none none solid currentcolor currentcolor #e6e7e8\"><span style=\"font-size: small\">Peso<\/span><\/p>\n<\/td>\n<td width=\"294\">\n<p style=\"padding: 0cm 0cm 0.53cm;border: medium medium 1px none none solid currentcolor currentcolor #e6e7e8\"><span style=\"font-size: small\">315 g (11,11 oz)<\/span><\/p>\n<\/td>\n<\/tr>\n<\/tbody>\n<\/table>\n<p><span style=\"font-size: small\"> <\/span><\/p>\n<p style=\"margin-bottom: 0cm\"><span style=\"font-size: small\">&nbsp;<\/span><\/p>\n","protected":false},"excerpt":{"rendered":"<p>ASPECTOS DESTACADOS DEL PRODUCTO Sistema Micro Cuatro Tercios 16-36 mm (equivalente a 35 mm) Rango de apertura: f\/2.8 a f\/22<\/p>\n","protected":false},"featured_media":51395,"comment_status":"closed","ping_status":"open","template":"","meta":{"_acf_changed":false},"product_brand":[2536],"product_cat":[1062],"product_tag":[],"class_list":{"0":"post-73465","1":"product","2":"type-product","3":"status-publish","4":"has-post-thumbnail","6":"product_brand-panasonic-es","7":"product_cat-mirrorless-objectivos","8":"pa_abertura-maxima-f-2-8-4-es","10":"first","11":"onbackorder","12":"taxable","13":"shipping-taxable","14":"purchasable","15":"product-type-simple"},"bundled_by":[],"bundle_stock_status":"onbackorder","bundle_stock_quantity":null,"bundle_virtual":false,"bundle_layout":"","bundle_add_to_cart_form_location":"","bundle_editable_in_cart":false,"bundle_sold_individually_context":"","bundle_item_grouping":"","bundle_min_size":"","bundle_max_size":"","bundle_price":[],"bundled_items":[],"bundle_sell_ids":[],"acf":[],"_links":{"self":[{"href":"https:\/\/hi-techwonder.com\/es\/wp-json\/wp\/v2\/product\/73465","targetHints":{"allow":["GET"]}}],"collection":[{"href":"https:\/\/hi-techwonder.com\/es\/wp-json\/wp\/v2\/product"}],"about":[{"href":"https:\/\/hi-techwonder.com\/es\/wp-json\/wp\/v2\/types\/product"}],"replies":[{"embeddable":true,"href":"https:\/\/hi-techwonder.com\/es\/wp-json\/wp\/v2\/comments?post=73465"}],"wp:featuredmedia":[{"embeddable":true,"href":"https:\/\/hi-techwonder.com\/es\/wp-json\/wp\/v2\/media\/51395"}],"wp:attachment":[{"href":"https:\/\/hi-techwonder.com\/es\/wp-json\/wp\/v2\/media?parent=73465"}],"wp:term":[{"taxonomy":"product_brand","embeddable":true,"href":"https:\/\/hi-techwonder.com\/es\/wp-json\/wp\/v2\/product_brand?post=73465"},{"taxonomy":"product_cat","embeddable":true,"href":"https:\/\/hi-techwonder.com\/es\/wp-json\/wp\/v2\/product_cat?post=73465"},{"taxonomy":"product_tag","embeddable":true,"href":"https:\/\/hi-techwonder.com\/es\/wp-json\/wp\/v2\/product_tag?post=73465"}],"curies":[{"name":"wp","href":"https:\/\/api.w.org\/{rel}","templated":true}]}}