{"id":73467,"date":"2025-07-29T09:37:41","date_gmt":"2025-07-29T09:37:41","guid":{"rendered":"https:\/\/fv6qoy3ls0.wpdns.site\/produto\/panasonic-leica-dg-vario-summilux-25-50mm-f-1-7-asph\/"},"modified":"2026-04-07T21:20:52","modified_gmt":"2026-04-07T20:20:52","slug":"panasonic-lumix-panasonic-leica-dg-vario-summilux-25-50mm-f-1-7-asph","status":"publish","type":"product","link":"https:\/\/hi-techwonder.com\/es\/producto\/panasonic-lumix-panasonic-leica-dg-vario-summilux-25-50mm-f-1-7-asph\/","title":{"rendered":"PANASONIC Leica DG Vario-Summilux 25-50mm f\/1.7 ASPH"},"content":{"rendered":"<p>Versatilidad en un rango de teleobjetivo corto, el Leica DG Vario-Summilux 25-50mm f\/1.7 ASPH. es un zoom equivalente a 50-100 mm para c\u00e1maras sin espejo Micro 4\/3. Ideal para retratos, moda, apertura y otros sujetos de rango medio, este objetivo a distancia con un rango m\u00e1ximo de f\/1.7 es un f\/1.7 constante con un brillo incre\u00edble, avanzado avanzado y un formato port\u00e1til.  <\/p>\n<ul>\n<li>  El zoom telesc\u00f3pico normal a corto est\u00e1 dise\u00f1ado para c\u00e1maras sin espejo Micro Four Thirds y ofrece un rango de distancia focal equivalente a 50-100 mm.<\/li>\n<li>  La apertura m\u00e1xima constante s\u00faper brillante de f\/1.7 sobresale en condiciones de poca luz y ofrece un impresionante control de la profundidad de campo en todo el rango del zoom.<\/li>\n<li>  Un elemento asf\u00e9rico, tres elementos de dispersi\u00f3n extra baja y un elemento de \u00edndice de refracci\u00f3n ultra alto se combinan para producir im\u00e1genes bien controladas sin franjas de color, aberraciones crom\u00e1ticas y aberraciones esf\u00e9ricas.<\/li>\n<li>  El motor AF lineal y un sistema de enfoque interno ofrecen un rendimiento de enfoque r\u00e1pido y silencioso, adem\u00e1s de pr\u00e1cticamente ninguna respiraci\u00f3n de enfoque en todo el rango de enfoque desde 11&#8243; hasta el infinito.<\/li>\n<li>  El mecanismo de embrague de enfoque le permite cambiar intuitivamente entre los modos AF y MF simplemente deslizando el anillo de enfoque, y si se combina con c\u00e1maras Lumix seleccionadas, el control del anillo de enfoque se puede usar para ajustar la sensaci\u00f3n de rotaci\u00f3n del enfoque.<\/li>\n<li>  El anillo de apertura f\u00edsico presenta un dise\u00f1o continuo y sin clics para un cambio de apertura suave y silencioso para beneficiar las aplicaciones de video.<\/li>\n<li>  Beneficios del dise\u00f1o a prueba de salpicaduras, polvo y congelaci\u00f3n que funciona en condiciones clim\u00e1ticas adversas.<\/li>\n<li>  El diafragma redondeado de nueve hojas contribuye a una calidad de bokeh suave y agradable.<\/li>\n<li>  Dise\u00f1ado para coincidir estrechamente con el Leica DG Vario-Summilux 10-25mm f\/1.7 ASPH. , estos dos zooms son casi id\u00e9nticos en t\u00e9rminos de factor de forma y peso, comparten el mismo di\u00e1metro del anillo de filtro de 77 mm y tienen una reproducci\u00f3n crom\u00e1tica unificada para cambiar sin problemas entre las dos lentes.   <\/li>\n<\/ul>\n<h2 class=\"western\" style=\"font-style: normal;font-weight: normal\"><\/h2>\n<h2 class=\"western\" style=\"font-style: normal;font-weight: normal\"> <strong><span style=\"font-family: OpenSans, Segoe UI, Helvetica, Roboto, Arial, sans-serif\"><span style=\"font-size: medium\">Panasonic Leica DG Vario-Summilux 25-50mm F\/1&#8230; Caracter\u00edsticas t\u00e9cnicas<\/span><\/span><\/strong> <\/h2>\n<table border=\"0\" width=\"563\" cellspacing=\"0\" cellpadding=\"2\">\n<colgroup>\n<col width=\"168\">\n<col width=\"387\"><\/colgroup>\n<tbody>\n<tr>\n<td width=\"168\">\n<p style=\"border: none;padding: 0cm;font-weight: normal\" align=\"LEFT\">Distancia focal<\/p>\n<\/td>\n<td width=\"387\">\n<p style=\"border: none;padding: 0cm;font-weight: normal\">  De 25 a 50 mm (distancia focal equivalente a 35 mm: de 50 a 100 mm)  <\/p>\n<\/td>\n<\/tr>\n<tr>\n<td width=\"168\">\n<p style=\"border: none;padding: 0cm;font-weight: normal\" align=\"LEFT\">  M\u00e1xima apertura<\/p>\n<\/td>\n<td width=\"387\">\n<p style=\"border: none;padding: 0cm;font-weight: normal\">  f\/1.7  <\/p>\n<\/td>\n<\/tr>\n<tr>\n<td width=\"168\">\n<p style=\"border: none;padding: 0cm;font-weight: normal\" align=\"LEFT\">  Apertura m\u00ednima<\/p>\n<\/td>\n<td width=\"387\">\n<p style=\"border: none;padding: 0cm;font-weight: normal\">  f\/16  <\/p>\n<\/td>\n<\/tr>\n<tr>\n<td width=\"168\">\n<p style=\"border: none;padding: 0cm;font-weight: normal\" align=\"LEFT\">  Montura de lente<\/p>\n<\/td>\n<td width=\"387\">\n<p style=\"border: none;padding: 0cm;font-weight: normal\">  Micro Cuatro Tercios  <\/p>\n<\/td>\n<\/tr>\n<tr>\n<td width=\"168\">\n<p style=\"border: none;padding: 0cm;font-weight: normal\" align=\"LEFT\">  Compatibilidad de formatos<\/p>\n<\/td>\n<td width=\"387\">\n<p style=\"border: none;padding: 0cm;font-weight: normal\">  Micro Cuatro Tercios  <\/p>\n<\/td>\n<\/tr>\n<tr>\n<td width=\"168\">\n<p style=\"border: none;padding: 0cm;font-weight: normal\" align=\"LEFT\">  \u00c1ngulo<\/p>\n<\/td>\n<td width=\"387\">\n<p style=\"border: none;padding: 0cm;font-weight: normal\">  De 47\u00b0 a 24\u00b0  <\/p>\n<\/td>\n<\/tr>\n<tr>\n<td width=\"168\">\n<p style=\"border: none;padding: 0cm;font-weight: normal\" align=\"LEFT\">  Distancia m\u00ednima de enfoque<\/p>\n<\/td>\n<td width=\"387\">\n<p style=\"border: none;padding: 0cm;font-weight: normal\">  11&#8243; \/ 28 cm  <\/p>\n<\/td>\n<\/tr>\n<tr>\n<td width=\"168\">\n<p style=\"border: none;padding: 0cm;font-weight: normal\" align=\"LEFT\">  Aumento m\u00e1ximo<\/p>\n<\/td>\n<td width=\"387\">\n<p style=\"border: none;padding: 0cm;font-weight: normal\">  0,21 veces  <\/p>\n<\/td>\n<\/tr>\n<tr>\n<td width=\"168\">\n<p style=\"border: none;padding: 0cm;font-weight: normal\" align=\"LEFT\">  Dise\u00f1o \u00f3ptico<\/p>\n<\/td>\n<td width=\"387\">\n<p style=\"border: none;padding: 0cm;font-weight: normal\">  16 elementos en 11 grupos  <\/p>\n<\/td>\n<\/tr>\n<tr>\n<td width=\"168\">\n<p style=\"border: none;padding: 0cm;font-weight: normal\" align=\"LEFT\">  Hojas de diafragma<\/p>\n<\/td>\n<td width=\"387\">\n<p style=\"border: none;padding: 0cm;font-weight: normal\">  9, redondeado  <\/p>\n<\/td>\n<\/tr>\n<tr>\n<td width=\"168\">\n<p style=\"border: none;padding: 0cm;font-weight: normal\" align=\"LEFT\">  Tipo de enfoque<\/p>\n<\/td>\n<td width=\"387\">\n<p style=\"border: none;padding: 0cm;font-weight: normal\">  Autom\u00e1tico  <\/p>\n<\/td>\n<\/tr>\n<tr>\n<td width=\"168\">\n<p style=\"border: none;padding: 0cm;font-weight: normal\" align=\"LEFT\">  Estabilizaci\u00f3n de imagen<\/p>\n<\/td>\n<td width=\"387\">\n<p style=\"border: none;padding: 0cm;font-weight: normal\">  No  <\/p>\n<\/td>\n<\/tr>\n<tr>\n<td width=\"168\">\n<p style=\"border: none;padding: 0cm;font-weight: normal\" align=\"LEFT\">  Tama\u00f1o del filtro<\/p>\n<\/td>\n<td width=\"387\">\n<p style=\"border: none;padding: 0cm;font-weight: normal\">  77 mm (delantero)  <\/p>\n<\/td>\n<\/tr>\n<tr>\n<td width=\"168\">\n<p style=\"border: none;padding: 0cm;font-weight: normal\" align=\"LEFT\">  Dimensiones (\u00f8 x L)<\/p>\n<\/td>\n<td width=\"387\">\n<p style=\"border: none;padding: 0cm;font-weight: normal\">  3,4 x 5&#8243; \/ 87,6 x 127,6 mm  <\/p>\n<\/td>\n<\/tr>\n<tr>\n<td width=\"168\">\n<p style=\"border: none;padding: 0cm;font-weight: normal\" align=\"LEFT\">  Peso<\/p>\n<\/td>\n<td width=\"387\">\n<p style=\"border: none;padding: 0cm;font-weight: normal\">  1,4 libras \/ 654 g<\/p>\n<\/td>\n<\/tr>\n<\/tbody>\n<\/table>\n","protected":false},"excerpt":{"rendered":"<p>Versatilidad en un rango de teleobjetivo corto, el Leica DG Vario-Summilux 25-50mm f\/1.7 ASPH. es un zoom equivalente a 50-100<\/p>\n","protected":false},"featured_media":51497,"comment_status":"closed","ping_status":"open","template":"","meta":{"_acf_changed":false},"product_brand":[2536],"product_cat":[1062],"product_tag":[],"class_list":{"0":"post-73467","1":"product","2":"type-product","3":"status-publish","4":"has-post-thumbnail","6":"product_brand-panasonic-es","7":"product_cat-mirrorless-objectivos","8":"pa_abertura-maxima-f-1-7-es","10":"first","11":"onbackorder","12":"taxable","13":"shipping-taxable","14":"purchasable","15":"product-type-simple"},"bundled_by":[],"bundle_stock_status":"onbackorder","bundle_stock_quantity":null,"bundle_virtual":false,"bundle_layout":"","bundle_add_to_cart_form_location":"","bundle_editable_in_cart":false,"bundle_sold_individually_context":"","bundle_item_grouping":"","bundle_min_size":"","bundle_max_size":"","bundle_price":[],"bundled_items":[],"bundle_sell_ids":[],"acf":[],"_links":{"self":[{"href":"https:\/\/hi-techwonder.com\/es\/wp-json\/wp\/v2\/product\/73467","targetHints":{"allow":["GET"]}}],"collection":[{"href":"https:\/\/hi-techwonder.com\/es\/wp-json\/wp\/v2\/product"}],"about":[{"href":"https:\/\/hi-techwonder.com\/es\/wp-json\/wp\/v2\/types\/product"}],"replies":[{"embeddable":true,"href":"https:\/\/hi-techwonder.com\/es\/wp-json\/wp\/v2\/comments?post=73467"}],"wp:featuredmedia":[{"embeddable":true,"href":"https:\/\/hi-techwonder.com\/es\/wp-json\/wp\/v2\/media\/51497"}],"wp:attachment":[{"href":"https:\/\/hi-techwonder.com\/es\/wp-json\/wp\/v2\/media?parent=73467"}],"wp:term":[{"taxonomy":"product_brand","embeddable":true,"href":"https:\/\/hi-techwonder.com\/es\/wp-json\/wp\/v2\/product_brand?post=73467"},{"taxonomy":"product_cat","embeddable":true,"href":"https:\/\/hi-techwonder.com\/es\/wp-json\/wp\/v2\/product_cat?post=73467"},{"taxonomy":"product_tag","embeddable":true,"href":"https:\/\/hi-techwonder.com\/es\/wp-json\/wp\/v2\/product_tag?post=73467"}],"curies":[{"name":"wp","href":"https:\/\/api.w.org\/{rel}","templated":true}]}}