{"id":73468,"date":"2025-07-29T09:36:55","date_gmt":"2025-07-29T09:36:55","guid":{"rendered":"https:\/\/fv6qoy3ls0.wpdns.site\/produto\/panasonic-leica-dg-elmarit-200mm-f-2-8-power-o-i-s\/"},"modified":"2026-01-31T02:12:53","modified_gmt":"2026-01-31T02:12:53","slug":"panasonic-lumix-panasonic-leica-dg-elmarit-200mm-f-2-8-power-o-i-s","status":"publish","type":"product","link":"https:\/\/hi-techwonder.com\/es\/producto\/panasonic-lumix-panasonic-leica-dg-elmarit-200mm-f-2-8-power-o-i-s\/","title":{"rendered":"PANASONIC Leica DG Elmarit 200mm f\/2.8 POWER O.I.S"},"content":{"rendered":"<p><span style=\"font-size: small\"><strong>ASPECTOS DESTACADOS DEL PRODUCTO<\/strong><\/p>\n<p><\/span><\/p>\n<ul>\n<li> <span style=\"font-size: small\">Sistema Micro Cuatro Tercios<\/span><\/li>\n<li> <span style=\"font-size: small\">400 mm (equivalente a 35 mm)<\/span><\/li>\n<li> <span style=\"font-size: small\">Rango de apertura: f\/2.8 a f\/22<\/span><\/li>\n<li> <span style=\"font-size: small\">Dos elementos de dispersi\u00f3n ultra baja<\/span><\/li>\n<li> <span style=\"font-size: small\">Recubrimiento de superficie nano<\/span><\/li>\n<li> <span style=\"font-size: small\">Motor de enfoque autom\u00e1tico lineal triple<\/span><\/li>\n<li> <span style=\"font-size: small\">Estabilizador \u00f3ptico de imagen POWER<\/span><\/li>\n<li> <span style=\"font-size: small\">Limitador de control de enfoque; Memoria de enfoque<\/span><\/li>\n<li> <span style=\"font-size: small\">Dise\u00f1o a prueba de salpicaduras, polvo y congelaci\u00f3n<\/span><\/li>\n<li> <span style=\"font-size: small\">Teleconvertidor DMW-TC14 1.4x incluido<\/span> <\/li>\n<\/ul>\n<p><object><\/object> <span style=\"font-size: small\"><br \/>Un lente grande para el sistema Micro Four Thirds, el lente Leica DG Elmarit 200mm f\/2.8 POWER OIS de Panasonic es un s\u00faper teleobjetivo principal equivalente a 400 mm, desarrollado en asociaci\u00f3n con Leica, que promete im\u00e1genes n\u00edtidas y un excelente manejo. Con una apertura m\u00e1xima r\u00e1pida de f\/2.8, los usuarios pueden trabajar en condiciones de poca luz y crear im\u00e1genes con poca profundidad de campo. Para garantizar una calidad de imagen \u00f3ptima, el dise\u00f1o incorpora dos elementos de dispersi\u00f3n ultra baja (TU) que combaten las aberraciones mientras se aplica un revestimiento de nanosuperficie para minimizar los reflejos.  <\/span><\/p>\n<p> <span style=\"font-size: small\"><br \/>Optimizado para capturar sujetos distantes y en r\u00e1pido movimiento, este objetivo est\u00e1 equipado con un silencioso sistema de enfoque autom\u00e1tico de triple motor lineal que cuenta con una unidad de sensor de 240 fps para un rendimiento excepcionalmente r\u00e1pido en fotograf\u00edas y v\u00eddeos. Adem\u00e1s, un estabilizador \u00f3ptico de imagen POWER compensar\u00e1 el movimiento de la c\u00e1mara y funciona con las funciones de estabilizaci\u00f3n de la c\u00e1mara Dual IS y Dual IS 2.0 de Panasonic. Junto con esto, los controles de lente de acceso r\u00e1pido, que incluyen un limitador de enfoque, un bot\u00f3n de enfoque y un interruptor de memoria de enfoque, est\u00e1n disponibles para el control t\u00e1ctil en varias configuraciones.  <\/span><\/p>\n<p> <span style=\"font-size: small\"><br \/>Lo que beneficia a\u00fan m\u00e1s la naturaleza profesional de esta \u00f3ptica es un dise\u00f1o a prueba de salpicaduras, polvo y congelaci\u00f3n para usar en condiciones clim\u00e1ticas menos que ideales. Es compatible con teleconvertidores para un mayor alcance y se incluye el teleconvertidor DMW-TC14 1.4x para crear una lente equivalente a 560 mm a costa de un punto de luz. <\/span><\/p>\n<p> <span style=\"font-size: small\">&nbsp;<\/span><\/p>\n<ul>\n<li> <span style=\"font-size: small\">Con una distancia focal equivalente a 400 mm en las c\u00e1maras Micro Cuatro Tercios, este teleobjetivo prime es adecuado para trabajar con sujetos distantes.<\/span><\/li>\n<li> <span style=\"font-size: small\">Una apertura m\u00e1xima r\u00e1pida de f\/2.8 sobresale cuando se trabaja en condiciones de iluminaci\u00f3n dif\u00edciles y proporciona un amplio control sobre la profundidad de campo.<\/span><\/li>\n<li> <span style=\"font-size: small\">Dos elementos de dispersi\u00f3n ultrabaja minimizan varias aberraciones para producir un alto grado de claridad, nitidez y precisi\u00f3n de color.<\/span><\/li>\n<li> <span style=\"font-size: small\">El recubrimiento de superficie nano se ha aplicado a elementos individuales para reducir los destellos y las im\u00e1genes fantasma para mejorar el contraste y la neutralidad del color.<\/span><\/li>\n<li> <span style=\"font-size: small\">Un sistema de enfoque autom\u00e1tico de triple motor lineal ofrece un rendimiento suave y casi silencioso que es especialmente beneficioso para aplicaciones de video cuando se trabaja en \u00e1reas sensibles al ruido. Tambi\u00e9n es capaz de accionar el motor hasta 240 fps para aplicaciones de alta velocidad y es silencioso para uso de video. <\/span><\/li>\n<li> <span style=\"font-size: small\">El estabilizador \u00f3ptico de imagen POWER minimiza la apariencia del movimiento de la c\u00e1mara para un disparo manual m\u00e1s n\u00edtido, y tambi\u00e9n es compatible con las funciones Dual IS y Dual IS 2.0 para un mayor rendimiento de estabilizaci\u00f3n.<\/span><\/li>\n<li> <span style=\"font-size: small\">Los controles f\u00edsicos ubicados en el cilindro de la lente brindan acceso r\u00e1pido a muchas configuraciones com\u00fanmente ajustadas. Esto incluye un limitador de control de enfoque para cambiar de rango completo o 9.8 &#8216;a enfoque infinito para una operaci\u00f3n m\u00e1s r\u00e1pida en algunas circunstancias. Adem\u00e1s, hay un bot\u00f3n de enfoque y un interruptor de memoria de enfoque que se pueden configurar para almacenar la posici\u00f3n de enfoque o para recuperar una funci\u00f3n espec\u00edfica de la c\u00e1mara. Adem\u00e1s de estos controles m\u00e1s exclusivos, hay un interruptor AF \/ MF y un interruptor de encendido \/ apagado POWER OIS.   <\/span><\/li>\n<li> <span style=\"font-size: small\">Beneficios del dise\u00f1o a prueba de salpicaduras, polvo y congelaci\u00f3n que funciona en condiciones clim\u00e1ticas adversas de hasta -14 \u00b0 F.<\/span><\/li>\n<li> <span style=\"font-size: small\">Un collar de tr\u00edpode giratorio de dos partes de movimiento r\u00e1pido le permite cambiar r\u00e1pidamente entre las orientaciones de disparo horizontal y vertical y mantiene los controles de la lente en el mismo lugar una vez girados para un manejo m\u00e1s intuitivo.<\/span><\/li>\n<li> <span style=\"font-size: small\">La lente est\u00e1 provista de un teleconvertidor de 1.4x, que proporciona a los usuarios una distancia focal equivalente a 560 mm a un costo de 1 punto de luz. Para un alcance a\u00fan mayor, hay disponible un teleconvertidor 2x opcional para una distancia focal equivalente a 800 mm. <\/span><\/li>\n<\/ul>\n<p> <span style=\"font-size: small\">&nbsp;<\/span><\/p>\n<p style=\"margin-bottom: 0cm\"> <span style=\"font-size: small\">&nbsp;<\/span><\/p>\n<p><span style=\"font-size: small\"> <\/span><\/p>\n<p><span style=\"font-size: small\"> <\/span><\/p>\n<table style=\"width: 592px\" border=\"0\" cellspacing=\"0\" cellpadding=\"2\">\n<colgroup>\n<col width=\"241\"><\/colgroup>\n<colgroup>\n<col width=\"343\"><\/colgroup>\n<tbody>\n<tr>\n<th colspan=\"2\" width=\"588\">\n<p style=\"padding: 0cm;font-style: normal;font-weight: normal\"> <span style=\"font-size: small\"><a name=\"11011\"><\/a><span style=\"font-size: x-large\">interino<\/span><\/span> <\/p>\n<\/th>\n<\/tr>\n<tr>\n<td width=\"241\">\n<p style=\"padding: 0cm 0cm 0.53cm;border: medium medium 1px none none solid currentcolor currentcolor #e6e7e8\"> <span style=\"font-size: small\">Distancia focal<\/span> <\/p>\n<\/td>\n<td width=\"343\">\n<p style=\"padding: 0cm 0cm 0.53cm;border: medium medium 1px none none solid currentcolor currentcolor #e6e7e8\"> <span style=\"font-size: small\">200 mil\u00edmetros<br \/> Distancia focal comparable de 35 mm: 400 mm<\/span> <\/p>\n<\/td>\n<\/tr>\n<tr>\n<td width=\"241\">\n<p style=\"padding: 0cm 0cm 0.53cm;border: medium medium 1px none none solid currentcolor currentcolor #e6e7e8\"> <span style=\"font-size: small\">Abertura<\/span> <\/p>\n<\/td>\n<td width=\"343\">\n<p style=\"padding: 0cm 0cm 0.53cm;border: medium medium 1px none none solid currentcolor currentcolor #e6e7e8\"> <span style=\"font-size: small\">M\u00e1ximo: f\/2.8<br \/> M\u00ednimo: f\/22<\/span> <\/p>\n<\/td>\n<\/tr>\n<tr>\n<td width=\"241\">\n<p style=\"padding: 0cm 0cm 0.53cm;border: medium medium 1px none none solid currentcolor currentcolor #e6e7e8\"> <span style=\"font-size: small\">Tipo de montaje de la c\u00e1mara<\/span> <\/p>\n<\/td>\n<td width=\"343\">\n<p style=\"padding: 0cm 0cm 0.53cm;border: medium medium 1px none none solid currentcolor currentcolor #e6e7e8\"> <span style=\"font-size: small\">Micro Cuatro Tercios<\/span> <\/p>\n<\/td>\n<\/tr>\n<tr>\n<td width=\"241\">\n<p style=\"padding: 0cm 0cm 0.53cm;border: medium medium 1px none none solid currentcolor currentcolor #e6e7e8\"> <span style=\"font-size: small\">Compatibilidad de formatos<\/span> <\/p>\n<\/td>\n<td width=\"343\">\n<p style=\"padding: 0cm 0cm 0.53cm;border: medium medium 1px none none solid currentcolor currentcolor #e6e7e8\"> <span style=\"font-size: small\">Micro Cuatro Tercios<\/span> <\/p>\n<\/td>\n<\/tr>\n<tr>\n<td width=\"241\">\n<p style=\"padding: 0cm 0cm 0.53cm;border: medium medium 1px none none solid currentcolor currentcolor #e6e7e8\"> <span style=\"font-size: small\">\u00c1ngulo<\/span> <\/p>\n<\/td>\n<td width=\"343\">\n<p style=\"padding: 0cm 0cm 0.53cm;border: medium medium 1px none none solid currentcolor currentcolor #e6e7e8\"> <span style=\"font-size: small\">6,2\u00b0<\/span> <\/p>\n<\/td>\n<\/tr>\n<tr>\n<td width=\"241\">\n<p style=\"padding: 0cm 0cm 0.53cm;border: medium medium 1px none none solid currentcolor currentcolor #e6e7e8\"> <span style=\"font-size: small\">Distancia m\u00ednima de enfoque<\/span> <\/p>\n<\/td>\n<td width=\"343\">\n<p style=\"padding: 0cm 0cm 0.53cm;border: medium medium 1px none none solid currentcolor currentcolor #e6e7e8\"> <span style=\"font-size: small\">3,77&#8242; (1,15 m)<\/span> <\/p>\n<\/td>\n<\/tr>\n<tr>\n<td width=\"241\">\n<p style=\"padding: 0cm 0cm 0.53cm;border: medium medium 1px none none solid currentcolor currentcolor #e6e7e8\"> <span style=\"font-size: small\">Ampliaci\u00f3n<\/span> <\/p>\n<\/td>\n<td width=\"343\">\n<p style=\"padding: 0cm 0cm 0.53cm;border: medium medium 1px none none solid currentcolor currentcolor #e6e7e8\"> <span style=\"font-size: small\">0,2 veces<\/span> <\/p>\n<\/td>\n<\/tr>\n<tr>\n<td width=\"241\">\n<p style=\"padding: 0cm 0cm 0.53cm;border: medium medium 1px none none solid currentcolor currentcolor #e6e7e8\"> <span style=\"font-size: small\">Velocidad m\u00e1xima de reproducci\u00f3n<\/span> <\/p>\n<\/td>\n<td width=\"343\">\n<p style=\"padding: 0cm 0cm 0.53cm;border: medium medium 1px none none solid currentcolor currentcolor #e6e7e8\"> <span style=\"font-size: small\">1:5<\/span> <\/p>\n<\/td>\n<\/tr>\n<tr>\n<td width=\"241\">\n<p style=\"padding: 0cm 0cm 0.53cm;border: medium medium 1px none none solid currentcolor currentcolor #e6e7e8\"> <span style=\"font-size: small\">Elementos\/Grupos<\/span> <\/p>\n<\/td>\n<td width=\"343\">\n<p style=\"padding: 0cm 0cm 0.53cm;border: medium medium 1px none none solid currentcolor currentcolor #e6e7e8\"> <span style=\"font-size: small\">15\/13<\/span> <\/p>\n<\/td>\n<\/tr>\n<tr>\n<td width=\"241\">\n<p style=\"padding: 0cm 0cm 0.53cm;border: medium medium 1px none none solid currentcolor currentcolor #e6e7e8\"> <span style=\"font-size: small\">Hojas de diafragma<\/span> <\/p>\n<\/td>\n<td width=\"343\">\n<p style=\"padding: 0cm 0cm 0.53cm;border: medium medium 1px none none solid currentcolor currentcolor #e6e7e8\"> <span style=\"font-size: small\">9, redondeado<\/span><\/p>\n<\/td>\n<\/tr>\n<\/tbody>\n<\/table>\n<p><span style=\"font-size: small\"> <\/span><\/p>\n<p><span style=\"font-size: small\"> <\/span><\/p>\n<table style=\"width: 373px\" border=\"0\" cellspacing=\"0\" cellpadding=\"2\">\n<colgroup>\n<col width=\"156\"><\/colgroup>\n<colgroup>\n<col width=\"209\"><\/colgroup>\n<tbody>\n<tr>\n<th colspan=\"2\" width=\"369\">\n<p style=\"padding: 0cm;font-style: normal;font-weight: normal\"> <span style=\"font-size: small\"><a name=\"23001\"><\/a><span style=\"font-size: x-large\">Recursos<\/span><\/span> <\/p>\n<\/th>\n<\/tr>\n<tr>\n<td width=\"156\">\n<p style=\"padding: 0cm 0cm 0.53cm;border: medium medium 1px none none solid currentcolor currentcolor #e6e7e8\"> <span style=\"font-size: small\">Estabilizaci\u00f3n de imagen<\/span> <\/p>\n<\/td>\n<td width=\"209\">\n<p style=\"padding: 0cm 0cm 0.53cm;border: medium medium 1px none none solid currentcolor currentcolor #e6e7e8\"> <span style=\"font-size: small\">S\u00ed<\/span> <\/p>\n<\/td>\n<\/tr>\n<tr>\n<td width=\"156\">\n<p style=\"padding: 0cm 0cm 0.53cm;border: medium medium 1px none none solid currentcolor currentcolor #e6e7e8\"> <span style=\"font-size: small\">Autom\u00e1tico<\/span> <\/p>\n<\/td>\n<td width=\"209\">\n<p style=\"padding: 0cm 0cm 0.53cm;border: medium medium 1px none none solid currentcolor currentcolor #e6e7e8\"> <span style=\"font-size: small\">S\u00ed<\/span> <\/p>\n<\/td>\n<\/tr>\n<tr>\n<td width=\"156\">\n<p style=\"padding: 0cm 0cm 0.53cm;border: medium medium 1px none none solid currentcolor currentcolor #e6e7e8\"> <span style=\"font-size: small\">Collar de tr\u00edpode<\/span> <\/p>\n<\/td>\n<td width=\"209\">\n<p style=\"padding: 0cm 0cm 0.53cm;border: medium medium 1px none none solid currentcolor currentcolor #e6e7e8\"> <span style=\"font-size: small\">S\u00ed Extra\u00edble &#8211; giratorio<\/span><\/p>\n<\/td>\n<\/tr>\n<\/tbody>\n<\/table>\n<p><span style=\"font-size: small\"> <\/span><\/p>\n<p><span style=\"font-size: small\"> <\/span><\/p>\n<table style=\"width: 459px\" border=\"0\" cellspacing=\"0\" cellpadding=\"2\">\n<colgroup>\n<col width=\"147\"><\/colgroup>\n<colgroup>\n<col width=\"304\"><\/colgroup>\n<tbody>\n<tr>\n<th colspan=\"2\" width=\"455\">\n<p style=\"padding: 0cm;font-style: normal;font-weight: normal\"> <span style=\"font-size: small\"><a name=\"11501\"><\/a><span style=\"font-size: x-large\">F\u00edsico<\/span><\/span> <\/p>\n<\/th>\n<\/tr>\n<tr>\n<td width=\"147\">\n<p style=\"padding: 0cm 0cm 0.53cm;border: medium medium 1px none none solid currentcolor currentcolor #e6e7e8\"> <span style=\"font-size: small\">Tema de filtro<\/span> <\/p>\n<\/td>\n<td width=\"304\">\n<p style=\"padding: 0cm 0cm 0.53cm;border: medium medium 1px none none solid currentcolor currentcolor #e6e7e8\"> <span style=\"font-size: small\">Frontal: 77 mm<\/span> <\/p>\n<\/td>\n<\/tr>\n<tr>\n<td width=\"147\">\n<p style=\"padding: 0cm 0cm 0.53cm;border: medium medium 1px none none solid currentcolor currentcolor #e6e7e8\"> <span style=\"font-size: small\">Dimensiones (DxL)<\/span> <\/p>\n<\/td>\n<td width=\"304\">\n<p style=\"padding: 0cm 0cm 0.53cm;border: medium medium 1px none none solid currentcolor currentcolor #e6e7e8\"> <span style=\"font-size: small\">Aproximadamente. 3,44 x 6,85&#8243; (87,5 x 174 mm) <\/span> <\/p>\n<\/td>\n<\/tr>\n<tr>\n<td width=\"147\">\n<p style=\"padding: 0cm 0cm 0.53cm;border: medium medium 1px none none solid currentcolor currentcolor #e6e7e8\"> <span style=\"font-size: small\">Peso<\/span> <\/p>\n<\/td>\n<td width=\"304\">\n<p style=\"padding: 0cm 0cm 0.53cm;border: medium medium 1px none none solid currentcolor currentcolor #e6e7e8\"> <span style=\"font-size: small\">43,92 onzas (1245 g)<\/span><\/p>\n<\/td>\n<\/tr>\n<\/tbody>\n<\/table>\n<p><span style=\"font-size: small\"> <\/span><\/p>\n<p style=\"margin-bottom: 0cm\"><span style=\"font-size: small\">&nbsp;<\/span><\/p>\n","protected":false},"excerpt":{"rendered":"<p>ASPECTOS DESTACADOS DEL PRODUCTO Sistema Micro Cuatro Tercios 400 mm (equivalente a 35 mm) Rango de apertura: f\/2.8 a f\/22<\/p>\n","protected":false},"featured_media":51404,"comment_status":"closed","ping_status":"open","template":"","meta":{"_acf_changed":false},"product_brand":[2536],"product_cat":[1062],"product_tag":[],"class_list":{"0":"post-73468","1":"product","2":"type-product","3":"status-publish","4":"has-post-thumbnail","6":"product_brand-panasonic-es","7":"product_cat-mirrorless-objectivos","8":"pa_abertura-maxima-f-2-8-es","10":"first","11":"onbackorder","12":"taxable","13":"shipping-taxable","14":"purchasable","15":"product-type-simple"},"bundled_by":[],"bundle_stock_status":"onbackorder","bundle_stock_quantity":null,"bundle_virtual":false,"bundle_layout":"","bundle_add_to_cart_form_location":"","bundle_editable_in_cart":false,"bundle_sold_individually_context":"","bundle_item_grouping":"","bundle_min_size":"","bundle_max_size":"","bundle_price":[],"bundled_items":[],"bundle_sell_ids":[],"acf":[],"_links":{"self":[{"href":"https:\/\/hi-techwonder.com\/es\/wp-json\/wp\/v2\/product\/73468","targetHints":{"allow":["GET"]}}],"collection":[{"href":"https:\/\/hi-techwonder.com\/es\/wp-json\/wp\/v2\/product"}],"about":[{"href":"https:\/\/hi-techwonder.com\/es\/wp-json\/wp\/v2\/types\/product"}],"replies":[{"embeddable":true,"href":"https:\/\/hi-techwonder.com\/es\/wp-json\/wp\/v2\/comments?post=73468"}],"wp:featuredmedia":[{"embeddable":true,"href":"https:\/\/hi-techwonder.com\/es\/wp-json\/wp\/v2\/media\/51404"}],"wp:attachment":[{"href":"https:\/\/hi-techwonder.com\/es\/wp-json\/wp\/v2\/media?parent=73468"}],"wp:term":[{"taxonomy":"product_brand","embeddable":true,"href":"https:\/\/hi-techwonder.com\/es\/wp-json\/wp\/v2\/product_brand?post=73468"},{"taxonomy":"product_cat","embeddable":true,"href":"https:\/\/hi-techwonder.com\/es\/wp-json\/wp\/v2\/product_cat?post=73468"},{"taxonomy":"product_tag","embeddable":true,"href":"https:\/\/hi-techwonder.com\/es\/wp-json\/wp\/v2\/product_tag?post=73468"}],"curies":[{"name":"wp","href":"https:\/\/api.w.org\/{rel}","templated":true}]}}