{"id":73469,"date":"2025-07-29T09:37:12","date_gmt":"2025-07-29T09:37:12","guid":{"rendered":"https:\/\/fv6qoy3ls0.wpdns.site\/produto\/panasonic-leica-dg-vario-summilux-10-25mm-f-1-7-asph\/"},"modified":"2026-04-07T21:20:46","modified_gmt":"2026-04-07T20:20:46","slug":"panasonic-lumix-panasonic-leica-dg-vario-summilux-10-25mm-f-1-7-asph","status":"publish","type":"product","link":"https:\/\/hi-techwonder.com\/es\/producto\/panasonic-lumix-panasonic-leica-dg-vario-summilux-10-25mm-f-1-7-asph\/","title":{"rendered":"PANASONIC Leica DG Vario-Summilux 10-25mm f\/1.7 ASPH"},"content":{"rendered":"<p>El LEICA DG VARIO-SUMMILUX 10-25 mm (equivalente a una c\u00e1mara de 35 mm: 20-50 mm) es el primer objetivo que ofrece un brillo F1.7 en todo el rango del zoom. Con una lente \u00fanica, compacta y liviana, capturar\u00e1 vastos paisajes con una perspectiva dram\u00e1tica, tomas espont\u00e1neas tomadas con luz brillante y compondr\u00e1 atractivas condiciones de penumbra con un efecto bokeh distintivo en tomas de retratos de fondo. Adem\u00e1s, totalmente integrada, la captura de video con una exposici\u00f3n incre\u00edblemente suave cambia al acercar o mover la c\u00e1mara. Los creadores pueden cambiar f\u00e1cilmente entre foto y video, y siempre se pueden reproducir con el mismo nivel de poder expresivo.   <\/p>\n<p> <strong>Caracter\u00edsticas principales<\/strong><\/p>\n<ul>\n<li>  Sistema Micro Cuatro Tercios<\/li>\n<li>  20-50 mm (equivalente a 35 mm)<\/li>\n<li>  Rango de apertura: f\/1.7 a f\/16<\/li>\n<li>  Tres elementos asf\u00e9ricos<\/li>\n<\/ul>\n<p>  Un objetivo \u00fanico con un dise\u00f1o distintivamente brillante, el Leica DG Vario-Summilux 10-25mm f\/1.7 ASPH. es un zoom equivalente a 20-50 mm para c\u00e1maras sin espejo Micro Four Thirds. La apertura m\u00e1xima constante de f\/1.7 impresionantemente r\u00e1pida permite un mejor control de la profundidad de campo y capacidades de disparo con poca luz en todo el rango de zoom. Equilibrando el impresionante rendimiento de f\/1.7, el dise\u00f1o \u00f3ptico incorpora una serie de elementos de baja dispersi\u00f3n, asf\u00e9ricos y de alto \u00edndice de refracci\u00f3n, que ayudan a reducir en gran medida las aberraciones crom\u00e1ticas y esf\u00e9ricas para una mayor claridad y nitidez. Como complemento de la \u00f3ptica, este objetivo tambi\u00e9n se caracteriza por su dise\u00f1o f\u00edsico duradero y resistente a la intemperie, junto con un sistema de enfoque autom\u00e1tico r\u00e1pido, un dise\u00f1o de embrague de enfoque vers\u00e1til y un anillo de apertura continua sin clics para adaptarse a las aplicaciones de v\u00eddeo.    <\/p>\n<ul>\n<li>  El zoom de gran angular a normal est\u00e1 dise\u00f1ado para c\u00e1maras sin espejo Micro Four Thirds y ofrece un rango de distancia focal equivalente a 20-50 mm.<\/li>\n<li>  La impresionante luminosidad m\u00e1xima constante de f\/1,7 sobresale en condiciones de poca luz en todo el rango de zoom y tambi\u00e9n ofrece un mejor control de la profundidad de campo.<\/li>\n<li>  Tres elementos asf\u00e9ricos, cuatro elementos de dispersi\u00f3n ultrabaja y un elemento de \u00edndice de refracci\u00f3n ultra alto se combinan para suprimir las franjas de color, las aberraciones crom\u00e1ticas y las aberraciones esf\u00e9ricas para lograr una alta claridad, nitidez y precisi\u00f3n de color.<\/li>\n<li>  La unidad de enfoque autom\u00e1tico r\u00e1pido de 240 fps, junto con un sistema de enfoque interno, ofrece un rendimiento de enfoque suave, preciso y silencioso para beneficiar tanto a las aplicaciones fijas como a las de video. Adem\u00e1s, un mecanismo de embrague de enfoque ofrece un cambio AF\/MF especialmente r\u00e1pido. <\/li>\n<li>  El anillo de apertura f\u00edsico presenta un dise\u00f1o continuo y sin clics para un cambio de apertura suave y silencioso para beneficiar las aplicaciones de video.<\/li>\n<li>  Beneficios del dise\u00f1o a prueba de salpicaduras, polvo y congelaci\u00f3n que funciona en condiciones clim\u00e1ticas adversas.<\/li>\n<li>  El diafragma redondeado de nueve hojas contribuye a una calidad de bokeh suave y agradable.<\/li>\n<\/ul>\n<p> <strong>En la caja<\/strong><\/p>\n<ul>\n<li>  Panasonic Leica DG Vario Summilux 10-25mm f\/1.7 ASPH. Lente <\/li>\n<li>  Cubierta frontal del objetivo<\/li>\n<li>  Tapa trasera de Panasonic para lentes Lumix G<\/li>\n<li>  Parasol<\/li>\n<li>  Bolsa de lentes  <\/li>\n<\/ul>\n<table data-selenium=\"specsItemGroupTable\">\n<tbody>\n<tr data-selenium=\"specsItemGroupTableRow\">\n<td data-selenium=\"specsItemGroupTableColumnLabel\"> Distancia focal<\/td>\n<td data-selenium=\"specsItemGroupTableColumnValue\"> de 10 a 25 mm (distancia focal equivalente a 35 mm: 20 a 50 mm) <\/td>\n<\/tr>\n<tr data-selenium=\"specsItemGroupTableRow\">\n<td data-selenium=\"specsItemGroupTableColumnLabel\"> Apertura m\u00e1xima<\/td>\n<td data-selenium=\"specsItemGroupTableColumnValue\"> f\/1.7 <\/td>\n<\/tr>\n<tr data-selenium=\"specsItemGroupTableRow\">\n<td data-selenium=\"specsItemGroupTableColumnLabel\"> Apertura m\u00ednima<\/td>\n<td data-selenium=\"specsItemGroupTableColumnValue\"> f\/16 <\/td>\n<\/tr>\n<tr data-selenium=\"specsItemGroupTableRow\">\n<td data-selenium=\"specsItemGroupTableColumnValue\"> Montura de lente Micro Cuatro Tercios <\/td>\n<td data-selenium=\"specsItemGroupTableColumnLabel\"> <\/td>\n<\/tr>\n<tr data-selenium=\"specsItemGroupTableRow\">\n<td data-selenium=\"specsItemGroupTableColumnValue\"> Compatibilidad con el formato Micro Four Thirds <\/td>\n<td data-selenium=\"specsItemGroupTableColumnLabel\"> <\/td>\n<\/tr>\n<tr data-selenium=\"specsItemGroupTableRow\">\n<td data-selenium=\"specsItemGroupTableColumnLabel\"> \u00c1ngulo de visi\u00f3n<\/td>\n<td data-selenium=\"specsItemGroupTableColumnValue\"> de 94\u00b0 a 47\u00b0 <\/td>\n<\/tr>\n<tr data-selenium=\"specsItemGroupTableRow\">\n<td data-selenium=\"specsItemGroupTableColumnLabel\"> Aumento m\u00e1ximo<\/td>\n<td data-selenium=\"specsItemGroupTableColumnValue\"> 0.14x <\/td>\n<\/tr>\n<tr data-selenium=\"specsItemGroupTableRow\">\n<td data-selenium=\"specsItemGroupTableColumnLabel\"> Distancia m\u00ednima de enfoque<\/td>\n<td data-selenium=\"specsItemGroupTableColumnValue\"> 11,02&#8243; \/ 28 cm <\/td>\n<\/tr>\n<tr data-selenium=\"specsItemGroupTableRow\">\n<td data-selenium=\"specsItemGroupTableColumnLabel\"> Dise\u00f1o \u00f3ptico<\/td>\n<td data-selenium=\"specsItemGroupTableColumnValue\"> 17 elementos en 12 grupos <\/td>\n<\/tr>\n<tr data-selenium=\"specsItemGroupTableRow\">\n<td data-selenium=\"specsItemGroupTableColumnLabel\"> Hojas de diafragma<\/td>\n<td data-selenium=\"specsItemGroupTableColumnValue\"> 9, redondeadas <\/td>\n<\/tr>\n<tr data-selenium=\"specsItemGroupTableRow\">\n<td data-selenium=\"specsItemGroupTableColumnLabel\"> Tipo de enfoque<\/td>\n<td data-selenium=\"specsItemGroupTableColumnValue\"> Enfoque autom\u00e1tico <\/td>\n<\/tr>\n<tr data-selenium=\"specsItemGroupTableRow\">\n<td data-selenium=\"specsItemGroupTableColumnLabel\"> Estabilizaci\u00f3n de imagen<\/td>\n<td data-selenium=\"specsItemGroupTableColumnValue\"> Ninguno <\/td>\n<\/tr>\n<tr data-selenium=\"specsItemGroupTableRow\">\n<td data-selenium=\"specsItemGroupTableColumnLabel\"> Tama\u00f1o del filtro<\/td>\n<td data-selenium=\"specsItemGroupTableColumnValue\"> 77 mm (frontal) <\/td>\n<\/tr>\n<tr data-selenium=\"specsItemGroupTableRow\">\n<td data-selenium=\"specsItemGroupTableColumnLabel\"> Dimensiones (\u00f8 x ancho)<\/td>\n<td data-selenium=\"specsItemGroupTableColumnValue\"> 3,45 x 5,04&#8243; \/ 87,6 x 128 mm <\/td>\n<\/tr>\n<tr data-selenium=\"specsItemGroupTableRow\">\n<td data-selenium=\"specsItemGroupTableColumnLabel\"> Peso<\/td>\n<td data-selenium=\"specsItemGroupTableColumnValue\"> 1.52 lb \/ 690 g<\/td>\n<\/tr>\n<\/tbody>\n<\/table>\n","protected":false},"excerpt":{"rendered":"<p>El LEICA DG VARIO-SUMMILUX 10-25 mm (equivalente a una c\u00e1mara de 35 mm: 20-50 mm) es el primer objetivo que<\/p>\n","protected":false},"featured_media":51445,"comment_status":"closed","ping_status":"open","template":"","meta":{"_acf_changed":false},"product_brand":[2536],"product_cat":[1062],"product_tag":[],"class_list":{"0":"post-73469","1":"product","2":"type-product","3":"status-publish","4":"has-post-thumbnail","6":"product_brand-panasonic-es","7":"product_cat-mirrorless-objectivos","8":"pa_abertura-maxima-f-1-7-es","10":"first","11":"onbackorder","12":"taxable","13":"shipping-taxable","14":"purchasable","15":"product-type-simple"},"bundled_by":[],"bundle_stock_status":"onbackorder","bundle_stock_quantity":null,"bundle_virtual":false,"bundle_layout":"","bundle_add_to_cart_form_location":"","bundle_editable_in_cart":false,"bundle_sold_individually_context":"","bundle_item_grouping":"","bundle_min_size":"","bundle_max_size":"","bundle_price":[],"bundled_items":[],"bundle_sell_ids":[],"acf":[],"_links":{"self":[{"href":"https:\/\/hi-techwonder.com\/es\/wp-json\/wp\/v2\/product\/73469","targetHints":{"allow":["GET"]}}],"collection":[{"href":"https:\/\/hi-techwonder.com\/es\/wp-json\/wp\/v2\/product"}],"about":[{"href":"https:\/\/hi-techwonder.com\/es\/wp-json\/wp\/v2\/types\/product"}],"replies":[{"embeddable":true,"href":"https:\/\/hi-techwonder.com\/es\/wp-json\/wp\/v2\/comments?post=73469"}],"wp:featuredmedia":[{"embeddable":true,"href":"https:\/\/hi-techwonder.com\/es\/wp-json\/wp\/v2\/media\/51445"}],"wp:attachment":[{"href":"https:\/\/hi-techwonder.com\/es\/wp-json\/wp\/v2\/media?parent=73469"}],"wp:term":[{"taxonomy":"product_brand","embeddable":true,"href":"https:\/\/hi-techwonder.com\/es\/wp-json\/wp\/v2\/product_brand?post=73469"},{"taxonomy":"product_cat","embeddable":true,"href":"https:\/\/hi-techwonder.com\/es\/wp-json\/wp\/v2\/product_cat?post=73469"},{"taxonomy":"product_tag","embeddable":true,"href":"https:\/\/hi-techwonder.com\/es\/wp-json\/wp\/v2\/product_tag?post=73469"}],"curies":[{"name":"wp","href":"https:\/\/api.w.org\/{rel}","templated":true}]}}