{"id":73470,"date":"2025-07-29T09:37:45","date_gmt":"2025-07-29T09:37:45","guid":{"rendered":"https:\/\/fv6qoy3ls0.wpdns.site\/produto\/panasonic-leica-dg-summilux-9mm-f-1-7-asph\/"},"modified":"2026-04-07T21:20:41","modified_gmt":"2026-04-07T20:20:41","slug":"panasonic-lumix-panasonic-leica-dg-summilux-9mm-f-1-7-asph","status":"publish","type":"product","link":"https:\/\/hi-techwonder.com\/es\/producto\/panasonic-lumix-panasonic-leica-dg-summilux-9mm-f-1-7-asph\/","title":{"rendered":"PANASONIC Leica DG Summilux 9mm f\/1.7 ASPH"},"content":{"rendered":"<p><strong>LEICA DG SUMMILUX 9mm \/ F1.7 ASPH<\/strong><\/p>\n<p>Un objetivo prime compacto de 9 mm (equivalente a una c\u00e1mara de 35 mm: 18 mm) F1.7 de gran apertura con soporte para fotograf\u00eda macro de tama\u00f1o medio natural*<\/p>\n<p>* Aumento m\u00e1ximo de 0,5x (equivalente a una c\u00e1mara de 35 mm)<\/p>\n<p><strong>Objetivo LEICA DG: la \u00f3ptica definitiva<\/strong><\/p>\n<p>Elija el objetivo LEICA DG y obtenga la mejor calidad \u00f3ptica y rendimiento. Naturalmente, este objetivo cumple con los altos est\u00e1ndares de calidad establecidos por Leica Camera AG. Gracias al sofisticado dise\u00f1o de estos objetivos, podr\u00e1s disfrutar de una nitidez incre\u00edble justo en los bordes de tus tomas. Al mismo tiempo, se evitan todos los tipos de distorsi\u00f3n para permitir una composici\u00f3n de imagen precisa y n\u00edtida. Eso significa que tienes la herramienta ideal para la fotograf\u00eda de nivel profesional en la palma de tu mano.    <\/p>\n<p><strong>Ultra gran angular, gran apertura y macro a la mitad de tama\u00f1o natural<\/strong><\/p>\n<p>A medida que aumenta su colecci\u00f3n de lentes, desea un mayor nivel de flexibilidad en t\u00e9rminos de gran angular, brillo y capacidades macro, \u00bfverdad? Todo ello sin sacrificar la calidad de imagen. La nueva LEICA DG F1.7 lo tiene todo. Es un objetivo ultra gran angular de 9 mm (equivalente a una c\u00e1mara de 35 mm: 18 mm) compatible con filtros de 55 mm que ofrece fotograf\u00eda macro de tama\u00f1o medio natural*. Este objetivo compacto ofrece im\u00e1genes de alta calidad, un excelente rendimiento en perspectivas gran angular y de primeros planos, un impresionante efecto bokeh y un excelente rendimiento con poca luz.    <\/p>\n<p><strong>Excelente rendimiento de primeros planos<\/strong><\/p>\n<p>Con un aumento m\u00e1ximo de 0,5x (equivalente a una c\u00e1mara de 35 mm), este objetivo te permite acercarte a los sujetos, capturando cada detalle con una distancia m\u00e1xima de enfoque de 9,5 cm. El efecto bokeh creado por la apertura F1.7 resalta los detalles en los primeros planos, y el \u00e1ngulo diagonal de 100\u00b0 captura fondos expansivos de una manera poderosa, lo que le da a este lente un nivel inigualable de versatilidad. <\/p>\n<p><strong>Dise\u00f1o a prueba de polvo, salpicaduras y congelaci\u00f3n<\/strong><\/p>\n<p>El LEICA DG SUMMILUX 9 mm \/ F1.7 ASPH. est\u00e1 dise\u00f1ado para seguir funcionando en las condiciones m\u00e1s exigentes, gracias a su dise\u00f1o resistente al polvo y a las salpicaduras y a su capacidad para funcionar a temperaturas tan bajas como -10 \u00b0C. <\/p>\n<p>? El dise\u00f1o resistente al polvo y las salpicaduras no garantiza que no se produzcan da\u00f1os si esta lente se somete al contacto directo con el polvo y el agua.<\/p>\n<p><strong>Ideal para la grabaci\u00f3n de v\u00eddeo<\/strong><\/p>\n<p>Este objetivo ofrece un enfoque autom\u00e1tico r\u00e1pido y preciso y cambios de apertura suaves, lo que te permite crear impresionantes v\u00eddeos y fotos 4K sin molestar al sujeto.<\/p>\n<p><strong>Construcci\u00f3n de la lente H-X09<\/strong><\/p>\n<p>La configuraci\u00f3n optimizada cuenta con 12 elementos en 9 grupos, incluidas 2 lentes asf\u00e9ricas (ASPH), 2 lentes ED y 1 lente UHR para minimizar las aberraciones y garantizar una resoluci\u00f3n excepcional.<\/p>\n","protected":false},"excerpt":{"rendered":"<p>LEICA DG SUMMILUX 9mm \/ F1.7 ASPH Un objetivo prime compacto de 9 mm (equivalente a una c\u00e1mara de 35<\/p>\n","protected":false},"featured_media":51523,"comment_status":"closed","ping_status":"open","template":"","meta":{"_acf_changed":false},"product_brand":[2536],"product_cat":[1062],"product_tag":[],"class_list":{"0":"post-73470","1":"product","2":"type-product","3":"status-publish","4":"has-post-thumbnail","6":"product_brand-panasonic-es","7":"product_cat-mirrorless-objectivos","8":"pa_abertura-maxima-f-1-7-es","10":"first","11":"instock","12":"taxable","13":"shipping-taxable","14":"purchasable","15":"product-type-simple"},"bundled_by":[],"bundle_stock_status":"instock","bundle_stock_quantity":1,"bundle_virtual":false,"bundle_layout":"","bundle_add_to_cart_form_location":"","bundle_editable_in_cart":false,"bundle_sold_individually_context":"","bundle_item_grouping":"","bundle_min_size":"","bundle_max_size":"","bundle_price":[],"bundled_items":[],"bundle_sell_ids":[],"acf":[],"_links":{"self":[{"href":"https:\/\/hi-techwonder.com\/es\/wp-json\/wp\/v2\/product\/73470","targetHints":{"allow":["GET"]}}],"collection":[{"href":"https:\/\/hi-techwonder.com\/es\/wp-json\/wp\/v2\/product"}],"about":[{"href":"https:\/\/hi-techwonder.com\/es\/wp-json\/wp\/v2\/types\/product"}],"replies":[{"embeddable":true,"href":"https:\/\/hi-techwonder.com\/es\/wp-json\/wp\/v2\/comments?post=73470"}],"wp:featuredmedia":[{"embeddable":true,"href":"https:\/\/hi-techwonder.com\/es\/wp-json\/wp\/v2\/media\/51523"}],"wp:attachment":[{"href":"https:\/\/hi-techwonder.com\/es\/wp-json\/wp\/v2\/media?parent=73470"}],"wp:term":[{"taxonomy":"product_brand","embeddable":true,"href":"https:\/\/hi-techwonder.com\/es\/wp-json\/wp\/v2\/product_brand?post=73470"},{"taxonomy":"product_cat","embeddable":true,"href":"https:\/\/hi-techwonder.com\/es\/wp-json\/wp\/v2\/product_cat?post=73470"},{"taxonomy":"product_tag","embeddable":true,"href":"https:\/\/hi-techwonder.com\/es\/wp-json\/wp\/v2\/product_tag?post=73470"}],"curies":[{"name":"wp","href":"https:\/\/api.w.org\/{rel}","templated":true}]}}