{"id":73471,"date":"2025-07-29T09:37:52","date_gmt":"2025-07-29T09:37:52","guid":{"rendered":"https:\/\/fv6qoy3ls0.wpdns.site\/produto\/panasonic-leica-dg-12-35mm-f-2-8-asph-power-ois\/"},"modified":"2026-04-21T17:10:25","modified_gmt":"2026-04-21T16:10:25","slug":"panasonic-lumix-panasonic-leica-dg-12-35mm-f-2-8-asph-power-ois","status":"publish","type":"product","link":"https:\/\/hi-techwonder.com\/es\/producto\/panasonic-lumix-panasonic-leica-dg-12-35mm-f-2-8-asph-power-ois\/","title":{"rendered":"PANASONIC Leica DG 12-35mm f\/2.8 ASPH POWER OIS"},"content":{"rendered":"<p><strong>PANASONIC Leica DG Vario-Elmarit 12-35mm f\/2.8 ASPH. PODER OIS <\/strong><\/p>\n<p><strong>Funciones:<\/strong><\/p>\n<ul>\n<li>Sistema Micro Cuatro Tercios | f\/2.8 af\/22<\/li>\n<li>24-70 mm (equivalente a fotograma completo)<\/li>\n<li>Zoom gran angular r\u00e1pido<\/li>\n<li>Estabilizador \u00f3ptico de imagen POWER<\/li>\n<li>Compatible con IS 2 de 5 ejes duales<\/li>\n<li>Elementos de lente ASPH, UED y UHR<\/li>\n<li>Dise\u00f1o a prueba de salpicaduras, polvo y congelaci\u00f3n<\/li>\n<li>Diafragma redondeado de 7 hojas<\/li>\n<\/ul>\n<p><strong>Contenido del paquete:<\/strong><\/p>\n<ul>\n<li>Panasonic Leica DG Vario-Elmarit 12-35mm f\/2.8 ASPH. Lente POWER OIS (Micro Cuatro Tercios) <\/li>\n<li>Tapa frontal del objetivo<\/li>\n<li>Tapa trasera del objetivo<\/li>\n<li>Parasol<\/li>\n<li>Bolsa de almacenamiento de lentes<\/li>\n<\/ul>\n<p>Un reemplazo redise\u00f1ado para el zoom r\u00e1pido est\u00e1ndar, este Panasonic Leica DG Vario-Elmarit 12-35mm f\/2.8 ASPH. La lente POWER OIS presenta una variedad de actualizaciones \u00f3pticas para aplicaciones de fotograf\u00eda y video. El zoom est\u00e1ndar m\u00e1s completo hasta la fecha, este objetivo compacto y vers\u00e1til ofrece un c\u00f3modo rango de distancia focal equivalente a fotograma completo de 24-70 mm para cubrir perspectivas de gran angular a retrato. Una apertura brillante y constante de f\/2.8 permite a los usuarios capturar im\u00e1genes en condiciones de poca luz y con poca profundidad de campo, y un recubrimiento \u00fanico de nanocristales reduce a\u00fan m\u00e1s los destellos y las im\u00e1genes fantasma cuando se dispara bajo fuentes de luz intensas. El objetivo cuenta con un estabilizador \u00f3ptico de imagen POWER para minimizar la apariencia de movimiento de la c\u00e1mara, y este sistema OIS tambi\u00e9n es compatible con Dual IS para mejorar el rendimiento de estabilizaci\u00f3n durante el disparo sin tr\u00edpode.    <\/p>\n<ul>\n<li>Un reemplazo redise\u00f1ado para el Lumix GX Vario 12-35mm f\/2.8 II ASPH. POWER OIS, este zoom de calidad profesional ha superado los estrictos est\u00e1ndares \u00f3pticos de Leica. <\/li>\n<li>Zoom est\u00e1ndar para c\u00e1maras sin espejo Micro Cuatro Tercios, este objetivo compacto y ligero ofrece un rango de distancia focal equivalente a fotograma completo de 24-70 mm.<\/li>\n<li>La apertura m\u00e1xima constante y brillante de f\/2.8 permite a los usuarios capturar im\u00e1genes en condiciones de poca luz y con poca profundidad de campo.<\/li>\n<li>El recubrimiento de nanocristales mejorado reduce a\u00fan m\u00e1s los destellos y las im\u00e1genes fantasma cuando se dispara bajo fuentes de luz fuertes.<\/li>\n<li>Cuatro elementos asf\u00e9ricos, un elemento de dispersi\u00f3n ultrabaja y un elemento de \u00edndice de refracci\u00f3n ultra alto contribuyen a minimizar las aberraciones crom\u00e1ticas y esf\u00e9ricas para producir un mayor grado de claridad, nitidez y precisi\u00f3n del color.<\/li>\n<li>El estabilizador \u00f3ptico de imagen POWER minimiza la apariencia del movimiento de la c\u00e1mara para obtener fotos m\u00e1s n\u00edtidas y, al mismo tiempo, admite la funci\u00f3n Dual IS para un mayor rendimiento de estabilizaci\u00f3n.<\/li>\n<li>El rendimiento mejorado de primeros planos proporciona una distancia m\u00ednima de enfoque de 5.9 &#8220;a distancias focales de 12-17 mm. Distancia m\u00ednima de enfoque de 9.8&#8221; a distancias focales de 18-35 mm.<\/li>\n<li>Actualizado con una serie de atributos que satisfacen las necesidades de las videoc\u00e1maras, este objetivo minimiza la respiraci\u00f3n de enfoque para evitar movimientos no deseados y variaciones de \u00e1ngulo de visi\u00f3n para una mayor precisi\u00f3n de composici\u00f3n durante la grabaci\u00f3n.<\/li>\n<li>Control de apertura de micropasos para cambios de exposici\u00f3n suaves durante la grabaci\u00f3n de video.<\/li>\n<li>El dise\u00f1o a prueba de salpicaduras, polvo y congelaci\u00f3n beneficia la operaci\u00f3n en condiciones clim\u00e1ticas adversas.<\/li>\n<li>El diafragma redondeado de siete hojas contribuye a una calidad de bokeh suave y agradable.<\/li>\n<\/ul>\n<p><strong>Compatibilidad:<\/strong><\/p>\n<ul>\n<li>C\u00e1mara de cine Blackmagic Design<\/li>\n<li>C\u00e1mara de microcine Blackmagic Design<\/li>\n<li>C\u00e1mara Blackmagic Design Micro Studio 4K<\/li>\n<li>C\u00e1mara de cine de bolsillo Blackmagic Design<\/li>\n<li>C\u00e1mara de cine de bolsillo Blackmagic Design 4K<\/li>\n<li>C\u00e1mara Blackmagic Design Studio 4K 2<\/li>\n<li>C\u00e1mara Blackmagic Design Studio 4K Plus<\/li>\n<li>C\u00e1mara Blackmagic Design Studio 4K Pro<\/li>\n<li>C\u00e1mara Blackmagic Design Studio HD 2<\/li>\n<li>Bosma G1 Pro<\/li>\n<li>Bolex Digital D16<\/li>\n<li>JVC GY-LS300<\/li>\n<li>Kodak PIXPRO S-1<\/li>\n<li>SISTEMA OM OM-1<\/li>\n<li>SISTEMA OM OM-5<\/li>\n<li>Olympus Air A01<\/li>\n<li>Olympus E-PL10<\/li>\n<li>Olympus OM-D E-M1 Mark II<\/li>\n<li>Olympus OM-D E-M1 Mark III<\/li>\n<li>Olympus OM-D E-M10 Mark II<\/li>\n<li>Olympus OM-D E-M10 Mark III<\/li>\n<li>Olympus OM-D E-M10 Mark III<\/li>\n<li>Olympus OM-D E-M10 Mark IV<\/li>\n<li>Olympus OM-D E-M1X<\/li>\n<li>Olympus OM-D E-M5 Mark II<\/li>\n<li>Olympus OM-D E-M5 Mark III<\/li>\n<li>Olympus PEN E-PL10<\/li>\n<li>Olympus PEN E-PL8<\/li>\n<li>Olympus PEN E-PL9<\/li>\n<li>Olympus PEN-F<\/li>\n<li>Panasonic AG-AF100A<\/li>\n<li>Panasonic DC-BGH1<\/li>\n<li>Panasonic Lumix DC-G9<\/li>\n<li>Panasonic Lumix DC-G95<\/li>\n<li>Panasonic Lumix DC-GH5<\/li>\n<li>Panasonic Lumix DC-GH5S<\/li>\n<li>Panasonic Lumix DC-GX850<\/li>\n<li>Panasonic Lumix DMC-G6<\/li>\n<li>Panasonic Lumix DMC-G7<\/li>\n<li>Panasonic Lumix DMC-G85<\/li>\n<li>Panasonic Lumix DMC-GH4<\/li>\n<li>Panasonic Lumix DMC-GX8<\/li>\n<li>Panasonic Lumix DMC-GX85<\/li>\n<li>Panasonic Lumix G100<\/li>\n<li>Panasonic Lumix G7<\/li>\n<li>Panasonic Lumix G85<\/li>\n<li>Panasonic Lumix G9<\/li>\n<li>Panasonic Lumix G95<\/li>\n<li>Panasonic Lumix GH5<\/li>\n<li>Panasonic Lumix GH5II<\/li>\n<li>Panasonic Lumix GH5S<\/li>\n<li>Panasonic Lumix GH6<\/li>\n<li>Panasonic Lumix GX85<\/li>\n<li>Panasonic Lumix GX9<\/li>\n<li>Tecnolog\u00eda YI M1<\/li>\n<li>Z CAM E2<\/li>\n<li>Z CAM E2-M4<\/li>\n<li>Z CAM E2-S6<\/li>\n<li>Z CAM E2C<\/li>\n<\/ul>\n<p><strong>Caracter\u00edsticas t\u00e9cnicas:<\/strong><\/p>\n<table class=\"table_fDXOr6EpR9\" style=\"width: 982.5px;font-family: OpenSans, 'Segoe UI', Helvetica, Roboto, Arial, sans-serif;font-size: 16px;background-color: #ffffff\" data-selenium=\"specsItemGroupTable\">\n<tbody>\n<tr class=\"pair_fDXOr6EpR9\" style=\"border-bottom: 0.0625rem solid #e7e7e7\" data-selenium=\"specsItemGroupTableRow\">\n<td class=\"label_fDXOr6EpR9 firstSpecWhenNoGroupName_fDXOr6EpR9\" style=\"border-top: none;padding: 0px 0px 1.25rem;width: 373.333px;color: #666666;font-size: 1.125rem;line-height: 1.375rem;vertical-align: baseline\" data-selenium=\"specsItemGroupTableColumnLabel\"><span style=\"vertical-align: inherit\">Distancia focal<\/span><\/td>\n<td class=\"value_fDXOr6EpR9 firstSpecWhenNoGroupName_fDXOr6EpR9\" style=\"color: #666666;font-size: 1.125rem;line-height: 1.375rem;vertical-align: baseline;padding: 0px 0px 1.25rem 2.5rem\" data-selenium=\"specsItemGroupTableColumnValue\">De 12 a 35 mm (distancia focal equivalente a 35 mm: de 24 a 70 mm)<\/td>\n<\/tr>\n<tr class=\"pair_fDXOr6EpR9\" style=\"border-bottom: 0.0625rem solid #e7e7e7\" data-selenium=\"specsItemGroupTableRow\">\n<td class=\"label_fDXOr6EpR9\" style=\"border-top: none;padding: 1.25rem 0px;width: 373.333px;color: #666666;font-size: 1.125rem;line-height: 1.375rem;vertical-align: baseline\" data-selenium=\"specsItemGroupTableColumnLabel\"><span style=\"vertical-align: inherit\">Apertura<\/span><\/td>\n<p> m\u00e1xima<\/p>\n<td class=\"value_fDXOr6EpR9\" style=\"color: #666666;font-size: 1.125rem;line-height: 1.375rem;vertical-align: baseline;padding: 1.25rem 0px 1.25rem 2.5rem\" data-selenium=\"specsItemGroupTableColumnValue\">f\/2.8<\/td>\n<\/tr>\n<tr class=\"pair_fDXOr6EpR9\" style=\"border-bottom: 0.0625rem solid #e7e7e7\" data-selenium=\"specsItemGroupTableRow\">\n<td class=\"label_fDXOr6EpR9\" style=\"border-top: none;padding: 1.25rem 0px;width: 373.333px;color: #666666;font-size: 1.125rem;line-height: 1.375rem;vertical-align: baseline\" data-selenium=\"specsItemGroupTableColumnLabel\"><span style=\"vertical-align: inherit\">Apertura<\/span><\/td>\n<p> m\u00ednima<\/p>\n<td class=\"value_fDXOr6EpR9\" style=\"color: #666666;font-size: 1.125rem;line-height: 1.375rem;vertical-align: baseline;padding: 1.25rem 0px 1.25rem 2.5rem\" data-selenium=\"specsItemGroupTableColumnValue\">f\/22<\/td>\n<\/tr>\n<tr class=\"pair_fDXOr6EpR9\" style=\"border-bottom: 0.0625rem solid #e7e7e7\" data-selenium=\"specsItemGroupTableRow\">\n<td class=\"label_fDXOr6EpR9\" style=\"border-top: none;padding: 1.25rem 0px;width: 373.333px;color: #666666;font-size: 1.125rem;line-height: 1.375rem;vertical-align: baseline\" data-selenium=\"specsItemGroupTableColumnLabel\"><span style=\"vertical-align: inherit\">Montura de lente<\/span><\/td>\n<td class=\"value_fDXOr6EpR9\" style=\"color: #666666;font-size: 1.125rem;line-height: 1.375rem;vertical-align: baseline;padding: 1.25rem 0px 1.25rem 2.5rem\" data-selenium=\"specsItemGroupTableColumnValue\">Micro Cuatro Tercios<\/td>\n<\/tr>\n<tr class=\"pair_fDXOr6EpR9\" style=\"border-bottom: 0.0625rem solid #e7e7e7\" data-selenium=\"specsItemGroupTableRow\">\n<td class=\"label_fDXOr6EpR9\" style=\"border-top: none;padding: 1.25rem 0px;width: 373.333px;color: #666666;font-size: 1.125rem;line-height: 1.375rem;vertical-align: baseline\" data-selenium=\"specsItemGroupTableColumnLabel\"><span style=\"vertical-align: inherit\">Cobertura de la forma de<\/span><\/td>\n<p> la lente<\/p>\n<td class=\"value_fDXOr6EpR9\" style=\"color: #666666;font-size: 1.125rem;line-height: 1.375rem;vertical-align: baseline;padding: 1.25rem 0px 1.25rem 2.5rem\" data-selenium=\"specsItemGroupTableColumnValue\">Micro Cuatro Tercios<\/td>\n<\/tr>\n<tr class=\"pair_fDXOr6EpR9\" style=\"border-bottom: 0.0625rem solid #e7e7e7\" data-selenium=\"specsItemGroupTableRow\">\n<td class=\"label_fDXOr6EpR9\" style=\"border-top: none;padding: 1.25rem 0px;width: 373.333px;color: #666666;font-size: 1.125rem;line-height: 1.375rem;vertical-align: baseline\" data-selenium=\"specsItemGroupTableColumnLabel\"><span style=\"vertical-align: inherit\">\u00c1ngulo de visi\u00f3n<\/span><\/td>\n<td class=\"value_fDXOr6EpR9\" style=\"color: #666666;font-size: 1.125rem;line-height: 1.375rem;vertical-align: baseline;padding: 1.25rem 0px 1.25rem 2.5rem\" data-selenium=\"specsItemGroupTableColumnValue\">De 84\u00b0 a 34\u00b0<\/td>\n<\/tr>\n<tr class=\"pair_fDXOr6EpR9\" style=\"border-bottom: 0.0625rem solid #e7e7e7\" data-selenium=\"specsItemGroupTableRow\">\nDistancia <\/p>\n<td class=\"label_fDXOr6EpR9\" style=\"border-top: none;padding: 1.25rem 0px;width: 373.333px;color: #666666;font-size: 1.125rem;line-height: 1.375rem;vertical-align: baseline\" data-selenium=\"specsItemGroupTableColumnLabel\"><span style=\"vertical-align: inherit\">m\u00ednima de enfoque<\/span><\/td>\n<td class=\"value_fDXOr6EpR9\" style=\"color: #666666;font-size: 1.125rem;line-height: 1.375rem;vertical-align: baseline;padding: 1.25rem 0px 1.25rem 2.5rem\" data-selenium=\"specsItemGroupTableColumnValue\">15 cm<\/td>\n<\/tr>\n<tr class=\"pair_fDXOr6EpR9\" style=\"border-bottom: 0.0625rem solid #e7e7e7\" data-selenium=\"specsItemGroupTableRow\">\n<td class=\"label_fDXOr6EpR9\" style=\"border-top: none;padding: 1.25rem 0px;width: 373.333px;color: #666666;font-size: 1.125rem;line-height: 1.375rem;vertical-align: baseline\" data-selenium=\"specsItemGroupTableColumnLabel\"><span style=\"vertical-align: inherit\">Aumento<\/span><\/td>\n<p> m\u00e1ximo<\/p>\n<td class=\"value_fDXOr6EpR9\" style=\"color: #666666;font-size: 1.125rem;line-height: 1.375rem;vertical-align: baseline;padding: 1.25rem 0px 1.25rem 2.5rem\" data-selenium=\"specsItemGroupTableColumnValue\">0,21 veces<\/td>\n<\/tr>\n<tr class=\"pair_fDXOr6EpR9\" style=\"border-bottom: 0.0625rem solid #e7e7e7\" data-selenium=\"specsItemGroupTableRow\">\n<td class=\"label_fDXOr6EpR9\" style=\"border-top: none;padding: 1.25rem 0px;width: 373.333px;color: #666666;font-size: 1.125rem;line-height: 1.375rem;vertical-align: baseline\" data-selenium=\"specsItemGroupTableColumnLabel\"><span style=\"vertical-align: inherit\">Dise\u00f1o \u00f3ptico<\/span><\/td>\n<td class=\"value_fDXOr6EpR9\" style=\"color: #666666;font-size: 1.125rem;line-height: 1.375rem;vertical-align: baseline;padding: 1.25rem 0px 1.25rem 2.5rem\" data-selenium=\"specsItemGroupTableColumnValue\">14 elementos en 9 grupos<\/td>\n<\/tr>\n<tr class=\"pair_fDXOr6EpR9\" style=\"border-bottom: 0.0625rem solid #e7e7e7\" data-selenium=\"specsItemGroupTableRow\">\n<td class=\"label_fDXOr6EpR9\" style=\"border-top: none;padding: 1.25rem 0px;width: 373.333px;color: #666666;font-size: 1.125rem;line-height: 1.375rem;vertical-align: baseline\" data-selenium=\"specsItemGroupTableColumnLabel\"><span style=\"vertical-align: inherit\">Hojas de diafragma<\/span><\/td>\n<td class=\"value_fDXOr6EpR9\" style=\"color: #666666;font-size: 1.125rem;line-height: 1.375rem;vertical-align: baseline;padding: 1.25rem 0px 1.25rem 2.5rem\" data-selenium=\"specsItemGroupTableColumnValue\">7, redondeado<\/td>\n<\/tr>\n<tr class=\"pair_fDXOr6EpR9\" style=\"border-bottom: 0.0625rem solid #e7e7e7\" data-selenium=\"specsItemGroupTableRow\">\n<td class=\"label_fDXOr6EpR9\" style=\"border-top: none;padding: 1.25rem 0px;width: 373.333px;color: #666666;font-size: 1.125rem;line-height: 1.375rem;vertical-align: baseline\" data-selenium=\"specsItemGroupTableColumnLabel\"><span style=\"vertical-align: inherit\">Tipo de<\/span><\/td>\n<p> enfoque<\/p>\n<td class=\"value_fDXOr6EpR9\" style=\"color: #666666;font-size: 1.125rem;line-height: 1.375rem;vertical-align: baseline;padding: 1.25rem 0px 1.25rem 2.5rem\" data-selenium=\"specsItemGroupTableColumnValue\">Autom\u00e1tico<\/td>\n<\/tr>\n<tr class=\"pair_fDXOr6EpR9\" style=\"border-bottom: 0.0625rem solid #e7e7e7\" data-selenium=\"specsItemGroupTableRow\">\n<td class=\"label_fDXOr6EpR9\" style=\"border-top: none;padding: 1.25rem 0px;width: 373.333px;color: #666666;font-size: 1.125rem;line-height: 1.375rem;vertical-align: baseline\" data-selenium=\"specsItemGroupTableColumnLabel\"><span style=\"vertical-align: inherit\">Estabilizaci\u00f3n de imagen<\/span><\/td>\n<td class=\"value_fDXOr6EpR9\" style=\"color: #666666;font-size: 1.125rem;line-height: 1.375rem;vertical-align: baseline;padding: 1.25rem 0px 1.25rem 2.5rem\" data-selenium=\"specsItemGroupTableColumnValue\">S\u00ed<\/td>\n<\/tr>\n<tr class=\"pair_fDXOr6EpR9\" style=\"border-bottom: 0.0625rem solid #e7e7e7\" data-selenium=\"specsItemGroupTableRow\">\n<td class=\"label_fDXOr6EpR9\" style=\"border-top: none;padding: 1.25rem 0px;width: 373.333px;color: #666666;font-size: 1.125rem;line-height: 1.375rem;vertical-align: baseline\" data-selenium=\"specsItemGroupTableColumnLabel\"><span style=\"vertical-align: inherit\">Tama\u00f1o del filtro<\/span><\/td>\n<td class=\"value_fDXOr6EpR9\" style=\"color: #666666;font-size: 1.125rem;line-height: 1.375rem;vertical-align: baseline;padding: 1.25rem 0px 1.25rem 2.5rem\" data-selenium=\"specsItemGroupTableColumnValue\">58 mm (delantero)<\/td>\n<\/tr>\n<tr class=\"pair_fDXOr6EpR9\" style=\"border-bottom: 0.0625rem solid #e7e7e7\" data-selenium=\"specsItemGroupTableRow\">\n<td class=\"label_fDXOr6EpR9\" style=\"border-top: none;padding: 1.25rem 0px;width: 373.333px;color: #666666;font-size: 1.125rem;line-height: 1.375rem;vertical-align: baseline\" data-selenium=\"specsItemGroupTableColumnLabel\"><span style=\"vertical-align: inherit\">Dimensiones (\u00f8 x L)<\/span><\/td>\n<td class=\"value_fDXOr6EpR9\" style=\"color: #666666;font-size: 1.125rem;line-height: 1.375rem;vertical-align: baseline;padding: 1.25rem 0px 1.25rem 2.5rem\" data-selenium=\"specsItemGroupTableColumnValue\">67,6 x 73,8 mil\u00edmetros<\/td>\n<\/tr>\n<tr class=\"pair_fDXOr6EpR9\" style=\"border-bottom: 0.0625rem solid #e7e7e7\" data-selenium=\"specsItemGroupTableRow\">\n<td class=\"label_fDXOr6EpR9\" style=\"border-top: none;padding: 1.25rem 0px;width: 373.333px;color: #666666;font-size: 1.125rem;line-height: 1.375rem;vertical-align: baseline\" data-selenium=\"specsItemGroupTableColumnLabel\"><span style=\"vertical-align: inherit\">Peso<\/span><\/td>\n<td class=\"value_fDXOr6EpR9\" style=\"color: #666666;font-size: 1.125rem;line-height: 1.375rem;vertical-align: baseline;padding: 1.25rem 0px 1.25rem 2.5rem\" data-selenium=\"specsItemGroupTableColumnValue\">306 gramos<\/td>\n<\/tr>\n<\/tbody>\n<\/table>\n","protected":false},"excerpt":{"rendered":"<p>PANASONIC Leica DG Vario-Elmarit 12-35mm f\/2.8 ASPH. PODER OIS Funciones: Sistema Micro Cuatro Tercios | f\/2.8 af\/22 24-70 mm (equivalente<\/p>\n","protected":false},"featured_media":51546,"comment_status":"closed","ping_status":"open","template":"","meta":{"_acf_changed":false},"product_brand":[2536],"product_cat":[1062],"product_tag":[],"class_list":{"0":"post-73471","1":"product","2":"type-product","3":"status-publish","4":"has-post-thumbnail","6":"product_brand-panasonic-es","7":"product_cat-mirrorless-objectivos","8":"pa_abertura-maxima-f-2-8-es","10":"first","11":"instock","12":"taxable","13":"shipping-taxable","14":"purchasable","15":"product-type-simple"},"bundled_by":[],"bundle_stock_status":"instock","bundle_stock_quantity":1,"bundle_virtual":false,"bundle_layout":"","bundle_add_to_cart_form_location":"","bundle_editable_in_cart":false,"bundle_sold_individually_context":"","bundle_item_grouping":"","bundle_min_size":"","bundle_max_size":"","bundle_price":[],"bundled_items":[],"bundle_sell_ids":[],"acf":[],"_links":{"self":[{"href":"https:\/\/hi-techwonder.com\/es\/wp-json\/wp\/v2\/product\/73471","targetHints":{"allow":["GET"]}}],"collection":[{"href":"https:\/\/hi-techwonder.com\/es\/wp-json\/wp\/v2\/product"}],"about":[{"href":"https:\/\/hi-techwonder.com\/es\/wp-json\/wp\/v2\/types\/product"}],"replies":[{"embeddable":true,"href":"https:\/\/hi-techwonder.com\/es\/wp-json\/wp\/v2\/comments?post=73471"}],"wp:featuredmedia":[{"embeddable":true,"href":"https:\/\/hi-techwonder.com\/es\/wp-json\/wp\/v2\/media\/51546"}],"wp:attachment":[{"href":"https:\/\/hi-techwonder.com\/es\/wp-json\/wp\/v2\/media?parent=73471"}],"wp:term":[{"taxonomy":"product_brand","embeddable":true,"href":"https:\/\/hi-techwonder.com\/es\/wp-json\/wp\/v2\/product_brand?post=73471"},{"taxonomy":"product_cat","embeddable":true,"href":"https:\/\/hi-techwonder.com\/es\/wp-json\/wp\/v2\/product_cat?post=73471"},{"taxonomy":"product_tag","embeddable":true,"href":"https:\/\/hi-techwonder.com\/es\/wp-json\/wp\/v2\/product_tag?post=73471"}],"curies":[{"name":"wp","href":"https:\/\/api.w.org\/{rel}","templated":true}]}}