{"id":73472,"date":"2025-07-29T09:37:23","date_gmt":"2025-07-29T09:37:23","guid":{"rendered":"https:\/\/fv6qoy3ls0.wpdns.site\/produto\/panasonic-leica-dg-summilux-25mm-f-1-4-ii-asph\/"},"modified":"2026-04-21T17:11:05","modified_gmt":"2026-04-21T16:11:05","slug":"panasonic-lumix-panasonic-leica-dg-summilux-25mm-f-1-4-ii-asph","status":"publish","type":"product","link":"https:\/\/hi-techwonder.com\/es\/producto\/panasonic-lumix-panasonic-leica-dg-summilux-25mm-f-1-4-ii-asph\/","title":{"rendered":"PANASONIC Leica DG Summilux 25mm f\/1.4 II ASPH"},"content":{"rendered":"<div data-selenium=\"sellingPointsTitle\"><strong>Caracter\u00edsticas principales<\/strong><\/div>\n<ul>\n<li data-selenium=\"sellingPointsListItem\">Sistema Micro Cuatro Tercios<\/li>\n<li data-selenium=\"sellingPointsListItem\">50 mm (equivalente a 35 mm)<\/li>\n<li data-selenium=\"sellingPointsListItem\">Rango de apertura: f\/1.4 a f\/16<\/li>\n<li data-selenium=\"sellingPointsListItem\">Un elemento de \u00edndice de refracci\u00f3n ultra alto<\/li>\n<\/ul>\n<div>\n<div data-selenium=\"overviewLongDescription\">\n<div>\n<p>Un objetivo brillante y de cuerpo entero, el Leica DG Summilux 25mm f\/1.4 II ASPH. es un objetivo fijo equivalente a 50 mm para las c\u00e1maras sin espejo Micro Four Thirds. Caracterizado por su r\u00e1pida apertura m\u00e1xima de f\/1.4, este objetivo ofrece un notable control sobre la profundidad de campo y tambi\u00e9n es adecuado para trabajar en condiciones de poca luz. Su dise\u00f1o \u00f3ptico incorpora un elemento UHR y un par de elementos asf\u00e9ricos para reducir las aberraciones y distorsiones esf\u00e9ricas, y tambi\u00e9n se ha aplicado un revestimiento de superficie nano para suprimir los destellos de la lente y las im\u00e1genes fantasma para un mayor contraste en condiciones de iluminaci\u00f3n intensa. Un motor de enfoque autom\u00e1tico escalonado, junto con un dise\u00f1o de enfoque interno, contribuye a un rendimiento de enfoque r\u00e1pido y silencioso para aplicaciones de fotograf\u00eda y video. Adem\u00e1s, esta lente cuenta con una construcci\u00f3n resistente al polvo y las salpicaduras para beneficiar el trabajo en condiciones adversas.     <\/p>\n<\/div>\n<\/div>\n<\/div>\n<div>\n<div>\n<div>\n<div>\n<ul>\n<li>El prime de longitud completa est\u00e1 dise\u00f1ado para c\u00e1maras sin espejo Micro Four Thirds y proporciona una distancia focal equivalente a 50 mm.<\/li>\n<li>La apertura m\u00e1xima brillante de f\/1.4 beneficia el trabajo en condiciones de iluminaci\u00f3n dif\u00edciles y tambi\u00e9n permite un amplio control sobre la ubicaci\u00f3n del enfoque para aplicaciones de enfoque selectivo.<\/li>\n<li>Un elemento UHR y un par de elementos asf\u00e9ricos ayudan a lograr una iluminaci\u00f3n y nitidez uniformes para un rendimiento constante en todo el rango de apertura.<\/li>\n<li>Se ha aplicado un recubrimiento de nanosuperficie a elementos individuales para reducir visiblemente el destello de la lente y las im\u00e1genes fantasma para aumentar el contraste y la fidelidad del color cuando se trabaja en condiciones de iluminaci\u00f3n intensa.<\/li>\n<li>El motor de AF paso a paso, junto con un dise\u00f1o de enfoque interno, proporciona un rendimiento de enfoque r\u00e1pido, suave y casi silencioso para beneficiar tanto el uso de im\u00e1genes fijas como de video.<\/li>\n<li>La versi\u00f3n II de este objetivo presenta un dise\u00f1o resistente al polvo y a las salpicaduras para adaptarse a su uso en condiciones clim\u00e1ticas adversas.<\/li>\n<li>El diafragma redondeado de siete hojas produce una calidad suave de desenfoque cuando se trabaja con t\u00e9cnicas de poca profundidad de campo.<\/li>\n<\/ul>\n<p><strong>En la caja<\/strong><\/p>\n<ul>\n<li>Panasonic Leica DG Summilux 25mm f\/1.4 II ASPH. Lente <\/li>\n<li>Tapa de lente Panasonic G para lentes Lumix (46 mm)<\/li>\n<li>Tapa trasera de Panasonic para lentes Lumix G<\/li>\n<li>Parasol<\/li>\n<li>Bolsa de almacenamiento<\/li>\n<\/ul>\n<table data-selenium=\"specsItemGroupTable\">\n<tbody>\n<tr data-selenium=\"specsItemGroupTableRow\">\n<td data-selenium=\"specsItemGroupTableColumnLabel\">Distancia focal<\/td>\n<td data-selenium=\"specsItemGroupTableColumnValue\">25 mm (distancia focal equivalente a 35 mm: 50 mm)<\/td>\n<\/tr>\n<tr data-selenium=\"specsItemGroupTableRow\">\n<td data-selenium=\"specsItemGroupTableColumnLabel\">M\u00e1xima<\/td>\n<p> apertura<\/p>\n<td data-selenium=\"specsItemGroupTableColumnValue\">f\/1.4<\/td>\n<\/tr>\n<tr data-selenium=\"specsItemGroupTableRow\">\n<td data-selenium=\"specsItemGroupTableColumnLabel\">Apertura<\/td>\n<p> m\u00ednima<\/p>\n<td data-selenium=\"specsItemGroupTableColumnValue\">f\/16<\/td>\n<\/tr>\n<tr data-selenium=\"specsItemGroupTableRow\">\n<td data-selenium=\"specsItemGroupTableColumnLabel\">Montura de lente<\/td>\n<td data-selenium=\"specsItemGroupTableColumnValue\">Micro Cuatro Tercios<\/td>\n<\/tr>\n<tr data-selenium=\"specsItemGroupTableRow\">\n<td data-selenium=\"specsItemGroupTableColumnLabel\">Compatibilidad de formatos<\/td>\n<td data-selenium=\"specsItemGroupTableColumnValue\">Micro Cuatro Tercios<\/td>\n<\/tr>\n<tr data-selenium=\"specsItemGroupTableRow\">\n<td data-selenium=\"specsItemGroupTableColumnLabel\">\u00c1ngulo de visi\u00f3n<\/td>\n<td data-selenium=\"specsItemGroupTableColumnValue\">47\u00b0<\/td>\n<\/tr>\n<tr data-selenium=\"specsItemGroupTableRow\">\n<td data-selenium=\"specsItemGroupTableColumnLabel\">Aumento m\u00e1ximo<\/td>\n<td data-selenium=\"specsItemGroupTableColumnValue\">0,11 veces<\/td>\n<\/tr>\n<tr data-selenium=\"specsItemGroupTableRow\">\n<td data-selenium=\"specsItemGroupTableColumnLabel\">Distancia m\u00ednima de enfoque<\/td>\n<td data-selenium=\"specsItemGroupTableColumnValue\">11,81&#8243; \/ 30 cm<\/td>\n<\/tr>\n<tr data-selenium=\"specsItemGroupTableRow\">\n<td data-selenium=\"specsItemGroupTableColumnLabel\">Dise\u00f1o<\/td>\n<p> \u00f3ptico<\/p>\n<td data-selenium=\"specsItemGroupTableColumnValue\">9 elementos en 7 grupos<\/td>\n<\/tr>\n<tr data-selenium=\"specsItemGroupTableRow\">\n<td data-selenium=\"specsItemGroupTableColumnLabel\">Hojas de diafragma<\/td>\n<td data-selenium=\"specsItemGroupTableColumnValue\">7, redondeado<\/td>\n<\/tr>\n<tr data-selenium=\"specsItemGroupTableRow\">\n<td data-selenium=\"specsItemGroupTableColumnLabel\">Tipo de enfoque<\/td>\n<td data-selenium=\"specsItemGroupTableColumnValue\">Autom\u00e1tico<\/td>\n<\/tr>\n<tr data-selenium=\"specsItemGroupTableRow\">\n<td data-selenium=\"specsItemGroupTableColumnLabel\">Estabilizaci\u00f3n de imagen<\/td>\n<td data-selenium=\"specsItemGroupTableColumnValue\">Ninguno<\/td>\n<\/tr>\n<tr data-selenium=\"specsItemGroupTableRow\">\n<td data-selenium=\"specsItemGroupTableColumnLabel\">Tama\u00f1o del filtro<\/td>\n<td data-selenium=\"specsItemGroupTableColumnValue\">46 mm (delantero)<\/td>\n<\/tr>\n<tr data-selenium=\"specsItemGroupTableRow\">\n<td data-selenium=\"specsItemGroupTableColumnLabel\">Dimensiones (\u00f8 x L)<\/td>\n<td data-selenium=\"specsItemGroupTableColumnValue\">2,48 x 2,15&#8243; \/ 63 x 54,5 mm<\/td>\n<\/tr>\n<tr data-selenium=\"specsItemGroupTableRow\">\n<td data-selenium=\"specsItemGroupTableColumnLabel\">Peso<\/td>\n<td data-selenium=\"specsItemGroupTableColumnValue\">7.23 onzas \/ 205 g<\/td>\n<\/tr>\n<\/tbody>\n<\/table>\n<\/div>\n<\/div>\n<\/div>\n<\/div>\n","protected":false},"excerpt":{"rendered":"<p>Caracter\u00edsticas principales Sistema Micro Cuatro Tercios 50 mm (equivalente a 35 mm) Rango de apertura: f\/1.4 a f\/16 Un elemento<\/p>\n","protected":false},"featured_media":51448,"comment_status":"closed","ping_status":"open","template":"","meta":{"_acf_changed":false},"product_brand":[2536],"product_cat":[1062],"product_tag":[],"class_list":{"0":"post-73472","1":"product","2":"type-product","3":"status-publish","4":"has-post-thumbnail","6":"product_brand-panasonic-es","7":"product_cat-mirrorless-objectivos","8":"pa_abertura-maxima-f-1-4-es","10":"first","11":"onbackorder","12":"taxable","13":"shipping-taxable","14":"purchasable","15":"product-type-simple"},"bundled_by":[],"bundle_stock_status":"onbackorder","bundle_stock_quantity":null,"bundle_virtual":false,"bundle_layout":"","bundle_add_to_cart_form_location":"","bundle_editable_in_cart":false,"bundle_sold_individually_context":"","bundle_item_grouping":"","bundle_min_size":"","bundle_max_size":"","bundle_price":[],"bundled_items":[],"bundle_sell_ids":[],"acf":[],"_links":{"self":[{"href":"https:\/\/hi-techwonder.com\/es\/wp-json\/wp\/v2\/product\/73472","targetHints":{"allow":["GET"]}}],"collection":[{"href":"https:\/\/hi-techwonder.com\/es\/wp-json\/wp\/v2\/product"}],"about":[{"href":"https:\/\/hi-techwonder.com\/es\/wp-json\/wp\/v2\/types\/product"}],"replies":[{"embeddable":true,"href":"https:\/\/hi-techwonder.com\/es\/wp-json\/wp\/v2\/comments?post=73472"}],"wp:featuredmedia":[{"embeddable":true,"href":"https:\/\/hi-techwonder.com\/es\/wp-json\/wp\/v2\/media\/51448"}],"wp:attachment":[{"href":"https:\/\/hi-techwonder.com\/es\/wp-json\/wp\/v2\/media?parent=73472"}],"wp:term":[{"taxonomy":"product_brand","embeddable":true,"href":"https:\/\/hi-techwonder.com\/es\/wp-json\/wp\/v2\/product_brand?post=73472"},{"taxonomy":"product_cat","embeddable":true,"href":"https:\/\/hi-techwonder.com\/es\/wp-json\/wp\/v2\/product_cat?post=73472"},{"taxonomy":"product_tag","embeddable":true,"href":"https:\/\/hi-techwonder.com\/es\/wp-json\/wp\/v2\/product_tag?post=73472"}],"curies":[{"name":"wp","href":"https:\/\/api.w.org\/{rel}","templated":true}]}}