{"id":73479,"date":"2025-07-29T09:38:00","date_gmt":"2025-07-29T09:38:00","guid":{"rendered":"https:\/\/fv6qoy3ls0.wpdns.site\/produto\/panasonic-leica-dg-vario-elmar-100-400mm-f-4-6-3-asph-poder\/"},"modified":"2026-04-21T17:10:53","modified_gmt":"2026-04-21T16:10:53","slug":"panasonic-lumix-panasonic-leica-dg-vario-elmar-100-400mm-f-4-6-3-asph-poder","status":"publish","type":"product","link":"https:\/\/hi-techwonder.com\/es\/producto\/panasonic-lumix-panasonic-leica-dg-vario-elmar-100-400mm-f-4-6-3-asph-poder\/","title":{"rendered":"PANASONIC Leica DG Vario-Elmar 100-400mm f\/4-6.3 ASPH. PODER"},"content":{"rendered":"<p><strong>PANASONIC&nbsp;<\/strong><strong>Leica DG Vario-Elmar 100-400mm f\/4-6.3 ASPH. POWER O.I.S. <\/strong><\/p>\n<p><strong>Funciones:<\/strong><\/p>\n<ul>\n<li>Sistema Micro Cuatro Tercios<\/li>\n<li>200-800 mm (equivalente a 35 mm)<\/li>\n<li>Rango de apertura: f\/4 a f\/22<\/li>\n<li>1 elemento ED asf\u00e9rico, 1 UED y 2 elementos ED<\/li>\n<li>AF de alta velocidad de 240 fps, limitador de enfoque<\/li>\n<li>POWER OIS, compatibilidad con IS dual<\/li>\n<li>Collar de tr\u00edpode giratorio y capucha incorporada<\/li>\n<li>Construcci\u00f3n resistente a la intemperie<\/li>\n<li>Diafragma redondeado de 9 hojas<\/li>\n<\/ul>\n<p><strong>Contenido del paquete:<\/strong><\/p>\n<ul>\n<li>Panasonic Leica DG Vario-Elmar 100-400mm f\/4-6.3 ASPH. Lente POWER OIS <\/li>\n<li>Tapas frontales de los objetivos<\/li>\n<li>Tapa trasera de Panasonic para lentes Lumix G<\/li>\n<li>Collar de tr\u00edpode<\/li>\n<li>Bolsa de almacenamiento<\/li>\n<\/ul>\n<p style=\"text-align: justify\">Un objetivo Micro Cuatro Tercios con un rango de zoom no tan micro, el Leica DG Vario-Elmar 100-400mm f\/4-6.3 ASPH. El objetivo POWER OIS de Panasonic ofrece un rango de distancia focal equivalente verdaderamente amplio de 200-800 mm, pero conserva una estatura relativamente compacta para adaptarse al sistema Micro Four Thirds. Caracterizada por la marca Leica, esta sofisticada \u00f3ptica emplea elementos asf\u00e9ricos y de dispersi\u00f3n extra baja para reducir significativamente las aberraciones crom\u00e1ticas y esf\u00e9ricas en todo el rango del zoom, proporcionando un alto grado de claridad y nitidez de la imagen. Tambi\u00e9n beneficia la nitidez de la imagen, un sistema POWER OIS, que es compatible con la funci\u00f3n Dual IS de la c\u00e1mara Lumix G, ayuda a minimizar la apariencia de movimiento de la c\u00e1mara para obtener tomas m\u00e1s n\u00edtidas sin tr\u00edpode a distancias focales m\u00e1s largas.   <\/p>\n<p style=\"text-align: justify\"><iframe loading=\"lazy\" src=\"https:\/\/www.youtube.com\/embed\/VfZStOeuyTo?si=dTbjGs6deajXc_ME\" width=\"560\" height=\"314\" allowfullscreen=\"allowfullscreen\"><\/iframe><\/p>\n<p style=\"text-align: justify\">Beneficiando tanto a la captura de im\u00e1genes fijas como a la grabaci\u00f3n de video, un motor AF de alta velocidad de 240 fps es silencioso y preciso, y se puede emplear una funci\u00f3n de limitador de enfoque para restringir el rango de enfoque para un rendimiento a\u00fan m\u00e1s r\u00e1pido. Adem\u00e1s, el dise\u00f1o f\u00edsico de la lente utiliza una construcci\u00f3n sin espacios que la hace resistente al polvo y la humedad para su uso en condiciones adversas. Y aunque su factor de forma liviano y compacto es adecuado para la fotograf\u00eda sin tr\u00edpode, el 100-400 mm f\/4-6.3 tambi\u00e9n cuenta con un collar de tr\u00edpode giratorio extra\u00edble para cambiar r\u00e1pidamente entre las orientaciones de disparo horizontal y vertical cuando se trabaja en la parte superior de un monopi\u00e9 o tr\u00edpode.  <\/p>\n<p style=\"text-align: justify\"><img loading=\"lazy\" decoding=\"async\" src=\"https:\/\/static.bhphoto.com\/images\/multiple_images\/images500x500\/1452002160_IMG_570157.jpg\" width=\"320\" height=\"320\" alt=\"\"><\/p>\n<ul>\n<li style=\"text-align: justify\">Zoom teleobjetivo dise\u00f1ado para c\u00e1maras de sistema Micro Cuatro Tercios, este objetivo ofrece una distancia focal equivalente a 200-800 mm.<\/li>\n<li style=\"text-align: justify\">Dise\u00f1ado en colaboraci\u00f3n con Leica, el dise\u00f1o \u00f3ptico de 20 elementos y 13 grupos incorpora un elemento asf\u00e9rico de dispersi\u00f3n ultrabaja, un elemento de dispersi\u00f3n ultrabaja y dos elementos de dispersi\u00f3n ultrabaja. La combinaci\u00f3n de elementos asf\u00e9ricos y de baja dispersi\u00f3n ayuda a reducir las aberraciones esf\u00e9ricas y la dispersi\u00f3n del color en todo el rango del zoom para mejorar la nitidez, la claridad y la precisi\u00f3n del color. <\/li>\n<li style=\"text-align: justify\">El mecanismo POWER OIS ayuda a controlar el movimiento de la c\u00e1mara para obtener tomas m\u00e1s claras sin tr\u00edpode. Este sistema tambi\u00e9n es compatible con la funci\u00f3n Dual IS en determinadas c\u00e1maras Lumix G, que minimiza de manera m\u00e1s efectiva la apariencia de movimiento de la c\u00e1mara mediante el uso de m\u00e9todos de estabilizaci\u00f3n de desplazamiento de sensor y desplazamiento de lente. <\/li>\n<li style=\"text-align: justify\">Un motor AF de 240 fps ofrece un rendimiento de enfoque r\u00e1pido, preciso y casi silencioso para beneficiar las aplicaciones de fotograf\u00eda y grabaci\u00f3n de video.<\/li>\n<li style=\"text-align: justify\">El limitador de enfoque le permite restringir el rango de enfoque de la lente desde su distancia m\u00ednima de enfoque hasta el infinito o desde 16.4 pies hasta el infinito.<\/li>\n<li style=\"text-align: justify\">La distancia m\u00ednima de enfoque es de 4.3 pies, que se combina con un aumento m\u00e1ximo equivalente de 0.5x para admitir el trabajo con sujetos en primer plano.<\/li>\n<li style=\"text-align: justify\">Un diafragma redondeado de nueve hojas contribuye a una agradable calidad de bokeh cuando se trabaja con t\u00e9cnicas de enfoque selectivo y poca profundidad de campo.<\/li>\n<li style=\"text-align: justify\">La construcci\u00f3n sin espacios hace que la lente sea resistente al polvo y la humedad para resistir la fotograf\u00eda en entornos exteriores hostiles.<\/li>\n<li style=\"text-align: justify\">Un collar de tr\u00edpode giratorio de dos partes de cambio r\u00e1pido le permite cambiar r\u00e1pidamente entre las orientaciones de disparo horizontal y vertical y mantiene los controles de la lente en el mismo lugar una vez girados para un manejo m\u00e1s intuitivo.<\/li>\n<li style=\"text-align: justify\">Un parasol oculto incorporado puede retraerse alrededor de la lente cuando no est\u00e1 en uso o desplegarse para proteger contra la luz par\u00e1sita que causa destellos y fantasmas no deseados en la lente.<\/li>\n<li style=\"text-align: justify\">Un bloqueo del anillo del zoom evita que se produzcan desplazamientos no deseados del objetivo durante el transporte del objetivo.<\/li>\n<li style=\"text-align: justify\">Hay palancas dedicadas disponibles para seleccionar la posici\u00f3n del limitador de enfoque, los m\u00e9todos de enfoque AF o MF, o para desactivar POWER OIS basado en lentes.<\/li>\n<\/ul>\n<p><strong>Compatibilidad:<\/strong><\/p>\n<ul>\n<li>Panasonic Lumix DC-G9<\/li>\n<li>Panasonic Lumix DC-G95<\/li>\n<li>Panasonic Lumix DC-GH5<\/li>\n<li>Panasonic Lumix DC-GX850<\/li>\n<li>Panasonic Lumix DMC-G6<\/li>\n<li>Panasonic Lumix DMC-G7<\/li>\n<li>Panasonic Lumix DMC-G85<\/li>\n<li>Panasonic Lumix DMC-GH3<\/li>\n<li>Panasonic Lumix DMC-GH4<\/li>\n<li>Panasonic Lumix DMC-GX8<\/li>\n<li>Panasonic Lumix DMC-GX85<\/li>\n<li>Panasonic Lumix G100<\/li>\n<li>Panasonic Lumix G7<\/li>\n<li>Panasonic Lumix G85<\/li>\n<li>Panasonic Lumix G9<\/li>\n<li>Panasonic Lumix G9 II<\/li>\n<li>Panasonic Lumix G95<\/li>\n<li>Panasonic Lumix GH5<\/li>\n<li>Panasonic Lumix GH5 II<\/li>\n<li>Panasonic Lumix GH5S<\/li>\n<li>Panasonic Lumix GH6<\/li>\n<li>Panasonic Lumix GX85<\/li>\n<li>Panasonic Lumix GX9<\/li>\n<\/ul>\n<div class=\"expandableValue_KqJ3Q3GPKv\">\n<div class=\"title_PCPNqBQRJv\" style=\"padding: 2.8125rem 0px;background-color: #ffffff\">\n<h2 class=\"text_TAw0W35QK_ comfy_TAw0W35QK_ sizeTitle1_TAw0W35QK_ weightNormal_TAw0W35QK_ primary_i3MsQsqoe0\" style=\"font-family: OpenSans, 'Segoe UI', Helvetica, Roboto, Arial, sans-serif;font-size: 2rem;text-transform: capitalize;margin: 0px;font-weight: 400;line-height: 2.5rem\" data-selenium=\"specsItemTitle\"><strong>Caracter\u00edsticas t\u00e9cnicas:<\/strong><\/h2>\n<\/div>\n<div class=\"group_fDXOr6EpR9\" style=\"margin-bottom: 2.1875rem;font-family: OpenSans, 'Segoe UI', Helvetica, Roboto, Arial, sans-serif;font-size: 16px;background-color: #ffffff\">\n<table class=\"table_fDXOr6EpR9\" style=\"width: 936.656px\" data-selenium=\"specsItemGroupTable\">\n<tbody>\n<tr class=\"pair_KqJ3Q3GPKv\" style=\"border-bottom: 0.0625rem solid #e5e5e5\" data-selenium=\"specsItemGroupTableRow\">\n<td class=\"label_KqJ3Q3GPKv firstSpecWhenNoGroupName_KqJ3Q3GPKv\" style=\"border-top: none;padding: 0px 0px 1.25rem;width: 355.922px;color: #666666;font-size: 1.125rem;line-height: 1.375rem;vertical-align: baseline\" data-selenium=\"specsItemGroupTableColumnLabel\"><span style=\"vertical-align: inherit\">Distancia focal<\/span><\/td>\n<td class=\"value_KqJ3Q3GPKv firstSpecWhenNoGroupName_KqJ3Q3GPKv\" style=\"color: #666666;font-size: 1.125rem;line-height: 1.375rem;vertical-align: baseline;padding: 0px 0px 1.25rem 2.5rem\" data-selenium=\"specsItemGroupTableColumnValue\">\n<div class=\"expandableValue_KqJ3Q3GPKv\">De 100 a 400 mm (equivalente a 35 mm: de 200 a 800 mm)<\/div>\n<\/td>\n<\/tr>\n<tr class=\"pair_KqJ3Q3GPKv\" style=\"border-bottom: 0.0625rem solid #e5e5e5\" data-selenium=\"specsItemGroupTableRow\">\n<td class=\"label_KqJ3Q3GPKv\" style=\"border-top: none;padding: 1.25rem 0px;width: 355.922px;color: #666666;font-size: 1.125rem;line-height: 1.375rem;vertical-align: baseline\" data-selenium=\"specsItemGroupTableColumnLabel\"><span style=\"vertical-align: inherit\">Apertura m\u00e1xima<\/span><\/td>\n<td class=\"value_KqJ3Q3GPKv\" style=\"color: #666666;font-size: 1.125rem;line-height: 1.375rem;vertical-align: baseline;padding: 1.25rem 0px 1.25rem 2.5rem\" data-selenium=\"specsItemGroupTableColumnValue\">\n<div class=\"expandableValue_KqJ3Q3GPKv\">f\/4 a 6.3<\/div>\n<\/td>\n<\/tr>\n<tr class=\"pair_KqJ3Q3GPKv\" style=\"border-bottom: 0.0625rem solid #e5e5e5\" data-selenium=\"specsItemGroupTableRow\">\n<td class=\"label_KqJ3Q3GPKv\" style=\"border-top: none;padding: 1.25rem 0px;width: 355.922px;color: #666666;font-size: 1.125rem;line-height: 1.375rem;vertical-align: baseline\" data-selenium=\"specsItemGroupTableColumnLabel\"><span style=\"vertical-align: inherit\">Apertura m\u00ednima<\/span><\/td>\n<td class=\"value_KqJ3Q3GPKv\" style=\"color: #666666;font-size: 1.125rem;line-height: 1.375rem;vertical-align: baseline;padding: 1.25rem 0px 1.25rem 2.5rem\" data-selenium=\"specsItemGroupTableColumnValue\">\n<div class=\"expandableValue_KqJ3Q3GPKv\">f\/22<\/div>\n<\/td>\n<\/tr>\n<tr class=\"pair_KqJ3Q3GPKv\" style=\"border-bottom: 0.0625rem solid #e5e5e5\" data-selenium=\"specsItemGroupTableRow\">\n<td class=\"label_KqJ3Q3GPKv\" style=\"border-top: none;padding: 1.25rem 0px;width: 355.922px;color: #666666;font-size: 1.125rem;line-height: 1.375rem;vertical-align: baseline\" data-selenium=\"specsItemGroupTableColumnLabel\"><span style=\"vertical-align: inherit\">Montura de lente<\/span><\/td>\n<td class=\"value_KqJ3Q3GPKv\" style=\"color: #666666;font-size: 1.125rem;line-height: 1.375rem;vertical-align: baseline;padding: 1.25rem 0px 1.25rem 2.5rem\" data-selenium=\"specsItemGroupTableColumnValue\">\n<div class=\"expandableValue_KqJ3Q3GPKv\">Micro Cuatro Tercios<\/div>\n<\/td>\n<\/tr>\n<tr class=\"pair_KqJ3Q3GPKv\" style=\"border-bottom: 0.0625rem solid #e5e5e5\" data-selenium=\"specsItemGroupTableRow\">\n<td class=\"label_KqJ3Q3GPKv\" style=\"border-top: none;padding: 1.25rem 0px;width: 355.922px;color: #666666;font-size: 1.125rem;line-height: 1.375rem;vertical-align: baseline\" data-selenium=\"specsItemGroupTableColumnLabel\"><span style=\"vertical-align: inherit\">Cobertura de la forma de la lente<\/span><\/td>\n<td class=\"value_KqJ3Q3GPKv\" style=\"color: #666666;font-size: 1.125rem;line-height: 1.375rem;vertical-align: baseline;padding: 1.25rem 0px 1.25rem 2.5rem\" data-selenium=\"specsItemGroupTableColumnValue\">\n<div class=\"expandableValue_KqJ3Q3GPKv\">Micro Cuatro Tercios<\/div>\n<\/td>\n<\/tr>\n<tr class=\"pair_KqJ3Q3GPKv\" style=\"border-bottom: 0.0625rem solid #e5e5e5\" data-selenium=\"specsItemGroupTableRow\">\n<td class=\"label_KqJ3Q3GPKv\" style=\"border-top: none;padding: 1.25rem 0px;width: 355.922px;color: #666666;font-size: 1.125rem;line-height: 1.375rem;vertical-align: baseline\" data-selenium=\"specsItemGroupTableColumnLabel\"><span style=\"vertical-align: inherit\">\u00c1ngulo<\/span><\/td>\n<td class=\"value_KqJ3Q3GPKv\" style=\"color: #666666;font-size: 1.125rem;line-height: 1.375rem;vertical-align: baseline;padding: 1.25rem 0px 1.25rem 2.5rem\" data-selenium=\"specsItemGroupTableColumnValue\">\n<div class=\"expandableValue_KqJ3Q3GPKv\">De 12\u00b0 a 3,1\u00b0<\/div>\n<\/td>\n<\/tr>\n<tr class=\"pair_KqJ3Q3GPKv\" style=\"border-bottom: 0.0625rem solid #e5e5e5\" data-selenium=\"specsItemGroupTableRow\">\n<td class=\"label_KqJ3Q3GPKv\" style=\"border-top: none;padding: 1.25rem 0px;width: 355.922px;color: #666666;font-size: 1.125rem;line-height: 1.375rem;vertical-align: baseline\" data-selenium=\"specsItemGroupTableColumnLabel\"><span style=\"vertical-align: inherit\">Distancia m\u00ednima de enfoque<\/span><\/td>\n<td class=\"value_KqJ3Q3GPKv\" style=\"color: #666666;font-size: 1.125rem;line-height: 1.375rem;vertical-align: baseline;padding: 1.25rem 0px 1.25rem 2.5rem\" data-selenium=\"specsItemGroupTableColumnValue\">\n<div class=\"expandableValue_KqJ3Q3GPKv\">4,27&#8217;\/1,3 m<\/div>\n<\/td>\n<\/tr>\n<tr class=\"pair_KqJ3Q3GPKv\" style=\"border-bottom: 0.0625rem solid #e5e5e5\" data-selenium=\"specsItemGroupTableRow\">\n<td class=\"label_KqJ3Q3GPKv\" style=\"border-top: none;padding: 1.25rem 0px;width: 355.922px;color: #666666;font-size: 1.125rem;line-height: 1.375rem;vertical-align: baseline\" data-selenium=\"specsItemGroupTableColumnLabel\"><span style=\"vertical-align: inherit\">Aumento m\u00e1ximo<\/span><\/td>\n<td class=\"value_KqJ3Q3GPKv\" style=\"color: #666666;font-size: 1.125rem;line-height: 1.375rem;vertical-align: baseline;padding: 1.25rem 0px 1.25rem 2.5rem\" data-selenium=\"specsItemGroupTableColumnValue\">\n<div class=\"expandableValue_KqJ3Q3GPKv\">0,25 veces<\/div>\n<\/td>\n<\/tr>\n<tr class=\"pair_KqJ3Q3GPKv\" style=\"border-bottom: 0.0625rem solid #e5e5e5\" data-selenium=\"specsItemGroupTableRow\">\n<td class=\"label_KqJ3Q3GPKv\" style=\"border-top: none;padding: 1.25rem 0px;width: 355.922px;color: #666666;font-size: 1.125rem;line-height: 1.375rem;vertical-align: baseline\" data-selenium=\"specsItemGroupTableColumnLabel\"><span style=\"vertical-align: inherit\">Dise\u00f1o \u00f3ptico<\/span><\/td>\n<td class=\"value_KqJ3Q3GPKv\" style=\"color: #666666;font-size: 1.125rem;line-height: 1.375rem;vertical-align: baseline;padding: 1.25rem 0px 1.25rem 2.5rem\" data-selenium=\"specsItemGroupTableColumnValue\">\n<div class=\"expandableValue_KqJ3Q3GPKv\">20 elementos en 13 grupos<\/div>\n<\/td>\n<\/tr>\n<tr class=\"pair_KqJ3Q3GPKv\" style=\"border-bottom: 0.0625rem solid #e5e5e5\" data-selenium=\"specsItemGroupTableRow\">\n<td class=\"label_KqJ3Q3GPKv\" style=\"border-top: none;padding: 1.25rem 0px;width: 355.922px;color: #666666;font-size: 1.125rem;line-height: 1.375rem;vertical-align: baseline\" data-selenium=\"specsItemGroupTableColumnLabel\"><span style=\"vertical-align: inherit\">Hojas de diafragma<\/span><\/td>\n<td class=\"value_KqJ3Q3GPKv\" style=\"color: #666666;font-size: 1.125rem;line-height: 1.375rem;vertical-align: baseline;padding: 1.25rem 0px 1.25rem 2.5rem\" data-selenium=\"specsItemGroupTableColumnValue\">\n<div class=\"expandableValue_KqJ3Q3GPKv\">9, redondeado<\/div>\n<\/td>\n<\/tr>\n<tr class=\"pair_KqJ3Q3GPKv\" style=\"border-bottom: 0.0625rem solid #e5e5e5\" data-selenium=\"specsItemGroupTableRow\">\n<td class=\"label_KqJ3Q3GPKv\" style=\"border-top: none;padding: 1.25rem 0px;width: 355.922px;color: #666666;font-size: 1.125rem;line-height: 1.375rem;vertical-align: baseline\" data-selenium=\"specsItemGroupTableColumnLabel\"><span style=\"vertical-align: inherit\">Tipo de enfoque<\/span><\/td>\n<td class=\"value_KqJ3Q3GPKv\" style=\"color: #666666;font-size: 1.125rem;line-height: 1.375rem;vertical-align: baseline;padding: 1.25rem 0px 1.25rem 2.5rem\" data-selenium=\"specsItemGroupTableColumnValue\">\n<div class=\"expandableValue_KqJ3Q3GPKv\">Autom\u00e1tico<\/div>\n<\/td>\n<\/tr>\n<tr class=\"pair_KqJ3Q3GPKv\" style=\"border-bottom: 0.0625rem solid #e5e5e5\" data-selenium=\"specsItemGroupTableRow\">\n<td class=\"label_KqJ3Q3GPKv\" style=\"border-top: none;padding: 1.25rem 0px;width: 355.922px;color: #666666;font-size: 1.125rem;line-height: 1.375rem;vertical-align: baseline\" data-selenium=\"specsItemGroupTableColumnLabel\"><span style=\"vertical-align: inherit\">Estabilizaci\u00f3n de imagen<\/span><\/td>\n<td class=\"value_KqJ3Q3GPKv\" style=\"color: #666666;font-size: 1.125rem;line-height: 1.375rem;vertical-align: baseline;padding: 1.25rem 0px 1.25rem 2.5rem\" data-selenium=\"specsItemGroupTableColumnValue\">\n<div class=\"expandableValue_KqJ3Q3GPKv\">S\u00ed<\/div>\n<\/td>\n<\/tr>\n<tr class=\"pair_KqJ3Q3GPKv\" style=\"border-bottom: 0.0625rem solid #e5e5e5\" data-selenium=\"specsItemGroupTableRow\">\n<td class=\"label_KqJ3Q3GPKv\" style=\"border-top: none;padding: 1.25rem 0px;width: 355.922px;color: #666666;font-size: 1.125rem;line-height: 1.375rem;vertical-align: baseline\" data-selenium=\"specsItemGroupTableColumnLabel\"><span style=\"vertical-align: inherit\">Collar de tr\u00edpode<\/span><\/td>\n<td class=\"value_KqJ3Q3GPKv\" style=\"color: #666666;font-size: 1.125rem;line-height: 1.375rem;vertical-align: baseline;padding: 1.25rem 0px 1.25rem 2.5rem\" data-selenium=\"specsItemGroupTableColumnValue\">\n<div class=\"expandableValue_KqJ3Q3GPKv\">Desmontable y giratorio<\/div>\n<\/td>\n<\/tr>\n<tr class=\"pair_KqJ3Q3GPKv\" style=\"border-bottom: 0.0625rem solid #e5e5e5\" data-selenium=\"specsItemGroupTableRow\">\n<td class=\"label_KqJ3Q3GPKv\" style=\"border-top: none;padding: 1.25rem 0px;width: 355.922px;color: #666666;font-size: 1.125rem;line-height: 1.375rem;vertical-align: baseline\" data-selenium=\"specsItemGroupTableColumnLabel\"><span style=\"vertical-align: inherit\">Tama\u00f1o del filtro<\/span><\/td>\n<td class=\"value_KqJ3Q3GPKv\" style=\"color: #666666;font-size: 1.125rem;line-height: 1.375rem;vertical-align: baseline;padding: 1.25rem 0px 1.25rem 2.5rem\" data-selenium=\"specsItemGroupTableColumnValue\">\n<div class=\"expandableValue_KqJ3Q3GPKv\">72 mm (frontal)<\/div>\n<\/td>\n<\/tr>\n<tr class=\"pair_KqJ3Q3GPKv\" style=\"border-bottom: 0.0625rem solid #e5e5e5\" data-selenium=\"specsItemGroupTableRow\">\n<td class=\"label_KqJ3Q3GPKv\" style=\"border-top: none;padding: 1.25rem 0px;width: 355.922px;color: #666666;font-size: 1.125rem;line-height: 1.375rem;vertical-align: baseline\" data-selenium=\"specsItemGroupTableColumnLabel\"><span style=\"vertical-align: inherit\">Dimensiones (\u00f8 x L)<\/span><\/td>\n<td class=\"value_KqJ3Q3GPKv\" style=\"color: #666666;font-size: 1.125rem;line-height: 1.375rem;vertical-align: baseline;padding: 1.25rem 0px 1.25rem 2.5rem\" data-selenium=\"specsItemGroupTableColumnValue\">\n<div class=\"expandableValue_KqJ3Q3GPKv\">83 x 171,5 mil\u00edmetros<\/div>\n<\/td>\n<\/tr>\n<tr class=\"pair_KqJ3Q3GPKv\" style=\"border-bottom: 0.0625rem solid #e5e5e5\" data-selenium=\"specsItemGroupTableRow\">\n<td class=\"label_KqJ3Q3GPKv\" style=\"border-top: none;padding: 1.25rem 0px;width: 355.922px;color: #666666;font-size: 1.125rem;line-height: 1.375rem;vertical-align: baseline\" data-selenium=\"specsItemGroupTableColumnLabel\"><span style=\"vertical-align: inherit\">Longitud en extensi\u00f3n m\u00e1xima<\/span><\/td>\n<td class=\"value_KqJ3Q3GPKv\" style=\"color: #666666;font-size: 1.125rem;line-height: 1.375rem;vertical-align: baseline;padding: 1.25rem 0px 1.25rem 2.5rem\" data-selenium=\"specsItemGroupTableColumnValue\">\n<div class=\"expandableValue_KqJ3Q3GPKv\">263 mil\u00edmetros<\/div>\n<\/td>\n<\/tr>\n<tr class=\"pair_KqJ3Q3GPKv\" style=\"border-bottom: 0.0625rem solid #e5e5e5\" data-selenium=\"specsItemGroupTableRow\">\n<td class=\"label_KqJ3Q3GPKv\" style=\"border-top: none;padding: 1.25rem 0px;width: 355.922px;color: #666666;font-size: 1.125rem;line-height: 1.375rem;vertical-align: baseline\" data-selenium=\"specsItemGroupTableColumnLabel\"><span style=\"vertical-align: inherit\">Peso<\/span><\/td>\n<td class=\"value_KqJ3Q3GPKv\" style=\"color: #666666;font-size: 1.125rem;line-height: 1.375rem;vertical-align: baseline;padding: 1.25rem 0px 1.25rem 2.5rem\" data-selenium=\"specsItemGroupTableColumnValue\">\n<div class=\"expandableValue_KqJ3Q3GPKv\">985 gramos<\/div>\n<\/td>\n<\/tr>\n<\/tbody>\n<\/table>\n<\/div>\n<div class=\"group_fDXOr6EpR9\" style=\"margin-bottom: 2.1875rem;font-family: OpenSans, 'Segoe UI', Helvetica, Roboto, Arial, sans-serif;font-size: 16px;background-color: #ffffff\">\n<div class=\"name_fDXOr6EpR9\" style=\"border-bottom: 0.125rem solid #cccccc;color: #3f9a59;font-size: 2rem;line-height: 2rem;padding: 1rem 0px 0.875rem\" data-selenium=\"specsItemGroupName\">\n<div class=\"name_fDXOr6EpR9\" style=\"border-bottom: 0.125rem solid #cccccc;color: #3f9a59;font-size: 2rem;line-height: 2rem;padding: 1rem 0px 0.875rem\" data-selenium=\"specsItemGroupName\">\n<div class=\"name_fDXOr6EpR9\" style=\"border-bottom: 0.125rem solid #cccccc;color: #3f9a59;font-size: 2rem;line-height: 2rem;padding: 1rem 0px 0.875rem\" data-selenium=\"specsItemGroupName\"><strong><span style=\"color: #e03e2d\">*Compatibilidad:<\/span><\/strong><\/div>\n<\/div>\n<\/div>\n<\/div>\n<\/div>\n","protected":false},"excerpt":{"rendered":"<p>PANASONIC&nbsp;Leica DG Vario-Elmar 100-400mm f\/4-6.3 ASPH. POWER O.I.S. Funciones: Sistema Micro Cuatro Tercios 200-800 mm (equivalente a 35 mm) Rango<\/p>\n","protected":false},"featured_media":51568,"comment_status":"closed","ping_status":"open","template":"","meta":{"_acf_changed":false},"product_brand":[2536],"product_cat":[1062],"product_tag":[],"class_list":{"0":"post-73479","1":"product","2":"type-product","3":"status-publish","4":"has-post-thumbnail","6":"product_brand-panasonic-es","7":"product_cat-mirrorless-objectivos","8":"pa_abertura-maxima-f-4-6-3-es","10":"first","11":"onbackorder","12":"taxable","13":"shipping-taxable","14":"purchasable","15":"product-type-simple"},"bundled_by":[],"bundle_stock_status":"onbackorder","bundle_stock_quantity":null,"bundle_virtual":false,"bundle_layout":"","bundle_add_to_cart_form_location":"","bundle_editable_in_cart":false,"bundle_sold_individually_context":"","bundle_item_grouping":"","bundle_min_size":"","bundle_max_size":"","bundle_price":[],"bundled_items":[],"bundle_sell_ids":[],"acf":[],"_links":{"self":[{"href":"https:\/\/hi-techwonder.com\/es\/wp-json\/wp\/v2\/product\/73479","targetHints":{"allow":["GET"]}}],"collection":[{"href":"https:\/\/hi-techwonder.com\/es\/wp-json\/wp\/v2\/product"}],"about":[{"href":"https:\/\/hi-techwonder.com\/es\/wp-json\/wp\/v2\/types\/product"}],"replies":[{"embeddable":true,"href":"https:\/\/hi-techwonder.com\/es\/wp-json\/wp\/v2\/comments?post=73479"}],"wp:featuredmedia":[{"embeddable":true,"href":"https:\/\/hi-techwonder.com\/es\/wp-json\/wp\/v2\/media\/51568"}],"wp:attachment":[{"href":"https:\/\/hi-techwonder.com\/es\/wp-json\/wp\/v2\/media?parent=73479"}],"wp:term":[{"taxonomy":"product_brand","embeddable":true,"href":"https:\/\/hi-techwonder.com\/es\/wp-json\/wp\/v2\/product_brand?post=73479"},{"taxonomy":"product_cat","embeddable":true,"href":"https:\/\/hi-techwonder.com\/es\/wp-json\/wp\/v2\/product_cat?post=73479"},{"taxonomy":"product_tag","embeddable":true,"href":"https:\/\/hi-techwonder.com\/es\/wp-json\/wp\/v2\/product_tag?post=73479"}],"curies":[{"name":"wp","href":"https:\/\/api.w.org\/{rel}","templated":true}]}}