{"id":73485,"date":"2025-07-28T23:32:41","date_gmt":"2025-07-28T23:32:41","guid":{"rendered":"https:\/\/fv6qoy3ls0.wpdns.site\/product\/cargador-patona-para-baterias-sony-np-fw50\/"},"modified":"2026-01-31T03:50:20","modified_gmt":"2026-01-31T03:50:20","slug":"patona-cargador-patona-para-baterias-sony-np-fw50","status":"publish","type":"product","link":"https:\/\/hi-techwonder.com\/es\/producto\/patona-cargador-patona-para-baterias-sony-np-fw50\/","title":{"rendered":"PATONA Cargador para bater\u00edas Sony NP-FW50"},"content":{"rendered":"<p><strong>Cargador para bater\u00edas Sony NP-FW50<\/strong><\/p>\n<p>  Este producto le permite cargar su bater\u00eda de forma r\u00e1pida y segura, con un indicador de carga.<br \/>  Incluye cargador de encendedor de cigarrillos.<br \/>  Este cargador es adecuado tanto para el continente europeo como para el continente americano.<\/p>\n<p> <strong>Cargador para las bater\u00edas de las siguientes c\u00e1maras<\/strong>:<br \/>  Sony NEX-3A NEX3A<br \/>  Sony NEX-3D NEX3D<br \/>  Sony NEX-3K NEX3K<\/p>\n<p>  Sony NEX-5A NEX5A<br \/>  Sony NEX-5D NEX5D<br \/>  Sony NEX-5H NEX5H<br \/>  Sony NEX-5K NEX5K<\/p>\n<p>  Sony SLT-A33 SLTA33<br \/>  Sony SLT-A33L SLTA33L<br \/>  Sony SLT-A33Y SLTA33Y<\/p>\n<p>  Sony SLT-A55 SLTA55<br \/>  Sony SLT-A55V SLTA55V<br \/>  Sony SLT-A55VL SLTA55VL<br \/>  Sony SLT-A55VY SLTA55VY<\/p>\n<p>  Sony Alpha A7<br \/>  Sony Alpha A7R<br \/>  SonyRX10<\/p>\n<p> <strong>Contenido del paquete:<\/strong><br \/> 1x Cargador<br \/>  1x cable de alimentaci\u00f3n de 230 V<br \/>  1x cable de encendedor de cigarrillos de 12 V<\/p>\n","protected":false},"excerpt":{"rendered":"<p>Cargador para bater\u00edas Sony NP-FW50 Este producto le permite cargar su bater\u00eda de forma r\u00e1pida y segura, con un indicador<\/p>\n","protected":false},"featured_media":23580,"comment_status":"closed","ping_status":"open","template":"","meta":{"_acf_changed":false},"product_brand":[2564],"product_cat":[874],"product_tag":[],"class_list":{"0":"post-73485","1":"product","2":"type-product","3":"status-publish","4":"has-post-thumbnail","6":"product_brand-patona-es","7":"product_cat-sony-cargadores","9":"first","10":"instock","11":"taxable","12":"shipping-taxable","13":"purchasable","14":"product-type-simple"},"bundled_by":[],"bundle_stock_status":"instock","bundle_stock_quantity":2,"bundle_virtual":false,"bundle_layout":"","bundle_add_to_cart_form_location":"","bundle_editable_in_cart":false,"bundle_sold_individually_context":"","bundle_item_grouping":"","bundle_min_size":"","bundle_max_size":"","bundle_price":[],"bundled_items":[],"bundle_sell_ids":[],"acf":[],"_links":{"self":[{"href":"https:\/\/hi-techwonder.com\/es\/wp-json\/wp\/v2\/product\/73485","targetHints":{"allow":["GET"]}}],"collection":[{"href":"https:\/\/hi-techwonder.com\/es\/wp-json\/wp\/v2\/product"}],"about":[{"href":"https:\/\/hi-techwonder.com\/es\/wp-json\/wp\/v2\/types\/product"}],"replies":[{"embeddable":true,"href":"https:\/\/hi-techwonder.com\/es\/wp-json\/wp\/v2\/comments?post=73485"}],"wp:featuredmedia":[{"embeddable":true,"href":"https:\/\/hi-techwonder.com\/es\/wp-json\/wp\/v2\/media\/23580"}],"wp:attachment":[{"href":"https:\/\/hi-techwonder.com\/es\/wp-json\/wp\/v2\/media?parent=73485"}],"wp:term":[{"taxonomy":"product_brand","embeddable":true,"href":"https:\/\/hi-techwonder.com\/es\/wp-json\/wp\/v2\/product_brand?post=73485"},{"taxonomy":"product_cat","embeddable":true,"href":"https:\/\/hi-techwonder.com\/es\/wp-json\/wp\/v2\/product_cat?post=73485"},{"taxonomy":"product_tag","embeddable":true,"href":"https:\/\/hi-techwonder.com\/es\/wp-json\/wp\/v2\/product_tag?post=73485"}],"curies":[{"name":"wp","href":"https:\/\/api.w.org\/{rel}","templated":true}]}}