{"id":73486,"date":"2025-07-28T23:31:40","date_gmt":"2025-07-28T23:31:40","guid":{"rendered":"https:\/\/fv6qoy3ls0.wpdns.site\/product\/cargador-patona-para-baterias-canon-nb-11l\/"},"modified":"2026-01-31T03:51:37","modified_gmt":"2026-01-31T03:51:37","slug":"patona-cargador-patona-para-baterias-canon-nb-11l","status":"publish","type":"product","link":"https:\/\/hi-techwonder.com\/es\/producto\/patona-cargador-patona-para-baterias-canon-nb-11l\/","title":{"rendered":"PATONA Cargador para bater\u00edas Canon NB-11L"},"content":{"rendered":"<p><b>Cargador PATONA para bater\u00edas Canon NB-11L<\/b><\/p>\n<p><\/p>\n<p>Este producto le permite cargar su bater\u00eda de forma r\u00e1pida y segura, con un indicador de carga.<\/p>\n<p>Incluye cargador de encendedor de cigarrillos.<\/p>\n<p><\/p>\n<p><b>Bater\u00edas compatibles:<\/b><\/p>\n<ul>\n<li>Canon NB-11L<\/li>\n<\/ul>\n<p><\/p>\n<p><b>Contenido del paquete:<\/b><\/p>\n<ul>\n<li>1 x Cargador Patona<\/li>\n<li>1 x Cable de encendedor de cigarrillos de 12 V<\/li>\n<li>1 x Cable de alimentaci\u00f3n<\/li>\n<\/ul>\n","protected":false},"excerpt":{"rendered":"<p>Cargador PATONA para bater\u00edas Canon NB-11L Este producto le permite cargar su bater\u00eda de forma r\u00e1pida y segura, con un<\/p>\n","protected":false},"featured_media":23342,"comment_status":"closed","ping_status":"closed","template":"","meta":{"_acf_changed":false},"product_brand":[2564],"product_cat":[867],"product_tag":[],"class_list":{"0":"post-73486","1":"product","2":"type-product","3":"status-publish","4":"has-post-thumbnail","6":"product_brand-patona-es","7":"product_cat-canon-cargadores","9":"first","10":"onbackorder","11":"taxable","12":"shipping-taxable","13":"purchasable","14":"product-type-simple"},"bundled_by":[],"bundle_stock_status":"onbackorder","bundle_stock_quantity":null,"bundle_virtual":false,"bundle_layout":"","bundle_add_to_cart_form_location":"","bundle_editable_in_cart":false,"bundle_sold_individually_context":"","bundle_item_grouping":"","bundle_min_size":"","bundle_max_size":"","bundle_price":[],"bundled_items":[],"bundle_sell_ids":[],"acf":[],"_links":{"self":[{"href":"https:\/\/hi-techwonder.com\/es\/wp-json\/wp\/v2\/product\/73486","targetHints":{"allow":["GET"]}}],"collection":[{"href":"https:\/\/hi-techwonder.com\/es\/wp-json\/wp\/v2\/product"}],"about":[{"href":"https:\/\/hi-techwonder.com\/es\/wp-json\/wp\/v2\/types\/product"}],"replies":[{"embeddable":true,"href":"https:\/\/hi-techwonder.com\/es\/wp-json\/wp\/v2\/comments?post=73486"}],"wp:featuredmedia":[{"embeddable":true,"href":"https:\/\/hi-techwonder.com\/es\/wp-json\/wp\/v2\/media\/23342"}],"wp:attachment":[{"href":"https:\/\/hi-techwonder.com\/es\/wp-json\/wp\/v2\/media?parent=73486"}],"wp:term":[{"taxonomy":"product_brand","embeddable":true,"href":"https:\/\/hi-techwonder.com\/es\/wp-json\/wp\/v2\/product_brand?post=73486"},{"taxonomy":"product_cat","embeddable":true,"href":"https:\/\/hi-techwonder.com\/es\/wp-json\/wp\/v2\/product_cat?post=73486"},{"taxonomy":"product_tag","embeddable":true,"href":"https:\/\/hi-techwonder.com\/es\/wp-json\/wp\/v2\/product_tag?post=73486"}],"curies":[{"name":"wp","href":"https:\/\/api.w.org\/{rel}","templated":true}]}}