{"id":73490,"date":"2025-07-28T23:33:30","date_gmt":"2025-07-28T23:33:30","guid":{"rendered":"https:\/\/fv6qoy3ls0.wpdns.site\/product\/patona-cargador-de-bateria-para-fujifilm-fnp-40\/"},"modified":"2025-11-27T15:05:18","modified_gmt":"2025-11-27T15:05:18","slug":"patona-cargador-de-bateria-para-fujifilm-fnp-40","status":"publish","type":"product","link":"https:\/\/hi-techwonder.com\/es\/producto\/patona-cargador-de-bateria-para-fujifilm-fnp-40\/","title":{"rendered":"PATONA Cargador de bater\u00eda para Fujifilm FNP-40"},"content":{"rendered":"<p><strong>PATONA Cargador de bater\u00eda para Fujifilm FNP-40<\/strong><\/p>\n<ul>\n<li>El cargador tiene un LED indicador de estado de carga.<\/li>\n<li>Incluye adaptador de coche<\/li>\n<li>Cargador Fujifilm de PATONA<\/li>\n<li>Alto nivel de seguridad gracias a la protecci\u00f3n integrada contra el calor y la sobrecarga<\/li>\n<\/ul>\n<p>El cargador es <strong>adecuado para los siguientes modelos de c\u00e1mara:<\/strong><\/p>\n<p><strong>Fujifilm<\/strong><\/p>\n<p>Finepix F30, F-30, F31, F-31, F31fd, F-31fd, F402, F402, F-402, F610, F-610, F700, F700, F-700, F-700, F810, X100, X100s, XS1, X-S1, Z1<\/p>\n<p><strong>PENTAX  <\/strong><\/p>\n<p>Optio S, Optio S4, Optio S4i, Optio S5n, Optio WP<\/p>\n<p>3D real, W1<\/p>\n<p><strong>Kodak<\/strong><\/p>\n<p>Easyshare DX6490, DX7590, DX7630, Z730<\/p>\n<p><strong>Panasonic<\/strong><\/p>\n<p>Lumix DMCFX2EG, DMC-FX2EG, DMCFX7EG, DMC-FX7EG<\/p>\n<p><strong>Praktica<\/strong><\/p>\n<p>Luxmedia 6105, 8303, LB5030, LB-5030<\/p>\n<p><strong>Samsung<\/strong><\/p>\n<p>Digimax i5, i50, i6, L50, L60, L70, L80, NV3, NV7 OPS<\/p>\n<p><strong>Designaci\u00f3n de bater\u00edas originales compatibles:<\/strong><\/p>\n<p>Fujifilm DLI8, D-LI8, NP40, NP-40, NP95, NP-95<\/p>\n<p>Kodak Klic 5001<\/p>\n<p><strong>Otra informaci\u00f3n:<\/strong><\/p>\n<p>El cargador Fujifilm FNP-40 SLB-0837 KLIC-5000 est\u00e1 dise\u00f1ado con las \u00faltimas caracter\u00edsticas de seguridad manteniendo el peso lo m\u00e1s bajo posible.<\/p>\n<p>El m\u00e1s alto nivel de seguridad est\u00e1 garantizado por controles de calidad permanentes en las instalaciones de producci\u00f3n in situ por parte de los empleados de nuestro equipo PASTONA.<\/p>\n<p>Tanto las bater\u00edas originales como las r\u00e9plicas se pueden cargar con el cargador.<\/p>\n<p>El cargador es una r\u00e9plica de alta calidad de la marca PATONA, no es original.<\/p>\n","protected":false},"excerpt":{"rendered":"<p>PATONA Cargador de bater\u00eda para Fujifilm FNP-40 El cargador tiene un LED indicador de estado de carga. Incluye adaptador de<\/p>\n","protected":false},"featured_media":23879,"comment_status":"closed","ping_status":"closed","template":"","meta":{"_acf_changed":false},"product_brand":[2564],"product_cat":[869],"product_tag":[],"class_list":{"0":"post-73490","1":"product","2":"type-product","3":"status-publish","4":"has-post-thumbnail","6":"product_brand-patona-es","7":"product_cat-fujifilm-cargadores","9":"first","10":"instock","11":"taxable","12":"shipping-taxable","13":"purchasable","14":"product-type-simple"},"bundled_by":[],"bundle_stock_status":"instock","bundle_stock_quantity":2,"bundle_virtual":false,"bundle_layout":"","bundle_add_to_cart_form_location":"","bundle_editable_in_cart":false,"bundle_sold_individually_context":"","bundle_item_grouping":"","bundle_min_size":"","bundle_max_size":"","bundle_price":[],"bundled_items":[],"bundle_sell_ids":[],"acf":[],"_links":{"self":[{"href":"https:\/\/hi-techwonder.com\/es\/wp-json\/wp\/v2\/product\/73490","targetHints":{"allow":["GET"]}}],"collection":[{"href":"https:\/\/hi-techwonder.com\/es\/wp-json\/wp\/v2\/product"}],"about":[{"href":"https:\/\/hi-techwonder.com\/es\/wp-json\/wp\/v2\/types\/product"}],"replies":[{"embeddable":true,"href":"https:\/\/hi-techwonder.com\/es\/wp-json\/wp\/v2\/comments?post=73490"}],"wp:featuredmedia":[{"embeddable":true,"href":"https:\/\/hi-techwonder.com\/es\/wp-json\/wp\/v2\/media\/23879"}],"wp:attachment":[{"href":"https:\/\/hi-techwonder.com\/es\/wp-json\/wp\/v2\/media?parent=73490"}],"wp:term":[{"taxonomy":"product_brand","embeddable":true,"href":"https:\/\/hi-techwonder.com\/es\/wp-json\/wp\/v2\/product_brand?post=73490"},{"taxonomy":"product_cat","embeddable":true,"href":"https:\/\/hi-techwonder.com\/es\/wp-json\/wp\/v2\/product_cat?post=73490"},{"taxonomy":"product_tag","embeddable":true,"href":"https:\/\/hi-techwonder.com\/es\/wp-json\/wp\/v2\/product_tag?post=73490"}],"curies":[{"name":"wp","href":"https:\/\/api.w.org\/{rel}","templated":true}]}}