{"id":73491,"date":"2025-07-28T23:33:19","date_gmt":"2025-07-28T23:33:19","guid":{"rendered":"https:\/\/fv6qoy3ls0.wpdns.site\/product\/patona-cargador-de-bateria-para-olympus-bln-1\/"},"modified":"2025-11-27T15:05:18","modified_gmt":"2025-11-27T15:05:18","slug":"patona-cargador-de-bateria-para-olympus-bln-1","status":"publish","type":"product","link":"https:\/\/hi-techwonder.com\/es\/producto\/patona-cargador-de-bateria-para-olympus-bln-1\/","title":{"rendered":"PATONA Cargador de bater\u00eda para Olympus BLN-1"},"content":{"rendered":"<p><strong>PATONA Cargador de bater\u00eda para Olympus BLN-1<\/strong><\/p>\n<p>El cargador tiene un LED indicador de estado de carga.<\/p>\n<p>Incluye adaptador de coche<\/p>\n<p>Alto nivel de seguridad gracias a la protecci\u00f3n integrada contra el calor y la sobrecarga<\/p>\n<p><strong>El cargador es adecuado para los siguientes modelos de c\u00e1mara:<\/strong><\/p>\n<p>Olimpo<\/p>\n<p>OMD EM1, E-M1, EM5, E-M5, EM5 Mark II, E-m5 Mark II<\/p>\n<p>Bol\u00edgrafo EP5, E-P5, XZ2, XZ-2<\/p>\n<p><strong>Designaci\u00f3n de bater\u00edas originales compatibles:<\/strong><\/p>\n<p>Olympus PSBLN1, PS-BLN1<\/p>\n<p><strong>Otra informaci\u00f3n:<\/strong><\/p>\n<p>El cargador Olympus BLN-1 est\u00e1 dise\u00f1ado con las \u00faltimas caracter\u00edsticas de seguridad teniendo en cuenta el menor peso posible.<\/p>\n<p>El m\u00e1s alto nivel de seguridad est\u00e1 garantizado por controles de calidad permanentes en las instalaciones de producci\u00f3n in situ por parte de los empleados de nuestro equipo PASTONA.<\/p>\n<p>Tanto las bater\u00edas originales como las r\u00e9plicas se pueden cargar con el cargador.<\/p>\n<p>El cargador es una r\u00e9plica de alta calidad de la marca PATONA, no es original.<\/p>\n","protected":false},"excerpt":{"rendered":"<p>PATONA Cargador de bater\u00eda para Olympus BLN-1 El cargador tiene un LED indicador de estado de carga. Incluye adaptador de<\/p>\n","protected":false},"featured_media":23812,"comment_status":"closed","ping_status":"closed","template":"","meta":{"_acf_changed":false},"product_brand":[2564],"product_cat":[871],"product_tag":[],"class_list":{"0":"post-73491","1":"product","2":"type-product","3":"status-publish","4":"has-post-thumbnail","6":"product_brand-patona-es","7":"product_cat-olympus-cargadores","9":"first","10":"instock","11":"taxable","12":"shipping-taxable","13":"purchasable","14":"product-type-simple"},"bundled_by":[],"bundle_stock_status":"instock","bundle_stock_quantity":3,"bundle_virtual":false,"bundle_layout":"","bundle_add_to_cart_form_location":"","bundle_editable_in_cart":false,"bundle_sold_individually_context":"","bundle_item_grouping":"","bundle_min_size":"","bundle_max_size":"","bundle_price":[],"bundled_items":[],"bundle_sell_ids":[],"acf":[],"_links":{"self":[{"href":"https:\/\/hi-techwonder.com\/es\/wp-json\/wp\/v2\/product\/73491","targetHints":{"allow":["GET"]}}],"collection":[{"href":"https:\/\/hi-techwonder.com\/es\/wp-json\/wp\/v2\/product"}],"about":[{"href":"https:\/\/hi-techwonder.com\/es\/wp-json\/wp\/v2\/types\/product"}],"replies":[{"embeddable":true,"href":"https:\/\/hi-techwonder.com\/es\/wp-json\/wp\/v2\/comments?post=73491"}],"wp:featuredmedia":[{"embeddable":true,"href":"https:\/\/hi-techwonder.com\/es\/wp-json\/wp\/v2\/media\/23812"}],"wp:attachment":[{"href":"https:\/\/hi-techwonder.com\/es\/wp-json\/wp\/v2\/media?parent=73491"}],"wp:term":[{"taxonomy":"product_brand","embeddable":true,"href":"https:\/\/hi-techwonder.com\/es\/wp-json\/wp\/v2\/product_brand?post=73491"},{"taxonomy":"product_cat","embeddable":true,"href":"https:\/\/hi-techwonder.com\/es\/wp-json\/wp\/v2\/product_cat?post=73491"},{"taxonomy":"product_tag","embeddable":true,"href":"https:\/\/hi-techwonder.com\/es\/wp-json\/wp\/v2\/product_tag?post=73491"}],"curies":[{"name":"wp","href":"https:\/\/api.w.org\/{rel}","templated":true}]}}