{"id":73496,"date":"2025-07-28T23:32:45","date_gmt":"2025-07-28T23:32:45","guid":{"rendered":"https:\/\/fv6qoy3ls0.wpdns.site\/product\/cargador-rapido-usb-dual-patona-para-2x-sony-np-fm-np-f\/"},"modified":"2026-01-31T03:50:16","modified_gmt":"2026-01-31T03:50:16","slug":"patona-cargador-rapido-usb-dual-patona-para-2x-sony-np-fm-np-f","status":"publish","type":"product","link":"https:\/\/hi-techwonder.com\/es\/producto\/patona-cargador-rapido-usb-dual-patona-para-2x-sony-np-fm-np-f\/","title":{"rendered":"PATONA Cargador r\u00e1pido USB dual para 2x Sony NP-FM\/NP-F"},"content":{"rendered":"<p>Este cargador de bater\u00edas con doble LCD le permite cargar hasta 2 bater\u00edas al mismo tiempo m\u00e1s r\u00e1pido. Es ideal para viajes o uso profesional debido a su rendimiento y dise\u00f1o compacto. <\/p>\n<p>Puede alimentarlo f\u00e1cilmente a trav\u00e9s de la entrada micro USB disponible y el cable incluido en el paquete.<\/p>\n<p><strong>Entrada:<\/strong> Micro USB 5V, 2.4A (m\u00e1ximo)<br \/><strong>Salida:<\/strong> 8.4V 1x 1000mAh, 2x 700mAh<\/p>\n<p><strong>Entrada:<\/strong> USB C 9V, 2A (m\u00e1ximo)<br \/><strong>Salida:<\/strong> 8.4V 1x 1500mAh, 2x 1000mAh<\/p>\n","protected":false},"excerpt":{"rendered":"<p>Este cargador de bater\u00edas con doble LCD le permite cargar hasta 2 bater\u00edas al mismo tiempo m\u00e1s r\u00e1pido. Es ideal<\/p>\n","protected":false},"featured_media":23604,"comment_status":"closed","ping_status":"open","template":"","meta":{"_acf_changed":false},"product_brand":[2564],"product_cat":[874],"product_tag":[],"class_list":{"0":"post-73496","1":"product","2":"type-product","3":"status-publish","4":"has-post-thumbnail","6":"product_brand-patona-es","7":"product_cat-sony-cargadores","9":"first","10":"onbackorder","11":"taxable","12":"shipping-taxable","13":"purchasable","14":"product-type-simple"},"bundled_by":[],"bundle_stock_status":"onbackorder","bundle_stock_quantity":null,"bundle_virtual":false,"bundle_layout":"","bundle_add_to_cart_form_location":"","bundle_editable_in_cart":false,"bundle_sold_individually_context":"","bundle_item_grouping":"","bundle_min_size":"","bundle_max_size":"","bundle_price":[],"bundled_items":[],"bundle_sell_ids":[],"acf":[],"_links":{"self":[{"href":"https:\/\/hi-techwonder.com\/es\/wp-json\/wp\/v2\/product\/73496","targetHints":{"allow":["GET"]}}],"collection":[{"href":"https:\/\/hi-techwonder.com\/es\/wp-json\/wp\/v2\/product"}],"about":[{"href":"https:\/\/hi-techwonder.com\/es\/wp-json\/wp\/v2\/types\/product"}],"replies":[{"embeddable":true,"href":"https:\/\/hi-techwonder.com\/es\/wp-json\/wp\/v2\/comments?post=73496"}],"wp:featuredmedia":[{"embeddable":true,"href":"https:\/\/hi-techwonder.com\/es\/wp-json\/wp\/v2\/media\/23604"}],"wp:attachment":[{"href":"https:\/\/hi-techwonder.com\/es\/wp-json\/wp\/v2\/media?parent=73496"}],"wp:term":[{"taxonomy":"product_brand","embeddable":true,"href":"https:\/\/hi-techwonder.com\/es\/wp-json\/wp\/v2\/product_brand?post=73496"},{"taxonomy":"product_cat","embeddable":true,"href":"https:\/\/hi-techwonder.com\/es\/wp-json\/wp\/v2\/product_cat?post=73496"},{"taxonomy":"product_tag","embeddable":true,"href":"https:\/\/hi-techwonder.com\/es\/wp-json\/wp\/v2\/product_tag?post=73496"}],"curies":[{"name":"wp","href":"https:\/\/api.w.org\/{rel}","templated":true}]}}