{"id":73501,"date":"2025-07-28T23:32:07","date_gmt":"2025-07-28T23:32:07","guid":{"rendered":"https:\/\/fv6qoy3ls0.wpdns.site\/product\/cargador-usb-dual-patona-para-gopro-hero-5-6-7-8\/"},"modified":"2026-01-31T03:50:48","modified_gmt":"2026-01-31T03:50:48","slug":"patona-cargador-usb-dual-patona-para-gopro-hero-5-6-7-8","status":"publish","type":"product","link":"https:\/\/hi-techwonder.com\/es\/producto\/patona-cargador-usb-dual-patona-para-gopro-hero-5-6-7-8\/","title":{"rendered":"PATONA Cargador USB dual para GoPro HERO 5\/6\/7\/8"},"content":{"rendered":"<p><strong><span style=\"color: #000000\">Cargador USB dual PATONA para GoPro HERO 5\/6\/7\/8<\/strong><\/span><\/p>\n<p><strong><span style=\"color: #000000\">Funciones:<\/strong><\/span><\/p>\n<ul>\n<li><span style=\"color: #000000\">Este cargador le permite cargar 2 bater\u00edas simult\u00e1neamente.<\/span><\/li>\n<li><span style=\"font-family: helvetica, arial, sans-serif\">El cargador puede ser alimentado por un cable micro USB (est\u00e1 incluido) a trav\u00e9s de cualquier puerto USB est\u00e1ndar o mediante un cable USB tipo C.&nbsp;<\/span><\/li>\n<li><span style=\"font-family: helvetica, arial, sans-serif\">Protecci\u00f3n contra sobrecalentamiento y sobrecarga.<\/span><\/li>\n<li><span style=\"font-family: helvetica, arial, sans-serif\">LED que indica el estado de carga de la bater\u00eda.&nbsp;<\/span><\/li>\n<li><span style=\"font-family: helvetica, arial, sans-serif\">Los cargadores se fabrican de acuerdo con los m\u00e1s altos est\u00e1ndares de calidad europeos y tienen una vida \u00fatil extremadamente larga.<\/span><\/li>\n<\/ul>\n<p><strong>Contenido:<\/strong><\/p>\n<ul>\n<li>Cargador USB Patona<\/li>\n<li>Cable USB<\/li>\n<\/ul>\n<p><strong><span style=\"color: #000000\">Caracter\u00edsticas t\u00e9cnicas:<\/strong><\/span><\/p>\n<ul>\n<li><span style=\"font-family: helvetica, arial, sans-serif\">Entrada: DC 5V \/ 2.1A<\/span><\/li>\n<li><span style=\"font-family: helvetica, arial, sans-serif\">Salida: CC 4,4 V \/ 750 mA x 2 (CH1 \/ CH2)<\/span><\/li>\n<li><span style=\"font-family: helvetica, arial, sans-serif\">Dimensiones: 11,5 x 7 x 1,9 cm<\/span><\/li>\n<li><span style=\"font-family: helvetica, arial, sans-serif\">Contactos: Micro USB, USB-C<\/span><\/li>\n<\/ul>\n","protected":false},"excerpt":{"rendered":"<p>Cargador USB dual PATONA para GoPro HERO 5\/6\/7\/8 Funciones: Este cargador le permite cargar 2 bater\u00edas simult\u00e1neamente. El cargador puede<\/p>\n","protected":false},"featured_media":23474,"comment_status":"closed","ping_status":"open","template":"","meta":{"_acf_changed":false},"product_brand":[2564],"product_cat":[872],"product_tag":[],"class_list":{"0":"post-73501","1":"product","2":"type-product","3":"status-publish","4":"has-post-thumbnail","6":"product_brand-patona-es","7":"product_cat-outros-cargadores","9":"first","10":"instock","11":"taxable","12":"shipping-taxable","13":"purchasable","14":"product-type-simple"},"bundled_by":[],"bundle_stock_status":"instock","bundle_stock_quantity":1,"bundle_virtual":false,"bundle_layout":"","bundle_add_to_cart_form_location":"","bundle_editable_in_cart":false,"bundle_sold_individually_context":"","bundle_item_grouping":"","bundle_min_size":"","bundle_max_size":"","bundle_price":[],"bundled_items":[],"bundle_sell_ids":[],"acf":[],"_links":{"self":[{"href":"https:\/\/hi-techwonder.com\/es\/wp-json\/wp\/v2\/product\/73501","targetHints":{"allow":["GET"]}}],"collection":[{"href":"https:\/\/hi-techwonder.com\/es\/wp-json\/wp\/v2\/product"}],"about":[{"href":"https:\/\/hi-techwonder.com\/es\/wp-json\/wp\/v2\/types\/product"}],"replies":[{"embeddable":true,"href":"https:\/\/hi-techwonder.com\/es\/wp-json\/wp\/v2\/comments?post=73501"}],"wp:featuredmedia":[{"embeddable":true,"href":"https:\/\/hi-techwonder.com\/es\/wp-json\/wp\/v2\/media\/23474"}],"wp:attachment":[{"href":"https:\/\/hi-techwonder.com\/es\/wp-json\/wp\/v2\/media?parent=73501"}],"wp:term":[{"taxonomy":"product_brand","embeddable":true,"href":"https:\/\/hi-techwonder.com\/es\/wp-json\/wp\/v2\/product_brand?post=73501"},{"taxonomy":"product_cat","embeddable":true,"href":"https:\/\/hi-techwonder.com\/es\/wp-json\/wp\/v2\/product_cat?post=73501"},{"taxonomy":"product_tag","embeddable":true,"href":"https:\/\/hi-techwonder.com\/es\/wp-json\/wp\/v2\/product_tag?post=73501"}],"curies":[{"name":"wp","href":"https:\/\/api.w.org\/{rel}","templated":true}]}}