{"id":73502,"date":"2025-07-28T23:33:25","date_gmt":"2025-07-28T23:33:25","guid":{"rendered":"https:\/\/fv6qoy3ls0.wpdns.site\/product\/cargador-patona-olympus-li-40b-li-42b-li40b-li42b-mju70\/"},"modified":"2026-01-31T03:49:09","modified_gmt":"2026-01-31T03:49:09","slug":"patona-cargador-patona-olympus-li-40b-li-42b-li40b-li42b-mju70","status":"publish","type":"product","link":"https:\/\/hi-techwonder.com\/es\/producto\/patona-cargador-patona-olympus-li-40b-li-42b-li40b-li42b-mju70\/","title":{"rendered":"PATONA Cargador Olympus Li-40B\/Li-42B\/Li40B\/Li42B\/MJU70"},"content":{"rendered":"<p><strong>Cargador PATONA Olympus Li-40B\/Li-42B\/MJU700<\/strong><\/p>\n<p>Con este nuevo sistema de cargadores, la bater\u00eda se puede cargar de 4 formas diferentes: cable de alimentaci\u00f3n de 2 enchufes, adaptador de coche, cable micro-USB o cable USB. Si viajas, ser\u00e1s muy flexible debido a las 4 posibilidades de carga diferentes. <\/p>\n<p>Compatible con las siguientes bater\u00edas:<\/p>\n<p>Olympus Li-40B, LI-42B<\/p>\n<p>N\u00famero de modelo compatible:<\/p>\n<p>Olympus D-630 Zoom, FE-150, FE-160, FE-250, FE-5500, IR-300, mju 700, mju 720 SW<\/p>\n<p><strong>Caracter\u00edsticas<\/strong>:<\/p>\n<p>&#8211; La bater\u00eda debe colocarse en el sistema de carga para cargarse<\/p>\n<p>&#8211; LED indicador de estado de carga inteligente (rojo: cargando, verde: completamente cargado)<\/p>\n<p>&#8211; La carga r\u00e1pida con control autom\u00e1tico de corriente constante evita la sobrecarga de la bater\u00eda, el cortocircuito y la descarga electr\u00f3nica<\/p>\n<p>&#8211; Todos los dispositivos han sido probados uno por uno<\/p>\n<p><strong>El paquete incluye:<\/strong><\/p>\n<p>&#8211; Sistema de cargador de bater\u00eda<\/p>\n<p>&#8211; Cable de alimentaci\u00f3n de 2 enchufes<\/p>\n<p>&#8211; Adaptador de cargador de coche<\/p>\n<p>&#8211; no incluido = cable USB<\/p>\n<p>&#8211; no incluido = Cable Micro USB<\/p>\n","protected":false},"excerpt":{"rendered":"<p>Cargador PATONA Olympus Li-40B\/Li-42B\/MJU700 Con este nuevo sistema de cargadores, la bater\u00eda se puede cargar de 4 formas diferentes: cable<\/p>\n","protected":false},"featured_media":23815,"comment_status":"closed","ping_status":"closed","template":"","meta":{"_acf_changed":false},"product_brand":[2564],"product_cat":[871],"product_tag":[],"class_list":{"0":"post-73502","1":"product","2":"type-product","3":"status-publish","4":"has-post-thumbnail","6":"product_brand-patona-es","7":"product_cat-olympus-cargadores","9":"first","10":"instock","11":"taxable","12":"shipping-taxable","13":"purchasable","14":"product-type-simple"},"bundled_by":[],"bundle_stock_status":"instock","bundle_stock_quantity":2,"bundle_virtual":false,"bundle_layout":"","bundle_add_to_cart_form_location":"","bundle_editable_in_cart":false,"bundle_sold_individually_context":"","bundle_item_grouping":"","bundle_min_size":"","bundle_max_size":"","bundle_price":[],"bundled_items":[],"bundle_sell_ids":[],"acf":[],"_links":{"self":[{"href":"https:\/\/hi-techwonder.com\/es\/wp-json\/wp\/v2\/product\/73502","targetHints":{"allow":["GET"]}}],"collection":[{"href":"https:\/\/hi-techwonder.com\/es\/wp-json\/wp\/v2\/product"}],"about":[{"href":"https:\/\/hi-techwonder.com\/es\/wp-json\/wp\/v2\/types\/product"}],"replies":[{"embeddable":true,"href":"https:\/\/hi-techwonder.com\/es\/wp-json\/wp\/v2\/comments?post=73502"}],"wp:featuredmedia":[{"embeddable":true,"href":"https:\/\/hi-techwonder.com\/es\/wp-json\/wp\/v2\/media\/23815"}],"wp:attachment":[{"href":"https:\/\/hi-techwonder.com\/es\/wp-json\/wp\/v2\/media?parent=73502"}],"wp:term":[{"taxonomy":"product_brand","embeddable":true,"href":"https:\/\/hi-techwonder.com\/es\/wp-json\/wp\/v2\/product_brand?post=73502"},{"taxonomy":"product_cat","embeddable":true,"href":"https:\/\/hi-techwonder.com\/es\/wp-json\/wp\/v2\/product_cat?post=73502"},{"taxonomy":"product_tag","embeddable":true,"href":"https:\/\/hi-techwonder.com\/es\/wp-json\/wp\/v2\/product_tag?post=73502"}],"curies":[{"name":"wp","href":"https:\/\/api.w.org\/{rel}","templated":true}]}}