{"id":73503,"date":"2025-07-28T23:32:07","date_gmt":"2025-07-28T23:32:07","guid":{"rendered":"https:\/\/fv6qoy3ls0.wpdns.site\/product\/cargador-usb-dual-patona-para-baterias-gopro-hero-9-10\/"},"modified":"2026-01-31T03:50:53","modified_gmt":"2026-01-31T03:50:53","slug":"patona-cargador-usb-dual-patona-para-baterias-gopro-hero-9-10","status":"publish","type":"product","link":"https:\/\/hi-techwonder.com\/es\/producto\/patona-cargador-usb-dual-patona-para-baterias-gopro-hero-9-10\/","title":{"rendered":"PATONA Cargador USB dual para bater\u00edas GoPro HERO 9\/10"},"content":{"rendered":"<p><strong>Cargador USB dual para 2 bater\u00edas GoPro HERO 9 y 10<\/strong><\/p>\n<p>El cargador GOPRO Hero 9 Hero 10 de PATONA es ideal para viajeros o usuarios profesionales, debido a su dise\u00f1o compacto y port\u00e1til. Es un compa\u00f1ero pr\u00e1ctico y confiable para cada sesi\u00f3n de fotos digital. <\/p>\n<p>Es posible cargar 2 bater\u00edas al mismo tiempo. El cargador se puede alimentar con el cable Micro-USB incluido en cada puerto USB est\u00e1ndar. El sistema de corte autom\u00e1tico evitar\u00e1 da\u00f1os en las bater\u00edas debido a la sobrecarga.  <\/p>\n<p><strong>Caracter\u00edsticas t\u00e9cnicas:<\/strong><\/p>\n<ul>\n<li>Entrada: USB-C 5V \/ 2.1A \/ Micro-USB 5V \/ 2.1A<\/li>\n<li>Salida: DC 4.4V \/ 0.75A (CH1 \/ CH2)<\/li>\n<li>Dimensiones: 6 x 4,5 x 2 cm<\/li>\n<li>Contactos: Micro-USB (entrada), USB-C (entrada), 2 ranuras para bater\u00eda (salida)<\/li>\n<\/ul>\n<p><strong>Contenido del paquete:<\/strong><\/p>\n<ul>\n<li>1 x Cargador doble<\/li>\n<li>1 x Cable USB-A \/ Micro-USB<\/li>\n<\/ul>\n","protected":false},"excerpt":{"rendered":"<p>Cargador USB dual para 2 bater\u00edas GoPro HERO 9 y 10 El cargador GOPRO Hero 9 Hero 10 de PATONA<\/p>\n","protected":false},"featured_media":23486,"comment_status":"closed","ping_status":"open","template":"","meta":{"_acf_changed":false},"product_brand":[2564],"product_cat":[872],"product_tag":[],"class_list":{"0":"post-73503","1":"product","2":"type-product","3":"status-publish","4":"has-post-thumbnail","6":"product_brand-patona-es","7":"product_cat-outros-cargadores","9":"first","10":"pre-order","11":"taxable","12":"shipping-taxable","13":"purchasable","14":"product-type-simple"},"bundled_by":[],"bundle_stock_status":"pre-order","bundle_stock_quantity":null,"bundle_virtual":false,"bundle_layout":"","bundle_add_to_cart_form_location":"","bundle_editable_in_cart":false,"bundle_sold_individually_context":"","bundle_item_grouping":"","bundle_min_size":"","bundle_max_size":"","bundle_price":[],"bundled_items":[],"bundle_sell_ids":[],"acf":[],"_links":{"self":[{"href":"https:\/\/hi-techwonder.com\/es\/wp-json\/wp\/v2\/product\/73503","targetHints":{"allow":["GET"]}}],"collection":[{"href":"https:\/\/hi-techwonder.com\/es\/wp-json\/wp\/v2\/product"}],"about":[{"href":"https:\/\/hi-techwonder.com\/es\/wp-json\/wp\/v2\/types\/product"}],"replies":[{"embeddable":true,"href":"https:\/\/hi-techwonder.com\/es\/wp-json\/wp\/v2\/comments?post=73503"}],"wp:featuredmedia":[{"embeddable":true,"href":"https:\/\/hi-techwonder.com\/es\/wp-json\/wp\/v2\/media\/23486"}],"wp:attachment":[{"href":"https:\/\/hi-techwonder.com\/es\/wp-json\/wp\/v2\/media?parent=73503"}],"wp:term":[{"taxonomy":"product_brand","embeddable":true,"href":"https:\/\/hi-techwonder.com\/es\/wp-json\/wp\/v2\/product_brand?post=73503"},{"taxonomy":"product_cat","embeddable":true,"href":"https:\/\/hi-techwonder.com\/es\/wp-json\/wp\/v2\/product_cat?post=73503"},{"taxonomy":"product_tag","embeddable":true,"href":"https:\/\/hi-techwonder.com\/es\/wp-json\/wp\/v2\/product_tag?post=73503"}],"curies":[{"name":"wp","href":"https:\/\/api.w.org\/{rel}","templated":true}]}}