{"id":73505,"date":"2025-07-28T23:33:14","date_gmt":"2025-07-28T23:33:14","guid":{"rendered":"https:\/\/fv6qoy3ls0.wpdns.site\/product\/cargador-usb-dual-patona-para-2x-panasonic-dmw-blj31\/"},"modified":"2026-01-31T03:49:25","modified_gmt":"2026-01-31T03:49:25","slug":"patona-cargador-usb-dual-patona-para-2x-panasonic-dmw-blj31","status":"publish","type":"product","link":"https:\/\/hi-techwonder.com\/es\/producto\/patona-cargador-usb-dual-patona-para-2x-panasonic-dmw-blj31\/","title":{"rendered":"PATONA Cargador USB dual para 2x Panasonic DMW-BLJ31"},"content":{"rendered":"<p><strong>Cargador USB dual Patona para 2 bater\u00edas Panasonic DMW-BLJ31<\/strong><\/p>\n<p>Este cargador de bater\u00edas es dual, por lo que te permite cargar hasta 2 bater\u00edas al mismo tiempo. Es ideal para viajes o uso profesional debido a su rendimiento y dise\u00f1o compacto. <\/p>\n<p>El compa\u00f1ero indispensable para cualquier persona, y puedes alimentarlo f\u00e1cilmente a trav\u00e9s del puerto micro USB disponible y el cable incluido en el paquete.<\/p>\n<p>El sistema de corte autom\u00e1tico integrado tambi\u00e9n evita que las bater\u00edas se sobrecarguen.<\/p>\n<p><strong>Caracter\u00edsticas t\u00e9cnicas:<\/strong><\/p>\n<ul>\n<li>Entrada: DC 5V \/ 2.1A<\/li>\n<li>Salida: DC 4.2V \/ 600mA x2<\/li>\n<\/ul>\n<p><strong>Bater\u00edas compatibles:<\/strong><\/p>\n<ul>\n<li>Panasonic DMW-BLJ31<\/li>\n<\/ul>\n<p><strong>C\u00e1maras compatibles:<\/strong><\/p>\n<ul>\n<li>Lumix DC-S1, DC-S1R, DC-S1H<\/li>\n<\/ul>\n<p><strong>Contenido del paquete:<\/strong><\/p>\n<ul>\n<li>1x Cargador USB dual Patona para 2 bater\u00edas<\/li>\n<li>1x Cable Micro USB<\/li>\n<\/ul>\n","protected":false},"excerpt":{"rendered":"<p>Cargador USB dual Patona para 2 bater\u00edas Panasonic DMW-BLJ31 Este cargador de bater\u00edas es dual, por lo que te permite<\/p>\n","protected":false},"featured_media":23767,"comment_status":"closed","ping_status":"closed","template":"","meta":{"_acf_changed":false},"product_brand":[2564],"product_cat":[873],"product_tag":[],"class_list":{"0":"post-73505","1":"product","2":"type-product","3":"status-publish","4":"has-post-thumbnail","6":"product_brand-patona-es","7":"product_cat-panasonic-cargadores","9":"first","10":"instock","11":"taxable","12":"shipping-taxable","13":"purchasable","14":"product-type-simple"},"bundled_by":[],"bundle_stock_status":"instock","bundle_stock_quantity":2,"bundle_virtual":false,"bundle_layout":"","bundle_add_to_cart_form_location":"","bundle_editable_in_cart":false,"bundle_sold_individually_context":"","bundle_item_grouping":"","bundle_min_size":"","bundle_max_size":"","bundle_price":[],"bundled_items":[],"bundle_sell_ids":[],"acf":[],"_links":{"self":[{"href":"https:\/\/hi-techwonder.com\/es\/wp-json\/wp\/v2\/product\/73505","targetHints":{"allow":["GET"]}}],"collection":[{"href":"https:\/\/hi-techwonder.com\/es\/wp-json\/wp\/v2\/product"}],"about":[{"href":"https:\/\/hi-techwonder.com\/es\/wp-json\/wp\/v2\/types\/product"}],"replies":[{"embeddable":true,"href":"https:\/\/hi-techwonder.com\/es\/wp-json\/wp\/v2\/comments?post=73505"}],"wp:featuredmedia":[{"embeddable":true,"href":"https:\/\/hi-techwonder.com\/es\/wp-json\/wp\/v2\/media\/23767"}],"wp:attachment":[{"href":"https:\/\/hi-techwonder.com\/es\/wp-json\/wp\/v2\/media?parent=73505"}],"wp:term":[{"taxonomy":"product_brand","embeddable":true,"href":"https:\/\/hi-techwonder.com\/es\/wp-json\/wp\/v2\/product_brand?post=73505"},{"taxonomy":"product_cat","embeddable":true,"href":"https:\/\/hi-techwonder.com\/es\/wp-json\/wp\/v2\/product_cat?post=73505"},{"taxonomy":"product_tag","embeddable":true,"href":"https:\/\/hi-techwonder.com\/es\/wp-json\/wp\/v2\/product_tag?post=73505"}],"curies":[{"name":"wp","href":"https:\/\/api.w.org\/{rel}","templated":true}]}}